{"id":7010,"date":"2026-04-29T11:28:39","date_gmt":"2026-04-29T11:28:39","guid":{"rendered":"https:\/\/masterfrisormobler.se\/?post_type=product&#038;p=7010"},"modified":"2026-04-29T11:38:42","modified_gmt":"2026-04-29T11:38:42","slug":"thurp-turboflow-hartork-2800w-professionell-effekt","status":"publish","type":"product","link":"https:\/\/masterfrisormobler.se\/en\/product\/thurp-turboflow-hartork-2800w-professionell-effekt\/","title":{"rendered":"H\u00e5rtork \u2013 2800W"},"content":{"rendered":"<p data-start=\"276\" data-end=\"473\">H\u00e5rtork 2800W fr\u00e5n THURP TurboFlow \u00e4r en kraftfull och professionell h\u00e5rtork som passar b\u00e5de salonger och hemmabruk. Med en effekt p\u00e5 2800W f\u00e5r du snabb och effektiv torkning varje g\u00e5ng.<\/p>\n<p data-start=\"276\" data-end=\"473\">Uppt\u00e4ck kraften hos <strong data-start=\"296\" data-end=\"323\">THURP TurboFlow h\u00e5rtork<\/strong>, designad f\u00f6r b\u00e5de professionella fris\u00f6rer och hemmabruk. Med en stark motor och h\u00f6g prestanda ger den snabb torkning och perfekt styling varje g\u00e5ng.<\/p>\n<p data-start=\"475\" data-end=\"632\">Den ergonomiska designen g\u00f6r den bekv\u00e4m att anv\u00e4nda under l\u00e4ngre perioder, medan flera v\u00e4rme- och hastighetsinst\u00e4llningar ger full kontroll \u00f6ver din styling.<\/p>\n<p data-start=\"634\" data-end=\"703\">Perfekt f\u00f6r salonger eller f\u00f6r dig som vill ha salongskvalitet hemma<\/p>\n<ul>\n<li data-section-id=\"50lu6s\" data-start=\"729\" data-end=\"779\"><strong data-start=\"733\" data-end=\"758\">2800W kraftfull motor<\/strong> f\u00f6r snabb torkning<\/li>\n<li data-section-id=\"1gnuh9x\" data-start=\"780\" data-end=\"827\">\ud83d\udca8 <strong data-start=\"785\" data-end=\"799\">23 000 RPM<\/strong> \u2013 h\u00f6g luftfl\u00f6deshastighet<\/li>\n<li data-section-id=\"vmkin2\" data-start=\"828\" data-end=\"874\">\ud83c\udf9a\ufe0f <strong data-start=\"834\" data-end=\"872\">2 hastigheter + Cool Shot-funktion<\/strong><\/li>\n<li data-section-id=\"ynsmr6\" data-start=\"875\" data-end=\"917\">\ud83c\udf21\ufe0f <strong data-start=\"881\" data-end=\"897\">3 v\u00e4rmel\u00e4gen<\/strong> f\u00f6r alla h\u00e5rtyper<\/li>\n<li data-section-id=\"cuiv8l\" data-start=\"918\" data-end=\"967\">\ud83e\udeb6 L\u00e4tt vikt (<strong data-start=\"934\" data-end=\"943\">518 g<\/strong>) \u2013 bekv\u00e4m att anv\u00e4nda<\/li>\n<li data-section-id=\"17j3dci\" data-start=\"968\" data-end=\"1018\">\ud83d\udd0c <strong data-start=\"973\" data-end=\"990\">3 meter kabel<\/strong> f\u00f6r maximal r\u00f6relsefrihet<\/li>\n<li data-section-id=\"1mccbcy\" data-start=\"1019\" data-end=\"1070\">\ud83c\udfaf Inkluderar munstycken + diffuser f\u00f6r styling<\/li>\n<\/ul>","protected":false},"excerpt":{"rendered":"<p>THURP TurboFlow H\u00e5rtork \u2013 2800W Professionell Effekt<\/p>\n<p>Perfekt f\u00f6r salonger och hemmabruk med snabb torkning och professionell styling.<\/p>","protected":false},"featured_media":7011,"template":"","meta":{"site-sidebar-layout":"default","site-content-layout":"","ast-site-content-layout":"default","site-content-style":"default","site-sidebar-style":"default","ast-global-header-display":"","ast-banner-title-visibility":"","ast-main-header-display":"","ast-hfb-above-header-display":"","ast-hfb-below-header-display":"","ast-hfb-mobile-header-display":"","site-post-title":"","ast-breadcrumbs-content":"","ast-featured-img":"","footer-sml-layout":"","theme-transparent-header-meta":"default","adv-header-id-meta":"","stick-header-meta":"","header-above-stick-meta":"","header-main-stick-meta":"","header-below-stick-meta":"","astra-migrate-meta-layouts":"set","_joinchat":[]},"product_cat":[57,77,78,73],"product_tag":[],"yoast_head":"<!-- This site is optimized with the Yoast SEO plugin v21.2 - https:\/\/yoast.com\/wordpress\/plugins\/seo\/ -->\n<title>H\u00e5rtork \u2013 2800W Professionell Effekt<\/title>\n<meta name=\"description\" content=\"H\u00e5rtork \u2013 2800W Professionell Effekt 23 000 RPMVikt: 518 g % TurboFlow \u00e4r en kraftfull och professionell h\u00e5rtork som passar b\u00e5de salonger och hemmabruk.\" \/>\n<meta name=\"robots\" content=\"index, follow, max-snippet:-1, max-image-preview:large, max-video-preview:-1\" \/>\n<link rel=\"canonical\" href=\"https:\/\/masterfrisormobler.se\/en\/product\/thurp-turboflow-hartork-2800w-professionell-effekt\/\" \/>\n<meta property=\"og:locale\" content=\"en_US\" \/>\n<meta property=\"og:type\" content=\"article\" \/>\n<meta property=\"og:title\" content=\"H\u00e5rtork \u2013 2800W Professionell Effekt\" \/>\n<meta property=\"og:description\" content=\"H\u00e5rtork \u2013 2800W Professionell Effekt 23 000 RPMVikt: 518 g % TurboFlow \u00e4r en kraftfull och professionell h\u00e5rtork som passar b\u00e5de salonger och hemmabruk.\" \/>\n<meta property=\"og:url\" content=\"https:\/\/masterfrisormobler.se\/en\/product\/thurp-turboflow-hartork-2800w-professionell-effekt\/\" \/>\n<meta property=\"og:site_name\" content=\"Nord Master Fris\u00f6r M\u00f6bler\" \/>\n<meta property=\"article:publisher\" content=\"https:\/\/www.facebook.com\/profile.php?id=100095573704473\" \/>\n<meta property=\"article:modified_time\" content=\"2026-04-29T11:38:42+00:00\" \/>\n<meta property=\"og:image\" content=\"https:\/\/masterfrisormobler.se\/wp-content\/uploads\/2026\/04\/ChatGPT-Image-29-\u0623\u0628\u0631\u064a\u0644-2026\u060c-12_59_52-\u0645.png\" \/>\n\t<meta property=\"og:image:width\" content=\"1448\" \/>\n\t<meta property=\"og:image:height\" content=\"1086\" \/>\n\t<meta property=\"og:image:type\" content=\"image\/png\" \/>\n<meta name=\"twitter:card\" content=\"summary_large_image\" \/>\n<meta name=\"twitter:label1\" content=\"Est. reading time\" \/>\n\t<meta name=\"twitter:data1\" content=\"1 minute\" \/>\n<script type=\"application\/ld+json\" class=\"yoast-schema-graph\">{\"@context\":\"https:\/\/schema.org\",\"@graph\":[{\"@type\":\"WebPage\",\"@id\":\"https:\/\/masterfrisormobler.se\/product\/thurp-turboflow-hartork-2800w-professionell-effekt\/\",\"url\":\"https:\/\/masterfrisormobler.se\/product\/thurp-turboflow-hartork-2800w-professionell-effekt\/\",\"name\":\"H\u00e5rtork \u2013 2800W Professionell Effekt\",\"isPartOf\":{\"@id\":\"https:\/\/masterfrisormobler.se\/#website\"},\"datePublished\":\"2026-04-29T11:28:39+00:00\",\"dateModified\":\"2026-04-29T11:38:42+00:00\",\"description\":\"H\u00e5rtork \u2013 2800W Professionell Effekt 23 000 RPMVikt: 518 g % TurboFlow \u00e4r en kraftfull och professionell h\u00e5rtork som passar b\u00e5de salonger och hemmabruk.\",\"breadcrumb\":{\"@id\":\"https:\/\/masterfrisormobler.se\/product\/thurp-turboflow-hartork-2800w-professionell-effekt\/#breadcrumb\"},\"inLanguage\":\"en-US\",\"potentialAction\":[{\"@type\":\"ReadAction\",\"target\":[\"https:\/\/masterfrisormobler.se\/product\/thurp-turboflow-hartork-2800w-professionell-effekt\/\"]}]},{\"@type\":\"BreadcrumbList\",\"@id\":\"https:\/\/masterfrisormobler.se\/product\/thurp-turboflow-hartork-2800w-professionell-effekt\/#breadcrumb\",\"itemListElement\":[{\"@type\":\"ListItem\",\"position\":1,\"name\":\"Home\",\"item\":\"https:\/\/masterfrisormobler.se\/\"},{\"@type\":\"ListItem\",\"position\":2,\"name\":\"Store\",\"item\":\"https:\/\/masterfrisormobler.se\/store-master-frisor-mobler\/\"},{\"@type\":\"ListItem\",\"position\":3,\"name\":\"H\u00e5rtork \u2013 2800W\"}]},{\"@type\":\"WebSite\",\"@id\":\"https:\/\/masterfrisormobler.se\/#website\",\"url\":\"https:\/\/masterfrisormobler.se\/\",\"name\":\"https:\/\/masterfrisormobler.se\/\",\"description\":\"Den b\u00e4sta butiken f\u00f6r att s\u00e4lja Fris\u00f6rm\u00f6bler och produkter.\",\"publisher\":{\"@id\":\"https:\/\/masterfrisormobler.se\/#organization\"},\"potentialAction\":[{\"@type\":\"SearchAction\",\"target\":{\"@type\":\"EntryPoint\",\"urlTemplate\":\"https:\/\/masterfrisormobler.se\/?s={search_term_string}\"},\"query-input\":\"required name=search_term_string\"}],\"inLanguage\":\"en-US\"},{\"@type\":\"Organization\",\"@id\":\"https:\/\/masterfrisormobler.se\/#organization\",\"name\":\"Nord master fris\u00f6r mobler\",\"url\":\"https:\/\/masterfrisormobler.se\/\",\"logo\":{\"@type\":\"ImageObject\",\"inLanguage\":\"en-US\",\"@id\":\"https:\/\/masterfrisormobler.se\/#\/schema\/logo\/image\/\",\"url\":\"https:\/\/masterfrisormobler.se\/wp-content\/uploads\/2023\/08\/cropped-512x512-sara.jpeg\",\"contentUrl\":\"https:\/\/masterfrisormobler.se\/wp-content\/uploads\/2023\/08\/cropped-512x512-sara.jpeg\",\"width\":512,\"height\":512,\"caption\":\"Nord master fris\u00f6r mobler\"},\"image\":{\"@id\":\"https:\/\/masterfrisormobler.se\/#\/schema\/logo\/image\/\"},\"sameAs\":[\"https:\/\/www.facebook.com\/profile.php?id=100095573704473\",\"https:\/\/www.tiktok.com\/@master.frisr.mble\",\"https:\/\/www.instagram.com\/masterfrisormobler\/\"]}]}<\/script>\n<!-- \/ Yoast SEO plugin. -->","yoast_head_json":{"title":"H\u00e5rtork \u2013 2800W Professionell Effekt","description":"H\u00e5rtork \u2013 2800W Professionell Effekt 23 000 RPMVikt: 518 g % TurboFlow \u00e4r en kraftfull och professionell h\u00e5rtork som passar b\u00e5de salonger och hemmabruk.","robots":{"index":"index","follow":"follow","max-snippet":"max-snippet:-1","max-image-preview":"max-image-preview:large","max-video-preview":"max-video-preview:-1"},"canonical":"https:\/\/masterfrisormobler.se\/en\/product\/thurp-turboflow-hartork-2800w-professionell-effekt\/","og_locale":"en_US","og_type":"article","og_title":"H\u00e5rtork \u2013 2800W Professionell Effekt","og_description":"H\u00e5rtork \u2013 2800W Professionell Effekt 23 000 RPMVikt: 518 g % TurboFlow \u00e4r en kraftfull och professionell h\u00e5rtork som passar b\u00e5de salonger och hemmabruk.","og_url":"https:\/\/masterfrisormobler.se\/en\/product\/thurp-turboflow-hartork-2800w-professionell-effekt\/","og_site_name":"Nord Master Fris\u00f6r M\u00f6bler","article_publisher":"https:\/\/www.facebook.com\/profile.php?id=100095573704473","article_modified_time":"2026-04-29T11:38:42+00:00","og_image":[{"width":1448,"height":1086,"url":"https:\/\/masterfrisormobler.se\/wp-content\/uploads\/2026\/04\/ChatGPT-Image-29-\u0623\u0628\u0631\u064a\u0644-2026\u060c-12_59_52-\u0645.png","type":"image\/png"}],"twitter_card":"summary_large_image","twitter_misc":{"Est. reading time":"1 minute"},"schema":{"@context":"https:\/\/schema.org","@graph":[{"@type":"WebPage","@id":"https:\/\/masterfrisormobler.se\/product\/thurp-turboflow-hartork-2800w-professionell-effekt\/","url":"https:\/\/masterfrisormobler.se\/product\/thurp-turboflow-hartork-2800w-professionell-effekt\/","name":"H\u00e5rtork \u2013 2800W Professionell Effekt","isPartOf":{"@id":"https:\/\/masterfrisormobler.se\/#website"},"datePublished":"2026-04-29T11:28:39+00:00","dateModified":"2026-04-29T11:38:42+00:00","description":"H\u00e5rtork \u2013 2800W Professionell Effekt 23 000 RPMVikt: 518 g % TurboFlow \u00e4r en kraftfull och professionell h\u00e5rtork som passar b\u00e5de salonger och hemmabruk.","breadcrumb":{"@id":"https:\/\/masterfrisormobler.se\/product\/thurp-turboflow-hartork-2800w-professionell-effekt\/#breadcrumb"},"inLanguage":"en-US","potentialAction":[{"@type":"ReadAction","target":["https:\/\/masterfrisormobler.se\/product\/thurp-turboflow-hartork-2800w-professionell-effekt\/"]}]},{"@type":"BreadcrumbList","@id":"https:\/\/masterfrisormobler.se\/product\/thurp-turboflow-hartork-2800w-professionell-effekt\/#breadcrumb","itemListElement":[{"@type":"ListItem","position":1,"name":"Home","item":"https:\/\/masterfrisormobler.se\/"},{"@type":"ListItem","position":2,"name":"Store","item":"https:\/\/masterfrisormobler.se\/store-master-frisor-mobler\/"},{"@type":"ListItem","position":3,"name":"H\u00e5rtork \u2013 2800W"}]},{"@type":"WebSite","@id":"https:\/\/masterfrisormobler.se\/#website","url":"https:\/\/masterfrisormobler.se\/","name":"https:\/\/masterfrisormobler.se\/","description":"Den b\u00e4sta butiken f\u00f6r att s\u00e4lja Fris\u00f6rm\u00f6bler och produkter.","publisher":{"@id":"https:\/\/masterfrisormobler.se\/#organization"},"potentialAction":[{"@type":"SearchAction","target":{"@type":"EntryPoint","urlTemplate":"https:\/\/masterfrisormobler.se\/?s={search_term_string}"},"query-input":"required name=search_term_string"}],"inLanguage":"en-US"},{"@type":"Organization","@id":"https:\/\/masterfrisormobler.se\/#organization","name":"Nord master fris\u00f6r mobler","url":"https:\/\/masterfrisormobler.se\/","logo":{"@type":"ImageObject","inLanguage":"en-US","@id":"https:\/\/masterfrisormobler.se\/#\/schema\/logo\/image\/","url":"https:\/\/masterfrisormobler.se\/wp-content\/uploads\/2023\/08\/cropped-512x512-sara.jpeg","contentUrl":"https:\/\/masterfrisormobler.se\/wp-content\/uploads\/2023\/08\/cropped-512x512-sara.jpeg","width":512,"height":512,"caption":"Nord master fris\u00f6r mobler"},"image":{"@id":"https:\/\/masterfrisormobler.se\/#\/schema\/logo\/image\/"},"sameAs":["https:\/\/www.facebook.com\/profile.php?id=100095573704473","https:\/\/www.tiktok.com\/@master.frisr.mble","https:\/\/www.instagram.com\/masterfrisormobler\/"]}]}},"_links":{"self":[{"href":"https:\/\/masterfrisormobler.se\/en\/wp-json\/wp\/v2\/product\/7010"}],"collection":[{"href":"https:\/\/masterfrisormobler.se\/en\/wp-json\/wp\/v2\/product"}],"about":[{"href":"https:\/\/masterfrisormobler.se\/en\/wp-json\/wp\/v2\/types\/product"}],"version-history":[{"count":3,"href":"https:\/\/masterfrisormobler.se\/en\/wp-json\/wp\/v2\/product\/7010\/revisions"}],"predecessor-version":[{"id":7014,"href":"https:\/\/masterfrisormobler.se\/en\/wp-json\/wp\/v2\/product\/7010\/revisions\/7014"}],"wp:featuredmedia":[{"embeddable":true,"href":"https:\/\/masterfrisormobler.se\/en\/wp-json\/wp\/v2\/media\/7011"}],"wp:attachment":[{"href":"https:\/\/masterfrisormobler.se\/en\/wp-json\/wp\/v2\/media?parent=7010"}],"wp:term":[{"taxonomy":"product_cat","embeddable":true,"href":"https:\/\/masterfrisormobler.se\/en\/wp-json\/wp\/v2\/product_cat?post=7010"},{"taxonomy":"product_tag","embeddable":true,"href":"https:\/\/masterfrisormobler.se\/en\/wp-json\/wp\/v2\/product_tag?post=7010"}],"curies":[{"name":"wp","href":"https:\/\/api.w.org\/{rel}","templated":true}]}}