{"id":6978,"date":"2026-03-09T13:15:25","date_gmt":"2026-03-09T13:15:25","guid":{"rendered":"https:\/\/masterfrisormobler.se\/?post_type=product&#038;p=6978"},"modified":"2026-03-09T13:15:26","modified_gmt":"2026-03-09T13:15:26","slug":"disicide-concentrate-2000ml","status":"publish","type":"product","link":"https:\/\/masterfrisormobler.se\/en\/product\/disicide-concentrate-2000ml\/","title":{"rendered":"Disicide Concentrate 2000ml"},"content":{"rendered":"<div class=\"row\">\n<div class=\"small-12 columns\">\n<h6 class=\"product-title\">Disicide Concentrate 2000ml<\/h6>\n<\/div>\n<\/div>\n<div class=\"description\">\n<h6>Disicide Concentrate<\/h6>\n<p>Water-based, ethanol-free and vegan concentrate for gentle disinfection of tools and accessories. UN 1903 for transport and not flammable.<\/p>\n<ul>\n<li>Mix the concentrate with water in a ratio\u00a0of 1:30 (30 ml of concentrate per<br \/>\n1000 ml of water).<\/li>\n<li>Put your tools in the liquid for 15-30 minutes and you will have clean cutting tools<\/li>\n<li>Disinfects tools such as combs, brushes, scissors, blades and more<\/li>\n<li>Fungicide and virucide<\/li>\n<li>Water based and alcohol-free<\/li>\n<\/ul>\n<h3>Disicide<\/h3>\n<p>The brands Disicide and All1Clean belong to Terapima International, a family company established in 1972 in Sweden. The products contain no substances that are problematic to humans or to the environment. They comply to REACH, the European Union regulation for chemical substances.<\/p>\n<\/div>","protected":false},"excerpt":{"rendered":"<div class=\"row\">\n<div class=\"small-12 columns\">\n<h6 class=\"product-title\">Disicide Concentrate 2000ml<\/h6>\n<\/div>\n<\/div>\n<div class=\"description\">Water-based, ethanol-free and vegan concentrate for gentle disinfection of tools and accessories<\/div>","protected":false},"featured_media":6979,"template":"","meta":{"site-sidebar-layout":"default","site-content-layout":"","ast-site-content-layout":"default","site-content-style":"default","site-sidebar-style":"default","ast-global-header-display":"","ast-banner-title-visibility":"","ast-main-header-display":"","ast-hfb-above-header-display":"","ast-hfb-below-header-display":"","ast-hfb-mobile-header-display":"","site-post-title":"","ast-breadcrumbs-content":"","ast-featured-img":"","footer-sml-layout":"","theme-transparent-header-meta":"default","adv-header-id-meta":"","stick-header-meta":"","header-above-stick-meta":"","header-main-stick-meta":"","header-below-stick-meta":"","astra-migrate-meta-layouts":"set","_joinchat":[]},"product_cat":[77,75,61,72,73],"product_tag":[],"yoast_head":"<!-- This site is optimized with the Yoast SEO plugin v21.2 - https:\/\/yoast.com\/wordpress\/plugins\/seo\/ -->\n<title>Disicide Concentrate 2000ml - Nord Master Fris\u00f6r M\u00f6bler<\/title>\n<meta name=\"description\" content=\"Disicide Concentrate 2000ml,Water-based, ethanol-free and vegan concentrate for gentle disinfection of tools and accessories. UN 1903 for transport and not flammable.\" \/>\n<meta name=\"robots\" content=\"index, follow, max-snippet:-1, max-image-preview:large, max-video-preview:-1\" \/>\n<link rel=\"canonical\" href=\"https:\/\/masterfrisormobler.se\/en\/product\/disicide-concentrate-2000ml\/\" \/>\n<meta property=\"og:locale\" content=\"en_US\" \/>\n<meta property=\"og:type\" content=\"article\" \/>\n<meta property=\"og:title\" content=\"Disicide Concentrate 2000ml - Nord Master Fris\u00f6r M\u00f6bler\" \/>\n<meta property=\"og:description\" content=\"Disicide Concentrate 2000ml,Water-based, ethanol-free and vegan concentrate for gentle disinfection of tools and accessories. UN 1903 for transport and not flammable.\" \/>\n<meta property=\"og:url\" content=\"https:\/\/masterfrisormobler.se\/en\/product\/disicide-concentrate-2000ml\/\" \/>\n<meta property=\"og:site_name\" content=\"Nord Master Fris\u00f6r M\u00f6bler\" \/>\n<meta property=\"article:publisher\" content=\"https:\/\/www.facebook.com\/profile.php?id=100095573704473\" \/>\n<meta property=\"article:modified_time\" content=\"2026-03-09T13:15:26+00:00\" \/>\n<meta property=\"og:image\" content=\"https:\/\/masterfrisormobler.se\/wp-content\/uploads\/2026\/03\/6501-disicide-concentrate.webp\" \/>\n\t<meta property=\"og:image:width\" content=\"2560\" \/>\n\t<meta property=\"og:image:height\" content=\"2560\" \/>\n\t<meta property=\"og:image:type\" content=\"image\/webp\" \/>\n<meta name=\"twitter:card\" content=\"summary_large_image\" \/>\n<meta name=\"twitter:label1\" content=\"Est. reading time\" \/>\n\t<meta name=\"twitter:data1\" content=\"1 minute\" \/>\n<script type=\"application\/ld+json\" class=\"yoast-schema-graph\">{\"@context\":\"https:\/\/schema.org\",\"@graph\":[{\"@type\":\"WebPage\",\"@id\":\"https:\/\/masterfrisormobler.se\/product\/disicide-concentrate-2000ml\/\",\"url\":\"https:\/\/masterfrisormobler.se\/product\/disicide-concentrate-2000ml\/\",\"name\":\"Disicide Concentrate 2000ml - Nord Master Fris\u00f6r M\u00f6bler\",\"isPartOf\":{\"@id\":\"https:\/\/masterfrisormobler.se\/#website\"},\"datePublished\":\"2026-03-09T13:15:25+00:00\",\"dateModified\":\"2026-03-09T13:15:26+00:00\",\"description\":\"Disicide Concentrate 2000ml,Water-based, ethanol-free and vegan concentrate for gentle disinfection of tools and accessories. UN 1903 for transport and not flammable.\",\"breadcrumb\":{\"@id\":\"https:\/\/masterfrisormobler.se\/product\/disicide-concentrate-2000ml\/#breadcrumb\"},\"inLanguage\":\"en-US\",\"potentialAction\":[{\"@type\":\"ReadAction\",\"target\":[\"https:\/\/masterfrisormobler.se\/product\/disicide-concentrate-2000ml\/\"]}]},{\"@type\":\"BreadcrumbList\",\"@id\":\"https:\/\/masterfrisormobler.se\/product\/disicide-concentrate-2000ml\/#breadcrumb\",\"itemListElement\":[{\"@type\":\"ListItem\",\"position\":1,\"name\":\"Home\",\"item\":\"https:\/\/masterfrisormobler.se\/\"},{\"@type\":\"ListItem\",\"position\":2,\"name\":\"Store\",\"item\":\"https:\/\/masterfrisormobler.se\/store-master-frisor-mobler\/\"},{\"@type\":\"ListItem\",\"position\":3,\"name\":\"Disicide Concentrate 2000ml\"}]},{\"@type\":\"WebSite\",\"@id\":\"https:\/\/masterfrisormobler.se\/#website\",\"url\":\"https:\/\/masterfrisormobler.se\/\",\"name\":\"https:\/\/masterfrisormobler.se\/\",\"description\":\"Den b\u00e4sta butiken f\u00f6r att s\u00e4lja Fris\u00f6rm\u00f6bler och produkter.\",\"publisher\":{\"@id\":\"https:\/\/masterfrisormobler.se\/#organization\"},\"potentialAction\":[{\"@type\":\"SearchAction\",\"target\":{\"@type\":\"EntryPoint\",\"urlTemplate\":\"https:\/\/masterfrisormobler.se\/?s={search_term_string}\"},\"query-input\":\"required name=search_term_string\"}],\"inLanguage\":\"en-US\"},{\"@type\":\"Organization\",\"@id\":\"https:\/\/masterfrisormobler.se\/#organization\",\"name\":\"Nord master fris\u00f6r mobler\",\"url\":\"https:\/\/masterfrisormobler.se\/\",\"logo\":{\"@type\":\"ImageObject\",\"inLanguage\":\"en-US\",\"@id\":\"https:\/\/masterfrisormobler.se\/#\/schema\/logo\/image\/\",\"url\":\"https:\/\/masterfrisormobler.se\/wp-content\/uploads\/2023\/08\/cropped-512x512-sara.jpeg\",\"contentUrl\":\"https:\/\/masterfrisormobler.se\/wp-content\/uploads\/2023\/08\/cropped-512x512-sara.jpeg\",\"width\":512,\"height\":512,\"caption\":\"Nord master fris\u00f6r mobler\"},\"image\":{\"@id\":\"https:\/\/masterfrisormobler.se\/#\/schema\/logo\/image\/\"},\"sameAs\":[\"https:\/\/www.facebook.com\/profile.php?id=100095573704473\",\"https:\/\/www.tiktok.com\/@master.frisr.mble\",\"https:\/\/www.instagram.com\/masterfrisormobler\/\"]}]}<\/script>\n<!-- \/ Yoast SEO plugin. -->","yoast_head_json":{"title":"Disicide Concentrate 2000ml - Nord Master Fris\u00f6r M\u00f6bler","description":"Disicide Concentrate 2000ml,Water-based, ethanol-free and vegan concentrate for gentle disinfection of tools and accessories. UN 1903 for transport and not flammable.","robots":{"index":"index","follow":"follow","max-snippet":"max-snippet:-1","max-image-preview":"max-image-preview:large","max-video-preview":"max-video-preview:-1"},"canonical":"https:\/\/masterfrisormobler.se\/en\/product\/disicide-concentrate-2000ml\/","og_locale":"en_US","og_type":"article","og_title":"Disicide Concentrate 2000ml - Nord Master Fris\u00f6r M\u00f6bler","og_description":"Disicide Concentrate 2000ml,Water-based, ethanol-free and vegan concentrate for gentle disinfection of tools and accessories. UN 1903 for transport and not flammable.","og_url":"https:\/\/masterfrisormobler.se\/en\/product\/disicide-concentrate-2000ml\/","og_site_name":"Nord Master Fris\u00f6r M\u00f6bler","article_publisher":"https:\/\/www.facebook.com\/profile.php?id=100095573704473","article_modified_time":"2026-03-09T13:15:26+00:00","og_image":[{"width":2560,"height":2560,"url":"https:\/\/masterfrisormobler.se\/wp-content\/uploads\/2026\/03\/6501-disicide-concentrate.webp","type":"image\/webp"}],"twitter_card":"summary_large_image","twitter_misc":{"Est. reading time":"1 minute"},"schema":{"@context":"https:\/\/schema.org","@graph":[{"@type":"WebPage","@id":"https:\/\/masterfrisormobler.se\/product\/disicide-concentrate-2000ml\/","url":"https:\/\/masterfrisormobler.se\/product\/disicide-concentrate-2000ml\/","name":"Disicide Concentrate 2000ml - Nord Master Fris\u00f6r M\u00f6bler","isPartOf":{"@id":"https:\/\/masterfrisormobler.se\/#website"},"datePublished":"2026-03-09T13:15:25+00:00","dateModified":"2026-03-09T13:15:26+00:00","description":"Disicide Concentrate 2000ml,Water-based, ethanol-free and vegan concentrate for gentle disinfection of tools and accessories. UN 1903 for transport and not flammable.","breadcrumb":{"@id":"https:\/\/masterfrisormobler.se\/product\/disicide-concentrate-2000ml\/#breadcrumb"},"inLanguage":"en-US","potentialAction":[{"@type":"ReadAction","target":["https:\/\/masterfrisormobler.se\/product\/disicide-concentrate-2000ml\/"]}]},{"@type":"BreadcrumbList","@id":"https:\/\/masterfrisormobler.se\/product\/disicide-concentrate-2000ml\/#breadcrumb","itemListElement":[{"@type":"ListItem","position":1,"name":"Home","item":"https:\/\/masterfrisormobler.se\/"},{"@type":"ListItem","position":2,"name":"Store","item":"https:\/\/masterfrisormobler.se\/store-master-frisor-mobler\/"},{"@type":"ListItem","position":3,"name":"Disicide Concentrate 2000ml"}]},{"@type":"WebSite","@id":"https:\/\/masterfrisormobler.se\/#website","url":"https:\/\/masterfrisormobler.se\/","name":"https:\/\/masterfrisormobler.se\/","description":"Den b\u00e4sta butiken f\u00f6r att s\u00e4lja Fris\u00f6rm\u00f6bler och produkter.","publisher":{"@id":"https:\/\/masterfrisormobler.se\/#organization"},"potentialAction":[{"@type":"SearchAction","target":{"@type":"EntryPoint","urlTemplate":"https:\/\/masterfrisormobler.se\/?s={search_term_string}"},"query-input":"required name=search_term_string"}],"inLanguage":"en-US"},{"@type":"Organization","@id":"https:\/\/masterfrisormobler.se\/#organization","name":"Nord master fris\u00f6r mobler","url":"https:\/\/masterfrisormobler.se\/","logo":{"@type":"ImageObject","inLanguage":"en-US","@id":"https:\/\/masterfrisormobler.se\/#\/schema\/logo\/image\/","url":"https:\/\/masterfrisormobler.se\/wp-content\/uploads\/2023\/08\/cropped-512x512-sara.jpeg","contentUrl":"https:\/\/masterfrisormobler.se\/wp-content\/uploads\/2023\/08\/cropped-512x512-sara.jpeg","width":512,"height":512,"caption":"Nord master fris\u00f6r mobler"},"image":{"@id":"https:\/\/masterfrisormobler.se\/#\/schema\/logo\/image\/"},"sameAs":["https:\/\/www.facebook.com\/profile.php?id=100095573704473","https:\/\/www.tiktok.com\/@master.frisr.mble","https:\/\/www.instagram.com\/masterfrisormobler\/"]}]}},"_links":{"self":[{"href":"https:\/\/masterfrisormobler.se\/en\/wp-json\/wp\/v2\/product\/6978"}],"collection":[{"href":"https:\/\/masterfrisormobler.se\/en\/wp-json\/wp\/v2\/product"}],"about":[{"href":"https:\/\/masterfrisormobler.se\/en\/wp-json\/wp\/v2\/types\/product"}],"version-history":[{"count":1,"href":"https:\/\/masterfrisormobler.se\/en\/wp-json\/wp\/v2\/product\/6978\/revisions"}],"predecessor-version":[{"id":6980,"href":"https:\/\/masterfrisormobler.se\/en\/wp-json\/wp\/v2\/product\/6978\/revisions\/6980"}],"wp:featuredmedia":[{"embeddable":true,"href":"https:\/\/masterfrisormobler.se\/en\/wp-json\/wp\/v2\/media\/6979"}],"wp:attachment":[{"href":"https:\/\/masterfrisormobler.se\/en\/wp-json\/wp\/v2\/media?parent=6978"}],"wp:term":[{"taxonomy":"product_cat","embeddable":true,"href":"https:\/\/masterfrisormobler.se\/en\/wp-json\/wp\/v2\/product_cat?post=6978"},{"taxonomy":"product_tag","embeddable":true,"href":"https:\/\/masterfrisormobler.se\/en\/wp-json\/wp\/v2\/product_tag?post=6978"}],"curies":[{"name":"wp","href":"https:\/\/api.w.org\/{rel}","templated":true}]}}