{"id":6974,"date":"2026-03-09T13:01:13","date_gmt":"2026-03-09T13:01:13","guid":{"rendered":"https:\/\/masterfrisormobler.se\/?post_type=product&#038;p=6974"},"modified":"2026-03-09T13:01:13","modified_gmt":"2026-03-09T13:01:13","slug":"trimmercide-blade-spray-plus-5-in-1-400g","status":"publish","type":"product","link":"https:\/\/masterfrisormobler.se\/en\/product\/trimmercide-blade-spray-plus-5-in-1-400g\/","title":{"rendered":"Trimmercide Blade Spray Plus+ 5 in 1 &#8211; 400g"},"content":{"rendered":"<h6>Trimmercide Blade Spray Plus+ 5 in 1 &#8211; 400g<\/h6>\n<h1><\/h1>\n<p>Trimmercide\u00ae Blade Spray Plus+ 5 in 1 \u2013 Cools, Sanitizes, Lubricates, Cleans and Anti \u2013 Rust.\u00a0Sterilizes the blade and provides easy glide for ultimate precision and comfortable cutting.<\/p>\n<p>How to use: Spray through the blades, this 5 in 1 formula helps to clean and maintain your tools for advanced hygiene and longevity. The spray provides Coolant, Sanitizes, Lubricant, Cleaner and Rust Pre-treatment.<\/p>\n<h3>How it works:<\/h3>\n<p>Sterlizes the blade and provides easy glide for ultimate precision and comfortable cutting.<\/p>\n<p><img loading=\"lazy\" decoding=\"async\" src=\"https:\/\/bratt-trading.com\/image\/1789\/trimmercide_blade_spray_plus_1.jpg\" alt=\"\" width=\"440\" height=\"220\" \/><\/p>\n<p><strong>Spray through the blades<\/strong>, this 5in1 formula helps to clean and maintain your tools for advanced hygiene and longevity.<\/p>\n<p><img loading=\"lazy\" decoding=\"async\" src=\"https:\/\/bratt-trading.com\/image\/1790\/trimmercide_blade_spray_plus_2.jpg\" alt=\"\" width=\"440\" height=\"220\" \/><\/p>\n<div class=\"row\">\n<div class=\"column tabs-container\">\n<div class=\"tabs-content\" data-tabs-content=\"product-info-tabs\">\n<div id=\"wt13pk-accordion\" class=\"tabs-panel is-active\" role=\"tabpanel\" data-tab-content=\"\" aria-labelledby=\"wt13pk-accordion-label\">\n<div class=\"row\">\n<div class=\"columns small-12 large-12\">\n<p>The spray provides<strong>\u00a0coolant, sanitezes, lubricant, cleaner and rust pretreatment.<\/strong><\/p>\n<\/div>\n<\/div>\n<\/div>\n<\/div>\n<\/div>\n<\/div>\n<div class=\"expanded collapse row content-wrapper product-feed\">\n<div class=\"row\">\n<div class=\"column text-center\"><\/div>\n<\/div>\n<\/div>","protected":false},"excerpt":{"rendered":"<div class=\"row\">\n<div class=\"small-12 columns\">\n<h6 class=\"product-title\">Trimmercide Blade Spray Plus+ 5 in 1 &#8211; 400g<\/h6>\n<\/div>\n<\/div>\n<div class=\"description\">\n<p>Trimmercide\u00ae Blade Spray Plus+ 5 in 1 \u2013 Cools, Sanitizes, Lubricates, Cleans and Anti \u2013 Rust,\u00a0<strong>400 g.<\/strong><\/p>\n<\/div>","protected":false},"featured_media":6976,"template":"","meta":{"site-sidebar-layout":"default","site-content-layout":"","ast-site-content-layout":"default","site-content-style":"default","site-sidebar-style":"default","ast-global-header-display":"","ast-banner-title-visibility":"","ast-main-header-display":"","ast-hfb-above-header-display":"","ast-hfb-below-header-display":"","ast-hfb-mobile-header-display":"","site-post-title":"","ast-breadcrumbs-content":"","ast-featured-img":"","footer-sml-layout":"","theme-transparent-header-meta":"default","adv-header-id-meta":"","stick-header-meta":"","header-above-stick-meta":"","header-main-stick-meta":"","header-below-stick-meta":"","astra-migrate-meta-layouts":"set","_joinchat":[]},"product_cat":[77,75,61,72,73],"product_tag":[],"yoast_head":"<!-- This site is optimized with the Yoast SEO plugin v21.2 - https:\/\/yoast.com\/wordpress\/plugins\/seo\/ -->\n<title>Trimmercide Blade Spray Plus+ 5 in 1 - 400g - Nord Master Fris\u00f6r M\u00f6bler<\/title>\n<meta name=\"description\" content=\"Trimmercide Blade Spray Plus+ 5 in 1 - 400g, TCleans and Anti \u2013 Rust. Sterilizes the blade and provides easy glide for ultimate precision and comfortable cutting.\" \/>\n<meta name=\"robots\" content=\"index, follow, max-snippet:-1, max-image-preview:large, max-video-preview:-1\" \/>\n<link rel=\"canonical\" href=\"https:\/\/masterfrisormobler.se\/en\/product\/trimmercide-blade-spray-plus-5-in-1-400g\/\" \/>\n<meta property=\"og:locale\" content=\"en_US\" \/>\n<meta property=\"og:type\" content=\"article\" \/>\n<meta property=\"og:title\" content=\"Trimmercide Blade Spray Plus+ 5 in 1 - 400g - Nord Master Fris\u00f6r M\u00f6bler\" \/>\n<meta property=\"og:description\" content=\"Trimmercide Blade Spray Plus+ 5 in 1 - 400g, TCleans and Anti \u2013 Rust. Sterilizes the blade and provides easy glide for ultimate precision and comfortable cutting.\" \/>\n<meta property=\"og:url\" content=\"https:\/\/masterfrisormobler.se\/en\/product\/trimmercide-blade-spray-plus-5-in-1-400g\/\" \/>\n<meta property=\"og:site_name\" content=\"Nord Master Fris\u00f6r M\u00f6bler\" \/>\n<meta property=\"article:publisher\" content=\"https:\/\/www.facebook.com\/profile.php?id=100095573704473\" \/>\n<meta property=\"og:image\" content=\"https:\/\/masterfrisormobler.se\/wp-content\/uploads\/2026\/03\/6514-Trimmercide-Blade-Spray-Plus-5-in-1-400g-2026.webp\" \/>\n\t<meta property=\"og:image:width\" content=\"2560\" \/>\n\t<meta property=\"og:image:height\" content=\"2560\" \/>\n\t<meta property=\"og:image:type\" content=\"image\/webp\" \/>\n<meta name=\"twitter:card\" content=\"summary_large_image\" \/>\n<meta name=\"twitter:label1\" content=\"Est. reading time\" \/>\n\t<meta name=\"twitter:data1\" content=\"1 minute\" \/>\n<script type=\"application\/ld+json\" class=\"yoast-schema-graph\">{\"@context\":\"https:\/\/schema.org\",\"@graph\":[{\"@type\":\"WebPage\",\"@id\":\"https:\/\/masterfrisormobler.se\/product\/trimmercide-blade-spray-plus-5-in-1-400g\/\",\"url\":\"https:\/\/masterfrisormobler.se\/product\/trimmercide-blade-spray-plus-5-in-1-400g\/\",\"name\":\"Trimmercide Blade Spray Plus+ 5 in 1 - 400g - Nord Master Fris\u00f6r M\u00f6bler\",\"isPartOf\":{\"@id\":\"https:\/\/masterfrisormobler.se\/#website\"},\"datePublished\":\"2026-03-09T13:01:13+00:00\",\"dateModified\":\"2026-03-09T13:01:13+00:00\",\"description\":\"Trimmercide Blade Spray Plus+ 5 in 1 - 400g, TCleans and Anti \u2013 Rust. Sterilizes the blade and provides easy glide for ultimate precision and comfortable cutting.\",\"breadcrumb\":{\"@id\":\"https:\/\/masterfrisormobler.se\/product\/trimmercide-blade-spray-plus-5-in-1-400g\/#breadcrumb\"},\"inLanguage\":\"en-US\",\"potentialAction\":[{\"@type\":\"ReadAction\",\"target\":[\"https:\/\/masterfrisormobler.se\/product\/trimmercide-blade-spray-plus-5-in-1-400g\/\"]}]},{\"@type\":\"BreadcrumbList\",\"@id\":\"https:\/\/masterfrisormobler.se\/product\/trimmercide-blade-spray-plus-5-in-1-400g\/#breadcrumb\",\"itemListElement\":[{\"@type\":\"ListItem\",\"position\":1,\"name\":\"Home\",\"item\":\"https:\/\/masterfrisormobler.se\/\"},{\"@type\":\"ListItem\",\"position\":2,\"name\":\"Store\",\"item\":\"https:\/\/masterfrisormobler.se\/store-master-frisor-mobler\/\"},{\"@type\":\"ListItem\",\"position\":3,\"name\":\"Trimmercide Blade Spray Plus+ 5 in 1 &#8211; 400g\"}]},{\"@type\":\"WebSite\",\"@id\":\"https:\/\/masterfrisormobler.se\/#website\",\"url\":\"https:\/\/masterfrisormobler.se\/\",\"name\":\"https:\/\/masterfrisormobler.se\/\",\"description\":\"Den b\u00e4sta butiken f\u00f6r att s\u00e4lja Fris\u00f6rm\u00f6bler och produkter.\",\"publisher\":{\"@id\":\"https:\/\/masterfrisormobler.se\/#organization\"},\"potentialAction\":[{\"@type\":\"SearchAction\",\"target\":{\"@type\":\"EntryPoint\",\"urlTemplate\":\"https:\/\/masterfrisormobler.se\/?s={search_term_string}\"},\"query-input\":\"required name=search_term_string\"}],\"inLanguage\":\"en-US\"},{\"@type\":\"Organization\",\"@id\":\"https:\/\/masterfrisormobler.se\/#organization\",\"name\":\"Nord master fris\u00f6r mobler\",\"url\":\"https:\/\/masterfrisormobler.se\/\",\"logo\":{\"@type\":\"ImageObject\",\"inLanguage\":\"en-US\",\"@id\":\"https:\/\/masterfrisormobler.se\/#\/schema\/logo\/image\/\",\"url\":\"https:\/\/masterfrisormobler.se\/wp-content\/uploads\/2023\/08\/cropped-512x512-sara.jpeg\",\"contentUrl\":\"https:\/\/masterfrisormobler.se\/wp-content\/uploads\/2023\/08\/cropped-512x512-sara.jpeg\",\"width\":512,\"height\":512,\"caption\":\"Nord master fris\u00f6r mobler\"},\"image\":{\"@id\":\"https:\/\/masterfrisormobler.se\/#\/schema\/logo\/image\/\"},\"sameAs\":[\"https:\/\/www.facebook.com\/profile.php?id=100095573704473\",\"https:\/\/www.tiktok.com\/@master.frisr.mble\",\"https:\/\/www.instagram.com\/masterfrisormobler\/\"]}]}<\/script>\n<!-- \/ Yoast SEO plugin. -->","yoast_head_json":{"title":"Trimmercide Blade Spray Plus+ 5 in 1 - 400g - Nord Master Fris\u00f6r M\u00f6bler","description":"Trimmercide Blade Spray Plus+ 5 in 1 - 400g, TCleans and Anti \u2013 Rust. Sterilizes the blade and provides easy glide for ultimate precision and comfortable cutting.","robots":{"index":"index","follow":"follow","max-snippet":"max-snippet:-1","max-image-preview":"max-image-preview:large","max-video-preview":"max-video-preview:-1"},"canonical":"https:\/\/masterfrisormobler.se\/en\/product\/trimmercide-blade-spray-plus-5-in-1-400g\/","og_locale":"en_US","og_type":"article","og_title":"Trimmercide Blade Spray Plus+ 5 in 1 - 400g - Nord Master Fris\u00f6r M\u00f6bler","og_description":"Trimmercide Blade Spray Plus+ 5 in 1 - 400g, TCleans and Anti \u2013 Rust. Sterilizes the blade and provides easy glide for ultimate precision and comfortable cutting.","og_url":"https:\/\/masterfrisormobler.se\/en\/product\/trimmercide-blade-spray-plus-5-in-1-400g\/","og_site_name":"Nord Master Fris\u00f6r M\u00f6bler","article_publisher":"https:\/\/www.facebook.com\/profile.php?id=100095573704473","og_image":[{"width":2560,"height":2560,"url":"https:\/\/masterfrisormobler.se\/wp-content\/uploads\/2026\/03\/6514-Trimmercide-Blade-Spray-Plus-5-in-1-400g-2026.webp","type":"image\/webp"}],"twitter_card":"summary_large_image","twitter_misc":{"Est. reading time":"1 minute"},"schema":{"@context":"https:\/\/schema.org","@graph":[{"@type":"WebPage","@id":"https:\/\/masterfrisormobler.se\/product\/trimmercide-blade-spray-plus-5-in-1-400g\/","url":"https:\/\/masterfrisormobler.se\/product\/trimmercide-blade-spray-plus-5-in-1-400g\/","name":"Trimmercide Blade Spray Plus+ 5 in 1 - 400g - Nord Master Fris\u00f6r M\u00f6bler","isPartOf":{"@id":"https:\/\/masterfrisormobler.se\/#website"},"datePublished":"2026-03-09T13:01:13+00:00","dateModified":"2026-03-09T13:01:13+00:00","description":"Trimmercide Blade Spray Plus+ 5 in 1 - 400g, TCleans and Anti \u2013 Rust. Sterilizes the blade and provides easy glide for ultimate precision and comfortable cutting.","breadcrumb":{"@id":"https:\/\/masterfrisormobler.se\/product\/trimmercide-blade-spray-plus-5-in-1-400g\/#breadcrumb"},"inLanguage":"en-US","potentialAction":[{"@type":"ReadAction","target":["https:\/\/masterfrisormobler.se\/product\/trimmercide-blade-spray-plus-5-in-1-400g\/"]}]},{"@type":"BreadcrumbList","@id":"https:\/\/masterfrisormobler.se\/product\/trimmercide-blade-spray-plus-5-in-1-400g\/#breadcrumb","itemListElement":[{"@type":"ListItem","position":1,"name":"Home","item":"https:\/\/masterfrisormobler.se\/"},{"@type":"ListItem","position":2,"name":"Store","item":"https:\/\/masterfrisormobler.se\/store-master-frisor-mobler\/"},{"@type":"ListItem","position":3,"name":"Trimmercide Blade Spray Plus+ 5 in 1 &#8211; 400g"}]},{"@type":"WebSite","@id":"https:\/\/masterfrisormobler.se\/#website","url":"https:\/\/masterfrisormobler.se\/","name":"https:\/\/masterfrisormobler.se\/","description":"Den b\u00e4sta butiken f\u00f6r att s\u00e4lja Fris\u00f6rm\u00f6bler och produkter.","publisher":{"@id":"https:\/\/masterfrisormobler.se\/#organization"},"potentialAction":[{"@type":"SearchAction","target":{"@type":"EntryPoint","urlTemplate":"https:\/\/masterfrisormobler.se\/?s={search_term_string}"},"query-input":"required name=search_term_string"}],"inLanguage":"en-US"},{"@type":"Organization","@id":"https:\/\/masterfrisormobler.se\/#organization","name":"Nord master fris\u00f6r mobler","url":"https:\/\/masterfrisormobler.se\/","logo":{"@type":"ImageObject","inLanguage":"en-US","@id":"https:\/\/masterfrisormobler.se\/#\/schema\/logo\/image\/","url":"https:\/\/masterfrisormobler.se\/wp-content\/uploads\/2023\/08\/cropped-512x512-sara.jpeg","contentUrl":"https:\/\/masterfrisormobler.se\/wp-content\/uploads\/2023\/08\/cropped-512x512-sara.jpeg","width":512,"height":512,"caption":"Nord master fris\u00f6r mobler"},"image":{"@id":"https:\/\/masterfrisormobler.se\/#\/schema\/logo\/image\/"},"sameAs":["https:\/\/www.facebook.com\/profile.php?id=100095573704473","https:\/\/www.tiktok.com\/@master.frisr.mble","https:\/\/www.instagram.com\/masterfrisormobler\/"]}]}},"_links":{"self":[{"href":"https:\/\/masterfrisormobler.se\/en\/wp-json\/wp\/v2\/product\/6974"}],"collection":[{"href":"https:\/\/masterfrisormobler.se\/en\/wp-json\/wp\/v2\/product"}],"about":[{"href":"https:\/\/masterfrisormobler.se\/en\/wp-json\/wp\/v2\/types\/product"}],"version-history":[{"count":2,"href":"https:\/\/masterfrisormobler.se\/en\/wp-json\/wp\/v2\/product\/6974\/revisions"}],"predecessor-version":[{"id":6977,"href":"https:\/\/masterfrisormobler.se\/en\/wp-json\/wp\/v2\/product\/6974\/revisions\/6977"}],"wp:featuredmedia":[{"embeddable":true,"href":"https:\/\/masterfrisormobler.se\/en\/wp-json\/wp\/v2\/media\/6976"}],"wp:attachment":[{"href":"https:\/\/masterfrisormobler.se\/en\/wp-json\/wp\/v2\/media?parent=6974"}],"wp:term":[{"taxonomy":"product_cat","embeddable":true,"href":"https:\/\/masterfrisormobler.se\/en\/wp-json\/wp\/v2\/product_cat?post=6974"},{"taxonomy":"product_tag","embeddable":true,"href":"https:\/\/masterfrisormobler.se\/en\/wp-json\/wp\/v2\/product_tag?post=6974"}],"curies":[{"name":"wp","href":"https:\/\/api.w.org\/{rel}","templated":true}]}}