{"id":6902,"date":"2025-10-17T13:50:51","date_gmt":"2025-10-17T13:50:51","guid":{"rendered":"https:\/\/masterfrisormobler.se\/?post_type=product&#038;p=6902"},"modified":"2025-10-17T13:55:36","modified_gmt":"2025-10-17T13:55:36","slug":"desinfektionsskap-effektiv-sterilisering-rymlig-designsom-visas","status":"publish","type":"product","link":"https:\/\/masterfrisormobler.se\/en\/product\/desinfektionsskap-effektiv-sterilisering-rymlig-designsom-visas\/","title":{"rendered":"Desinfektionssk\u00e5p, Effektiv Sterilisering, Rymlig Design,Som visas"},"content":{"rendered":"<ul>\n<li>\n<div class=\"sc-b21c616d-2 iPDUr\">\n<h6 class=\"sc-bb81a56-0 fTZKaB\">Desinfektionssk\u00e5p, Effektiv Sterilisering, Rymlig Design,Som visas<\/h6>\n<\/div>\n<div class=\"sc-b21c616d-3 fQSFIv\">\n<div class=\"sc-b21c616d-5 bGlWly\" data-cy=\"product-price\">\n<div class=\"sc-b21c616d-6 dwnquq\">\n<div class=\"sc-97a767f2-0 dPXkVS\"><\/div>\n<\/div>\n<\/div>\n<\/div>\n<\/li>\n<li><b>effektiv desinfektion<\/b>: detta desinfektionssk\u00e5p anv\u00e4nder avancerad teknik f\u00f6r att snabbt sanera en m\u00e4ngd olika f\u00f6rem\u00e5l, vilket g\u00f6r det perfekt f\u00f6r att uppr\u00e4tth\u00e5lla h\u00e4lsa och hygien.<\/li>\n<li><b>stor kapacitet<\/b>: med en kapacitet p\u00e5 10 liter (2,64 gal) kan detta sk\u00e5p rymma m\u00e5nga verktyg och f\u00f6rn\u00f6denheter, vilket tillgodoser b\u00e5de dagliga och kommersiella desinfektionsbehov.<\/li>\n<li><b>h\u00e5llbar konstruktion<\/b>: tillverkat av h\u00f6gkvalitativt rostfritt st\u00e5l, akryl och j\u00e4rn, s\u00e4kerst\u00e4ller det l\u00e5ngvarig anv\u00e4ndning samtidigt som det motst\u00e5r rost och korrosion.<\/li>\n<li><b>anv\u00e4ndarv\u00e4nlig design<\/b>: placera helt enkelt dina f\u00f6rem\u00e5l inuti, koppla in den och tryck p\u00e5 knappen f\u00f6r att p\u00e5b\u00f6rja desinfektionsprocessen \u2013 idealiskt f\u00f6r b\u00e5de nyb\u00f6rjare och erfarna anv\u00e4ndare.<\/li>\n<li><b>kompakt och platsbesparande<\/b>: dess trapezoidala form och dimensioner (14,57*8,27*9,45 tum) g\u00f6r den l\u00e4mplig f\u00f6r olika b\u00e4nkskivor eller skrivbord utan att ta upp mycket plats.<\/li>\n<\/ul>","protected":false},"excerpt":{"rendered":"<div class=\"sc-b21c616d-2 iPDUr\">\n<pre class=\"sc-bb81a56-0 fTZKaB\">Desinfektionssk\u00e5p, Effektiv Sterilisering, Rymlig Design,Som visas<\/pre>\n<\/div>\n<div class=\"sc-b21c616d-3 fQSFIv\">\n<div class=\"sc-b21c616d-5 bGlWly\" data-cy=\"product-price\">\n<div class=\"sc-b21c616d-6 dwnquq\">\n<div class=\"sc-97a767f2-0 dPXkVS\"><\/div>\n<\/div>\n<\/div>\n<\/div>","protected":false},"featured_media":6911,"template":"","meta":{"site-sidebar-layout":"default","site-content-layout":"","ast-site-content-layout":"default","site-content-style":"default","site-sidebar-style":"default","ast-global-header-display":"","ast-banner-title-visibility":"","ast-main-header-display":"","ast-hfb-above-header-display":"","ast-hfb-below-header-display":"","ast-hfb-mobile-header-display":"","site-post-title":"","ast-breadcrumbs-content":"","ast-featured-img":"","footer-sml-layout":"","theme-transparent-header-meta":"default","adv-header-id-meta":"","stick-header-meta":"","header-above-stick-meta":"","header-main-stick-meta":"","header-below-stick-meta":"","astra-migrate-meta-layouts":"set","_joinchat":[]},"product_cat":[57,77,73],"product_tag":[],"yoast_head":"<!-- This site is optimized with the Yoast SEO plugin v21.2 - https:\/\/yoast.com\/wordpress\/plugins\/seo\/ -->\n<title>Desinfektionssk\u00e5p, Effektiv Sterilisering, Rymlig Design,Som visas - Nord Master Fris\u00f6r M\u00f6bler<\/title>\n<meta name=\"description\" content=\"UV Ozone Sterilizer.Desinfektionssk\u00e5p, Effektiv Sterilisering, Rymlig Design,Som visas\" \/>\n<meta name=\"robots\" content=\"index, follow, max-snippet:-1, max-image-preview:large, max-video-preview:-1\" \/>\n<link rel=\"canonical\" href=\"https:\/\/masterfrisormobler.se\/en\/product\/desinfektionsskap-effektiv-sterilisering-rymlig-designsom-visas\/\" \/>\n<meta property=\"og:locale\" content=\"en_US\" \/>\n<meta property=\"og:type\" content=\"article\" \/>\n<meta property=\"og:title\" content=\"Desinfektionssk\u00e5p, Effektiv Sterilisering, Rymlig Design,Som visas - Nord Master Fris\u00f6r M\u00f6bler\" \/>\n<meta property=\"og:description\" content=\"UV Ozone Sterilizer.Desinfektionssk\u00e5p, Effektiv Sterilisering, Rymlig Design,Som visas\" \/>\n<meta property=\"og:url\" content=\"https:\/\/masterfrisormobler.se\/en\/product\/desinfektionsskap-effektiv-sterilisering-rymlig-designsom-visas\/\" \/>\n<meta property=\"og:site_name\" content=\"Nord Master Fris\u00f6r M\u00f6bler\" \/>\n<meta property=\"article:publisher\" content=\"https:\/\/www.facebook.com\/profile.php?id=100095573704473\" \/>\n<meta property=\"article:modified_time\" content=\"2025-10-17T13:55:36+00:00\" \/>\n<meta property=\"og:image\" content=\"https:\/\/masterfrisormobler.se\/wp-content\/uploads\/2025\/10\/Add-a-eading800-1.png\" \/>\n\t<meta property=\"og:image:width\" content=\"800\" \/>\n\t<meta property=\"og:image:height\" content=\"800\" \/>\n\t<meta property=\"og:image:type\" content=\"image\/png\" \/>\n<meta name=\"twitter:card\" content=\"summary_large_image\" \/>\n<meta name=\"twitter:label1\" content=\"Est. reading time\" \/>\n\t<meta name=\"twitter:data1\" content=\"1 minute\" \/>\n<script type=\"application\/ld+json\" class=\"yoast-schema-graph\">{\"@context\":\"https:\/\/schema.org\",\"@graph\":[{\"@type\":\"WebPage\",\"@id\":\"https:\/\/masterfrisormobler.se\/product\/desinfektionsskap-effektiv-sterilisering-rymlig-designsom-visas\/\",\"url\":\"https:\/\/masterfrisormobler.se\/product\/desinfektionsskap-effektiv-sterilisering-rymlig-designsom-visas\/\",\"name\":\"Desinfektionssk\u00e5p, Effektiv Sterilisering, Rymlig Design,Som visas - Nord Master Fris\u00f6r M\u00f6bler\",\"isPartOf\":{\"@id\":\"https:\/\/masterfrisormobler.se\/#website\"},\"datePublished\":\"2025-10-17T13:50:51+00:00\",\"dateModified\":\"2025-10-17T13:55:36+00:00\",\"description\":\"UV Ozone Sterilizer.Desinfektionssk\u00e5p, Effektiv Sterilisering, Rymlig Design,Som visas\",\"breadcrumb\":{\"@id\":\"https:\/\/masterfrisormobler.se\/product\/desinfektionsskap-effektiv-sterilisering-rymlig-designsom-visas\/#breadcrumb\"},\"inLanguage\":\"en-US\",\"potentialAction\":[{\"@type\":\"ReadAction\",\"target\":[\"https:\/\/masterfrisormobler.se\/product\/desinfektionsskap-effektiv-sterilisering-rymlig-designsom-visas\/\"]}]},{\"@type\":\"BreadcrumbList\",\"@id\":\"https:\/\/masterfrisormobler.se\/product\/desinfektionsskap-effektiv-sterilisering-rymlig-designsom-visas\/#breadcrumb\",\"itemListElement\":[{\"@type\":\"ListItem\",\"position\":1,\"name\":\"Home\",\"item\":\"https:\/\/masterfrisormobler.se\/\"},{\"@type\":\"ListItem\",\"position\":2,\"name\":\"Store\",\"item\":\"https:\/\/masterfrisormobler.se\/store-master-frisor-mobler\/\"},{\"@type\":\"ListItem\",\"position\":3,\"name\":\"Desinfektionssk\u00e5p, Effektiv Sterilisering, Rymlig Design,Som visas\"}]},{\"@type\":\"WebSite\",\"@id\":\"https:\/\/masterfrisormobler.se\/#website\",\"url\":\"https:\/\/masterfrisormobler.se\/\",\"name\":\"https:\/\/masterfrisormobler.se\/\",\"description\":\"Den b\u00e4sta butiken f\u00f6r att s\u00e4lja Fris\u00f6rm\u00f6bler och produkter.\",\"publisher\":{\"@id\":\"https:\/\/masterfrisormobler.se\/#organization\"},\"potentialAction\":[{\"@type\":\"SearchAction\",\"target\":{\"@type\":\"EntryPoint\",\"urlTemplate\":\"https:\/\/masterfrisormobler.se\/?s={search_term_string}\"},\"query-input\":\"required name=search_term_string\"}],\"inLanguage\":\"en-US\"},{\"@type\":\"Organization\",\"@id\":\"https:\/\/masterfrisormobler.se\/#organization\",\"name\":\"Nord master fris\u00f6r mobler\",\"url\":\"https:\/\/masterfrisormobler.se\/\",\"logo\":{\"@type\":\"ImageObject\",\"inLanguage\":\"en-US\",\"@id\":\"https:\/\/masterfrisormobler.se\/#\/schema\/logo\/image\/\",\"url\":\"https:\/\/masterfrisormobler.se\/wp-content\/uploads\/2023\/08\/cropped-512x512-sara.jpeg\",\"contentUrl\":\"https:\/\/masterfrisormobler.se\/wp-content\/uploads\/2023\/08\/cropped-512x512-sara.jpeg\",\"width\":512,\"height\":512,\"caption\":\"Nord master fris\u00f6r mobler\"},\"image\":{\"@id\":\"https:\/\/masterfrisormobler.se\/#\/schema\/logo\/image\/\"},\"sameAs\":[\"https:\/\/www.facebook.com\/profile.php?id=100095573704473\",\"https:\/\/www.tiktok.com\/@master.frisr.mble\",\"https:\/\/www.instagram.com\/masterfrisormobler\/\"]}]}<\/script>\n<!-- \/ Yoast SEO plugin. -->","yoast_head_json":{"title":"Desinfektionssk\u00e5p, Effektiv Sterilisering, Rymlig Design,Som visas - Nord Master Fris\u00f6r M\u00f6bler","description":"UV Ozone Sterilizer.Desinfektionssk\u00e5p, Effektiv Sterilisering, Rymlig Design,Som visas","robots":{"index":"index","follow":"follow","max-snippet":"max-snippet:-1","max-image-preview":"max-image-preview:large","max-video-preview":"max-video-preview:-1"},"canonical":"https:\/\/masterfrisormobler.se\/en\/product\/desinfektionsskap-effektiv-sterilisering-rymlig-designsom-visas\/","og_locale":"en_US","og_type":"article","og_title":"Desinfektionssk\u00e5p, Effektiv Sterilisering, Rymlig Design,Som visas - Nord Master Fris\u00f6r M\u00f6bler","og_description":"UV Ozone Sterilizer.Desinfektionssk\u00e5p, Effektiv Sterilisering, Rymlig Design,Som visas","og_url":"https:\/\/masterfrisormobler.se\/en\/product\/desinfektionsskap-effektiv-sterilisering-rymlig-designsom-visas\/","og_site_name":"Nord Master Fris\u00f6r M\u00f6bler","article_publisher":"https:\/\/www.facebook.com\/profile.php?id=100095573704473","article_modified_time":"2025-10-17T13:55:36+00:00","og_image":[{"width":800,"height":800,"url":"https:\/\/masterfrisormobler.se\/wp-content\/uploads\/2025\/10\/Add-a-eading800-1.png","type":"image\/png"}],"twitter_card":"summary_large_image","twitter_misc":{"Est. reading time":"1 minute"},"schema":{"@context":"https:\/\/schema.org","@graph":[{"@type":"WebPage","@id":"https:\/\/masterfrisormobler.se\/product\/desinfektionsskap-effektiv-sterilisering-rymlig-designsom-visas\/","url":"https:\/\/masterfrisormobler.se\/product\/desinfektionsskap-effektiv-sterilisering-rymlig-designsom-visas\/","name":"Desinfektionssk\u00e5p, Effektiv Sterilisering, Rymlig Design,Som visas - Nord Master Fris\u00f6r M\u00f6bler","isPartOf":{"@id":"https:\/\/masterfrisormobler.se\/#website"},"datePublished":"2025-10-17T13:50:51+00:00","dateModified":"2025-10-17T13:55:36+00:00","description":"UV Ozone Sterilizer.Desinfektionssk\u00e5p, Effektiv Sterilisering, Rymlig Design,Som visas","breadcrumb":{"@id":"https:\/\/masterfrisormobler.se\/product\/desinfektionsskap-effektiv-sterilisering-rymlig-designsom-visas\/#breadcrumb"},"inLanguage":"en-US","potentialAction":[{"@type":"ReadAction","target":["https:\/\/masterfrisormobler.se\/product\/desinfektionsskap-effektiv-sterilisering-rymlig-designsom-visas\/"]}]},{"@type":"BreadcrumbList","@id":"https:\/\/masterfrisormobler.se\/product\/desinfektionsskap-effektiv-sterilisering-rymlig-designsom-visas\/#breadcrumb","itemListElement":[{"@type":"ListItem","position":1,"name":"Home","item":"https:\/\/masterfrisormobler.se\/"},{"@type":"ListItem","position":2,"name":"Store","item":"https:\/\/masterfrisormobler.se\/store-master-frisor-mobler\/"},{"@type":"ListItem","position":3,"name":"Desinfektionssk\u00e5p, Effektiv Sterilisering, Rymlig Design,Som visas"}]},{"@type":"WebSite","@id":"https:\/\/masterfrisormobler.se\/#website","url":"https:\/\/masterfrisormobler.se\/","name":"https:\/\/masterfrisormobler.se\/","description":"Den b\u00e4sta butiken f\u00f6r att s\u00e4lja Fris\u00f6rm\u00f6bler och produkter.","publisher":{"@id":"https:\/\/masterfrisormobler.se\/#organization"},"potentialAction":[{"@type":"SearchAction","target":{"@type":"EntryPoint","urlTemplate":"https:\/\/masterfrisormobler.se\/?s={search_term_string}"},"query-input":"required name=search_term_string"}],"inLanguage":"en-US"},{"@type":"Organization","@id":"https:\/\/masterfrisormobler.se\/#organization","name":"Nord master fris\u00f6r mobler","url":"https:\/\/masterfrisormobler.se\/","logo":{"@type":"ImageObject","inLanguage":"en-US","@id":"https:\/\/masterfrisormobler.se\/#\/schema\/logo\/image\/","url":"https:\/\/masterfrisormobler.se\/wp-content\/uploads\/2023\/08\/cropped-512x512-sara.jpeg","contentUrl":"https:\/\/masterfrisormobler.se\/wp-content\/uploads\/2023\/08\/cropped-512x512-sara.jpeg","width":512,"height":512,"caption":"Nord master fris\u00f6r mobler"},"image":{"@id":"https:\/\/masterfrisormobler.se\/#\/schema\/logo\/image\/"},"sameAs":["https:\/\/www.facebook.com\/profile.php?id=100095573704473","https:\/\/www.tiktok.com\/@master.frisr.mble","https:\/\/www.instagram.com\/masterfrisormobler\/"]}]}},"_links":{"self":[{"href":"https:\/\/masterfrisormobler.se\/en\/wp-json\/wp\/v2\/product\/6902"}],"collection":[{"href":"https:\/\/masterfrisormobler.se\/en\/wp-json\/wp\/v2\/product"}],"about":[{"href":"https:\/\/masterfrisormobler.se\/en\/wp-json\/wp\/v2\/types\/product"}],"version-history":[{"count":6,"href":"https:\/\/masterfrisormobler.se\/en\/wp-json\/wp\/v2\/product\/6902\/revisions"}],"predecessor-version":[{"id":6912,"href":"https:\/\/masterfrisormobler.se\/en\/wp-json\/wp\/v2\/product\/6902\/revisions\/6912"}],"wp:featuredmedia":[{"embeddable":true,"href":"https:\/\/masterfrisormobler.se\/en\/wp-json\/wp\/v2\/media\/6911"}],"wp:attachment":[{"href":"https:\/\/masterfrisormobler.se\/en\/wp-json\/wp\/v2\/media?parent=6902"}],"wp:term":[{"taxonomy":"product_cat","embeddable":true,"href":"https:\/\/masterfrisormobler.se\/en\/wp-json\/wp\/v2\/product_cat?post=6902"},{"taxonomy":"product_tag","embeddable":true,"href":"https:\/\/masterfrisormobler.se\/en\/wp-json\/wp\/v2\/product_tag?post=6902"}],"curies":[{"name":"wp","href":"https:\/\/api.w.org\/{rel}","templated":true}]}}