{"id":6863,"date":"2025-10-16T16:32:45","date_gmt":"2025-10-16T16:32:45","guid":{"rendered":"https:\/\/masterfrisormobler.se\/?post_type=product&#038;p=6863"},"modified":"2025-10-16T16:32:46","modified_gmt":"2025-10-16T16:32:46","slug":"vgr-001-professional-hair-clippers-3","status":"publish","type":"product","link":"https:\/\/masterfrisormobler.se\/en\/product\/vgr-001-professional-hair-clippers-3\/","title":{"rendered":"VGR 001 Professional Hair Clippers"},"content":{"rendered":"<h1 class=\"product_title entry-title\">VGR 001 Professional Hair Clippers<\/h1>\n<pre class=\"a-size-base-plus a-text-bold\">VGR 001 Professional Hair Clippers<\/pre>\n<ul class=\"a-unordered-list a-vertical a-spacing-mini\">\n<li class=\"a-spacing-mini\"><span class=\"a-list-item\">PROFESSIONAL HAIR CLIPPER: The VGR Professional Hair Clippers features high-density carbon steel blades for clean cuts. Dual-layer blade overlap technology for sharp edges and crisp lines for trimming hair, sideburns, beards and moustaches. 10 limit combs with 5 position adjustable taper lever, trimming lengths from 1 mm to 27 mm<\/span><\/li>\n<li class=\"a-spacing-mini\"><span class=\"a-list-item\">HIGH PERFORMANCE QUIET MOTOR: The VGR 001 Cordless hair clippers is equipped with a high performance motor with speeds ranging from 7,000 rpm to 9,000 rpm (in 100 rpm increments). Turn the center knob for 21 speed adjustments with minimal noise. Smart Clip technology senses blade resistance and adjusts the motor speed for a silky smooth trim<\/span><\/li>\n<li class=\"a-spacing-mini\"><span class=\"a-list-item\">ULTRA LARGE LED DISPLAY: The hair clippers is equipped with an ultra large intelligent digital display. The smart display shows the different speeds, as well as the current remaining operating time of the barber, making it easy to plan when to recharge. Pressing the front lighting button a light comes on directly above the blade, allowing precise haircutting even when the light is not clear<\/span><\/li>\n<li class=\"a-spacing-mini\"><span class=\"a-list-item\">LARGE CAPACITY BATTERY: 4600mAh rechargeable lithium-ion battery, safe and durable. Charge for 3 hours, work for no less than 260 minutes, with the charging base, get rid of the power trouble.Advanced lever lock function offers 5 stable horizontal locking adjustments for reliable long-term use<\/span><\/li>\n<li class=\"a-spacing-mini\"><span class=\"a-list-item\">ACCESSORIES: The hair cutting kit includes 1 hair clipper, 10 limiting combs (1.5\/3\/4.5\/6\/9\/12\/15\/18\/21\/24 mm), 1 oil, 1 charging base, 1 cleaning brush, 1 charging cable,<\/span><\/li>\n<\/ul>\n<p>&nbsp;<\/p>","protected":false},"excerpt":{"rendered":"<h1 class=\"product_title entry-title\">VGR 001 Professional Hair Clippers<\/h1>\n<p>&nbsp;<\/p>","protected":false},"featured_media":6866,"template":"","meta":{"site-sidebar-layout":"default","site-content-layout":"","ast-site-content-layout":"default","site-content-style":"default","site-sidebar-style":"default","ast-global-header-display":"","ast-banner-title-visibility":"","ast-main-header-display":"","ast-hfb-above-header-display":"","ast-hfb-below-header-display":"","ast-hfb-mobile-header-display":"","site-post-title":"","ast-breadcrumbs-content":"","ast-featured-img":"","footer-sml-layout":"","theme-transparent-header-meta":"default","adv-header-id-meta":"","stick-header-meta":"","header-above-stick-meta":"","header-main-stick-meta":"","header-below-stick-meta":"","astra-migrate-meta-layouts":"set","_joinchat":[]},"product_cat":[57,77,75],"product_tag":[],"yoast_head":"<!-- This site is optimized with the Yoast SEO plugin v21.2 - https:\/\/yoast.com\/wordpress\/plugins\/seo\/ -->\n<title>VGR 001 Professional Hair Clippers - Nord Master Fris\u00f6r M\u00f6bler<\/title>\n<meta name=\"description\" content=\"VGR 001 Professional Hair Clippers,PROFESSIONAL HAIR CLIPPER: The VGR Professional Hair Clippers features high-density carbon steel blades for clean cuts. Dual-layer blade overlap technology for sharp edges and crisp lines for trimming hair, sideburns, beards and moustaches. 10 limit combs with 5 position adjustable taper lever, trimming lengths from 1 mm to 27 mm\" \/>\n<meta name=\"robots\" content=\"index, follow, max-snippet:-1, max-image-preview:large, max-video-preview:-1\" \/>\n<link rel=\"canonical\" href=\"https:\/\/masterfrisormobler.se\/en\/product\/vgr-001-professional-hair-clippers-3\/\" \/>\n<meta property=\"og:locale\" content=\"en_US\" \/>\n<meta property=\"og:type\" content=\"article\" \/>\n<meta property=\"og:title\" content=\"VGR 001 Professional Hair Clippers - Nord Master Fris\u00f6r M\u00f6bler\" \/>\n<meta property=\"og:description\" content=\"VGR 001 Professional Hair Clippers,PROFESSIONAL HAIR CLIPPER: The VGR Professional Hair Clippers features high-density carbon steel blades for clean cuts. Dual-layer blade overlap technology for sharp edges and crisp lines for trimming hair, sideburns, beards and moustaches. 10 limit combs with 5 position adjustable taper lever, trimming lengths from 1 mm to 27 mm\" \/>\n<meta property=\"og:url\" content=\"https:\/\/masterfrisormobler.se\/en\/product\/vgr-001-professional-hair-clippers-3\/\" \/>\n<meta property=\"og:site_name\" content=\"Nord Master Fris\u00f6r M\u00f6bler\" \/>\n<meta property=\"article:publisher\" content=\"https:\/\/www.facebook.com\/profile.php?id=100095573704473\" \/>\n<meta property=\"article:modified_time\" content=\"2025-10-16T16:32:46+00:00\" \/>\n<meta property=\"og:image\" content=\"https:\/\/masterfrisormobler.se\/wp-content\/uploads\/2025\/10\/Add-a01-eading.png\" \/>\n\t<meta property=\"og:image:width\" content=\"800\" \/>\n\t<meta property=\"og:image:height\" content=\"800\" \/>\n\t<meta property=\"og:image:type\" content=\"image\/png\" \/>\n<meta name=\"twitter:card\" content=\"summary_large_image\" \/>\n<meta name=\"twitter:label1\" content=\"Est. reading time\" \/>\n\t<meta name=\"twitter:data1\" content=\"2 minutes\" \/>\n<script type=\"application\/ld+json\" class=\"yoast-schema-graph\">{\"@context\":\"https:\/\/schema.org\",\"@graph\":[{\"@type\":\"WebPage\",\"@id\":\"https:\/\/masterfrisormobler.se\/product\/vgr-001-professional-hair-clippers-3\/\",\"url\":\"https:\/\/masterfrisormobler.se\/product\/vgr-001-professional-hair-clippers-3\/\",\"name\":\"VGR 001 Professional Hair Clippers - Nord Master Fris\u00f6r M\u00f6bler\",\"isPartOf\":{\"@id\":\"https:\/\/masterfrisormobler.se\/#website\"},\"datePublished\":\"2025-10-16T16:32:45+00:00\",\"dateModified\":\"2025-10-16T16:32:46+00:00\",\"description\":\"VGR 001 Professional Hair Clippers,PROFESSIONAL HAIR CLIPPER: The VGR Professional Hair Clippers features high-density carbon steel blades for clean cuts. Dual-layer blade overlap technology for sharp edges and crisp lines for trimming hair, sideburns, beards and moustaches. 10 limit combs with 5 position adjustable taper lever, trimming lengths from 1 mm to 27 mm\",\"breadcrumb\":{\"@id\":\"https:\/\/masterfrisormobler.se\/product\/vgr-001-professional-hair-clippers-3\/#breadcrumb\"},\"inLanguage\":\"en-US\",\"potentialAction\":[{\"@type\":\"ReadAction\",\"target\":[\"https:\/\/masterfrisormobler.se\/product\/vgr-001-professional-hair-clippers-3\/\"]}]},{\"@type\":\"BreadcrumbList\",\"@id\":\"https:\/\/masterfrisormobler.se\/product\/vgr-001-professional-hair-clippers-3\/#breadcrumb\",\"itemListElement\":[{\"@type\":\"ListItem\",\"position\":1,\"name\":\"Home\",\"item\":\"https:\/\/masterfrisormobler.se\/\"},{\"@type\":\"ListItem\",\"position\":2,\"name\":\"Store\",\"item\":\"https:\/\/masterfrisormobler.se\/store-master-frisor-mobler\/\"},{\"@type\":\"ListItem\",\"position\":3,\"name\":\"VGR 001 Professional Hair Clippers\"}]},{\"@type\":\"WebSite\",\"@id\":\"https:\/\/masterfrisormobler.se\/#website\",\"url\":\"https:\/\/masterfrisormobler.se\/\",\"name\":\"https:\/\/masterfrisormobler.se\/\",\"description\":\"Den b\u00e4sta butiken f\u00f6r att s\u00e4lja Fris\u00f6rm\u00f6bler och produkter.\",\"publisher\":{\"@id\":\"https:\/\/masterfrisormobler.se\/#organization\"},\"potentialAction\":[{\"@type\":\"SearchAction\",\"target\":{\"@type\":\"EntryPoint\",\"urlTemplate\":\"https:\/\/masterfrisormobler.se\/?s={search_term_string}\"},\"query-input\":\"required name=search_term_string\"}],\"inLanguage\":\"en-US\"},{\"@type\":\"Organization\",\"@id\":\"https:\/\/masterfrisormobler.se\/#organization\",\"name\":\"Nord master fris\u00f6r mobler\",\"url\":\"https:\/\/masterfrisormobler.se\/\",\"logo\":{\"@type\":\"ImageObject\",\"inLanguage\":\"en-US\",\"@id\":\"https:\/\/masterfrisormobler.se\/#\/schema\/logo\/image\/\",\"url\":\"https:\/\/masterfrisormobler.se\/wp-content\/uploads\/2023\/08\/cropped-512x512-sara.jpeg\",\"contentUrl\":\"https:\/\/masterfrisormobler.se\/wp-content\/uploads\/2023\/08\/cropped-512x512-sara.jpeg\",\"width\":512,\"height\":512,\"caption\":\"Nord master fris\u00f6r mobler\"},\"image\":{\"@id\":\"https:\/\/masterfrisormobler.se\/#\/schema\/logo\/image\/\"},\"sameAs\":[\"https:\/\/www.facebook.com\/profile.php?id=100095573704473\",\"https:\/\/www.tiktok.com\/@master.frisr.mble\",\"https:\/\/www.instagram.com\/masterfrisormobler\/\"]}]}<\/script>\n<!-- \/ Yoast SEO plugin. -->","yoast_head_json":{"title":"VGR 001 Professional Hair Clippers - Nord Master Fris\u00f6r M\u00f6bler","description":"VGR 001 Professional Hair Clippers,PROFESSIONAL HAIR CLIPPER: The VGR Professional Hair Clippers features high-density carbon steel blades for clean cuts. Dual-layer blade overlap technology for sharp edges and crisp lines for trimming hair, sideburns, beards and moustaches. 10 limit combs with 5 position adjustable taper lever, trimming lengths from 1 mm to 27 mm","robots":{"index":"index","follow":"follow","max-snippet":"max-snippet:-1","max-image-preview":"max-image-preview:large","max-video-preview":"max-video-preview:-1"},"canonical":"https:\/\/masterfrisormobler.se\/en\/product\/vgr-001-professional-hair-clippers-3\/","og_locale":"en_US","og_type":"article","og_title":"VGR 001 Professional Hair Clippers - Nord Master Fris\u00f6r M\u00f6bler","og_description":"VGR 001 Professional Hair Clippers,PROFESSIONAL HAIR CLIPPER: The VGR Professional Hair Clippers features high-density carbon steel blades for clean cuts. Dual-layer blade overlap technology for sharp edges and crisp lines for trimming hair, sideburns, beards and moustaches. 10 limit combs with 5 position adjustable taper lever, trimming lengths from 1 mm to 27 mm","og_url":"https:\/\/masterfrisormobler.se\/en\/product\/vgr-001-professional-hair-clippers-3\/","og_site_name":"Nord Master Fris\u00f6r M\u00f6bler","article_publisher":"https:\/\/www.facebook.com\/profile.php?id=100095573704473","article_modified_time":"2025-10-16T16:32:46+00:00","og_image":[{"width":800,"height":800,"url":"https:\/\/masterfrisormobler.se\/wp-content\/uploads\/2025\/10\/Add-a01-eading.png","type":"image\/png"}],"twitter_card":"summary_large_image","twitter_misc":{"Est. reading time":"2 minutes"},"schema":{"@context":"https:\/\/schema.org","@graph":[{"@type":"WebPage","@id":"https:\/\/masterfrisormobler.se\/product\/vgr-001-professional-hair-clippers-3\/","url":"https:\/\/masterfrisormobler.se\/product\/vgr-001-professional-hair-clippers-3\/","name":"VGR 001 Professional Hair Clippers - Nord Master Fris\u00f6r M\u00f6bler","isPartOf":{"@id":"https:\/\/masterfrisormobler.se\/#website"},"datePublished":"2025-10-16T16:32:45+00:00","dateModified":"2025-10-16T16:32:46+00:00","description":"VGR 001 Professional Hair Clippers,PROFESSIONAL HAIR CLIPPER: The VGR Professional Hair Clippers features high-density carbon steel blades for clean cuts. Dual-layer blade overlap technology for sharp edges and crisp lines for trimming hair, sideburns, beards and moustaches. 10 limit combs with 5 position adjustable taper lever, trimming lengths from 1 mm to 27 mm","breadcrumb":{"@id":"https:\/\/masterfrisormobler.se\/product\/vgr-001-professional-hair-clippers-3\/#breadcrumb"},"inLanguage":"en-US","potentialAction":[{"@type":"ReadAction","target":["https:\/\/masterfrisormobler.se\/product\/vgr-001-professional-hair-clippers-3\/"]}]},{"@type":"BreadcrumbList","@id":"https:\/\/masterfrisormobler.se\/product\/vgr-001-professional-hair-clippers-3\/#breadcrumb","itemListElement":[{"@type":"ListItem","position":1,"name":"Home","item":"https:\/\/masterfrisormobler.se\/"},{"@type":"ListItem","position":2,"name":"Store","item":"https:\/\/masterfrisormobler.se\/store-master-frisor-mobler\/"},{"@type":"ListItem","position":3,"name":"VGR 001 Professional Hair Clippers"}]},{"@type":"WebSite","@id":"https:\/\/masterfrisormobler.se\/#website","url":"https:\/\/masterfrisormobler.se\/","name":"https:\/\/masterfrisormobler.se\/","description":"Den b\u00e4sta butiken f\u00f6r att s\u00e4lja Fris\u00f6rm\u00f6bler och produkter.","publisher":{"@id":"https:\/\/masterfrisormobler.se\/#organization"},"potentialAction":[{"@type":"SearchAction","target":{"@type":"EntryPoint","urlTemplate":"https:\/\/masterfrisormobler.se\/?s={search_term_string}"},"query-input":"required name=search_term_string"}],"inLanguage":"en-US"},{"@type":"Organization","@id":"https:\/\/masterfrisormobler.se\/#organization","name":"Nord master fris\u00f6r mobler","url":"https:\/\/masterfrisormobler.se\/","logo":{"@type":"ImageObject","inLanguage":"en-US","@id":"https:\/\/masterfrisormobler.se\/#\/schema\/logo\/image\/","url":"https:\/\/masterfrisormobler.se\/wp-content\/uploads\/2023\/08\/cropped-512x512-sara.jpeg","contentUrl":"https:\/\/masterfrisormobler.se\/wp-content\/uploads\/2023\/08\/cropped-512x512-sara.jpeg","width":512,"height":512,"caption":"Nord master fris\u00f6r mobler"},"image":{"@id":"https:\/\/masterfrisormobler.se\/#\/schema\/logo\/image\/"},"sameAs":["https:\/\/www.facebook.com\/profile.php?id=100095573704473","https:\/\/www.tiktok.com\/@master.frisr.mble","https:\/\/www.instagram.com\/masterfrisormobler\/"]}]}},"_links":{"self":[{"href":"https:\/\/masterfrisormobler.se\/en\/wp-json\/wp\/v2\/product\/6863"}],"collection":[{"href":"https:\/\/masterfrisormobler.se\/en\/wp-json\/wp\/v2\/product"}],"about":[{"href":"https:\/\/masterfrisormobler.se\/en\/wp-json\/wp\/v2\/types\/product"}],"version-history":[{"count":1,"href":"https:\/\/masterfrisormobler.se\/en\/wp-json\/wp\/v2\/product\/6863\/revisions"}],"predecessor-version":[{"id":6868,"href":"https:\/\/masterfrisormobler.se\/en\/wp-json\/wp\/v2\/product\/6863\/revisions\/6868"}],"wp:featuredmedia":[{"embeddable":true,"href":"https:\/\/masterfrisormobler.se\/en\/wp-json\/wp\/v2\/media\/6866"}],"wp:attachment":[{"href":"https:\/\/masterfrisormobler.se\/en\/wp-json\/wp\/v2\/media?parent=6863"}],"wp:term":[{"taxonomy":"product_cat","embeddable":true,"href":"https:\/\/masterfrisormobler.se\/en\/wp-json\/wp\/v2\/product_cat?post=6863"},{"taxonomy":"product_tag","embeddable":true,"href":"https:\/\/masterfrisormobler.se\/en\/wp-json\/wp\/v2\/product_tag?post=6863"}],"curies":[{"name":"wp","href":"https:\/\/api.w.org\/{rel}","templated":true}]}}