{"id":6813,"date":"2025-10-10T13:29:16","date_gmt":"2025-10-10T13:29:16","guid":{"rendered":"https:\/\/masterfrisormobler.se\/?post_type=product&#038;p=6813"},"modified":"2025-12-25T11:19:41","modified_gmt":"2025-12-25T11:19:41","slug":"jrl-ghost-collection-2-clipper-trimmer-shaver","status":"publish","type":"product","link":"https:\/\/masterfrisormobler.se\/en\/product\/jrl-ghost-collection-2-clipper-trimmer-shaver\/","title":{"rendered":"JRL Ghost Collection #2 &#8211; Clipper, Trimmer &#038; Shaver"},"content":{"rendered":"<h6>JRL Ghost Collection #2 &#8211; Clipper, Trimmer &amp; Shaver<\/h6>\n<p>Clipper, Trimmer &amp; Shaver includes one of each, aswell as two charging docks, EZ-M GAP trimmer blade, a set of Comb Guards, blade adjustment tool, screwdriver, blade protector, lubrication oil and a<br \/>\ncleaning brush.<\/p>\n<h3>Ghost Collection 2020C<\/h3>\n<ul>\n<li>Running time: 5 hours<\/li>\n<li>Charging time: 3 hours with fast charging \/ 5 hours with Reset IQ charge<\/li>\n<li>2 speeds: 6000 and 7500 SPM<\/li>\n<li>Weight of 270 g<\/li>\n<\/ul>\n<h3>Ghost Collection 2020T<\/h3>\n<ul>\n<li>Running time: 210 minutes<\/li>\n<li>Charging time: 90 minutes<\/li>\n<li>Long lasting rotary motor<\/li>\n<li>8200 strokes\/minute<\/li>\n<li>Weight of 220 g<\/li>\n<\/ul>\n<h3>Ghost Collection SF Shaver<\/h3>\n<ul>\n<li>Patented Magnetic Levitation Technology<\/li>\n<li>Running time: 180 minutes<\/li>\n<li>Charging time: 120 minutes<\/li>\n<li>8000 SPM<\/li>\n<li>Weight of 190 g<\/li>\n<\/ul>\n<p><em>Disclaimer: The JRL Ghost Collection is a delicate product that requires careful handling due to its white color, which can easily be stained. Please take extra precautions to avoid getting any dirt, oil, dyes or other substances on the clipper to preserve its appearance and functionality. Clean the clipper regularly with a soft, dry cloth to maintain its pristine condition. Thank you for your attention to detail and care in handling this product.<\/em><\/p>","protected":false},"excerpt":{"rendered":"<h6>JRL Ghost Collection #2 &#8211; Clipper, Trimmer &amp; Shaver<\/h6>\n<p>Clipper, Trimmer &amp; Shaver includes one of each, aswell as two charging docks, EZ-M GAP trimmer blade, a set of Comb Guards, blade adjustment tool, screwdriver, blade protector, lubrication oil and a cleaning brush.<\/p>","protected":false},"featured_media":6815,"template":"","meta":{"site-sidebar-layout":"default","site-content-layout":"","ast-site-content-layout":"default","site-content-style":"default","site-sidebar-style":"default","ast-global-header-display":"","ast-banner-title-visibility":"","ast-main-header-display":"","ast-hfb-above-header-display":"","ast-hfb-below-header-display":"","ast-hfb-mobile-header-display":"","site-post-title":"","ast-breadcrumbs-content":"","ast-featured-img":"","footer-sml-layout":"","theme-transparent-header-meta":"default","adv-header-id-meta":"","stick-header-meta":"","header-above-stick-meta":"","header-main-stick-meta":"","header-below-stick-meta":"","astra-migrate-meta-layouts":"set","_joinchat":[]},"product_cat":[57,77,75],"product_tag":[],"yoast_head":"<!-- This site is optimized with the Yoast SEO plugin v21.2 - https:\/\/yoast.com\/wordpress\/plugins\/seo\/ -->\n<title>JRL Ghost Collection #2 - Clipper, Trimmer &amp; Shaver - Nord Master Fris\u00f6r M\u00f6bler<\/title>\n<meta name=\"description\" content=\"JRL Ghost Collection #2 - Clipper, Trimmer &amp; Shaver\" \/>\n<meta name=\"robots\" content=\"index, follow, max-snippet:-1, max-image-preview:large, max-video-preview:-1\" \/>\n<link rel=\"canonical\" href=\"https:\/\/masterfrisormobler.se\/en\/product\/jrl-ghost-collection-2-clipper-trimmer-shaver\/\" \/>\n<meta property=\"og:locale\" content=\"en_US\" \/>\n<meta property=\"og:type\" content=\"article\" \/>\n<meta property=\"og:title\" content=\"JRL Ghost Collection #2 - Clipper, Trimmer &amp; Shaver - Nord Master Fris\u00f6r M\u00f6bler\" \/>\n<meta property=\"og:description\" content=\"JRL Ghost Collection #2 - Clipper, Trimmer &amp; Shaver\" \/>\n<meta property=\"og:url\" content=\"https:\/\/masterfrisormobler.se\/en\/product\/jrl-ghost-collection-2-clipper-trimmer-shaver\/\" \/>\n<meta property=\"og:site_name\" content=\"Nord Master Fris\u00f6r M\u00f6bler\" \/>\n<meta property=\"article:publisher\" content=\"https:\/\/www.facebook.com\/profile.php?id=100095573704473\" \/>\n<meta property=\"article:modified_time\" content=\"2025-12-25T11:19:41+00:00\" \/>\n<meta property=\"og:image\" content=\"https:\/\/masterfrisormobler.se\/wp-content\/uploads\/2025\/10\/G3402-jrl-ghost-kit2-tray-scaled.jpg\" \/>\n\t<meta property=\"og:image:width\" content=\"2560\" \/>\n\t<meta property=\"og:image:height\" content=\"2560\" \/>\n\t<meta property=\"og:image:type\" content=\"image\/jpeg\" \/>\n<meta name=\"twitter:card\" content=\"summary_large_image\" \/>\n<meta name=\"twitter:label1\" content=\"Est. reading time\" \/>\n\t<meta name=\"twitter:data1\" content=\"1 minute\" \/>\n<script type=\"application\/ld+json\" class=\"yoast-schema-graph\">{\"@context\":\"https:\/\/schema.org\",\"@graph\":[{\"@type\":\"WebPage\",\"@id\":\"https:\/\/masterfrisormobler.se\/product\/jrl-ghost-collection-2-clipper-trimmer-shaver\/\",\"url\":\"https:\/\/masterfrisormobler.se\/product\/jrl-ghost-collection-2-clipper-trimmer-shaver\/\",\"name\":\"JRL Ghost Collection #2 - Clipper, Trimmer & Shaver - Nord Master Fris\u00f6r M\u00f6bler\",\"isPartOf\":{\"@id\":\"https:\/\/masterfrisormobler.se\/#website\"},\"datePublished\":\"2025-10-10T13:29:16+00:00\",\"dateModified\":\"2025-12-25T11:19:41+00:00\",\"description\":\"JRL Ghost Collection #2 - Clipper, Trimmer & Shaver\",\"breadcrumb\":{\"@id\":\"https:\/\/masterfrisormobler.se\/product\/jrl-ghost-collection-2-clipper-trimmer-shaver\/#breadcrumb\"},\"inLanguage\":\"en-US\",\"potentialAction\":[{\"@type\":\"ReadAction\",\"target\":[\"https:\/\/masterfrisormobler.se\/product\/jrl-ghost-collection-2-clipper-trimmer-shaver\/\"]}]},{\"@type\":\"BreadcrumbList\",\"@id\":\"https:\/\/masterfrisormobler.se\/product\/jrl-ghost-collection-2-clipper-trimmer-shaver\/#breadcrumb\",\"itemListElement\":[{\"@type\":\"ListItem\",\"position\":1,\"name\":\"Home\",\"item\":\"https:\/\/masterfrisormobler.se\/\"},{\"@type\":\"ListItem\",\"position\":2,\"name\":\"Store\",\"item\":\"https:\/\/masterfrisormobler.se\/store-master-frisor-mobler\/\"},{\"@type\":\"ListItem\",\"position\":3,\"name\":\"JRL Ghost Collection #2 &#8211; Clipper, Trimmer &#038; Shaver\"}]},{\"@type\":\"WebSite\",\"@id\":\"https:\/\/masterfrisormobler.se\/#website\",\"url\":\"https:\/\/masterfrisormobler.se\/\",\"name\":\"https:\/\/masterfrisormobler.se\/\",\"description\":\"Den b\u00e4sta butiken f\u00f6r att s\u00e4lja Fris\u00f6rm\u00f6bler och produkter.\",\"publisher\":{\"@id\":\"https:\/\/masterfrisormobler.se\/#organization\"},\"potentialAction\":[{\"@type\":\"SearchAction\",\"target\":{\"@type\":\"EntryPoint\",\"urlTemplate\":\"https:\/\/masterfrisormobler.se\/?s={search_term_string}\"},\"query-input\":\"required name=search_term_string\"}],\"inLanguage\":\"en-US\"},{\"@type\":\"Organization\",\"@id\":\"https:\/\/masterfrisormobler.se\/#organization\",\"name\":\"Nord master fris\u00f6r mobler\",\"url\":\"https:\/\/masterfrisormobler.se\/\",\"logo\":{\"@type\":\"ImageObject\",\"inLanguage\":\"en-US\",\"@id\":\"https:\/\/masterfrisormobler.se\/#\/schema\/logo\/image\/\",\"url\":\"https:\/\/masterfrisormobler.se\/wp-content\/uploads\/2023\/08\/cropped-512x512-sara.jpeg\",\"contentUrl\":\"https:\/\/masterfrisormobler.se\/wp-content\/uploads\/2023\/08\/cropped-512x512-sara.jpeg\",\"width\":512,\"height\":512,\"caption\":\"Nord master fris\u00f6r mobler\"},\"image\":{\"@id\":\"https:\/\/masterfrisormobler.se\/#\/schema\/logo\/image\/\"},\"sameAs\":[\"https:\/\/www.facebook.com\/profile.php?id=100095573704473\",\"https:\/\/www.tiktok.com\/@master.frisr.mble\",\"https:\/\/www.instagram.com\/masterfrisormobler\/\"]}]}<\/script>\n<!-- \/ Yoast SEO plugin. -->","yoast_head_json":{"title":"JRL Ghost Collection #2 - Clipper, Trimmer & Shaver - Nord Master Fris\u00f6r M\u00f6bler","description":"JRL Ghost Collection #2 - Clipper, Trimmer & Shaver","robots":{"index":"index","follow":"follow","max-snippet":"max-snippet:-1","max-image-preview":"max-image-preview:large","max-video-preview":"max-video-preview:-1"},"canonical":"https:\/\/masterfrisormobler.se\/en\/product\/jrl-ghost-collection-2-clipper-trimmer-shaver\/","og_locale":"en_US","og_type":"article","og_title":"JRL Ghost Collection #2 - Clipper, Trimmer & Shaver - Nord Master Fris\u00f6r M\u00f6bler","og_description":"JRL Ghost Collection #2 - Clipper, Trimmer & Shaver","og_url":"https:\/\/masterfrisormobler.se\/en\/product\/jrl-ghost-collection-2-clipper-trimmer-shaver\/","og_site_name":"Nord Master Fris\u00f6r M\u00f6bler","article_publisher":"https:\/\/www.facebook.com\/profile.php?id=100095573704473","article_modified_time":"2025-12-25T11:19:41+00:00","og_image":[{"width":2560,"height":2560,"url":"https:\/\/masterfrisormobler.se\/wp-content\/uploads\/2025\/10\/G3402-jrl-ghost-kit2-tray-scaled.jpg","type":"image\/jpeg"}],"twitter_card":"summary_large_image","twitter_misc":{"Est. reading time":"1 minute"},"schema":{"@context":"https:\/\/schema.org","@graph":[{"@type":"WebPage","@id":"https:\/\/masterfrisormobler.se\/product\/jrl-ghost-collection-2-clipper-trimmer-shaver\/","url":"https:\/\/masterfrisormobler.se\/product\/jrl-ghost-collection-2-clipper-trimmer-shaver\/","name":"JRL Ghost Collection #2 - Clipper, Trimmer & Shaver - Nord Master Fris\u00f6r M\u00f6bler","isPartOf":{"@id":"https:\/\/masterfrisormobler.se\/#website"},"datePublished":"2025-10-10T13:29:16+00:00","dateModified":"2025-12-25T11:19:41+00:00","description":"JRL Ghost Collection #2 - Clipper, Trimmer & Shaver","breadcrumb":{"@id":"https:\/\/masterfrisormobler.se\/product\/jrl-ghost-collection-2-clipper-trimmer-shaver\/#breadcrumb"},"inLanguage":"en-US","potentialAction":[{"@type":"ReadAction","target":["https:\/\/masterfrisormobler.se\/product\/jrl-ghost-collection-2-clipper-trimmer-shaver\/"]}]},{"@type":"BreadcrumbList","@id":"https:\/\/masterfrisormobler.se\/product\/jrl-ghost-collection-2-clipper-trimmer-shaver\/#breadcrumb","itemListElement":[{"@type":"ListItem","position":1,"name":"Home","item":"https:\/\/masterfrisormobler.se\/"},{"@type":"ListItem","position":2,"name":"Store","item":"https:\/\/masterfrisormobler.se\/store-master-frisor-mobler\/"},{"@type":"ListItem","position":3,"name":"JRL Ghost Collection #2 &#8211; Clipper, Trimmer &#038; Shaver"}]},{"@type":"WebSite","@id":"https:\/\/masterfrisormobler.se\/#website","url":"https:\/\/masterfrisormobler.se\/","name":"https:\/\/masterfrisormobler.se\/","description":"Den b\u00e4sta butiken f\u00f6r att s\u00e4lja Fris\u00f6rm\u00f6bler och produkter.","publisher":{"@id":"https:\/\/masterfrisormobler.se\/#organization"},"potentialAction":[{"@type":"SearchAction","target":{"@type":"EntryPoint","urlTemplate":"https:\/\/masterfrisormobler.se\/?s={search_term_string}"},"query-input":"required name=search_term_string"}],"inLanguage":"en-US"},{"@type":"Organization","@id":"https:\/\/masterfrisormobler.se\/#organization","name":"Nord master fris\u00f6r mobler","url":"https:\/\/masterfrisormobler.se\/","logo":{"@type":"ImageObject","inLanguage":"en-US","@id":"https:\/\/masterfrisormobler.se\/#\/schema\/logo\/image\/","url":"https:\/\/masterfrisormobler.se\/wp-content\/uploads\/2023\/08\/cropped-512x512-sara.jpeg","contentUrl":"https:\/\/masterfrisormobler.se\/wp-content\/uploads\/2023\/08\/cropped-512x512-sara.jpeg","width":512,"height":512,"caption":"Nord master fris\u00f6r mobler"},"image":{"@id":"https:\/\/masterfrisormobler.se\/#\/schema\/logo\/image\/"},"sameAs":["https:\/\/www.facebook.com\/profile.php?id=100095573704473","https:\/\/www.tiktok.com\/@master.frisr.mble","https:\/\/www.instagram.com\/masterfrisormobler\/"]}]}},"_links":{"self":[{"href":"https:\/\/masterfrisormobler.se\/en\/wp-json\/wp\/v2\/product\/6813"}],"collection":[{"href":"https:\/\/masterfrisormobler.se\/en\/wp-json\/wp\/v2\/product"}],"about":[{"href":"https:\/\/masterfrisormobler.se\/en\/wp-json\/wp\/v2\/types\/product"}],"version-history":[{"count":1,"href":"https:\/\/masterfrisormobler.se\/en\/wp-json\/wp\/v2\/product\/6813\/revisions"}],"predecessor-version":[{"id":6817,"href":"https:\/\/masterfrisormobler.se\/en\/wp-json\/wp\/v2\/product\/6813\/revisions\/6817"}],"wp:featuredmedia":[{"embeddable":true,"href":"https:\/\/masterfrisormobler.se\/en\/wp-json\/wp\/v2\/media\/6815"}],"wp:attachment":[{"href":"https:\/\/masterfrisormobler.se\/en\/wp-json\/wp\/v2\/media?parent=6813"}],"wp:term":[{"taxonomy":"product_cat","embeddable":true,"href":"https:\/\/masterfrisormobler.se\/en\/wp-json\/wp\/v2\/product_cat?post=6813"},{"taxonomy":"product_tag","embeddable":true,"href":"https:\/\/masterfrisormobler.se\/en\/wp-json\/wp\/v2\/product_tag?post=6813"}],"curies":[{"name":"wp","href":"https:\/\/api.w.org\/{rel}","templated":true}]}}