{"id":6789,"date":"2025-10-10T12:31:32","date_gmt":"2025-10-10T12:31:32","guid":{"rendered":"https:\/\/masterfrisormobler.se\/?post_type=product&#038;p=6789"},"modified":"2025-10-10T12:31:32","modified_gmt":"2025-10-10T12:31:32","slug":"jrl-fresh-fade-2020c-clipper-gold","status":"publish","type":"product","link":"https:\/\/masterfrisormobler.se\/en\/product\/jrl-fresh-fade-2020c-clipper-gold\/","title":{"rendered":"JRL Fresh Fade 2020C Clipper, Gold"},"content":{"rendered":"<p>JRL Fresh Fade 2020C Clipper, Gold<\/p>\n<p>Introducing the JRL Fresh Fade 2020C Gold Clipper, a fusion of innovation and precision for every haircut.<\/p>\n<p>Incorporating Patented Smart-Clip Technology, this clipper is crafted to elevate control and accuracy, ensuring impeccable cutting results. The advanced lever-locking feature provides a secure lever position for extended use.<\/p>\n<p>Experience the cutting-edge Cool Blade Technology, maintaining a consistently cool blade even during prolonged sessions, delivering sharp and reliable performance. In a 30-minute test, it surpasses most clippers, providing an exceptional and cool cutting experience. The clipper offers 2 adjustable speeds at 6000 and 7200 RPM for versatile cutting options.<\/p>\n<p>Revolutionary blade technology showcases a high-grade stainless steel stationary blade and titanium moving blade, ensuring durability and precision in every trim. Upgrade to the JRL Fresh Fade 2020C Gold Clipper for a superior grooming experience.<\/p>\n<h3>Benefits:<\/h3>\n<ul>\n<li>Stay cool technology<\/li>\n<li>High Grade Stainless Steel Stationary Blade<\/li>\n<li>Titanium Moving Blade<\/li>\n<li>Smart-clip technology<\/li>\n<li>Quiet running<\/li>\n<\/ul>\n<h3>Blade system:<\/h3>\n<ul>\n<li>2020C Clipper Blade (BF03)<\/li>\n<\/ul>\n<h3>Technical features:<\/h3>\n<ul>\n<li>Durable Li-ION battery<\/li>\n<li>Running time:\u00a0 240 minutes<\/li>\n<li>Charging time:\u00a0 340 minutes<\/li>\n<li>2-speeds: 6000 &amp; 7200 SPM<\/li>\n<\/ul>\n<h3>Design features:<\/h3>\n<ul>\n<li>340 g<\/li>\n<li>LED digital control<\/li>\n<\/ul>\n<h3>Included:<\/h3>\n<ul>\n<li>JRL 2020c clipper blade, adjustment range from 0.5-3.5 mm (can be adjusted to 0)<\/li>\n<li>10 slide on attachment combs\u00a0(1,5 mm, 3 mm, 4,5 mm, 6 mm, 10 mm, 13 mm, 16 mm, 19 mm, 22 mm and 25 mm)<\/li>\n<li>Screwdriver<\/li>\n<li>Blade protector<\/li>\n<li>Charging adapter<\/li>\n<li>Lubricating oil<\/li>\n<li>Cleaning brush<\/li>\n<\/ul>","protected":false},"excerpt":{"rendered":"<p>JRL Fresh Fade 2020C Clipper, Gold<\/p>\n<p>Introducing the JRL Fresh Fade 2020C Gold Clipper, a fusion of innovation and precision for every haircut.\u00a0Clipper available in silver and gold. Combo-kit with trimmer in gold.<\/p>\n<h5>exklusive Moms<\/h5>\n<p>Pris inkl Frakt<\/p>\n<p>Leveranstid: 2-5 dagar<\/p>","protected":false},"featured_media":6790,"template":"","meta":{"site-sidebar-layout":"default","site-content-layout":"","ast-site-content-layout":"default","site-content-style":"default","site-sidebar-style":"default","ast-global-header-display":"","ast-banner-title-visibility":"","ast-main-header-display":"","ast-hfb-above-header-display":"","ast-hfb-below-header-display":"","ast-hfb-mobile-header-display":"","site-post-title":"","ast-breadcrumbs-content":"","ast-featured-img":"","footer-sml-layout":"","theme-transparent-header-meta":"default","adv-header-id-meta":"","stick-header-meta":"","header-above-stick-meta":"","header-main-stick-meta":"","header-below-stick-meta":"","astra-migrate-meta-layouts":"set","_joinchat":[]},"product_cat":[57,77,75],"product_tag":[],"yoast_head":"<!-- This site is optimized with the Yoast SEO plugin v21.2 - https:\/\/yoast.com\/wordpress\/plugins\/seo\/ -->\n<title>JRL Fresh Fade 2020C Clipper, Gold - Nord Master Fris\u00f6r M\u00f6bler<\/title>\n<meta name=\"description\" content=\"JRL Fresh Fade 2020C Clipper, Gold\" \/>\n<meta name=\"robots\" content=\"index, follow, max-snippet:-1, max-image-preview:large, max-video-preview:-1\" \/>\n<link rel=\"canonical\" href=\"https:\/\/masterfrisormobler.se\/en\/product\/jrl-fresh-fade-2020c-clipper-gold\/\" \/>\n<meta property=\"og:locale\" content=\"en_US\" \/>\n<meta property=\"og:type\" content=\"article\" \/>\n<meta property=\"og:title\" content=\"JRL Fresh Fade 2020C Clipper, Gold - Nord Master Fris\u00f6r M\u00f6bler\" \/>\n<meta property=\"og:description\" content=\"JRL Fresh Fade 2020C Clipper, Gold\" \/>\n<meta property=\"og:url\" content=\"https:\/\/masterfrisormobler.se\/en\/product\/jrl-fresh-fade-2020c-clipper-gold\/\" \/>\n<meta property=\"og:site_name\" content=\"Nord Master Fris\u00f6r M\u00f6bler\" \/>\n<meta property=\"article:publisher\" content=\"https:\/\/www.facebook.com\/profile.php?id=100095573704473\" \/>\n<meta property=\"og:image\" content=\"https:\/\/masterfrisormobler.se\/wp-content\/uploads\/2025\/10\/3446_JRL_clipper_gold-scaled.jpg\" \/>\n\t<meta property=\"og:image:width\" content=\"2560\" \/>\n\t<meta property=\"og:image:height\" content=\"2560\" \/>\n\t<meta property=\"og:image:type\" content=\"image\/jpeg\" \/>\n<meta name=\"twitter:card\" content=\"summary_large_image\" \/>\n<meta name=\"twitter:label1\" content=\"Est. reading time\" \/>\n\t<meta name=\"twitter:data1\" content=\"2 minutes\" \/>\n<script type=\"application\/ld+json\" class=\"yoast-schema-graph\">{\"@context\":\"https:\/\/schema.org\",\"@graph\":[{\"@type\":\"WebPage\",\"@id\":\"https:\/\/masterfrisormobler.se\/product\/jrl-fresh-fade-2020c-clipper-gold\/\",\"url\":\"https:\/\/masterfrisormobler.se\/product\/jrl-fresh-fade-2020c-clipper-gold\/\",\"name\":\"JRL Fresh Fade 2020C Clipper, Gold - Nord Master Fris\u00f6r M\u00f6bler\",\"isPartOf\":{\"@id\":\"https:\/\/masterfrisormobler.se\/#website\"},\"datePublished\":\"2025-10-10T12:31:32+00:00\",\"dateModified\":\"2025-10-10T12:31:32+00:00\",\"description\":\"JRL Fresh Fade 2020C Clipper, Gold\",\"breadcrumb\":{\"@id\":\"https:\/\/masterfrisormobler.se\/product\/jrl-fresh-fade-2020c-clipper-gold\/#breadcrumb\"},\"inLanguage\":\"en-US\",\"potentialAction\":[{\"@type\":\"ReadAction\",\"target\":[\"https:\/\/masterfrisormobler.se\/product\/jrl-fresh-fade-2020c-clipper-gold\/\"]}]},{\"@type\":\"BreadcrumbList\",\"@id\":\"https:\/\/masterfrisormobler.se\/product\/jrl-fresh-fade-2020c-clipper-gold\/#breadcrumb\",\"itemListElement\":[{\"@type\":\"ListItem\",\"position\":1,\"name\":\"Home\",\"item\":\"https:\/\/masterfrisormobler.se\/\"},{\"@type\":\"ListItem\",\"position\":2,\"name\":\"Store\",\"item\":\"https:\/\/masterfrisormobler.se\/store-master-frisor-mobler\/\"},{\"@type\":\"ListItem\",\"position\":3,\"name\":\"JRL Fresh Fade 2020C Clipper, Gold\"}]},{\"@type\":\"WebSite\",\"@id\":\"https:\/\/masterfrisormobler.se\/#website\",\"url\":\"https:\/\/masterfrisormobler.se\/\",\"name\":\"https:\/\/masterfrisormobler.se\/\",\"description\":\"Den b\u00e4sta butiken f\u00f6r att s\u00e4lja Fris\u00f6rm\u00f6bler och produkter.\",\"publisher\":{\"@id\":\"https:\/\/masterfrisormobler.se\/#organization\"},\"potentialAction\":[{\"@type\":\"SearchAction\",\"target\":{\"@type\":\"EntryPoint\",\"urlTemplate\":\"https:\/\/masterfrisormobler.se\/?s={search_term_string}\"},\"query-input\":\"required name=search_term_string\"}],\"inLanguage\":\"en-US\"},{\"@type\":\"Organization\",\"@id\":\"https:\/\/masterfrisormobler.se\/#organization\",\"name\":\"Nord master fris\u00f6r mobler\",\"url\":\"https:\/\/masterfrisormobler.se\/\",\"logo\":{\"@type\":\"ImageObject\",\"inLanguage\":\"en-US\",\"@id\":\"https:\/\/masterfrisormobler.se\/#\/schema\/logo\/image\/\",\"url\":\"https:\/\/masterfrisormobler.se\/wp-content\/uploads\/2023\/08\/cropped-512x512-sara.jpeg\",\"contentUrl\":\"https:\/\/masterfrisormobler.se\/wp-content\/uploads\/2023\/08\/cropped-512x512-sara.jpeg\",\"width\":512,\"height\":512,\"caption\":\"Nord master fris\u00f6r mobler\"},\"image\":{\"@id\":\"https:\/\/masterfrisormobler.se\/#\/schema\/logo\/image\/\"},\"sameAs\":[\"https:\/\/www.facebook.com\/profile.php?id=100095573704473\",\"https:\/\/www.tiktok.com\/@master.frisr.mble\",\"https:\/\/www.instagram.com\/masterfrisormobler\/\"]}]}<\/script>\n<!-- \/ Yoast SEO plugin. -->","yoast_head_json":{"title":"JRL Fresh Fade 2020C Clipper, Gold - Nord Master Fris\u00f6r M\u00f6bler","description":"JRL Fresh Fade 2020C Clipper, Gold","robots":{"index":"index","follow":"follow","max-snippet":"max-snippet:-1","max-image-preview":"max-image-preview:large","max-video-preview":"max-video-preview:-1"},"canonical":"https:\/\/masterfrisormobler.se\/en\/product\/jrl-fresh-fade-2020c-clipper-gold\/","og_locale":"en_US","og_type":"article","og_title":"JRL Fresh Fade 2020C Clipper, Gold - Nord Master Fris\u00f6r M\u00f6bler","og_description":"JRL Fresh Fade 2020C Clipper, Gold","og_url":"https:\/\/masterfrisormobler.se\/en\/product\/jrl-fresh-fade-2020c-clipper-gold\/","og_site_name":"Nord Master Fris\u00f6r M\u00f6bler","article_publisher":"https:\/\/www.facebook.com\/profile.php?id=100095573704473","og_image":[{"width":2560,"height":2560,"url":"https:\/\/masterfrisormobler.se\/wp-content\/uploads\/2025\/10\/3446_JRL_clipper_gold-scaled.jpg","type":"image\/jpeg"}],"twitter_card":"summary_large_image","twitter_misc":{"Est. reading time":"2 minutes"},"schema":{"@context":"https:\/\/schema.org","@graph":[{"@type":"WebPage","@id":"https:\/\/masterfrisormobler.se\/product\/jrl-fresh-fade-2020c-clipper-gold\/","url":"https:\/\/masterfrisormobler.se\/product\/jrl-fresh-fade-2020c-clipper-gold\/","name":"JRL Fresh Fade 2020C Clipper, Gold - Nord Master Fris\u00f6r M\u00f6bler","isPartOf":{"@id":"https:\/\/masterfrisormobler.se\/#website"},"datePublished":"2025-10-10T12:31:32+00:00","dateModified":"2025-10-10T12:31:32+00:00","description":"JRL Fresh Fade 2020C Clipper, Gold","breadcrumb":{"@id":"https:\/\/masterfrisormobler.se\/product\/jrl-fresh-fade-2020c-clipper-gold\/#breadcrumb"},"inLanguage":"en-US","potentialAction":[{"@type":"ReadAction","target":["https:\/\/masterfrisormobler.se\/product\/jrl-fresh-fade-2020c-clipper-gold\/"]}]},{"@type":"BreadcrumbList","@id":"https:\/\/masterfrisormobler.se\/product\/jrl-fresh-fade-2020c-clipper-gold\/#breadcrumb","itemListElement":[{"@type":"ListItem","position":1,"name":"Home","item":"https:\/\/masterfrisormobler.se\/"},{"@type":"ListItem","position":2,"name":"Store","item":"https:\/\/masterfrisormobler.se\/store-master-frisor-mobler\/"},{"@type":"ListItem","position":3,"name":"JRL Fresh Fade 2020C Clipper, Gold"}]},{"@type":"WebSite","@id":"https:\/\/masterfrisormobler.se\/#website","url":"https:\/\/masterfrisormobler.se\/","name":"https:\/\/masterfrisormobler.se\/","description":"Den b\u00e4sta butiken f\u00f6r att s\u00e4lja Fris\u00f6rm\u00f6bler och produkter.","publisher":{"@id":"https:\/\/masterfrisormobler.se\/#organization"},"potentialAction":[{"@type":"SearchAction","target":{"@type":"EntryPoint","urlTemplate":"https:\/\/masterfrisormobler.se\/?s={search_term_string}"},"query-input":"required name=search_term_string"}],"inLanguage":"en-US"},{"@type":"Organization","@id":"https:\/\/masterfrisormobler.se\/#organization","name":"Nord master fris\u00f6r mobler","url":"https:\/\/masterfrisormobler.se\/","logo":{"@type":"ImageObject","inLanguage":"en-US","@id":"https:\/\/masterfrisormobler.se\/#\/schema\/logo\/image\/","url":"https:\/\/masterfrisormobler.se\/wp-content\/uploads\/2023\/08\/cropped-512x512-sara.jpeg","contentUrl":"https:\/\/masterfrisormobler.se\/wp-content\/uploads\/2023\/08\/cropped-512x512-sara.jpeg","width":512,"height":512,"caption":"Nord master fris\u00f6r mobler"},"image":{"@id":"https:\/\/masterfrisormobler.se\/#\/schema\/logo\/image\/"},"sameAs":["https:\/\/www.facebook.com\/profile.php?id=100095573704473","https:\/\/www.tiktok.com\/@master.frisr.mble","https:\/\/www.instagram.com\/masterfrisormobler\/"]}]}},"_links":{"self":[{"href":"https:\/\/masterfrisormobler.se\/en\/wp-json\/wp\/v2\/product\/6789"}],"collection":[{"href":"https:\/\/masterfrisormobler.se\/en\/wp-json\/wp\/v2\/product"}],"about":[{"href":"https:\/\/masterfrisormobler.se\/en\/wp-json\/wp\/v2\/types\/product"}],"version-history":[{"count":1,"href":"https:\/\/masterfrisormobler.se\/en\/wp-json\/wp\/v2\/product\/6789\/revisions"}],"predecessor-version":[{"id":6793,"href":"https:\/\/masterfrisormobler.se\/en\/wp-json\/wp\/v2\/product\/6789\/revisions\/6793"}],"wp:featuredmedia":[{"embeddable":true,"href":"https:\/\/masterfrisormobler.se\/en\/wp-json\/wp\/v2\/media\/6790"}],"wp:attachment":[{"href":"https:\/\/masterfrisormobler.se\/en\/wp-json\/wp\/v2\/media?parent=6789"}],"wp:term":[{"taxonomy":"product_cat","embeddable":true,"href":"https:\/\/masterfrisormobler.se\/en\/wp-json\/wp\/v2\/product_cat?post=6789"},{"taxonomy":"product_tag","embeddable":true,"href":"https:\/\/masterfrisormobler.se\/en\/wp-json\/wp\/v2\/product_tag?post=6789"}],"curies":[{"name":"wp","href":"https:\/\/api.w.org\/{rel}","templated":true}]}}