{"id":6766,"date":"2025-10-09T13:16:11","date_gmt":"2025-10-09T13:16:11","guid":{"rendered":"https:\/\/masterfrisormobler.se\/?post_type=product&#038;p=6766"},"modified":"2025-10-09T13:16:11","modified_gmt":"2025-10-09T13:16:11","slug":"jrl-ghost-onyx-clipper","status":"publish","type":"product","link":"https:\/\/masterfrisormobler.se\/en\/product\/jrl-ghost-onyx-clipper\/","title":{"rendered":"JRL Ghost Onyx Clipper"},"content":{"rendered":"<h1>JRL Ghost Onyx Clipper<\/h1>\n<p>Increased motor speed and improved lever system. Even the battery capacity has been increased to five hours. A charging dock is included with the function \u201dreset IQ charge\u201d, a charging method which helps to extend the lifetime of the battery.<\/p>\n<h3>Benefits:<\/h3>\n<ul>\n<li>Patent cool blade technology, blade stays ultra cool &amp; sharp after extended use<\/li>\n<li>Advanced lever-locking feature maintains lever secure for extended use<\/li>\n<li>High grade stainless steel stationary blade &amp; titanium moving blade<\/li>\n<li>7500 revolutions per minute<\/li>\n<li>RESET IQ charge technology &#8211; expands battery life<\/li>\n<li>Smart-clip technology<\/li>\n<li>Quiet running<\/li>\n<\/ul>\n<h3>Blade system:<\/h3>\n<ul>\n<li>2020C Clipper Blade (BF04)<\/li>\n<\/ul>\n<h3>Technical features:<\/h3>\n<ul>\n<li>Durable Li-ION battery<\/li>\n<li>Running time: 5 hours<\/li>\n<li>Charging time: 2,5 hours with &#8221;fast charging&#8221; and 5 hours with &#8221;reset iQ charging&#8221;,<\/li>\n<li>2-speeds: 6000 &amp; 7500 SPM<\/li>\n<\/ul>\n<h3>Design features:<\/h3>\n<ul>\n<li>285 g<\/li>\n<\/ul>\n<h3>Included:<\/h3>\n<ul>\n<li>JRL 2020c clipper blade (adjustment range from 0-3,5 mm)<\/li>\n<li>10 slide on attachment combs\u00a0(1,5 mm, 3 mm, 4,5 mm, 6 mm, 10 mm, 13 mm, 16 mm, 19 mm, 22 mm and 25 mm)<\/li>\n<li>Screwdriver<\/li>\n<li>Blade protector<\/li>\n<li>Charging dock<\/li>\n<li>Charging adapter<\/li>\n<li>Lubricating oil<\/li>\n<li>Cleaning brush<\/li>\n<\/ul>\n<p>&nbsp;<\/p>","protected":false},"excerpt":{"rendered":"<h1>JRL Ghost Onyx Clipper<\/h1>\n<p>Increased motor speed and improved lever system. Even the battery capacity has been increased to five hours. A charging dock is included with the function \u201dreset IQ charge\u201d, a charging method which helps to extend the lifetime of the battery.<\/p>\n<h5>exklusive Moms<\/h5>\n<p>Pris inkl Frakt<\/p>\n<p>Leveranstid: 2-5 dagar<\/p>","protected":false},"featured_media":6769,"template":"","meta":{"site-sidebar-layout":"default","site-content-layout":"","ast-site-content-layout":"default","site-content-style":"default","site-sidebar-style":"default","ast-global-header-display":"","ast-banner-title-visibility":"","ast-main-header-display":"","ast-hfb-above-header-display":"","ast-hfb-below-header-display":"","ast-hfb-mobile-header-display":"","site-post-title":"","ast-breadcrumbs-content":"","ast-featured-img":"","footer-sml-layout":"","theme-transparent-header-meta":"default","adv-header-id-meta":"","stick-header-meta":"","header-above-stick-meta":"","header-main-stick-meta":"","header-below-stick-meta":"","astra-migrate-meta-layouts":"set","_joinchat":[]},"product_cat":[57,77,75],"product_tag":[],"yoast_head":"<!-- This site is optimized with the Yoast SEO plugin v21.2 - https:\/\/yoast.com\/wordpress\/plugins\/seo\/ -->\n<title>JRL Ghost Onyx Clipper - Nord Master Fris\u00f6r M\u00f6bler<\/title>\n<meta name=\"description\" content=\"JRL Ghost Onyx Clipper\" \/>\n<meta name=\"robots\" content=\"index, follow, max-snippet:-1, max-image-preview:large, max-video-preview:-1\" \/>\n<link rel=\"canonical\" href=\"https:\/\/masterfrisormobler.se\/en\/product\/jrl-ghost-onyx-clipper\/\" \/>\n<meta property=\"og:locale\" content=\"en_US\" \/>\n<meta property=\"og:type\" content=\"article\" \/>\n<meta property=\"og:title\" content=\"JRL Ghost Onyx Clipper - Nord Master Fris\u00f6r M\u00f6bler\" \/>\n<meta property=\"og:description\" content=\"JRL Ghost Onyx Clipper\" \/>\n<meta property=\"og:url\" content=\"https:\/\/masterfrisormobler.se\/en\/product\/jrl-ghost-onyx-clipper\/\" \/>\n<meta property=\"og:site_name\" content=\"Nord Master Fris\u00f6r M\u00f6bler\" \/>\n<meta property=\"article:publisher\" content=\"https:\/\/www.facebook.com\/profile.php?id=100095573704473\" \/>\n<meta property=\"og:image\" content=\"https:\/\/masterfrisormobler.se\/wp-content\/uploads\/2025\/10\/3448_jrl_ghost_onyx_clipper_accessories-scaled.jpg\" \/>\n\t<meta property=\"og:image:width\" content=\"2560\" \/>\n\t<meta property=\"og:image:height\" content=\"2560\" \/>\n\t<meta property=\"og:image:type\" content=\"image\/jpeg\" \/>\n<meta name=\"twitter:card\" content=\"summary_large_image\" \/>\n<meta name=\"twitter:label1\" content=\"Est. reading time\" \/>\n\t<meta name=\"twitter:data1\" content=\"1 minute\" \/>\n<script type=\"application\/ld+json\" class=\"yoast-schema-graph\">{\"@context\":\"https:\/\/schema.org\",\"@graph\":[{\"@type\":\"WebPage\",\"@id\":\"https:\/\/masterfrisormobler.se\/product\/jrl-ghost-onyx-clipper\/\",\"url\":\"https:\/\/masterfrisormobler.se\/product\/jrl-ghost-onyx-clipper\/\",\"name\":\"JRL Ghost Onyx Clipper - Nord Master Fris\u00f6r M\u00f6bler\",\"isPartOf\":{\"@id\":\"https:\/\/masterfrisormobler.se\/#website\"},\"datePublished\":\"2025-10-09T13:16:11+00:00\",\"dateModified\":\"2025-10-09T13:16:11+00:00\",\"description\":\"JRL Ghost Onyx Clipper\",\"breadcrumb\":{\"@id\":\"https:\/\/masterfrisormobler.se\/product\/jrl-ghost-onyx-clipper\/#breadcrumb\"},\"inLanguage\":\"en-US\",\"potentialAction\":[{\"@type\":\"ReadAction\",\"target\":[\"https:\/\/masterfrisormobler.se\/product\/jrl-ghost-onyx-clipper\/\"]}]},{\"@type\":\"BreadcrumbList\",\"@id\":\"https:\/\/masterfrisormobler.se\/product\/jrl-ghost-onyx-clipper\/#breadcrumb\",\"itemListElement\":[{\"@type\":\"ListItem\",\"position\":1,\"name\":\"Home\",\"item\":\"https:\/\/masterfrisormobler.se\/\"},{\"@type\":\"ListItem\",\"position\":2,\"name\":\"Store\",\"item\":\"https:\/\/masterfrisormobler.se\/store-master-frisor-mobler\/\"},{\"@type\":\"ListItem\",\"position\":3,\"name\":\"JRL Ghost Onyx Clipper\"}]},{\"@type\":\"WebSite\",\"@id\":\"https:\/\/masterfrisormobler.se\/#website\",\"url\":\"https:\/\/masterfrisormobler.se\/\",\"name\":\"https:\/\/masterfrisormobler.se\/\",\"description\":\"Den b\u00e4sta butiken f\u00f6r att s\u00e4lja Fris\u00f6rm\u00f6bler och produkter.\",\"publisher\":{\"@id\":\"https:\/\/masterfrisormobler.se\/#organization\"},\"potentialAction\":[{\"@type\":\"SearchAction\",\"target\":{\"@type\":\"EntryPoint\",\"urlTemplate\":\"https:\/\/masterfrisormobler.se\/?s={search_term_string}\"},\"query-input\":\"required name=search_term_string\"}],\"inLanguage\":\"en-US\"},{\"@type\":\"Organization\",\"@id\":\"https:\/\/masterfrisormobler.se\/#organization\",\"name\":\"Nord master fris\u00f6r mobler\",\"url\":\"https:\/\/masterfrisormobler.se\/\",\"logo\":{\"@type\":\"ImageObject\",\"inLanguage\":\"en-US\",\"@id\":\"https:\/\/masterfrisormobler.se\/#\/schema\/logo\/image\/\",\"url\":\"https:\/\/masterfrisormobler.se\/wp-content\/uploads\/2023\/08\/cropped-512x512-sara.jpeg\",\"contentUrl\":\"https:\/\/masterfrisormobler.se\/wp-content\/uploads\/2023\/08\/cropped-512x512-sara.jpeg\",\"width\":512,\"height\":512,\"caption\":\"Nord master fris\u00f6r mobler\"},\"image\":{\"@id\":\"https:\/\/masterfrisormobler.se\/#\/schema\/logo\/image\/\"},\"sameAs\":[\"https:\/\/www.facebook.com\/profile.php?id=100095573704473\",\"https:\/\/www.tiktok.com\/@master.frisr.mble\",\"https:\/\/www.instagram.com\/masterfrisormobler\/\"]}]}<\/script>\n<!-- \/ Yoast SEO plugin. -->","yoast_head_json":{"title":"JRL Ghost Onyx Clipper - Nord Master Fris\u00f6r M\u00f6bler","description":"JRL Ghost Onyx Clipper","robots":{"index":"index","follow":"follow","max-snippet":"max-snippet:-1","max-image-preview":"max-image-preview:large","max-video-preview":"max-video-preview:-1"},"canonical":"https:\/\/masterfrisormobler.se\/en\/product\/jrl-ghost-onyx-clipper\/","og_locale":"en_US","og_type":"article","og_title":"JRL Ghost Onyx Clipper - Nord Master Fris\u00f6r M\u00f6bler","og_description":"JRL Ghost Onyx Clipper","og_url":"https:\/\/masterfrisormobler.se\/en\/product\/jrl-ghost-onyx-clipper\/","og_site_name":"Nord Master Fris\u00f6r M\u00f6bler","article_publisher":"https:\/\/www.facebook.com\/profile.php?id=100095573704473","og_image":[{"width":2560,"height":2560,"url":"https:\/\/masterfrisormobler.se\/wp-content\/uploads\/2025\/10\/3448_jrl_ghost_onyx_clipper_accessories-scaled.jpg","type":"image\/jpeg"}],"twitter_card":"summary_large_image","twitter_misc":{"Est. reading time":"1 minute"},"schema":{"@context":"https:\/\/schema.org","@graph":[{"@type":"WebPage","@id":"https:\/\/masterfrisormobler.se\/product\/jrl-ghost-onyx-clipper\/","url":"https:\/\/masterfrisormobler.se\/product\/jrl-ghost-onyx-clipper\/","name":"JRL Ghost Onyx Clipper - Nord Master Fris\u00f6r M\u00f6bler","isPartOf":{"@id":"https:\/\/masterfrisormobler.se\/#website"},"datePublished":"2025-10-09T13:16:11+00:00","dateModified":"2025-10-09T13:16:11+00:00","description":"JRL Ghost Onyx Clipper","breadcrumb":{"@id":"https:\/\/masterfrisormobler.se\/product\/jrl-ghost-onyx-clipper\/#breadcrumb"},"inLanguage":"en-US","potentialAction":[{"@type":"ReadAction","target":["https:\/\/masterfrisormobler.se\/product\/jrl-ghost-onyx-clipper\/"]}]},{"@type":"BreadcrumbList","@id":"https:\/\/masterfrisormobler.se\/product\/jrl-ghost-onyx-clipper\/#breadcrumb","itemListElement":[{"@type":"ListItem","position":1,"name":"Home","item":"https:\/\/masterfrisormobler.se\/"},{"@type":"ListItem","position":2,"name":"Store","item":"https:\/\/masterfrisormobler.se\/store-master-frisor-mobler\/"},{"@type":"ListItem","position":3,"name":"JRL Ghost Onyx Clipper"}]},{"@type":"WebSite","@id":"https:\/\/masterfrisormobler.se\/#website","url":"https:\/\/masterfrisormobler.se\/","name":"https:\/\/masterfrisormobler.se\/","description":"Den b\u00e4sta butiken f\u00f6r att s\u00e4lja Fris\u00f6rm\u00f6bler och produkter.","publisher":{"@id":"https:\/\/masterfrisormobler.se\/#organization"},"potentialAction":[{"@type":"SearchAction","target":{"@type":"EntryPoint","urlTemplate":"https:\/\/masterfrisormobler.se\/?s={search_term_string}"},"query-input":"required name=search_term_string"}],"inLanguage":"en-US"},{"@type":"Organization","@id":"https:\/\/masterfrisormobler.se\/#organization","name":"Nord master fris\u00f6r mobler","url":"https:\/\/masterfrisormobler.se\/","logo":{"@type":"ImageObject","inLanguage":"en-US","@id":"https:\/\/masterfrisormobler.se\/#\/schema\/logo\/image\/","url":"https:\/\/masterfrisormobler.se\/wp-content\/uploads\/2023\/08\/cropped-512x512-sara.jpeg","contentUrl":"https:\/\/masterfrisormobler.se\/wp-content\/uploads\/2023\/08\/cropped-512x512-sara.jpeg","width":512,"height":512,"caption":"Nord master fris\u00f6r mobler"},"image":{"@id":"https:\/\/masterfrisormobler.se\/#\/schema\/logo\/image\/"},"sameAs":["https:\/\/www.facebook.com\/profile.php?id=100095573704473","https:\/\/www.tiktok.com\/@master.frisr.mble","https:\/\/www.instagram.com\/masterfrisormobler\/"]}]}},"_links":{"self":[{"href":"https:\/\/masterfrisormobler.se\/en\/wp-json\/wp\/v2\/product\/6766"}],"collection":[{"href":"https:\/\/masterfrisormobler.se\/en\/wp-json\/wp\/v2\/product"}],"about":[{"href":"https:\/\/masterfrisormobler.se\/en\/wp-json\/wp\/v2\/types\/product"}],"version-history":[{"count":2,"href":"https:\/\/masterfrisormobler.se\/en\/wp-json\/wp\/v2\/product\/6766\/revisions"}],"predecessor-version":[{"id":6771,"href":"https:\/\/masterfrisormobler.se\/en\/wp-json\/wp\/v2\/product\/6766\/revisions\/6771"}],"wp:featuredmedia":[{"embeddable":true,"href":"https:\/\/masterfrisormobler.se\/en\/wp-json\/wp\/v2\/media\/6769"}],"wp:attachment":[{"href":"https:\/\/masterfrisormobler.se\/en\/wp-json\/wp\/v2\/media?parent=6766"}],"wp:term":[{"taxonomy":"product_cat","embeddable":true,"href":"https:\/\/masterfrisormobler.se\/en\/wp-json\/wp\/v2\/product_cat?post=6766"},{"taxonomy":"product_tag","embeddable":true,"href":"https:\/\/masterfrisormobler.se\/en\/wp-json\/wp\/v2\/product_tag?post=6766"}],"curies":[{"name":"wp","href":"https:\/\/api.w.org\/{rel}","templated":true}]}}