{"id":6760,"date":"2025-10-09T12:58:03","date_gmt":"2025-10-09T12:58:03","guid":{"rendered":"https:\/\/masterfrisormobler.se\/?post_type=product&#038;p=6760"},"modified":"2025-10-09T12:58:04","modified_gmt":"2025-10-09T12:58:04","slug":"jrl-ghost-onyx-trimmer","status":"publish","type":"product","link":"https:\/\/masterfrisormobler.se\/en\/product\/jrl-ghost-onyx-trimmer\/","title":{"rendered":"JRL Ghost Onyx Trimmer"},"content":{"rendered":"<h1><span style=\"font-weight: bold;\">c<\/span><span style=\"font-size: 1.5em; font-weight: bold;\">Benefits:<\/span><\/h1>\n<ul>\n<li>360\u00b0 Exposed Ultra Sharp T-Blade for precision cutting like lining, designing &amp; dry shaving<\/li>\n<li>Cool blade technology<\/li>\n<li>Patent Smart clip technology<\/li>\n<li>3 hours running time<\/li>\n<li>2 hours charging time<\/li>\n<li>8,200 RPM<\/li>\n<li>Lithium Ion battery<\/li>\n<li>Titanium coating stainless stationary blade and high grade DLC coating moving blade<\/li>\n<li>Long-lasting motor life<\/li>\n<li>Quiet running<\/li>\n<\/ul>\n<h3>Design features:<\/h3>\n<ul>\n<li>Weight of 305 g<\/li>\n<\/ul>\n<h3>Included:<\/h3>\n<ul>\n<li>1 trimmer blade (patented EZ-GAP Blade)<\/li>\n<li>Combs x5<\/li>\n<li>Charging dock<\/li>\n<li>Charger adapter<\/li>\n<li>Screw driver<\/li>\n<li>Blade adjustment tool<\/li>\n<li>Blade protector<\/li>\n<li>Lubrication oil and cleaning brush<\/li>\n<\/ul>","protected":false},"excerpt":{"rendered":"<h1>JRL Ghost Onyx Trimmer<\/h1>\n<p>Precision, power, and performance in one. With a 360\u00b0 exposed T-blade, Smart-Clip Technology, and 8,200 RPM, it&#8217;s perfect for lining, designing, and dry shaving. Runs cool and quiet for up to 3 hours. Includes 5 combs, charging dock, EZ-GAP blade &amp; more.<\/p>\n<h5>exklusive Moms<\/h5>\n<p>Pris inkl Frakt<\/p>\n<p>Leveranstid: 2-5 dagar<\/p>","protected":false},"featured_media":6762,"template":"","meta":{"site-sidebar-layout":"default","site-content-layout":"","ast-site-content-layout":"default","site-content-style":"default","site-sidebar-style":"default","ast-global-header-display":"","ast-banner-title-visibility":"","ast-main-header-display":"","ast-hfb-above-header-display":"","ast-hfb-below-header-display":"","ast-hfb-mobile-header-display":"","site-post-title":"","ast-breadcrumbs-content":"","ast-featured-img":"","footer-sml-layout":"","theme-transparent-header-meta":"default","adv-header-id-meta":"","stick-header-meta":"","header-above-stick-meta":"","header-main-stick-meta":"","header-below-stick-meta":"","astra-migrate-meta-layouts":"set","_joinchat":[]},"product_cat":[57,77,75],"product_tag":[],"yoast_head":"<!-- This site is optimized with the Yoast SEO plugin v21.2 - https:\/\/yoast.com\/wordpress\/plugins\/seo\/ -->\n<title>JRL Ghost Onyx Trimmer - Nord Master Fris\u00f6r M\u00f6bler<\/title>\n<meta name=\"description\" content=\"JRL Ghost Onyx TrimmerPrecision, power, and performance in one. With a 360\u00b0 exposed T-blade, Smart-Clip Technology, and 8,200 RPM, it&#039;s perfect for lining, designing, and dry shaving. Runs cool and quiet for up to 3 hours. Includes 5 combs, charging dock, EZ-GAP blade &amp; more.\" \/>\n<meta name=\"robots\" content=\"index, follow, max-snippet:-1, max-image-preview:large, max-video-preview:-1\" \/>\n<link rel=\"canonical\" href=\"https:\/\/masterfrisormobler.se\/en\/product\/jrl-ghost-onyx-trimmer\/\" \/>\n<meta property=\"og:locale\" content=\"en_US\" \/>\n<meta property=\"og:type\" content=\"article\" \/>\n<meta property=\"og:title\" content=\"JRL Ghost Onyx Trimmer - Nord Master Fris\u00f6r M\u00f6bler\" \/>\n<meta property=\"og:description\" content=\"JRL Ghost Onyx TrimmerPrecision, power, and performance in one. With a 360\u00b0 exposed T-blade, Smart-Clip Technology, and 8,200 RPM, it&#039;s perfect for lining, designing, and dry shaving. Runs cool and quiet for up to 3 hours. Includes 5 combs, charging dock, EZ-GAP blade &amp; more.\" \/>\n<meta property=\"og:url\" content=\"https:\/\/masterfrisormobler.se\/en\/product\/jrl-ghost-onyx-trimmer\/\" \/>\n<meta property=\"og:site_name\" content=\"Nord Master Fris\u00f6r M\u00f6bler\" \/>\n<meta property=\"article:publisher\" content=\"https:\/\/www.facebook.com\/profile.php?id=100095573704473\" \/>\n<meta property=\"article:modified_time\" content=\"2025-10-09T12:58:04+00:00\" \/>\n<meta property=\"og:image\" content=\"https:\/\/masterfrisormobler.se\/wp-content\/uploads\/2025\/10\/jrl-ghost-onyx-trimmer-2.jpg\" \/>\n\t<meta property=\"og:image:width\" content=\"800\" \/>\n\t<meta property=\"og:image:height\" content=\"800\" \/>\n\t<meta property=\"og:image:type\" content=\"image\/jpeg\" \/>\n<meta name=\"twitter:card\" content=\"summary_large_image\" \/>\n<meta name=\"twitter:label1\" content=\"Est. reading time\" \/>\n\t<meta name=\"twitter:data1\" content=\"1 minute\" \/>\n<script type=\"application\/ld+json\" class=\"yoast-schema-graph\">{\"@context\":\"https:\/\/schema.org\",\"@graph\":[{\"@type\":\"WebPage\",\"@id\":\"https:\/\/masterfrisormobler.se\/product\/jrl-ghost-onyx-trimmer\/\",\"url\":\"https:\/\/masterfrisormobler.se\/product\/jrl-ghost-onyx-trimmer\/\",\"name\":\"JRL Ghost Onyx Trimmer - Nord Master Fris\u00f6r M\u00f6bler\",\"isPartOf\":{\"@id\":\"https:\/\/masterfrisormobler.se\/#website\"},\"datePublished\":\"2025-10-09T12:58:03+00:00\",\"dateModified\":\"2025-10-09T12:58:04+00:00\",\"description\":\"JRL Ghost Onyx TrimmerPrecision, power, and performance in one. With a 360\u00b0 exposed T-blade, Smart-Clip Technology, and 8,200 RPM, it's perfect for lining, designing, and dry shaving. Runs cool and quiet for up to 3 hours. Includes 5 combs, charging dock, EZ-GAP blade & more.\",\"breadcrumb\":{\"@id\":\"https:\/\/masterfrisormobler.se\/product\/jrl-ghost-onyx-trimmer\/#breadcrumb\"},\"inLanguage\":\"en-US\",\"potentialAction\":[{\"@type\":\"ReadAction\",\"target\":[\"https:\/\/masterfrisormobler.se\/product\/jrl-ghost-onyx-trimmer\/\"]}]},{\"@type\":\"BreadcrumbList\",\"@id\":\"https:\/\/masterfrisormobler.se\/product\/jrl-ghost-onyx-trimmer\/#breadcrumb\",\"itemListElement\":[{\"@type\":\"ListItem\",\"position\":1,\"name\":\"Home\",\"item\":\"https:\/\/masterfrisormobler.se\/\"},{\"@type\":\"ListItem\",\"position\":2,\"name\":\"Store\",\"item\":\"https:\/\/masterfrisormobler.se\/store-master-frisor-mobler\/\"},{\"@type\":\"ListItem\",\"position\":3,\"name\":\"JRL Ghost Onyx Trimmer\"}]},{\"@type\":\"WebSite\",\"@id\":\"https:\/\/masterfrisormobler.se\/#website\",\"url\":\"https:\/\/masterfrisormobler.se\/\",\"name\":\"https:\/\/masterfrisormobler.se\/\",\"description\":\"Den b\u00e4sta butiken f\u00f6r att s\u00e4lja Fris\u00f6rm\u00f6bler och produkter.\",\"publisher\":{\"@id\":\"https:\/\/masterfrisormobler.se\/#organization\"},\"potentialAction\":[{\"@type\":\"SearchAction\",\"target\":{\"@type\":\"EntryPoint\",\"urlTemplate\":\"https:\/\/masterfrisormobler.se\/?s={search_term_string}\"},\"query-input\":\"required name=search_term_string\"}],\"inLanguage\":\"en-US\"},{\"@type\":\"Organization\",\"@id\":\"https:\/\/masterfrisormobler.se\/#organization\",\"name\":\"Nord master fris\u00f6r mobler\",\"url\":\"https:\/\/masterfrisormobler.se\/\",\"logo\":{\"@type\":\"ImageObject\",\"inLanguage\":\"en-US\",\"@id\":\"https:\/\/masterfrisormobler.se\/#\/schema\/logo\/image\/\",\"url\":\"https:\/\/masterfrisormobler.se\/wp-content\/uploads\/2023\/08\/cropped-512x512-sara.jpeg\",\"contentUrl\":\"https:\/\/masterfrisormobler.se\/wp-content\/uploads\/2023\/08\/cropped-512x512-sara.jpeg\",\"width\":512,\"height\":512,\"caption\":\"Nord master fris\u00f6r mobler\"},\"image\":{\"@id\":\"https:\/\/masterfrisormobler.se\/#\/schema\/logo\/image\/\"},\"sameAs\":[\"https:\/\/www.facebook.com\/profile.php?id=100095573704473\",\"https:\/\/www.tiktok.com\/@master.frisr.mble\",\"https:\/\/www.instagram.com\/masterfrisormobler\/\"]}]}<\/script>\n<!-- \/ Yoast SEO plugin. -->","yoast_head_json":{"title":"JRL Ghost Onyx Trimmer - Nord Master Fris\u00f6r M\u00f6bler","description":"JRL Ghost Onyx TrimmerPrecision, power, and performance in one. With a 360\u00b0 exposed T-blade, Smart-Clip Technology, and 8,200 RPM, it's perfect for lining, designing, and dry shaving. Runs cool and quiet for up to 3 hours. Includes 5 combs, charging dock, EZ-GAP blade & more.","robots":{"index":"index","follow":"follow","max-snippet":"max-snippet:-1","max-image-preview":"max-image-preview:large","max-video-preview":"max-video-preview:-1"},"canonical":"https:\/\/masterfrisormobler.se\/en\/product\/jrl-ghost-onyx-trimmer\/","og_locale":"en_US","og_type":"article","og_title":"JRL Ghost Onyx Trimmer - Nord Master Fris\u00f6r M\u00f6bler","og_description":"JRL Ghost Onyx TrimmerPrecision, power, and performance in one. With a 360\u00b0 exposed T-blade, Smart-Clip Technology, and 8,200 RPM, it's perfect for lining, designing, and dry shaving. Runs cool and quiet for up to 3 hours. Includes 5 combs, charging dock, EZ-GAP blade & more.","og_url":"https:\/\/masterfrisormobler.se\/en\/product\/jrl-ghost-onyx-trimmer\/","og_site_name":"Nord Master Fris\u00f6r M\u00f6bler","article_publisher":"https:\/\/www.facebook.com\/profile.php?id=100095573704473","article_modified_time":"2025-10-09T12:58:04+00:00","og_image":[{"width":800,"height":800,"url":"https:\/\/masterfrisormobler.se\/wp-content\/uploads\/2025\/10\/jrl-ghost-onyx-trimmer-2.jpg","type":"image\/jpeg"}],"twitter_card":"summary_large_image","twitter_misc":{"Est. reading time":"1 minute"},"schema":{"@context":"https:\/\/schema.org","@graph":[{"@type":"WebPage","@id":"https:\/\/masterfrisormobler.se\/product\/jrl-ghost-onyx-trimmer\/","url":"https:\/\/masterfrisormobler.se\/product\/jrl-ghost-onyx-trimmer\/","name":"JRL Ghost Onyx Trimmer - Nord Master Fris\u00f6r M\u00f6bler","isPartOf":{"@id":"https:\/\/masterfrisormobler.se\/#website"},"datePublished":"2025-10-09T12:58:03+00:00","dateModified":"2025-10-09T12:58:04+00:00","description":"JRL Ghost Onyx TrimmerPrecision, power, and performance in one. With a 360\u00b0 exposed T-blade, Smart-Clip Technology, and 8,200 RPM, it's perfect for lining, designing, and dry shaving. Runs cool and quiet for up to 3 hours. Includes 5 combs, charging dock, EZ-GAP blade & more.","breadcrumb":{"@id":"https:\/\/masterfrisormobler.se\/product\/jrl-ghost-onyx-trimmer\/#breadcrumb"},"inLanguage":"en-US","potentialAction":[{"@type":"ReadAction","target":["https:\/\/masterfrisormobler.se\/product\/jrl-ghost-onyx-trimmer\/"]}]},{"@type":"BreadcrumbList","@id":"https:\/\/masterfrisormobler.se\/product\/jrl-ghost-onyx-trimmer\/#breadcrumb","itemListElement":[{"@type":"ListItem","position":1,"name":"Home","item":"https:\/\/masterfrisormobler.se\/"},{"@type":"ListItem","position":2,"name":"Store","item":"https:\/\/masterfrisormobler.se\/store-master-frisor-mobler\/"},{"@type":"ListItem","position":3,"name":"JRL Ghost Onyx Trimmer"}]},{"@type":"WebSite","@id":"https:\/\/masterfrisormobler.se\/#website","url":"https:\/\/masterfrisormobler.se\/","name":"https:\/\/masterfrisormobler.se\/","description":"Den b\u00e4sta butiken f\u00f6r att s\u00e4lja Fris\u00f6rm\u00f6bler och produkter.","publisher":{"@id":"https:\/\/masterfrisormobler.se\/#organization"},"potentialAction":[{"@type":"SearchAction","target":{"@type":"EntryPoint","urlTemplate":"https:\/\/masterfrisormobler.se\/?s={search_term_string}"},"query-input":"required name=search_term_string"}],"inLanguage":"en-US"},{"@type":"Organization","@id":"https:\/\/masterfrisormobler.se\/#organization","name":"Nord master fris\u00f6r mobler","url":"https:\/\/masterfrisormobler.se\/","logo":{"@type":"ImageObject","inLanguage":"en-US","@id":"https:\/\/masterfrisormobler.se\/#\/schema\/logo\/image\/","url":"https:\/\/masterfrisormobler.se\/wp-content\/uploads\/2023\/08\/cropped-512x512-sara.jpeg","contentUrl":"https:\/\/masterfrisormobler.se\/wp-content\/uploads\/2023\/08\/cropped-512x512-sara.jpeg","width":512,"height":512,"caption":"Nord master fris\u00f6r mobler"},"image":{"@id":"https:\/\/masterfrisormobler.se\/#\/schema\/logo\/image\/"},"sameAs":["https:\/\/www.facebook.com\/profile.php?id=100095573704473","https:\/\/www.tiktok.com\/@master.frisr.mble","https:\/\/www.instagram.com\/masterfrisormobler\/"]}]}},"_links":{"self":[{"href":"https:\/\/masterfrisormobler.se\/en\/wp-json\/wp\/v2\/product\/6760"}],"collection":[{"href":"https:\/\/masterfrisormobler.se\/en\/wp-json\/wp\/v2\/product"}],"about":[{"href":"https:\/\/masterfrisormobler.se\/en\/wp-json\/wp\/v2\/types\/product"}],"version-history":[{"count":2,"href":"https:\/\/masterfrisormobler.se\/en\/wp-json\/wp\/v2\/product\/6760\/revisions"}],"predecessor-version":[{"id":6765,"href":"https:\/\/masterfrisormobler.se\/en\/wp-json\/wp\/v2\/product\/6760\/revisions\/6765"}],"wp:featuredmedia":[{"embeddable":true,"href":"https:\/\/masterfrisormobler.se\/en\/wp-json\/wp\/v2\/media\/6762"}],"wp:attachment":[{"href":"https:\/\/masterfrisormobler.se\/en\/wp-json\/wp\/v2\/media?parent=6760"}],"wp:term":[{"taxonomy":"product_cat","embeddable":true,"href":"https:\/\/masterfrisormobler.se\/en\/wp-json\/wp\/v2\/product_cat?post=6760"},{"taxonomy":"product_tag","embeddable":true,"href":"https:\/\/masterfrisormobler.se\/en\/wp-json\/wp\/v2\/product_tag?post=6760"}],"curies":[{"name":"wp","href":"https:\/\/api.w.org\/{rel}","templated":true}]}}