{"id":6754,"date":"2025-10-09T12:33:06","date_gmt":"2025-10-09T12:33:06","guid":{"rendered":"https:\/\/masterfrisormobler.se\/?post_type=product&#038;p=6754"},"modified":"2026-02-14T13:56:51","modified_gmt":"2026-02-14T13:56:51","slug":"panasonic-er-dgp84-gold-harklippare","status":"publish","type":"product","link":"https:\/\/masterfrisormobler.se\/en\/product\/panasonic-er-dgp84-gold-harklippare\/","title":{"rendered":"Panasonic ER-DGP84 Gold h\u00e5rklippare"},"content":{"rendered":"<p><strong>Panasonic ER-DGP84\u00a0<\/strong>\u00e4r efterf\u00f6ljaren till Panasonic ER-DGP82, motorn, batteriet och insatsen har uppgraderats.<br \/>\nBladet \u00e4r titanbelagt vilket g\u00f6r att det slipar av sig sj\u00e4lvt vid anv\u00e4ndning och med den ultrakraftiga motorn som \u00e4r monterad ger det en fantastisk finish samt en unik konsumentupplevelse. En full laddning tar 60 minuter och maskinen kan sedan anv\u00e4ndas i hela 50 minuter non-stop.<br \/>\n<strong>Funktioner:<\/strong><\/p>\n<ul>\n<li>Klippl\u00e4ngd utan tandkam: 0,8 &#8211; 2,0 mm<\/li>\n<li>Klippl\u00e4ngd med tandad kam: 3,0 &#8211; 25 mm<\/li>\n<li>Kan anv\u00e4ndas med eller utan sladd<\/li>\n<li>V\u00e4rldens snabbaste sk\u00e4rhastighet<\/li>\n<li>10 000 rpm<\/li>\n<li>X-Taper-design<\/li>\n<li>60 min laddning, 50 min f\u00f6rbrukning<\/li>\n<li>Litiumbatteri<\/li>\n<\/ul>\n<p><strong>Tekniska specifikationer:<\/strong><\/p>\n<ul>\n<li>230 volt sp\u00e4nning<\/li>\n<li>LED-indikator<\/li>\n<li>Linj\u00e4rmotor<\/li>\n<\/ul>\n<p>&nbsp;<\/p>","protected":false},"excerpt":{"rendered":"<p>Panasonic ER-DGP84 Gold h\u00e5rklippare<\/p>\n<h5>exklusive Moms<\/h5>\n<p>Pris inkl Frakt<\/p>\n<p>Leveranstid: 2-5 dagar<\/p>","protected":false},"featured_media":6757,"template":"","meta":{"site-sidebar-layout":"default","site-content-layout":"","ast-site-content-layout":"default","site-content-style":"default","site-sidebar-style":"default","ast-global-header-display":"","ast-banner-title-visibility":"","ast-main-header-display":"","ast-hfb-above-header-display":"","ast-hfb-below-header-display":"","ast-hfb-mobile-header-display":"","site-post-title":"","ast-breadcrumbs-content":"","ast-featured-img":"","footer-sml-layout":"","theme-transparent-header-meta":"default","adv-header-id-meta":"","stick-header-meta":"","header-above-stick-meta":"","header-main-stick-meta":"","header-below-stick-meta":"","astra-migrate-meta-layouts":"set","_joinchat":[]},"product_cat":[57,77,75],"product_tag":[],"yoast_head":"<!-- This site is optimized with the Yoast SEO plugin v21.2 - https:\/\/yoast.com\/wordpress\/plugins\/seo\/ -->\n<title>Panasonic ER-DGP84 Gold h\u00e5rklippare - Nord Master Fris\u00f6r M\u00f6bler<\/title>\n<meta name=\"description\" content=\"Panasonic ER-DGP84 Gold h\u00e5rklippare ,ER-DGP84 Gold h\u00e5rklippare fr\u00e5n Panasonic k\u00e4nnetecknas inte bara av sitt gl\u00e4nsande utseende. Den h\u00e4r h\u00e5rklipparen \u00e4r l\u00e4mplig f\u00f6r b\u00e5de privat bruk och f\u00f6r professionell salongsanv\u00e4ndning. Det viktigaste elementet \u00e4r en konsekvent h\u00f6g klipprestanda.\" \/>\n<meta name=\"robots\" content=\"index, follow, max-snippet:-1, max-image-preview:large, max-video-preview:-1\" \/>\n<link rel=\"canonical\" href=\"https:\/\/masterfrisormobler.se\/en\/product\/panasonic-er-dgp84-gold-harklippare\/\" \/>\n<meta property=\"og:locale\" content=\"en_US\" \/>\n<meta property=\"og:type\" content=\"article\" \/>\n<meta property=\"og:title\" content=\"Panasonic ER-DGP84 Gold h\u00e5rklippare - Nord Master Fris\u00f6r M\u00f6bler\" \/>\n<meta property=\"og:description\" content=\"Panasonic ER-DGP84 Gold h\u00e5rklippare ,ER-DGP84 Gold h\u00e5rklippare fr\u00e5n Panasonic k\u00e4nnetecknas inte bara av sitt gl\u00e4nsande utseende. Den h\u00e4r h\u00e5rklipparen \u00e4r l\u00e4mplig f\u00f6r b\u00e5de privat bruk och f\u00f6r professionell salongsanv\u00e4ndning. Det viktigaste elementet \u00e4r en konsekvent h\u00f6g klipprestanda.\" \/>\n<meta property=\"og:url\" content=\"https:\/\/masterfrisormobler.se\/en\/product\/panasonic-er-dgp84-gold-harklippare\/\" \/>\n<meta property=\"og:site_name\" content=\"Nord Master Fris\u00f6r M\u00f6bler\" \/>\n<meta property=\"article:publisher\" content=\"https:\/\/www.facebook.com\/profile.php?id=100095573704473\" \/>\n<meta property=\"article:modified_time\" content=\"2026-02-14T13:56:51+00:00\" \/>\n<meta property=\"og:image\" content=\"https:\/\/masterfrisormobler.se\/wp-content\/uploads\/2025\/10\/Add-a-eading.png-99.png\" \/>\n\t<meta property=\"og:image:width\" content=\"800\" \/>\n\t<meta property=\"og:image:height\" content=\"800\" \/>\n\t<meta property=\"og:image:type\" content=\"image\/png\" \/>\n<meta name=\"twitter:card\" content=\"summary_large_image\" \/>\n<meta name=\"twitter:label1\" content=\"Est. reading time\" \/>\n\t<meta name=\"twitter:data1\" content=\"1 minute\" \/>\n<script type=\"application\/ld+json\" class=\"yoast-schema-graph\">{\"@context\":\"https:\/\/schema.org\",\"@graph\":[{\"@type\":\"WebPage\",\"@id\":\"https:\/\/masterfrisormobler.se\/product\/panasonic-er-dgp84-gold-harklippare\/\",\"url\":\"https:\/\/masterfrisormobler.se\/product\/panasonic-er-dgp84-gold-harklippare\/\",\"name\":\"Panasonic ER-DGP84 Gold h\u00e5rklippare - Nord Master Fris\u00f6r M\u00f6bler\",\"isPartOf\":{\"@id\":\"https:\/\/masterfrisormobler.se\/#website\"},\"datePublished\":\"2025-10-09T12:33:06+00:00\",\"dateModified\":\"2026-02-14T13:56:51+00:00\",\"description\":\"Panasonic ER-DGP84 Gold h\u00e5rklippare ,ER-DGP84 Gold h\u00e5rklippare fr\u00e5n Panasonic k\u00e4nnetecknas inte bara av sitt gl\u00e4nsande utseende. Den h\u00e4r h\u00e5rklipparen \u00e4r l\u00e4mplig f\u00f6r b\u00e5de privat bruk och f\u00f6r professionell salongsanv\u00e4ndning. Det viktigaste elementet \u00e4r en konsekvent h\u00f6g klipprestanda.\",\"breadcrumb\":{\"@id\":\"https:\/\/masterfrisormobler.se\/product\/panasonic-er-dgp84-gold-harklippare\/#breadcrumb\"},\"inLanguage\":\"en-US\",\"potentialAction\":[{\"@type\":\"ReadAction\",\"target\":[\"https:\/\/masterfrisormobler.se\/product\/panasonic-er-dgp84-gold-harklippare\/\"]}]},{\"@type\":\"BreadcrumbList\",\"@id\":\"https:\/\/masterfrisormobler.se\/product\/panasonic-er-dgp84-gold-harklippare\/#breadcrumb\",\"itemListElement\":[{\"@type\":\"ListItem\",\"position\":1,\"name\":\"Home\",\"item\":\"https:\/\/masterfrisormobler.se\/\"},{\"@type\":\"ListItem\",\"position\":2,\"name\":\"Store\",\"item\":\"https:\/\/masterfrisormobler.se\/store-master-frisor-mobler\/\"},{\"@type\":\"ListItem\",\"position\":3,\"name\":\"Panasonic ER-DGP84 Gold h\u00e5rklippare\"}]},{\"@type\":\"WebSite\",\"@id\":\"https:\/\/masterfrisormobler.se\/#website\",\"url\":\"https:\/\/masterfrisormobler.se\/\",\"name\":\"https:\/\/masterfrisormobler.se\/\",\"description\":\"Den b\u00e4sta butiken f\u00f6r att s\u00e4lja Fris\u00f6rm\u00f6bler och produkter.\",\"publisher\":{\"@id\":\"https:\/\/masterfrisormobler.se\/#organization\"},\"potentialAction\":[{\"@type\":\"SearchAction\",\"target\":{\"@type\":\"EntryPoint\",\"urlTemplate\":\"https:\/\/masterfrisormobler.se\/?s={search_term_string}\"},\"query-input\":\"required name=search_term_string\"}],\"inLanguage\":\"en-US\"},{\"@type\":\"Organization\",\"@id\":\"https:\/\/masterfrisormobler.se\/#organization\",\"name\":\"Nord master fris\u00f6r mobler\",\"url\":\"https:\/\/masterfrisormobler.se\/\",\"logo\":{\"@type\":\"ImageObject\",\"inLanguage\":\"en-US\",\"@id\":\"https:\/\/masterfrisormobler.se\/#\/schema\/logo\/image\/\",\"url\":\"https:\/\/masterfrisormobler.se\/wp-content\/uploads\/2023\/08\/cropped-512x512-sara.jpeg\",\"contentUrl\":\"https:\/\/masterfrisormobler.se\/wp-content\/uploads\/2023\/08\/cropped-512x512-sara.jpeg\",\"width\":512,\"height\":512,\"caption\":\"Nord master fris\u00f6r mobler\"},\"image\":{\"@id\":\"https:\/\/masterfrisormobler.se\/#\/schema\/logo\/image\/\"},\"sameAs\":[\"https:\/\/www.facebook.com\/profile.php?id=100095573704473\",\"https:\/\/www.tiktok.com\/@master.frisr.mble\",\"https:\/\/www.instagram.com\/masterfrisormobler\/\"]}]}<\/script>\n<!-- \/ Yoast SEO plugin. -->","yoast_head_json":{"title":"Panasonic ER-DGP84 Gold h\u00e5rklippare - Nord Master Fris\u00f6r M\u00f6bler","description":"Panasonic ER-DGP84 Gold h\u00e5rklippare ,ER-DGP84 Gold h\u00e5rklippare fr\u00e5n Panasonic k\u00e4nnetecknas inte bara av sitt gl\u00e4nsande utseende. Den h\u00e4r h\u00e5rklipparen \u00e4r l\u00e4mplig f\u00f6r b\u00e5de privat bruk och f\u00f6r professionell salongsanv\u00e4ndning. Det viktigaste elementet \u00e4r en konsekvent h\u00f6g klipprestanda.","robots":{"index":"index","follow":"follow","max-snippet":"max-snippet:-1","max-image-preview":"max-image-preview:large","max-video-preview":"max-video-preview:-1"},"canonical":"https:\/\/masterfrisormobler.se\/en\/product\/panasonic-er-dgp84-gold-harklippare\/","og_locale":"en_US","og_type":"article","og_title":"Panasonic ER-DGP84 Gold h\u00e5rklippare - Nord Master Fris\u00f6r M\u00f6bler","og_description":"Panasonic ER-DGP84 Gold h\u00e5rklippare ,ER-DGP84 Gold h\u00e5rklippare fr\u00e5n Panasonic k\u00e4nnetecknas inte bara av sitt gl\u00e4nsande utseende. Den h\u00e4r h\u00e5rklipparen \u00e4r l\u00e4mplig f\u00f6r b\u00e5de privat bruk och f\u00f6r professionell salongsanv\u00e4ndning. Det viktigaste elementet \u00e4r en konsekvent h\u00f6g klipprestanda.","og_url":"https:\/\/masterfrisormobler.se\/en\/product\/panasonic-er-dgp84-gold-harklippare\/","og_site_name":"Nord Master Fris\u00f6r M\u00f6bler","article_publisher":"https:\/\/www.facebook.com\/profile.php?id=100095573704473","article_modified_time":"2026-02-14T13:56:51+00:00","og_image":[{"width":800,"height":800,"url":"https:\/\/masterfrisormobler.se\/wp-content\/uploads\/2025\/10\/Add-a-eading.png-99.png","type":"image\/png"}],"twitter_card":"summary_large_image","twitter_misc":{"Est. reading time":"1 minute"},"schema":{"@context":"https:\/\/schema.org","@graph":[{"@type":"WebPage","@id":"https:\/\/masterfrisormobler.se\/product\/panasonic-er-dgp84-gold-harklippare\/","url":"https:\/\/masterfrisormobler.se\/product\/panasonic-er-dgp84-gold-harklippare\/","name":"Panasonic ER-DGP84 Gold h\u00e5rklippare - Nord Master Fris\u00f6r M\u00f6bler","isPartOf":{"@id":"https:\/\/masterfrisormobler.se\/#website"},"datePublished":"2025-10-09T12:33:06+00:00","dateModified":"2026-02-14T13:56:51+00:00","description":"Panasonic ER-DGP84 Gold h\u00e5rklippare ,ER-DGP84 Gold h\u00e5rklippare fr\u00e5n Panasonic k\u00e4nnetecknas inte bara av sitt gl\u00e4nsande utseende. Den h\u00e4r h\u00e5rklipparen \u00e4r l\u00e4mplig f\u00f6r b\u00e5de privat bruk och f\u00f6r professionell salongsanv\u00e4ndning. Det viktigaste elementet \u00e4r en konsekvent h\u00f6g klipprestanda.","breadcrumb":{"@id":"https:\/\/masterfrisormobler.se\/product\/panasonic-er-dgp84-gold-harklippare\/#breadcrumb"},"inLanguage":"en-US","potentialAction":[{"@type":"ReadAction","target":["https:\/\/masterfrisormobler.se\/product\/panasonic-er-dgp84-gold-harklippare\/"]}]},{"@type":"BreadcrumbList","@id":"https:\/\/masterfrisormobler.se\/product\/panasonic-er-dgp84-gold-harklippare\/#breadcrumb","itemListElement":[{"@type":"ListItem","position":1,"name":"Home","item":"https:\/\/masterfrisormobler.se\/"},{"@type":"ListItem","position":2,"name":"Store","item":"https:\/\/masterfrisormobler.se\/store-master-frisor-mobler\/"},{"@type":"ListItem","position":3,"name":"Panasonic ER-DGP84 Gold h\u00e5rklippare"}]},{"@type":"WebSite","@id":"https:\/\/masterfrisormobler.se\/#website","url":"https:\/\/masterfrisormobler.se\/","name":"https:\/\/masterfrisormobler.se\/","description":"Den b\u00e4sta butiken f\u00f6r att s\u00e4lja Fris\u00f6rm\u00f6bler och produkter.","publisher":{"@id":"https:\/\/masterfrisormobler.se\/#organization"},"potentialAction":[{"@type":"SearchAction","target":{"@type":"EntryPoint","urlTemplate":"https:\/\/masterfrisormobler.se\/?s={search_term_string}"},"query-input":"required name=search_term_string"}],"inLanguage":"en-US"},{"@type":"Organization","@id":"https:\/\/masterfrisormobler.se\/#organization","name":"Nord master fris\u00f6r mobler","url":"https:\/\/masterfrisormobler.se\/","logo":{"@type":"ImageObject","inLanguage":"en-US","@id":"https:\/\/masterfrisormobler.se\/#\/schema\/logo\/image\/","url":"https:\/\/masterfrisormobler.se\/wp-content\/uploads\/2023\/08\/cropped-512x512-sara.jpeg","contentUrl":"https:\/\/masterfrisormobler.se\/wp-content\/uploads\/2023\/08\/cropped-512x512-sara.jpeg","width":512,"height":512,"caption":"Nord master fris\u00f6r mobler"},"image":{"@id":"https:\/\/masterfrisormobler.se\/#\/schema\/logo\/image\/"},"sameAs":["https:\/\/www.facebook.com\/profile.php?id=100095573704473","https:\/\/www.tiktok.com\/@master.frisr.mble","https:\/\/www.instagram.com\/masterfrisormobler\/"]}]}},"_links":{"self":[{"href":"https:\/\/masterfrisormobler.se\/en\/wp-json\/wp\/v2\/product\/6754"}],"collection":[{"href":"https:\/\/masterfrisormobler.se\/en\/wp-json\/wp\/v2\/product"}],"about":[{"href":"https:\/\/masterfrisormobler.se\/en\/wp-json\/wp\/v2\/types\/product"}],"version-history":[{"count":2,"href":"https:\/\/masterfrisormobler.se\/en\/wp-json\/wp\/v2\/product\/6754\/revisions"}],"predecessor-version":[{"id":6759,"href":"https:\/\/masterfrisormobler.se\/en\/wp-json\/wp\/v2\/product\/6754\/revisions\/6759"}],"wp:featuredmedia":[{"embeddable":true,"href":"https:\/\/masterfrisormobler.se\/en\/wp-json\/wp\/v2\/media\/6757"}],"wp:attachment":[{"href":"https:\/\/masterfrisormobler.se\/en\/wp-json\/wp\/v2\/media?parent=6754"}],"wp:term":[{"taxonomy":"product_cat","embeddable":true,"href":"https:\/\/masterfrisormobler.se\/en\/wp-json\/wp\/v2\/product_cat?post=6754"},{"taxonomy":"product_tag","embeddable":true,"href":"https:\/\/masterfrisormobler.se\/en\/wp-json\/wp\/v2\/product_tag?post=6754"}],"curies":[{"name":"wp","href":"https:\/\/api.w.org\/{rel}","templated":true}]}}