{"id":6749,"date":"2025-10-09T12:13:35","date_gmt":"2025-10-09T12:13:35","guid":{"rendered":"https:\/\/masterfrisormobler.se\/?post_type=product&#038;p=6749"},"modified":"2025-12-25T11:20:53","modified_gmt":"2025-12-25T11:20:53","slug":"panasonic-harklippare-er-dgp65","status":"publish","type":"product","link":"https:\/\/masterfrisormobler.se\/en\/product\/panasonic-harklippare-er-dgp65\/","title":{"rendered":"Panasonic H\u00e5rklippare ER-DGP65"},"content":{"rendered":"<h5 class=\"flex flex-col\"><span class=\"font-bold\">Panasonic H\u00e5rklippare ER-DGP65<\/span><\/h5>\n<p>ER-DGP65 fr\u00e5n Panasonic \u00e4r en professionell h\u00e5rklippare. Den garanterar en ren klippning med sin X-taper Blade 2.0-teknik. Klipperbladen har en\u00a0<strong>diamondliknande kolbel\u00e4ggning<\/strong>. Deras 45-gradiga kanter \u00e4r skarpa och exakta.<\/p>\n<h2>Allroundern &#8211; l\u00e4mplig f\u00f6r huvud, sk\u00e4gg och nacke<\/h2>\n<p>Klippl\u00e4ngden st\u00e4lls in inom ett intervall p\u00e5 0,8 till 2 mm med hj\u00e4lp av ett justerhjul p\u00e5 framsidan. Leveransen\u00a0<strong>inkluderar 3 kamtillbeh\u00f6r<\/strong>. Var och en kan anv\u00e4ndas p\u00e5 b\u00e5da sidor. De \u00e4r utformade f\u00f6r en h\u00e5rl\u00e4ngd p\u00e5 3\/4, 6\/9 respektive 12\/15 mm. Bladet i titan och kolst\u00e5l har l\u00e5ng livsl\u00e4ngd. &#8221;X-taper 2.0&#8221;-bladet f\u00e5ngar och trimmar \u00e4ven de minsta h\u00e5rstr\u00e5na p\u00e5 ett tillf\u00f6rlitligt s\u00e4tt. Det spelar ingen roll om det \u00e4r p\u00e5 huvudet, i nacken eller i ansiktet. ER-DGP65 h\u00e5rklippare fr\u00e5n Panasonic kan anv\u00e4ndas p\u00e5 ett flexibelt s\u00e4tt. B\u00e5de\u00a0<strong>n\u00e4tdrift och batteridrift<\/strong>\u00a0\u00e4r m\u00f6jligt. Litiumjonbatteriet f\u00f6rser en linj\u00e4r motor med energi. Tack vare konstant kontroll minskar inte klippf\u00f6rm\u00e5gan med batteriets laddningsniv\u00e5. En drifttid p\u00e5 upp till 50 minuter \u00e4r m\u00f6jlig. Tv\u00e5 lysdioder signalerar n\u00e4tdrift och tomt batteri. Laddningstiden med den medf\u00f6ljande kabeln \u00e4r 1 timme. Den integrerade sp\u00e4nningsjusteringen m\u00f6jligg\u00f6r internationell anv\u00e4ndning.<\/p>\n<p>&nbsp;<\/p>","protected":false},"excerpt":{"rendered":"<p>Panasonic H\u00e5rklippare ER-DGP65<\/p>\n<h5>exklusive Moms<\/h5>\n<p>Pris inkl Frakt<\/p>\n<p>Leveranstid: 2-5 dagar<\/p>","protected":false},"featured_media":6750,"template":"","meta":{"site-sidebar-layout":"default","site-content-layout":"","ast-site-content-layout":"default","site-content-style":"default","site-sidebar-style":"default","ast-global-header-display":"","ast-banner-title-visibility":"","ast-main-header-display":"","ast-hfb-above-header-display":"","ast-hfb-below-header-display":"","ast-hfb-mobile-header-display":"","site-post-title":"","ast-breadcrumbs-content":"","ast-featured-img":"","footer-sml-layout":"","theme-transparent-header-meta":"default","adv-header-id-meta":"","stick-header-meta":"","header-above-stick-meta":"","header-main-stick-meta":"","header-below-stick-meta":"","astra-migrate-meta-layouts":"set","_joinchat":[]},"product_cat":[57,77,75],"product_tag":[],"yoast_head":"<!-- This site is optimized with the Yoast SEO plugin v21.2 - https:\/\/yoast.com\/wordpress\/plugins\/seo\/ -->\n<title>Panasonic H\u00e5rklippare ER-DGP65 - Nord Master Fris\u00f6r M\u00f6bler<\/title>\n<meta name=\"description\" content=\"Panasonic H\u00e5rklippare ER-DGP65,ER-DGP65 fr\u00e5n Panasonic \u00e4r en professionell h\u00e5rklippare. Den garanterar en ren klippning med sin X-taper Blade 2.0-teknik. Klipperbladen har en diamondliknande kolbel\u00e4ggning. Deras 45-gradiga kanter \u00e4r skarpa och exakta.Allroundern - l\u00e4mplig f\u00f6r huvud, sk\u00e4gg och nackeKlippl\u00e4ngden st\u00e4lls in inom ett intervall p\u00e5 0,8 till 2 mm med hj\u00e4lp av ett justerhjul p\u00e5 framsidan. Leveransen inkluderar 3 kamtillbeh\u00f6r. Var och en kan anv\u00e4ndas p\u00e5 b\u00e5da sidor. De \u00e4r utformade f\u00f6r en h\u00e5rl\u00e4ngd p\u00e5 3\/4, 6\/9 respektive 12\/15 mm. Bladet i titan och kolst\u00e5l har l\u00e5ng livsl\u00e4ngd. &quot;X-taper 2.0&quot;-bladet f\u00e5ngar och trimmar \u00e4ven de minsta h\u00e5rstr\u00e5na p\u00e5 ett tillf\u00f6rlitligt s\u00e4tt. Det spelar ingen roll om det \u00e4r p\u00e5 huvudet, i nacken eller i ansiktet. ER-DGP65 h\u00e5rklippare fr\u00e5n Panasonic kan anv\u00e4ndas p\u00e5 ett flexibelt s\u00e4tt. B\u00e5de n\u00e4tdrift och batteridrift \u00e4r m\u00f6jligt. Litiumjonbatteriet f\u00f6rser en linj\u00e4r motor med energi. Tack vare konstant kontroll minskar inte klippf\u00f6rm\u00e5gan med batteriets laddningsniv\u00e5. En drifttid p\u00e5 upp till 50 minuter \u00e4r m\u00f6jlig. Tv\u00e5 lysdioder signalerar n\u00e4tdrift och tomt batteri. Laddningstiden med den medf\u00f6ljande kabeln \u00e4r 1 timme. Den integrerade sp\u00e4nningsjusteringen m\u00f6jligg\u00f6r internationell anv\u00e4ndning.\" \/>\n<meta name=\"robots\" content=\"index, follow, max-snippet:-1, max-image-preview:large, max-video-preview:-1\" \/>\n<link rel=\"canonical\" href=\"https:\/\/masterfrisormobler.se\/en\/product\/panasonic-harklippare-er-dgp65\/\" \/>\n<meta property=\"og:locale\" content=\"en_US\" \/>\n<meta property=\"og:type\" content=\"article\" \/>\n<meta property=\"og:title\" content=\"Panasonic H\u00e5rklippare ER-DGP65 - Nord Master Fris\u00f6r M\u00f6bler\" \/>\n<meta property=\"og:description\" content=\"Panasonic H\u00e5rklippare ER-DGP65,ER-DGP65 fr\u00e5n Panasonic \u00e4r en professionell h\u00e5rklippare. Den garanterar en ren klippning med sin X-taper Blade 2.0-teknik. Klipperbladen har en diamondliknande kolbel\u00e4ggning. Deras 45-gradiga kanter \u00e4r skarpa och exakta.Allroundern - l\u00e4mplig f\u00f6r huvud, sk\u00e4gg och nackeKlippl\u00e4ngden st\u00e4lls in inom ett intervall p\u00e5 0,8 till 2 mm med hj\u00e4lp av ett justerhjul p\u00e5 framsidan. Leveransen inkluderar 3 kamtillbeh\u00f6r. Var och en kan anv\u00e4ndas p\u00e5 b\u00e5da sidor. De \u00e4r utformade f\u00f6r en h\u00e5rl\u00e4ngd p\u00e5 3\/4, 6\/9 respektive 12\/15 mm. Bladet i titan och kolst\u00e5l har l\u00e5ng livsl\u00e4ngd. &quot;X-taper 2.0&quot;-bladet f\u00e5ngar och trimmar \u00e4ven de minsta h\u00e5rstr\u00e5na p\u00e5 ett tillf\u00f6rlitligt s\u00e4tt. Det spelar ingen roll om det \u00e4r p\u00e5 huvudet, i nacken eller i ansiktet. ER-DGP65 h\u00e5rklippare fr\u00e5n Panasonic kan anv\u00e4ndas p\u00e5 ett flexibelt s\u00e4tt. B\u00e5de n\u00e4tdrift och batteridrift \u00e4r m\u00f6jligt. Litiumjonbatteriet f\u00f6rser en linj\u00e4r motor med energi. Tack vare konstant kontroll minskar inte klippf\u00f6rm\u00e5gan med batteriets laddningsniv\u00e5. En drifttid p\u00e5 upp till 50 minuter \u00e4r m\u00f6jlig. Tv\u00e5 lysdioder signalerar n\u00e4tdrift och tomt batteri. Laddningstiden med den medf\u00f6ljande kabeln \u00e4r 1 timme. Den integrerade sp\u00e4nningsjusteringen m\u00f6jligg\u00f6r internationell anv\u00e4ndning.\" \/>\n<meta property=\"og:url\" content=\"https:\/\/masterfrisormobler.se\/en\/product\/panasonic-harklippare-er-dgp65\/\" \/>\n<meta property=\"og:site_name\" content=\"Nord Master Fris\u00f6r M\u00f6bler\" \/>\n<meta property=\"article:publisher\" content=\"https:\/\/www.facebook.com\/profile.php?id=100095573704473\" \/>\n<meta property=\"article:modified_time\" content=\"2025-12-25T11:20:53+00:00\" \/>\n<meta property=\"og:image\" content=\"https:\/\/masterfrisormobler.se\/wp-content\/uploads\/2025\/10\/Add-a-eading.png-0111.png\" \/>\n\t<meta property=\"og:image:width\" content=\"800\" \/>\n\t<meta property=\"og:image:height\" content=\"800\" \/>\n\t<meta property=\"og:image:type\" content=\"image\/png\" \/>\n<meta name=\"twitter:card\" content=\"summary_large_image\" \/>\n<meta name=\"twitter:label1\" content=\"Est. reading time\" \/>\n\t<meta name=\"twitter:data1\" content=\"1 minute\" \/>\n<script type=\"application\/ld+json\" class=\"yoast-schema-graph\">{\"@context\":\"https:\/\/schema.org\",\"@graph\":[{\"@type\":\"WebPage\",\"@id\":\"https:\/\/masterfrisormobler.se\/product\/panasonic-harklippare-er-dgp65\/\",\"url\":\"https:\/\/masterfrisormobler.se\/product\/panasonic-harklippare-er-dgp65\/\",\"name\":\"Panasonic H\u00e5rklippare ER-DGP65 - Nord Master Fris\u00f6r M\u00f6bler\",\"isPartOf\":{\"@id\":\"https:\/\/masterfrisormobler.se\/#website\"},\"datePublished\":\"2025-10-09T12:13:35+00:00\",\"dateModified\":\"2025-12-25T11:20:53+00:00\",\"description\":\"Panasonic H\u00e5rklippare ER-DGP65,ER-DGP65 fr\u00e5n Panasonic \u00e4r en professionell h\u00e5rklippare. Den garanterar en ren klippning med sin X-taper Blade 2.0-teknik. Klipperbladen har en diamondliknande kolbel\u00e4ggning. Deras 45-gradiga kanter \u00e4r skarpa och exakta.Allroundern - l\u00e4mplig f\u00f6r huvud, sk\u00e4gg och nackeKlippl\u00e4ngden st\u00e4lls in inom ett intervall p\u00e5 0,8 till 2 mm med hj\u00e4lp av ett justerhjul p\u00e5 framsidan. Leveransen inkluderar 3 kamtillbeh\u00f6r. Var och en kan anv\u00e4ndas p\u00e5 b\u00e5da sidor. De \u00e4r utformade f\u00f6r en h\u00e5rl\u00e4ngd p\u00e5 3\/4, 6\/9 respektive 12\/15 mm. Bladet i titan och kolst\u00e5l har l\u00e5ng livsl\u00e4ngd. \\\"X-taper 2.0\\\"-bladet f\u00e5ngar och trimmar \u00e4ven de minsta h\u00e5rstr\u00e5na p\u00e5 ett tillf\u00f6rlitligt s\u00e4tt. Det spelar ingen roll om det \u00e4r p\u00e5 huvudet, i nacken eller i ansiktet. ER-DGP65 h\u00e5rklippare fr\u00e5n Panasonic kan anv\u00e4ndas p\u00e5 ett flexibelt s\u00e4tt. B\u00e5de n\u00e4tdrift och batteridrift \u00e4r m\u00f6jligt. Litiumjonbatteriet f\u00f6rser en linj\u00e4r motor med energi. Tack vare konstant kontroll minskar inte klippf\u00f6rm\u00e5gan med batteriets laddningsniv\u00e5. En drifttid p\u00e5 upp till 50 minuter \u00e4r m\u00f6jlig. Tv\u00e5 lysdioder signalerar n\u00e4tdrift och tomt batteri. Laddningstiden med den medf\u00f6ljande kabeln \u00e4r 1 timme. Den integrerade sp\u00e4nningsjusteringen m\u00f6jligg\u00f6r internationell anv\u00e4ndning.\",\"breadcrumb\":{\"@id\":\"https:\/\/masterfrisormobler.se\/product\/panasonic-harklippare-er-dgp65\/#breadcrumb\"},\"inLanguage\":\"en-US\",\"potentialAction\":[{\"@type\":\"ReadAction\",\"target\":[\"https:\/\/masterfrisormobler.se\/product\/panasonic-harklippare-er-dgp65\/\"]}]},{\"@type\":\"BreadcrumbList\",\"@id\":\"https:\/\/masterfrisormobler.se\/product\/panasonic-harklippare-er-dgp65\/#breadcrumb\",\"itemListElement\":[{\"@type\":\"ListItem\",\"position\":1,\"name\":\"Home\",\"item\":\"https:\/\/masterfrisormobler.se\/\"},{\"@type\":\"ListItem\",\"position\":2,\"name\":\"Store\",\"item\":\"https:\/\/masterfrisormobler.se\/store-master-frisor-mobler\/\"},{\"@type\":\"ListItem\",\"position\":3,\"name\":\"Panasonic H\u00e5rklippare ER-DGP65\"}]},{\"@type\":\"WebSite\",\"@id\":\"https:\/\/masterfrisormobler.se\/#website\",\"url\":\"https:\/\/masterfrisormobler.se\/\",\"name\":\"https:\/\/masterfrisormobler.se\/\",\"description\":\"Den b\u00e4sta butiken f\u00f6r att s\u00e4lja Fris\u00f6rm\u00f6bler och produkter.\",\"publisher\":{\"@id\":\"https:\/\/masterfrisormobler.se\/#organization\"},\"potentialAction\":[{\"@type\":\"SearchAction\",\"target\":{\"@type\":\"EntryPoint\",\"urlTemplate\":\"https:\/\/masterfrisormobler.se\/?s={search_term_string}\"},\"query-input\":\"required name=search_term_string\"}],\"inLanguage\":\"en-US\"},{\"@type\":\"Organization\",\"@id\":\"https:\/\/masterfrisormobler.se\/#organization\",\"name\":\"Nord master fris\u00f6r mobler\",\"url\":\"https:\/\/masterfrisormobler.se\/\",\"logo\":{\"@type\":\"ImageObject\",\"inLanguage\":\"en-US\",\"@id\":\"https:\/\/masterfrisormobler.se\/#\/schema\/logo\/image\/\",\"url\":\"https:\/\/masterfrisormobler.se\/wp-content\/uploads\/2023\/08\/cropped-512x512-sara.jpeg\",\"contentUrl\":\"https:\/\/masterfrisormobler.se\/wp-content\/uploads\/2023\/08\/cropped-512x512-sara.jpeg\",\"width\":512,\"height\":512,\"caption\":\"Nord master fris\u00f6r mobler\"},\"image\":{\"@id\":\"https:\/\/masterfrisormobler.se\/#\/schema\/logo\/image\/\"},\"sameAs\":[\"https:\/\/www.facebook.com\/profile.php?id=100095573704473\",\"https:\/\/www.tiktok.com\/@master.frisr.mble\",\"https:\/\/www.instagram.com\/masterfrisormobler\/\"]}]}<\/script>\n<!-- \/ Yoast SEO plugin. -->","yoast_head_json":{"title":"Panasonic H\u00e5rklippare ER-DGP65 - Nord Master Fris\u00f6r M\u00f6bler","description":"Panasonic H\u00e5rklippare ER-DGP65,ER-DGP65 fr\u00e5n Panasonic \u00e4r en professionell h\u00e5rklippare. Den garanterar en ren klippning med sin X-taper Blade 2.0-teknik. Klipperbladen har en diamondliknande kolbel\u00e4ggning. Deras 45-gradiga kanter \u00e4r skarpa och exakta.Allroundern - l\u00e4mplig f\u00f6r huvud, sk\u00e4gg och nackeKlippl\u00e4ngden st\u00e4lls in inom ett intervall p\u00e5 0,8 till 2 mm med hj\u00e4lp av ett justerhjul p\u00e5 framsidan. Leveransen inkluderar 3 kamtillbeh\u00f6r. Var och en kan anv\u00e4ndas p\u00e5 b\u00e5da sidor. De \u00e4r utformade f\u00f6r en h\u00e5rl\u00e4ngd p\u00e5 3\/4, 6\/9 respektive 12\/15 mm. Bladet i titan och kolst\u00e5l har l\u00e5ng livsl\u00e4ngd. \"X-taper 2.0\"-bladet f\u00e5ngar och trimmar \u00e4ven de minsta h\u00e5rstr\u00e5na p\u00e5 ett tillf\u00f6rlitligt s\u00e4tt. Det spelar ingen roll om det \u00e4r p\u00e5 huvudet, i nacken eller i ansiktet. ER-DGP65 h\u00e5rklippare fr\u00e5n Panasonic kan anv\u00e4ndas p\u00e5 ett flexibelt s\u00e4tt. B\u00e5de n\u00e4tdrift och batteridrift \u00e4r m\u00f6jligt. Litiumjonbatteriet f\u00f6rser en linj\u00e4r motor med energi. Tack vare konstant kontroll minskar inte klippf\u00f6rm\u00e5gan med batteriets laddningsniv\u00e5. En drifttid p\u00e5 upp till 50 minuter \u00e4r m\u00f6jlig. Tv\u00e5 lysdioder signalerar n\u00e4tdrift och tomt batteri. Laddningstiden med den medf\u00f6ljande kabeln \u00e4r 1 timme. Den integrerade sp\u00e4nningsjusteringen m\u00f6jligg\u00f6r internationell anv\u00e4ndning.","robots":{"index":"index","follow":"follow","max-snippet":"max-snippet:-1","max-image-preview":"max-image-preview:large","max-video-preview":"max-video-preview:-1"},"canonical":"https:\/\/masterfrisormobler.se\/en\/product\/panasonic-harklippare-er-dgp65\/","og_locale":"en_US","og_type":"article","og_title":"Panasonic H\u00e5rklippare ER-DGP65 - Nord Master Fris\u00f6r M\u00f6bler","og_description":"Panasonic H\u00e5rklippare ER-DGP65,ER-DGP65 fr\u00e5n Panasonic \u00e4r en professionell h\u00e5rklippare. Den garanterar en ren klippning med sin X-taper Blade 2.0-teknik. Klipperbladen har en diamondliknande kolbel\u00e4ggning. Deras 45-gradiga kanter \u00e4r skarpa och exakta.Allroundern - l\u00e4mplig f\u00f6r huvud, sk\u00e4gg och nackeKlippl\u00e4ngden st\u00e4lls in inom ett intervall p\u00e5 0,8 till 2 mm med hj\u00e4lp av ett justerhjul p\u00e5 framsidan. Leveransen inkluderar 3 kamtillbeh\u00f6r. Var och en kan anv\u00e4ndas p\u00e5 b\u00e5da sidor. De \u00e4r utformade f\u00f6r en h\u00e5rl\u00e4ngd p\u00e5 3\/4, 6\/9 respektive 12\/15 mm. Bladet i titan och kolst\u00e5l har l\u00e5ng livsl\u00e4ngd. \"X-taper 2.0\"-bladet f\u00e5ngar och trimmar \u00e4ven de minsta h\u00e5rstr\u00e5na p\u00e5 ett tillf\u00f6rlitligt s\u00e4tt. Det spelar ingen roll om det \u00e4r p\u00e5 huvudet, i nacken eller i ansiktet. ER-DGP65 h\u00e5rklippare fr\u00e5n Panasonic kan anv\u00e4ndas p\u00e5 ett flexibelt s\u00e4tt. B\u00e5de n\u00e4tdrift och batteridrift \u00e4r m\u00f6jligt. Litiumjonbatteriet f\u00f6rser en linj\u00e4r motor med energi. Tack vare konstant kontroll minskar inte klippf\u00f6rm\u00e5gan med batteriets laddningsniv\u00e5. En drifttid p\u00e5 upp till 50 minuter \u00e4r m\u00f6jlig. Tv\u00e5 lysdioder signalerar n\u00e4tdrift och tomt batteri. Laddningstiden med den medf\u00f6ljande kabeln \u00e4r 1 timme. Den integrerade sp\u00e4nningsjusteringen m\u00f6jligg\u00f6r internationell anv\u00e4ndning.","og_url":"https:\/\/masterfrisormobler.se\/en\/product\/panasonic-harklippare-er-dgp65\/","og_site_name":"Nord Master Fris\u00f6r M\u00f6bler","article_publisher":"https:\/\/www.facebook.com\/profile.php?id=100095573704473","article_modified_time":"2025-12-25T11:20:53+00:00","og_image":[{"width":800,"height":800,"url":"https:\/\/masterfrisormobler.se\/wp-content\/uploads\/2025\/10\/Add-a-eading.png-0111.png","type":"image\/png"}],"twitter_card":"summary_large_image","twitter_misc":{"Est. reading time":"1 minute"},"schema":{"@context":"https:\/\/schema.org","@graph":[{"@type":"WebPage","@id":"https:\/\/masterfrisormobler.se\/product\/panasonic-harklippare-er-dgp65\/","url":"https:\/\/masterfrisormobler.se\/product\/panasonic-harklippare-er-dgp65\/","name":"Panasonic H\u00e5rklippare ER-DGP65 - Nord Master Fris\u00f6r M\u00f6bler","isPartOf":{"@id":"https:\/\/masterfrisormobler.se\/#website"},"datePublished":"2025-10-09T12:13:35+00:00","dateModified":"2025-12-25T11:20:53+00:00","description":"Panasonic H\u00e5rklippare ER-DGP65,ER-DGP65 fr\u00e5n Panasonic \u00e4r en professionell h\u00e5rklippare. Den garanterar en ren klippning med sin X-taper Blade 2.0-teknik. Klipperbladen har en diamondliknande kolbel\u00e4ggning. Deras 45-gradiga kanter \u00e4r skarpa och exakta.Allroundern - l\u00e4mplig f\u00f6r huvud, sk\u00e4gg och nackeKlippl\u00e4ngden st\u00e4lls in inom ett intervall p\u00e5 0,8 till 2 mm med hj\u00e4lp av ett justerhjul p\u00e5 framsidan. Leveransen inkluderar 3 kamtillbeh\u00f6r. Var och en kan anv\u00e4ndas p\u00e5 b\u00e5da sidor. De \u00e4r utformade f\u00f6r en h\u00e5rl\u00e4ngd p\u00e5 3\/4, 6\/9 respektive 12\/15 mm. Bladet i titan och kolst\u00e5l har l\u00e5ng livsl\u00e4ngd. \"X-taper 2.0\"-bladet f\u00e5ngar och trimmar \u00e4ven de minsta h\u00e5rstr\u00e5na p\u00e5 ett tillf\u00f6rlitligt s\u00e4tt. Det spelar ingen roll om det \u00e4r p\u00e5 huvudet, i nacken eller i ansiktet. ER-DGP65 h\u00e5rklippare fr\u00e5n Panasonic kan anv\u00e4ndas p\u00e5 ett flexibelt s\u00e4tt. B\u00e5de n\u00e4tdrift och batteridrift \u00e4r m\u00f6jligt. Litiumjonbatteriet f\u00f6rser en linj\u00e4r motor med energi. Tack vare konstant kontroll minskar inte klippf\u00f6rm\u00e5gan med batteriets laddningsniv\u00e5. En drifttid p\u00e5 upp till 50 minuter \u00e4r m\u00f6jlig. Tv\u00e5 lysdioder signalerar n\u00e4tdrift och tomt batteri. Laddningstiden med den medf\u00f6ljande kabeln \u00e4r 1 timme. Den integrerade sp\u00e4nningsjusteringen m\u00f6jligg\u00f6r internationell anv\u00e4ndning.","breadcrumb":{"@id":"https:\/\/masterfrisormobler.se\/product\/panasonic-harklippare-er-dgp65\/#breadcrumb"},"inLanguage":"en-US","potentialAction":[{"@type":"ReadAction","target":["https:\/\/masterfrisormobler.se\/product\/panasonic-harklippare-er-dgp65\/"]}]},{"@type":"BreadcrumbList","@id":"https:\/\/masterfrisormobler.se\/product\/panasonic-harklippare-er-dgp65\/#breadcrumb","itemListElement":[{"@type":"ListItem","position":1,"name":"Home","item":"https:\/\/masterfrisormobler.se\/"},{"@type":"ListItem","position":2,"name":"Store","item":"https:\/\/masterfrisormobler.se\/store-master-frisor-mobler\/"},{"@type":"ListItem","position":3,"name":"Panasonic H\u00e5rklippare ER-DGP65"}]},{"@type":"WebSite","@id":"https:\/\/masterfrisormobler.se\/#website","url":"https:\/\/masterfrisormobler.se\/","name":"https:\/\/masterfrisormobler.se\/","description":"Den b\u00e4sta butiken f\u00f6r att s\u00e4lja Fris\u00f6rm\u00f6bler och produkter.","publisher":{"@id":"https:\/\/masterfrisormobler.se\/#organization"},"potentialAction":[{"@type":"SearchAction","target":{"@type":"EntryPoint","urlTemplate":"https:\/\/masterfrisormobler.se\/?s={search_term_string}"},"query-input":"required name=search_term_string"}],"inLanguage":"en-US"},{"@type":"Organization","@id":"https:\/\/masterfrisormobler.se\/#organization","name":"Nord master fris\u00f6r mobler","url":"https:\/\/masterfrisormobler.se\/","logo":{"@type":"ImageObject","inLanguage":"en-US","@id":"https:\/\/masterfrisormobler.se\/#\/schema\/logo\/image\/","url":"https:\/\/masterfrisormobler.se\/wp-content\/uploads\/2023\/08\/cropped-512x512-sara.jpeg","contentUrl":"https:\/\/masterfrisormobler.se\/wp-content\/uploads\/2023\/08\/cropped-512x512-sara.jpeg","width":512,"height":512,"caption":"Nord master fris\u00f6r mobler"},"image":{"@id":"https:\/\/masterfrisormobler.se\/#\/schema\/logo\/image\/"},"sameAs":["https:\/\/www.facebook.com\/profile.php?id=100095573704473","https:\/\/www.tiktok.com\/@master.frisr.mble","https:\/\/www.instagram.com\/masterfrisormobler\/"]}]}},"_links":{"self":[{"href":"https:\/\/masterfrisormobler.se\/en\/wp-json\/wp\/v2\/product\/6749"}],"collection":[{"href":"https:\/\/masterfrisormobler.se\/en\/wp-json\/wp\/v2\/product"}],"about":[{"href":"https:\/\/masterfrisormobler.se\/en\/wp-json\/wp\/v2\/types\/product"}],"version-history":[{"count":1,"href":"https:\/\/masterfrisormobler.se\/en\/wp-json\/wp\/v2\/product\/6749\/revisions"}],"predecessor-version":[{"id":6753,"href":"https:\/\/masterfrisormobler.se\/en\/wp-json\/wp\/v2\/product\/6749\/revisions\/6753"}],"wp:featuredmedia":[{"embeddable":true,"href":"https:\/\/masterfrisormobler.se\/en\/wp-json\/wp\/v2\/media\/6750"}],"wp:attachment":[{"href":"https:\/\/masterfrisormobler.se\/en\/wp-json\/wp\/v2\/media?parent=6749"}],"wp:term":[{"taxonomy":"product_cat","embeddable":true,"href":"https:\/\/masterfrisormobler.se\/en\/wp-json\/wp\/v2\/product_cat?post=6749"},{"taxonomy":"product_tag","embeddable":true,"href":"https:\/\/masterfrisormobler.se\/en\/wp-json\/wp\/v2\/product_tag?post=6749"}],"curies":[{"name":"wp","href":"https:\/\/api.w.org\/{rel}","templated":true}]}}