{"id":6743,"date":"2025-10-09T11:50:26","date_gmt":"2025-10-09T11:50:26","guid":{"rendered":"https:\/\/masterfrisormobler.se\/?post_type=product&#038;p=6743"},"modified":"2026-03-26T14:57:13","modified_gmt":"2026-03-26T14:57:13","slug":"andis-gtx-exo-cordless-li-trimmer","status":"publish","type":"product","link":"https:\/\/masterfrisormobler.se\/en\/product\/andis-gtx-exo-cordless-li-trimmer\/","title":{"rendered":"Andis GTX-EXO\u2122 Cordless Li Trimmer"},"content":{"rendered":"<h1 class=\"page-title\"><span class=\"base\" data-ui-id=\"page-title-wrapper\">Andis GTX-EXO\u2122 Cordless Li Trimmer<\/span><\/h1>\n<p>B\u00e4ttre \u00e4n n\u00e5gonsin. Ta din styling och kreativitet till n\u00e4sta niv\u00e5 med trimmern GTX-EXO\u2122. Medan du beh\u00e5ller allt du \u00e4lskar med den professionella standarden T-Outliner\u00ae, har precisionen tagit ett stort steg fram\u00e5t. En intuitiv form ger kristallklar synlighet n\u00e4r du konturerar, rakar och st\u00e4ller upp. De b\u00e4ttre \u00e4n n\u00e5gonsin GTX-Z-bladen har bearbetats f\u00f6r att sk\u00e4ra n\u00e4rmare \u00e4n tidigare och kan ha nollgap. Tr\u00e5dl\u00f6st betyder mer fl\u00f6de och mindre begr\u00e4nsningar, s\u00e5 du kan beh\u00e5lla det fria fl\u00f6det tills batteriet s\u00e4ger &#8221;stopp&#8221;<\/p>\n<p><strong>Vad ing\u00e5r:<\/strong><\/p>\n<ul>\n<li>Avst\u00e5ndskanter<\/li>\n<li>Liten borste<\/li>\n<li>Olja<\/li>\n<li>Kabeln\u00e4tadapter<\/li>\n<\/ul>\n<p><strong>Underh\u00e5ll:<\/strong><\/p>\n<p>Maskinen levereras med en liten oljeflaska och en liten borste, som anv\u00e4nds f\u00f6r att sm\u00f6rja och ta bort h\u00e5r fr\u00e5n maskinen efter behov.<br \/>\nI h\u00e4ndelse av att bladet slits ut under en l\u00e4ngre tid \u00e4r det superenkelt att byta.<\/p>\n<p><strong>Funktioner:<\/strong><\/p>\n<ul>\n<li>Ultra skarpa linjer<\/li>\n<li>Optimal klippprestanda i torrt h\u00e5r.<\/li>\n<li>Klippl\u00e4ngd kontinuerlig 0,1 mm.<\/li>\n<li>4 slipkammar (1,5\/3\/6\/10 mm)<\/li>\n<\/ul>\n<p><strong>Tekniska specifikationer:<\/strong><\/p>\n<ul>\n<li>Kraftfull roterande motor med 6700 varv\/min.<\/li>\n<li>Driftsp\u00e4nning: 240V \/ 50HZ.<\/li>\n<li>Tillverkad i USA\/Kina<\/li>\n<\/ul>","protected":false},"excerpt":{"rendered":"<h6 class=\"page-title\"><span class=\"base\" data-ui-id=\"page-title-wrapper\">Andis GTX-EXO\u2122 Cordless Li Trimmer<\/span><\/h6>\n<h5>exklusive Moms<\/h5>\n<p>Pris inkl Frakt<\/p>\n<p>Leveranstid: 2-5 dagar<\/p>","protected":false},"featured_media":6745,"template":"","meta":{"site-sidebar-layout":"default","site-content-layout":"","ast-site-content-layout":"default","site-content-style":"default","site-sidebar-style":"default","ast-global-header-display":"","ast-banner-title-visibility":"","ast-main-header-display":"","ast-hfb-above-header-display":"","ast-hfb-below-header-display":"","ast-hfb-mobile-header-display":"","site-post-title":"","ast-breadcrumbs-content":"","ast-featured-img":"","footer-sml-layout":"","theme-transparent-header-meta":"default","adv-header-id-meta":"","stick-header-meta":"","header-above-stick-meta":"","header-main-stick-meta":"","header-below-stick-meta":"","astra-migrate-meta-layouts":"set","_joinchat":[]},"product_cat":[57,77,75],"product_tag":[],"yoast_head":"<!-- This site is optimized with the Yoast SEO plugin v21.2 - https:\/\/yoast.com\/wordpress\/plugins\/seo\/ -->\n<title>Andis GTX-EXO\u2122 Cordless Li Trimmer - Nord Master Fris\u00f6r M\u00f6bler<\/title>\n<meta name=\"description\" content=\"Andis GTX-EXO\u2122 Cordless Li Trimmer,Underh\u00e5ll:Maskinen levereras med en liten oljeflaska och en liten borste, som anv\u00e4nds f\u00f6r att sm\u00f6rja och ta bort h\u00e5r fr\u00e5n maskinen efter behov.I h\u00e4ndelse av att bladet slits ut under en l\u00e4ngre tid \u00e4r det superenkelt att byta.\" \/>\n<meta name=\"robots\" content=\"index, follow, max-snippet:-1, max-image-preview:large, max-video-preview:-1\" \/>\n<link rel=\"canonical\" href=\"https:\/\/masterfrisormobler.se\/en\/product\/andis-gtx-exo-cordless-li-trimmer\/\" \/>\n<meta property=\"og:locale\" content=\"en_US\" \/>\n<meta property=\"og:type\" content=\"article\" \/>\n<meta property=\"og:title\" content=\"Andis GTX-EXO\u2122 Cordless Li Trimmer - Nord Master Fris\u00f6r M\u00f6bler\" \/>\n<meta property=\"og:description\" content=\"Andis GTX-EXO\u2122 Cordless Li Trimmer,Underh\u00e5ll:Maskinen levereras med en liten oljeflaska och en liten borste, som anv\u00e4nds f\u00f6r att sm\u00f6rja och ta bort h\u00e5r fr\u00e5n maskinen efter behov.I h\u00e4ndelse av att bladet slits ut under en l\u00e4ngre tid \u00e4r det superenkelt att byta.\" \/>\n<meta property=\"og:url\" content=\"https:\/\/masterfrisormobler.se\/en\/product\/andis-gtx-exo-cordless-li-trimmer\/\" \/>\n<meta property=\"og:site_name\" content=\"Nord Master Fris\u00f6r M\u00f6bler\" \/>\n<meta property=\"article:publisher\" content=\"https:\/\/www.facebook.com\/profile.php?id=100095573704473\" \/>\n<meta property=\"article:modified_time\" content=\"2026-03-26T14:57:13+00:00\" \/>\n<meta property=\"og:image\" content=\"https:\/\/masterfrisormobler.se\/wp-content\/uploads\/2025\/10\/74150-gtx-exo-trimmer-orl-s-straight-stand-web-6.webp\" \/>\n\t<meta property=\"og:image:width\" content=\"780\" \/>\n\t<meta property=\"og:image:height\" content=\"920\" \/>\n\t<meta property=\"og:image:type\" content=\"image\/webp\" \/>\n<meta name=\"twitter:card\" content=\"summary_large_image\" \/>\n<meta name=\"twitter:label1\" content=\"Est. reading time\" \/>\n\t<meta name=\"twitter:data1\" content=\"1 minute\" \/>\n<script type=\"application\/ld+json\" class=\"yoast-schema-graph\">{\"@context\":\"https:\/\/schema.org\",\"@graph\":[{\"@type\":\"WebPage\",\"@id\":\"https:\/\/masterfrisormobler.se\/product\/andis-gtx-exo-cordless-li-trimmer\/\",\"url\":\"https:\/\/masterfrisormobler.se\/product\/andis-gtx-exo-cordless-li-trimmer\/\",\"name\":\"Andis GTX-EXO\u2122 Cordless Li Trimmer - Nord Master Fris\u00f6r M\u00f6bler\",\"isPartOf\":{\"@id\":\"https:\/\/masterfrisormobler.se\/#website\"},\"datePublished\":\"2025-10-09T11:50:26+00:00\",\"dateModified\":\"2026-03-26T14:57:13+00:00\",\"description\":\"Andis GTX-EXO\u2122 Cordless Li Trimmer,Underh\u00e5ll:Maskinen levereras med en liten oljeflaska och en liten borste, som anv\u00e4nds f\u00f6r att sm\u00f6rja och ta bort h\u00e5r fr\u00e5n maskinen efter behov.I h\u00e4ndelse av att bladet slits ut under en l\u00e4ngre tid \u00e4r det superenkelt att byta.\",\"breadcrumb\":{\"@id\":\"https:\/\/masterfrisormobler.se\/product\/andis-gtx-exo-cordless-li-trimmer\/#breadcrumb\"},\"inLanguage\":\"en-US\",\"potentialAction\":[{\"@type\":\"ReadAction\",\"target\":[\"https:\/\/masterfrisormobler.se\/product\/andis-gtx-exo-cordless-li-trimmer\/\"]}]},{\"@type\":\"BreadcrumbList\",\"@id\":\"https:\/\/masterfrisormobler.se\/product\/andis-gtx-exo-cordless-li-trimmer\/#breadcrumb\",\"itemListElement\":[{\"@type\":\"ListItem\",\"position\":1,\"name\":\"Home\",\"item\":\"https:\/\/masterfrisormobler.se\/\"},{\"@type\":\"ListItem\",\"position\":2,\"name\":\"Store\",\"item\":\"https:\/\/masterfrisormobler.se\/store-master-frisor-mobler\/\"},{\"@type\":\"ListItem\",\"position\":3,\"name\":\"Andis GTX-EXO\u2122 Cordless Li Trimmer\"}]},{\"@type\":\"WebSite\",\"@id\":\"https:\/\/masterfrisormobler.se\/#website\",\"url\":\"https:\/\/masterfrisormobler.se\/\",\"name\":\"https:\/\/masterfrisormobler.se\/\",\"description\":\"Den b\u00e4sta butiken f\u00f6r att s\u00e4lja Fris\u00f6rm\u00f6bler och produkter.\",\"publisher\":{\"@id\":\"https:\/\/masterfrisormobler.se\/#organization\"},\"potentialAction\":[{\"@type\":\"SearchAction\",\"target\":{\"@type\":\"EntryPoint\",\"urlTemplate\":\"https:\/\/masterfrisormobler.se\/?s={search_term_string}\"},\"query-input\":\"required name=search_term_string\"}],\"inLanguage\":\"en-US\"},{\"@type\":\"Organization\",\"@id\":\"https:\/\/masterfrisormobler.se\/#organization\",\"name\":\"Nord master fris\u00f6r mobler\",\"url\":\"https:\/\/masterfrisormobler.se\/\",\"logo\":{\"@type\":\"ImageObject\",\"inLanguage\":\"en-US\",\"@id\":\"https:\/\/masterfrisormobler.se\/#\/schema\/logo\/image\/\",\"url\":\"https:\/\/masterfrisormobler.se\/wp-content\/uploads\/2023\/08\/cropped-512x512-sara.jpeg\",\"contentUrl\":\"https:\/\/masterfrisormobler.se\/wp-content\/uploads\/2023\/08\/cropped-512x512-sara.jpeg\",\"width\":512,\"height\":512,\"caption\":\"Nord master fris\u00f6r mobler\"},\"image\":{\"@id\":\"https:\/\/masterfrisormobler.se\/#\/schema\/logo\/image\/\"},\"sameAs\":[\"https:\/\/www.facebook.com\/profile.php?id=100095573704473\",\"https:\/\/www.tiktok.com\/@master.frisr.mble\",\"https:\/\/www.instagram.com\/masterfrisormobler\/\"]}]}<\/script>\n<!-- \/ Yoast SEO plugin. -->","yoast_head_json":{"title":"Andis GTX-EXO\u2122 Cordless Li Trimmer - Nord Master Fris\u00f6r M\u00f6bler","description":"Andis GTX-EXO\u2122 Cordless Li Trimmer,Underh\u00e5ll:Maskinen levereras med en liten oljeflaska och en liten borste, som anv\u00e4nds f\u00f6r att sm\u00f6rja och ta bort h\u00e5r fr\u00e5n maskinen efter behov.I h\u00e4ndelse av att bladet slits ut under en l\u00e4ngre tid \u00e4r det superenkelt att byta.","robots":{"index":"index","follow":"follow","max-snippet":"max-snippet:-1","max-image-preview":"max-image-preview:large","max-video-preview":"max-video-preview:-1"},"canonical":"https:\/\/masterfrisormobler.se\/en\/product\/andis-gtx-exo-cordless-li-trimmer\/","og_locale":"en_US","og_type":"article","og_title":"Andis GTX-EXO\u2122 Cordless Li Trimmer - Nord Master Fris\u00f6r M\u00f6bler","og_description":"Andis GTX-EXO\u2122 Cordless Li Trimmer,Underh\u00e5ll:Maskinen levereras med en liten oljeflaska och en liten borste, som anv\u00e4nds f\u00f6r att sm\u00f6rja och ta bort h\u00e5r fr\u00e5n maskinen efter behov.I h\u00e4ndelse av att bladet slits ut under en l\u00e4ngre tid \u00e4r det superenkelt att byta.","og_url":"https:\/\/masterfrisormobler.se\/en\/product\/andis-gtx-exo-cordless-li-trimmer\/","og_site_name":"Nord Master Fris\u00f6r M\u00f6bler","article_publisher":"https:\/\/www.facebook.com\/profile.php?id=100095573704473","article_modified_time":"2026-03-26T14:57:13+00:00","og_image":[{"width":780,"height":920,"url":"https:\/\/masterfrisormobler.se\/wp-content\/uploads\/2025\/10\/74150-gtx-exo-trimmer-orl-s-straight-stand-web-6.webp","type":"image\/webp"}],"twitter_card":"summary_large_image","twitter_misc":{"Est. reading time":"1 minute"},"schema":{"@context":"https:\/\/schema.org","@graph":[{"@type":"WebPage","@id":"https:\/\/masterfrisormobler.se\/product\/andis-gtx-exo-cordless-li-trimmer\/","url":"https:\/\/masterfrisormobler.se\/product\/andis-gtx-exo-cordless-li-trimmer\/","name":"Andis GTX-EXO\u2122 Cordless Li Trimmer - Nord Master Fris\u00f6r M\u00f6bler","isPartOf":{"@id":"https:\/\/masterfrisormobler.se\/#website"},"datePublished":"2025-10-09T11:50:26+00:00","dateModified":"2026-03-26T14:57:13+00:00","description":"Andis GTX-EXO\u2122 Cordless Li Trimmer,Underh\u00e5ll:Maskinen levereras med en liten oljeflaska och en liten borste, som anv\u00e4nds f\u00f6r att sm\u00f6rja och ta bort h\u00e5r fr\u00e5n maskinen efter behov.I h\u00e4ndelse av att bladet slits ut under en l\u00e4ngre tid \u00e4r det superenkelt att byta.","breadcrumb":{"@id":"https:\/\/masterfrisormobler.se\/product\/andis-gtx-exo-cordless-li-trimmer\/#breadcrumb"},"inLanguage":"en-US","potentialAction":[{"@type":"ReadAction","target":["https:\/\/masterfrisormobler.se\/product\/andis-gtx-exo-cordless-li-trimmer\/"]}]},{"@type":"BreadcrumbList","@id":"https:\/\/masterfrisormobler.se\/product\/andis-gtx-exo-cordless-li-trimmer\/#breadcrumb","itemListElement":[{"@type":"ListItem","position":1,"name":"Home","item":"https:\/\/masterfrisormobler.se\/"},{"@type":"ListItem","position":2,"name":"Store","item":"https:\/\/masterfrisormobler.se\/store-master-frisor-mobler\/"},{"@type":"ListItem","position":3,"name":"Andis GTX-EXO\u2122 Cordless Li Trimmer"}]},{"@type":"WebSite","@id":"https:\/\/masterfrisormobler.se\/#website","url":"https:\/\/masterfrisormobler.se\/","name":"https:\/\/masterfrisormobler.se\/","description":"Den b\u00e4sta butiken f\u00f6r att s\u00e4lja Fris\u00f6rm\u00f6bler och produkter.","publisher":{"@id":"https:\/\/masterfrisormobler.se\/#organization"},"potentialAction":[{"@type":"SearchAction","target":{"@type":"EntryPoint","urlTemplate":"https:\/\/masterfrisormobler.se\/?s={search_term_string}"},"query-input":"required name=search_term_string"}],"inLanguage":"en-US"},{"@type":"Organization","@id":"https:\/\/masterfrisormobler.se\/#organization","name":"Nord master fris\u00f6r mobler","url":"https:\/\/masterfrisormobler.se\/","logo":{"@type":"ImageObject","inLanguage":"en-US","@id":"https:\/\/masterfrisormobler.se\/#\/schema\/logo\/image\/","url":"https:\/\/masterfrisormobler.se\/wp-content\/uploads\/2023\/08\/cropped-512x512-sara.jpeg","contentUrl":"https:\/\/masterfrisormobler.se\/wp-content\/uploads\/2023\/08\/cropped-512x512-sara.jpeg","width":512,"height":512,"caption":"Nord master fris\u00f6r mobler"},"image":{"@id":"https:\/\/masterfrisormobler.se\/#\/schema\/logo\/image\/"},"sameAs":["https:\/\/www.facebook.com\/profile.php?id=100095573704473","https:\/\/www.tiktok.com\/@master.frisr.mble","https:\/\/www.instagram.com\/masterfrisormobler\/"]}]}},"_links":{"self":[{"href":"https:\/\/masterfrisormobler.se\/en\/wp-json\/wp\/v2\/product\/6743"}],"collection":[{"href":"https:\/\/masterfrisormobler.se\/en\/wp-json\/wp\/v2\/product"}],"about":[{"href":"https:\/\/masterfrisormobler.se\/en\/wp-json\/wp\/v2\/types\/product"}],"version-history":[{"count":2,"href":"https:\/\/masterfrisormobler.se\/en\/wp-json\/wp\/v2\/product\/6743\/revisions"}],"predecessor-version":[{"id":6748,"href":"https:\/\/masterfrisormobler.se\/en\/wp-json\/wp\/v2\/product\/6743\/revisions\/6748"}],"wp:featuredmedia":[{"embeddable":true,"href":"https:\/\/masterfrisormobler.se\/en\/wp-json\/wp\/v2\/media\/6745"}],"wp:attachment":[{"href":"https:\/\/masterfrisormobler.se\/en\/wp-json\/wp\/v2\/media?parent=6743"}],"wp:term":[{"taxonomy":"product_cat","embeddable":true,"href":"https:\/\/masterfrisormobler.se\/en\/wp-json\/wp\/v2\/product_cat?post=6743"},{"taxonomy":"product_tag","embeddable":true,"href":"https:\/\/masterfrisormobler.se\/en\/wp-json\/wp\/v2\/product_tag?post=6743"}],"curies":[{"name":"wp","href":"https:\/\/api.w.org\/{rel}","templated":true}]}}