{"id":6721,"date":"2025-09-27T13:36:23","date_gmt":"2025-09-27T13:36:23","guid":{"rendered":"https:\/\/masterfrisormobler.se\/?post_type=product&#038;p=6721"},"modified":"2026-03-26T14:57:36","modified_gmt":"2026-03-26T14:57:36","slug":"wahl-gold-cordless-detailer-li","status":"publish","type":"product","link":"https:\/\/masterfrisormobler.se\/en\/product\/wahl-gold-cordless-detailer-li\/","title":{"rendered":"WAHL \u2013 Gold Cordless Detailer LI"},"content":{"rendered":"<h1 class=\"product_title entry-title\">WAHL \u2013 Gold Cordless Detailer LI<\/h1>\n<p>Letar du efter ett m\u00e5ngsidigt och bekv\u00e4mt s\u00e4tt att f\u00e5 de d\u00e4r irriterande detaljerna gjorda? D\u00e5 beh\u00f6ver du inte leta l\u00e4ngre, WAHL Gold Cordless Detailer f\u00e5r jobbet gjort. Det h\u00e4r kraftfulla T-formade sk\u00e4ret g\u00f6r det arbetet med alla detaljjobb till en dans. Kan anv\u00e4ndas b\u00e5de med och utan sladd \u00e4r den enkel att ta med sig.<\/p>\n<p>Denna professionella h\u00e5rtrimmer kommer i snygg guldig nyans som ger extremt n\u00e4ra trimmning med knivskarpa linjer som resultat. Snabbladdning som ger 14 minuters drifttid efter 5 minuters laddning. Vid fulladdat batteri kan du anv\u00e4nda maskinen i 100 minuter innan den beh\u00f6ver laddas igen. En full laddning tar 60 minuter. Kan \u00e4ven anv\u00e4ndas med kabel.<\/p>\n<p>Tack vare det guldpl\u00e4terade T-sk\u00e4ret blir det mindre friktion och d\u00e4rmed blir sk\u00e4ret inte lika varmt.\u00a0Klipper mycket h\u00e5r snabbt och \u00e4r perfekt f\u00f6r ansiktsh\u00e5r. Sk\u00e4ret kan justeras till zero overlap.<\/p>\n<p>Det medf\u00f6ljer tre distanskammar (1.5, 3.0 och 4.5 mm), reng\u00f6ringsborste, laddstativ, barberarkam, olja och skydd till sk\u00e4ret samt verktyg f\u00f6r justering av klippl\u00e4ngden p\u00e5 sk\u00e4r<\/p>","protected":false},"excerpt":{"rendered":"<p>Gold Cordless Detailer fr\u00e5n WAHL som \u00e4r klipper mycket h\u00e5r snabbt och \u00e4r perfekt f\u00f6r att klippa detaljer och skapa design i ansiktet. Har en snabbladdningsfunktion som ger 14 min drift vid 5 minuters laddning. Sk\u00e4ret kan justeras till zero-gap.<\/p>","protected":false},"featured_media":6722,"template":"","meta":{"site-sidebar-layout":"default","site-content-layout":"","ast-site-content-layout":"default","site-content-style":"default","site-sidebar-style":"default","ast-global-header-display":"","ast-banner-title-visibility":"","ast-main-header-display":"","ast-hfb-above-header-display":"","ast-hfb-below-header-display":"","ast-hfb-mobile-header-display":"","site-post-title":"","ast-breadcrumbs-content":"","ast-featured-img":"","footer-sml-layout":"","theme-transparent-header-meta":"default","adv-header-id-meta":"","stick-header-meta":"","header-above-stick-meta":"","header-main-stick-meta":"","header-below-stick-meta":"","astra-migrate-meta-layouts":"set","_joinchat":[]},"product_cat":[57,77,75],"product_tag":[],"yoast_head":"<!-- This site is optimized with the Yoast SEO plugin v21.2 - https:\/\/yoast.com\/wordpress\/plugins\/seo\/ -->\n<title>WAHL \u2013 Gold Cordless Detailer LI - Nord Master Fris\u00f6r M\u00f6bler<\/title>\n<meta name=\"description\" content=\"wahl-gold-cordless-detailer-li,som \u00e4r klipper mycket h\u00e5r snabbt och \u00e4r perfekt f\u00f6r att klippa detaljer och skapa design i ansiktet. Har en snabbladdningsfunktion som ger 14 min drift vid 5 minuters laddning. Sk\u00e4ret kan justeras till zero-gap\" \/>\n<meta name=\"robots\" content=\"index, follow, max-snippet:-1, max-image-preview:large, max-video-preview:-1\" \/>\n<link rel=\"canonical\" href=\"https:\/\/masterfrisormobler.se\/en\/product\/wahl-gold-cordless-detailer-li\/\" \/>\n<meta property=\"og:locale\" content=\"en_US\" \/>\n<meta property=\"og:type\" content=\"article\" \/>\n<meta property=\"og:title\" content=\"WAHL \u2013 Gold Cordless Detailer LI - Nord Master Fris\u00f6r M\u00f6bler\" \/>\n<meta property=\"og:description\" content=\"wahl-gold-cordless-detailer-li,som \u00e4r klipper mycket h\u00e5r snabbt och \u00e4r perfekt f\u00f6r att klippa detaljer och skapa design i ansiktet. Har en snabbladdningsfunktion som ger 14 min drift vid 5 minuters laddning. Sk\u00e4ret kan justeras till zero-gap\" \/>\n<meta property=\"og:url\" content=\"https:\/\/masterfrisormobler.se\/en\/product\/wahl-gold-cordless-detailer-li\/\" \/>\n<meta property=\"og:site_name\" content=\"Nord Master Fris\u00f6r M\u00f6bler\" \/>\n<meta property=\"article:publisher\" content=\"https:\/\/www.facebook.com\/profile.php?id=100095573704473\" \/>\n<meta property=\"article:modified_time\" content=\"2026-03-26T14:57:36+00:00\" \/>\n<meta property=\"og:image\" content=\"https:\/\/masterfrisormobler.se\/wp-content\/uploads\/2025\/09\/WAHL-Gold-Cordless-Detailer-LI2.jpg\" \/>\n\t<meta property=\"og:image:width\" content=\"1200\" \/>\n\t<meta property=\"og:image:height\" content=\"1200\" \/>\n\t<meta property=\"og:image:type\" content=\"image\/jpeg\" \/>\n<meta name=\"twitter:card\" content=\"summary_large_image\" \/>\n<meta name=\"twitter:label1\" content=\"Est. reading time\" \/>\n\t<meta name=\"twitter:data1\" content=\"1 minute\" \/>\n<script type=\"application\/ld+json\" class=\"yoast-schema-graph\">{\"@context\":\"https:\/\/schema.org\",\"@graph\":[{\"@type\":\"WebPage\",\"@id\":\"https:\/\/masterfrisormobler.se\/product\/wahl-gold-cordless-detailer-li\/\",\"url\":\"https:\/\/masterfrisormobler.se\/product\/wahl-gold-cordless-detailer-li\/\",\"name\":\"WAHL \u2013 Gold Cordless Detailer LI - Nord Master Fris\u00f6r M\u00f6bler\",\"isPartOf\":{\"@id\":\"https:\/\/masterfrisormobler.se\/#website\"},\"datePublished\":\"2025-09-27T13:36:23+00:00\",\"dateModified\":\"2026-03-26T14:57:36+00:00\",\"description\":\"wahl-gold-cordless-detailer-li,som \u00e4r klipper mycket h\u00e5r snabbt och \u00e4r perfekt f\u00f6r att klippa detaljer och skapa design i ansiktet. Har en snabbladdningsfunktion som ger 14 min drift vid 5 minuters laddning. Sk\u00e4ret kan justeras till zero-gap\",\"breadcrumb\":{\"@id\":\"https:\/\/masterfrisormobler.se\/product\/wahl-gold-cordless-detailer-li\/#breadcrumb\"},\"inLanguage\":\"en-US\",\"potentialAction\":[{\"@type\":\"ReadAction\",\"target\":[\"https:\/\/masterfrisormobler.se\/product\/wahl-gold-cordless-detailer-li\/\"]}]},{\"@type\":\"BreadcrumbList\",\"@id\":\"https:\/\/masterfrisormobler.se\/product\/wahl-gold-cordless-detailer-li\/#breadcrumb\",\"itemListElement\":[{\"@type\":\"ListItem\",\"position\":1,\"name\":\"Home\",\"item\":\"https:\/\/masterfrisormobler.se\/\"},{\"@type\":\"ListItem\",\"position\":2,\"name\":\"Store\",\"item\":\"https:\/\/masterfrisormobler.se\/store-master-frisor-mobler\/\"},{\"@type\":\"ListItem\",\"position\":3,\"name\":\"WAHL \u2013 Gold Cordless Detailer LI\"}]},{\"@type\":\"WebSite\",\"@id\":\"https:\/\/masterfrisormobler.se\/#website\",\"url\":\"https:\/\/masterfrisormobler.se\/\",\"name\":\"https:\/\/masterfrisormobler.se\/\",\"description\":\"Den b\u00e4sta butiken f\u00f6r att s\u00e4lja Fris\u00f6rm\u00f6bler och produkter.\",\"publisher\":{\"@id\":\"https:\/\/masterfrisormobler.se\/#organization\"},\"potentialAction\":[{\"@type\":\"SearchAction\",\"target\":{\"@type\":\"EntryPoint\",\"urlTemplate\":\"https:\/\/masterfrisormobler.se\/?s={search_term_string}\"},\"query-input\":\"required name=search_term_string\"}],\"inLanguage\":\"en-US\"},{\"@type\":\"Organization\",\"@id\":\"https:\/\/masterfrisormobler.se\/#organization\",\"name\":\"Nord master fris\u00f6r mobler\",\"url\":\"https:\/\/masterfrisormobler.se\/\",\"logo\":{\"@type\":\"ImageObject\",\"inLanguage\":\"en-US\",\"@id\":\"https:\/\/masterfrisormobler.se\/#\/schema\/logo\/image\/\",\"url\":\"https:\/\/masterfrisormobler.se\/wp-content\/uploads\/2023\/08\/cropped-512x512-sara.jpeg\",\"contentUrl\":\"https:\/\/masterfrisormobler.se\/wp-content\/uploads\/2023\/08\/cropped-512x512-sara.jpeg\",\"width\":512,\"height\":512,\"caption\":\"Nord master fris\u00f6r mobler\"},\"image\":{\"@id\":\"https:\/\/masterfrisormobler.se\/#\/schema\/logo\/image\/\"},\"sameAs\":[\"https:\/\/www.facebook.com\/profile.php?id=100095573704473\",\"https:\/\/www.tiktok.com\/@master.frisr.mble\",\"https:\/\/www.instagram.com\/masterfrisormobler\/\"]}]}<\/script>\n<!-- \/ Yoast SEO plugin. -->","yoast_head_json":{"title":"WAHL \u2013 Gold Cordless Detailer LI - Nord Master Fris\u00f6r M\u00f6bler","description":"wahl-gold-cordless-detailer-li,som \u00e4r klipper mycket h\u00e5r snabbt och \u00e4r perfekt f\u00f6r att klippa detaljer och skapa design i ansiktet. Har en snabbladdningsfunktion som ger 14 min drift vid 5 minuters laddning. Sk\u00e4ret kan justeras till zero-gap","robots":{"index":"index","follow":"follow","max-snippet":"max-snippet:-1","max-image-preview":"max-image-preview:large","max-video-preview":"max-video-preview:-1"},"canonical":"https:\/\/masterfrisormobler.se\/en\/product\/wahl-gold-cordless-detailer-li\/","og_locale":"en_US","og_type":"article","og_title":"WAHL \u2013 Gold Cordless Detailer LI - Nord Master Fris\u00f6r M\u00f6bler","og_description":"wahl-gold-cordless-detailer-li,som \u00e4r klipper mycket h\u00e5r snabbt och \u00e4r perfekt f\u00f6r att klippa detaljer och skapa design i ansiktet. Har en snabbladdningsfunktion som ger 14 min drift vid 5 minuters laddning. Sk\u00e4ret kan justeras till zero-gap","og_url":"https:\/\/masterfrisormobler.se\/en\/product\/wahl-gold-cordless-detailer-li\/","og_site_name":"Nord Master Fris\u00f6r M\u00f6bler","article_publisher":"https:\/\/www.facebook.com\/profile.php?id=100095573704473","article_modified_time":"2026-03-26T14:57:36+00:00","og_image":[{"width":1200,"height":1200,"url":"https:\/\/masterfrisormobler.se\/wp-content\/uploads\/2025\/09\/WAHL-Gold-Cordless-Detailer-LI2.jpg","type":"image\/jpeg"}],"twitter_card":"summary_large_image","twitter_misc":{"Est. reading time":"1 minute"},"schema":{"@context":"https:\/\/schema.org","@graph":[{"@type":"WebPage","@id":"https:\/\/masterfrisormobler.se\/product\/wahl-gold-cordless-detailer-li\/","url":"https:\/\/masterfrisormobler.se\/product\/wahl-gold-cordless-detailer-li\/","name":"WAHL \u2013 Gold Cordless Detailer LI - Nord Master Fris\u00f6r M\u00f6bler","isPartOf":{"@id":"https:\/\/masterfrisormobler.se\/#website"},"datePublished":"2025-09-27T13:36:23+00:00","dateModified":"2026-03-26T14:57:36+00:00","description":"wahl-gold-cordless-detailer-li,som \u00e4r klipper mycket h\u00e5r snabbt och \u00e4r perfekt f\u00f6r att klippa detaljer och skapa design i ansiktet. Har en snabbladdningsfunktion som ger 14 min drift vid 5 minuters laddning. Sk\u00e4ret kan justeras till zero-gap","breadcrumb":{"@id":"https:\/\/masterfrisormobler.se\/product\/wahl-gold-cordless-detailer-li\/#breadcrumb"},"inLanguage":"en-US","potentialAction":[{"@type":"ReadAction","target":["https:\/\/masterfrisormobler.se\/product\/wahl-gold-cordless-detailer-li\/"]}]},{"@type":"BreadcrumbList","@id":"https:\/\/masterfrisormobler.se\/product\/wahl-gold-cordless-detailer-li\/#breadcrumb","itemListElement":[{"@type":"ListItem","position":1,"name":"Home","item":"https:\/\/masterfrisormobler.se\/"},{"@type":"ListItem","position":2,"name":"Store","item":"https:\/\/masterfrisormobler.se\/store-master-frisor-mobler\/"},{"@type":"ListItem","position":3,"name":"WAHL \u2013 Gold Cordless Detailer LI"}]},{"@type":"WebSite","@id":"https:\/\/masterfrisormobler.se\/#website","url":"https:\/\/masterfrisormobler.se\/","name":"https:\/\/masterfrisormobler.se\/","description":"Den b\u00e4sta butiken f\u00f6r att s\u00e4lja Fris\u00f6rm\u00f6bler och produkter.","publisher":{"@id":"https:\/\/masterfrisormobler.se\/#organization"},"potentialAction":[{"@type":"SearchAction","target":{"@type":"EntryPoint","urlTemplate":"https:\/\/masterfrisormobler.se\/?s={search_term_string}"},"query-input":"required name=search_term_string"}],"inLanguage":"en-US"},{"@type":"Organization","@id":"https:\/\/masterfrisormobler.se\/#organization","name":"Nord master fris\u00f6r mobler","url":"https:\/\/masterfrisormobler.se\/","logo":{"@type":"ImageObject","inLanguage":"en-US","@id":"https:\/\/masterfrisormobler.se\/#\/schema\/logo\/image\/","url":"https:\/\/masterfrisormobler.se\/wp-content\/uploads\/2023\/08\/cropped-512x512-sara.jpeg","contentUrl":"https:\/\/masterfrisormobler.se\/wp-content\/uploads\/2023\/08\/cropped-512x512-sara.jpeg","width":512,"height":512,"caption":"Nord master fris\u00f6r mobler"},"image":{"@id":"https:\/\/masterfrisormobler.se\/#\/schema\/logo\/image\/"},"sameAs":["https:\/\/www.facebook.com\/profile.php?id=100095573704473","https:\/\/www.tiktok.com\/@master.frisr.mble","https:\/\/www.instagram.com\/masterfrisormobler\/"]}]}},"_links":{"self":[{"href":"https:\/\/masterfrisormobler.se\/en\/wp-json\/wp\/v2\/product\/6721"}],"collection":[{"href":"https:\/\/masterfrisormobler.se\/en\/wp-json\/wp\/v2\/product"}],"about":[{"href":"https:\/\/masterfrisormobler.se\/en\/wp-json\/wp\/v2\/types\/product"}],"version-history":[{"count":2,"href":"https:\/\/masterfrisormobler.se\/en\/wp-json\/wp\/v2\/product\/6721\/revisions"}],"predecessor-version":[{"id":6728,"href":"https:\/\/masterfrisormobler.se\/en\/wp-json\/wp\/v2\/product\/6721\/revisions\/6728"}],"wp:featuredmedia":[{"embeddable":true,"href":"https:\/\/masterfrisormobler.se\/en\/wp-json\/wp\/v2\/media\/6722"}],"wp:attachment":[{"href":"https:\/\/masterfrisormobler.se\/en\/wp-json\/wp\/v2\/media?parent=6721"}],"wp:term":[{"taxonomy":"product_cat","embeddable":true,"href":"https:\/\/masterfrisormobler.se\/en\/wp-json\/wp\/v2\/product_cat?post=6721"},{"taxonomy":"product_tag","embeddable":true,"href":"https:\/\/masterfrisormobler.se\/en\/wp-json\/wp\/v2\/product_tag?post=6721"}],"curies":[{"name":"wp","href":"https:\/\/api.w.org\/{rel}","templated":true}]}}