{"id":6460,"date":"2024-08-20T13:33:15","date_gmt":"2024-08-20T13:33:15","guid":{"rendered":"https:\/\/masterfrisormobler.se\/?post_type=product&#038;p=6460"},"modified":"2024-08-20T13:33:16","modified_gmt":"2024-08-20T13:33:16","slug":"vajerpendel-upphangningskit-10-pack","status":"publish","type":"product","link":"https:\/\/masterfrisormobler.se\/en\/product\/vajerpendel-upphangningskit-10-pack\/","title":{"rendered":"Vajerpendel Upph\u00e4ngningskit 10-PACK"},"content":{"rendered":"<p><strong>Vi presenterar v\u00e5r f\u00f6rstklassiga vajerpendel, en smidig l\u00f6sning f\u00f6r att montera v\u00e5ra exklusiva LED-armaturer i lokaler med h\u00f6gt i tak.<\/strong><\/p>\n<p>Med hj\u00e4lp av v\u00e5r vajerpendel kan v\u00e5ra LED-armaturer enkelt s\u00e4nkas ner till \u00f6nskad h\u00f6jd f\u00f6r att skapa optimal belysning och atmosf\u00e4r. Den justerbara mekanismen g\u00f6r det m\u00f6jligt att anpassa belysningens position efter rummets specifika krav, vilket resulterar i en effektiv och behaglig ljusniv\u00e5. Som alltid n\u00e4r det g\u00e4ller v\u00e5ra produkter \u00e4r den tillverkad med h\u00f6g precision och noggrannhet f\u00f6r att m\u00f6ta behoven hos moderna kommersiella och industriella milj\u00f6er.<\/p>\n<p><strong>Antal per f\u00f6rpackning<\/strong>: 10 st<\/p>\n<p><strong>L\u00e4ngd per vaje<\/strong><strong>r<\/strong>: 3 meter (kan kortas och anpassas efter ditt behov)<\/p>","protected":false},"excerpt":{"rendered":"<p><strong>Vi presenterar v\u00e5r f\u00f6rstklassiga vajerpendel, en smidig l\u00f6sning f\u00f6r att montera v\u00e5ra exklusiva LED-armaturer i lokaler med h\u00f6gt i tak.<\/strong><\/p>\n<h5>exklusive Moms<\/h5>\n<p>&nbsp;<\/p>\n<p>Leveranstid: 2-5 dagar<\/p>","protected":false},"featured_media":6461,"template":"","meta":{"site-sidebar-layout":"default","site-content-layout":"","ast-site-content-layout":"default","site-content-style":"default","site-sidebar-style":"default","ast-global-header-display":"","ast-banner-title-visibility":"","ast-main-header-display":"","ast-hfb-above-header-display":"","ast-hfb-below-header-display":"","ast-hfb-mobile-header-display":"","site-post-title":"","ast-breadcrumbs-content":"","ast-featured-img":"","footer-sml-layout":"","theme-transparent-header-meta":"default","adv-header-id-meta":"","stick-header-meta":"","header-above-stick-meta":"","header-main-stick-meta":"","header-below-stick-meta":"","astra-migrate-meta-layouts":"set","_joinchat":[]},"product_cat":[57,77,76],"product_tag":[],"yoast_head":"<!-- This site is optimized with the Yoast SEO plugin v21.2 - https:\/\/yoast.com\/wordpress\/plugins\/seo\/ -->\n<title>Vajerpendel Upph\u00e4ngningskit 10-PACK - Nord Master Fris\u00f6r M\u00f6bler<\/title>\n<meta name=\"description\" content=\"Vi presenterar v\u00e5r f\u00f6rstklassiga vajerpendel, en smidig l\u00f6sning f\u00f6r att montera v\u00e5ra exklusiva LED-armaturer i lokaler med h\u00f6gt i tak.\" \/>\n<meta name=\"robots\" content=\"index, follow, max-snippet:-1, max-image-preview:large, max-video-preview:-1\" \/>\n<link rel=\"canonical\" href=\"https:\/\/masterfrisormobler.se\/en\/product\/vajerpendel-upphangningskit-10-pack\/\" \/>\n<meta property=\"og:locale\" content=\"en_US\" \/>\n<meta property=\"og:type\" content=\"article\" \/>\n<meta property=\"og:title\" content=\"Vajerpendel Upph\u00e4ngningskit 10-PACK - Nord Master Fris\u00f6r M\u00f6bler\" \/>\n<meta property=\"og:description\" content=\"Vi presenterar v\u00e5r f\u00f6rstklassiga vajerpendel, en smidig l\u00f6sning f\u00f6r att montera v\u00e5ra exklusiva LED-armaturer i lokaler med h\u00f6gt i tak.\" \/>\n<meta property=\"og:url\" content=\"https:\/\/masterfrisormobler.se\/en\/product\/vajerpendel-upphangningskit-10-pack\/\" \/>\n<meta property=\"og:site_name\" content=\"Nord Master Fris\u00f6r M\u00f6bler\" \/>\n<meta property=\"article:publisher\" content=\"https:\/\/www.facebook.com\/profile.php?id=100095573704473\" \/>\n<meta property=\"article:modified_time\" content=\"2024-08-20T13:33:16+00:00\" \/>\n<meta property=\"og:image\" content=\"https:\/\/masterfrisormobler.se\/wp-content\/uploads\/2024\/08\/B011.jpg\" \/>\n\t<meta property=\"og:image:width\" content=\"800\" \/>\n\t<meta property=\"og:image:height\" content=\"800\" \/>\n\t<meta property=\"og:image:type\" content=\"image\/jpeg\" \/>\n<meta name=\"twitter:card\" content=\"summary_large_image\" \/>\n<meta name=\"twitter:label1\" content=\"Est. reading time\" \/>\n\t<meta name=\"twitter:data1\" content=\"1 minute\" \/>\n<script type=\"application\/ld+json\" class=\"yoast-schema-graph\">{\"@context\":\"https:\/\/schema.org\",\"@graph\":[{\"@type\":\"WebPage\",\"@id\":\"https:\/\/masterfrisormobler.se\/product\/vajerpendel-upphangningskit-10-pack\/\",\"url\":\"https:\/\/masterfrisormobler.se\/product\/vajerpendel-upphangningskit-10-pack\/\",\"name\":\"Vajerpendel Upph\u00e4ngningskit 10-PACK - Nord Master Fris\u00f6r M\u00f6bler\",\"isPartOf\":{\"@id\":\"https:\/\/masterfrisormobler.se\/#website\"},\"datePublished\":\"2024-08-20T13:33:15+00:00\",\"dateModified\":\"2024-08-20T13:33:16+00:00\",\"description\":\"Vi presenterar v\u00e5r f\u00f6rstklassiga vajerpendel, en smidig l\u00f6sning f\u00f6r att montera v\u00e5ra exklusiva LED-armaturer i lokaler med h\u00f6gt i tak.\",\"breadcrumb\":{\"@id\":\"https:\/\/masterfrisormobler.se\/product\/vajerpendel-upphangningskit-10-pack\/#breadcrumb\"},\"inLanguage\":\"en-US\",\"potentialAction\":[{\"@type\":\"ReadAction\",\"target\":[\"https:\/\/masterfrisormobler.se\/product\/vajerpendel-upphangningskit-10-pack\/\"]}]},{\"@type\":\"BreadcrumbList\",\"@id\":\"https:\/\/masterfrisormobler.se\/product\/vajerpendel-upphangningskit-10-pack\/#breadcrumb\",\"itemListElement\":[{\"@type\":\"ListItem\",\"position\":1,\"name\":\"Home\",\"item\":\"https:\/\/masterfrisormobler.se\/\"},{\"@type\":\"ListItem\",\"position\":2,\"name\":\"Store\",\"item\":\"https:\/\/masterfrisormobler.se\/store-master-frisor-mobler\/\"},{\"@type\":\"ListItem\",\"position\":3,\"name\":\"Vajerpendel Upph\u00e4ngningskit 10-PACK\"}]},{\"@type\":\"WebSite\",\"@id\":\"https:\/\/masterfrisormobler.se\/#website\",\"url\":\"https:\/\/masterfrisormobler.se\/\",\"name\":\"https:\/\/masterfrisormobler.se\/\",\"description\":\"Den b\u00e4sta butiken f\u00f6r att s\u00e4lja Fris\u00f6rm\u00f6bler och produkter.\",\"publisher\":{\"@id\":\"https:\/\/masterfrisormobler.se\/#organization\"},\"potentialAction\":[{\"@type\":\"SearchAction\",\"target\":{\"@type\":\"EntryPoint\",\"urlTemplate\":\"https:\/\/masterfrisormobler.se\/?s={search_term_string}\"},\"query-input\":\"required name=search_term_string\"}],\"inLanguage\":\"en-US\"},{\"@type\":\"Organization\",\"@id\":\"https:\/\/masterfrisormobler.se\/#organization\",\"name\":\"Nord master fris\u00f6r mobler\",\"url\":\"https:\/\/masterfrisormobler.se\/\",\"logo\":{\"@type\":\"ImageObject\",\"inLanguage\":\"en-US\",\"@id\":\"https:\/\/masterfrisormobler.se\/#\/schema\/logo\/image\/\",\"url\":\"https:\/\/masterfrisormobler.se\/wp-content\/uploads\/2023\/08\/cropped-512x512-sara.jpeg\",\"contentUrl\":\"https:\/\/masterfrisormobler.se\/wp-content\/uploads\/2023\/08\/cropped-512x512-sara.jpeg\",\"width\":512,\"height\":512,\"caption\":\"Nord master fris\u00f6r mobler\"},\"image\":{\"@id\":\"https:\/\/masterfrisormobler.se\/#\/schema\/logo\/image\/\"},\"sameAs\":[\"https:\/\/www.facebook.com\/profile.php?id=100095573704473\",\"https:\/\/www.tiktok.com\/@master.frisr.mble\",\"https:\/\/www.instagram.com\/masterfrisormobler\/\"]}]}<\/script>\n<!-- \/ Yoast SEO plugin. -->","yoast_head_json":{"title":"Vajerpendel Upph\u00e4ngningskit 10-PACK - Nord Master Fris\u00f6r M\u00f6bler","description":"Vi presenterar v\u00e5r f\u00f6rstklassiga vajerpendel, en smidig l\u00f6sning f\u00f6r att montera v\u00e5ra exklusiva LED-armaturer i lokaler med h\u00f6gt i tak.","robots":{"index":"index","follow":"follow","max-snippet":"max-snippet:-1","max-image-preview":"max-image-preview:large","max-video-preview":"max-video-preview:-1"},"canonical":"https:\/\/masterfrisormobler.se\/en\/product\/vajerpendel-upphangningskit-10-pack\/","og_locale":"en_US","og_type":"article","og_title":"Vajerpendel Upph\u00e4ngningskit 10-PACK - Nord Master Fris\u00f6r M\u00f6bler","og_description":"Vi presenterar v\u00e5r f\u00f6rstklassiga vajerpendel, en smidig l\u00f6sning f\u00f6r att montera v\u00e5ra exklusiva LED-armaturer i lokaler med h\u00f6gt i tak.","og_url":"https:\/\/masterfrisormobler.se\/en\/product\/vajerpendel-upphangningskit-10-pack\/","og_site_name":"Nord Master Fris\u00f6r M\u00f6bler","article_publisher":"https:\/\/www.facebook.com\/profile.php?id=100095573704473","article_modified_time":"2024-08-20T13:33:16+00:00","og_image":[{"width":800,"height":800,"url":"https:\/\/masterfrisormobler.se\/wp-content\/uploads\/2024\/08\/B011.jpg","type":"image\/jpeg"}],"twitter_card":"summary_large_image","twitter_misc":{"Est. reading time":"1 minute"},"schema":{"@context":"https:\/\/schema.org","@graph":[{"@type":"WebPage","@id":"https:\/\/masterfrisormobler.se\/product\/vajerpendel-upphangningskit-10-pack\/","url":"https:\/\/masterfrisormobler.se\/product\/vajerpendel-upphangningskit-10-pack\/","name":"Vajerpendel Upph\u00e4ngningskit 10-PACK - Nord Master Fris\u00f6r M\u00f6bler","isPartOf":{"@id":"https:\/\/masterfrisormobler.se\/#website"},"datePublished":"2024-08-20T13:33:15+00:00","dateModified":"2024-08-20T13:33:16+00:00","description":"Vi presenterar v\u00e5r f\u00f6rstklassiga vajerpendel, en smidig l\u00f6sning f\u00f6r att montera v\u00e5ra exklusiva LED-armaturer i lokaler med h\u00f6gt i tak.","breadcrumb":{"@id":"https:\/\/masterfrisormobler.se\/product\/vajerpendel-upphangningskit-10-pack\/#breadcrumb"},"inLanguage":"en-US","potentialAction":[{"@type":"ReadAction","target":["https:\/\/masterfrisormobler.se\/product\/vajerpendel-upphangningskit-10-pack\/"]}]},{"@type":"BreadcrumbList","@id":"https:\/\/masterfrisormobler.se\/product\/vajerpendel-upphangningskit-10-pack\/#breadcrumb","itemListElement":[{"@type":"ListItem","position":1,"name":"Home","item":"https:\/\/masterfrisormobler.se\/"},{"@type":"ListItem","position":2,"name":"Store","item":"https:\/\/masterfrisormobler.se\/store-master-frisor-mobler\/"},{"@type":"ListItem","position":3,"name":"Vajerpendel Upph\u00e4ngningskit 10-PACK"}]},{"@type":"WebSite","@id":"https:\/\/masterfrisormobler.se\/#website","url":"https:\/\/masterfrisormobler.se\/","name":"https:\/\/masterfrisormobler.se\/","description":"Den b\u00e4sta butiken f\u00f6r att s\u00e4lja Fris\u00f6rm\u00f6bler och produkter.","publisher":{"@id":"https:\/\/masterfrisormobler.se\/#organization"},"potentialAction":[{"@type":"SearchAction","target":{"@type":"EntryPoint","urlTemplate":"https:\/\/masterfrisormobler.se\/?s={search_term_string}"},"query-input":"required name=search_term_string"}],"inLanguage":"en-US"},{"@type":"Organization","@id":"https:\/\/masterfrisormobler.se\/#organization","name":"Nord master fris\u00f6r mobler","url":"https:\/\/masterfrisormobler.se\/","logo":{"@type":"ImageObject","inLanguage":"en-US","@id":"https:\/\/masterfrisormobler.se\/#\/schema\/logo\/image\/","url":"https:\/\/masterfrisormobler.se\/wp-content\/uploads\/2023\/08\/cropped-512x512-sara.jpeg","contentUrl":"https:\/\/masterfrisormobler.se\/wp-content\/uploads\/2023\/08\/cropped-512x512-sara.jpeg","width":512,"height":512,"caption":"Nord master fris\u00f6r mobler"},"image":{"@id":"https:\/\/masterfrisormobler.se\/#\/schema\/logo\/image\/"},"sameAs":["https:\/\/www.facebook.com\/profile.php?id=100095573704473","https:\/\/www.tiktok.com\/@master.frisr.mble","https:\/\/www.instagram.com\/masterfrisormobler\/"]}]}},"_links":{"self":[{"href":"https:\/\/masterfrisormobler.se\/en\/wp-json\/wp\/v2\/product\/6460"}],"collection":[{"href":"https:\/\/masterfrisormobler.se\/en\/wp-json\/wp\/v2\/product"}],"about":[{"href":"https:\/\/masterfrisormobler.se\/en\/wp-json\/wp\/v2\/types\/product"}],"version-history":[{"count":1,"href":"https:\/\/masterfrisormobler.se\/en\/wp-json\/wp\/v2\/product\/6460\/revisions"}],"predecessor-version":[{"id":6463,"href":"https:\/\/masterfrisormobler.se\/en\/wp-json\/wp\/v2\/product\/6460\/revisions\/6463"}],"wp:featuredmedia":[{"embeddable":true,"href":"https:\/\/masterfrisormobler.se\/en\/wp-json\/wp\/v2\/media\/6461"}],"wp:attachment":[{"href":"https:\/\/masterfrisormobler.se\/en\/wp-json\/wp\/v2\/media?parent=6460"}],"wp:term":[{"taxonomy":"product_cat","embeddable":true,"href":"https:\/\/masterfrisormobler.se\/en\/wp-json\/wp\/v2\/product_cat?post=6460"},{"taxonomy":"product_tag","embeddable":true,"href":"https:\/\/masterfrisormobler.se\/en\/wp-json\/wp\/v2\/product_tag?post=6460"}],"curies":[{"name":"wp","href":"https:\/\/api.w.org\/{rel}","templated":true}]}}