{"id":6267,"date":"2023-12-23T12:23:06","date_gmt":"2023-12-23T12:23:06","guid":{"rendered":"https:\/\/masterfrisormobler.se\/?post_type=product&#038;p=6267"},"modified":"2026-04-04T13:18:19","modified_gmt":"2026-04-04T13:18:19","slug":"hexagon-led-14-falt-ram-komplett-set","status":"publish","type":"product","link":"https:\/\/masterfrisormobler.se\/en\/product\/hexagon-led-14-falt-ram-komplett-set\/","title":{"rendered":"Hexagon LED 14 f\u00e4lt + ram komplett set"},"content":{"rendered":"<h6>Hexagon LED 14 f\u00e4lt + ram komplett set<\/h6>\n<div class=\"left\" data-spm-anchor-id=\"a2700.wholesale.0.i102.65ee2300CaIosu\">Color Temperature(CCT).\u00a0 6500K<\/div>\n<div data-spm-anchor-id=\"a2700.wholesale.0.i102.65ee2300CaIosu\">\n<div class=\"left\" data-spm-anchor-id=\"a2700.wholesale.0.i103.65ee2300CaIosu\">Light Source.\u00a0 \u00a0LED<\/div>\n<div data-spm-anchor-id=\"a2700.wholesale.0.i103.65ee2300CaIosu\">storlek \/ 4.8m X 2.4m<\/div>\n<\/div>","protected":false},"excerpt":{"rendered":"<h6>Hexagon LED 14 f\u00e4lt + ram komplett set<\/h6>\n<h5>exklusive Moms<\/h5>\n<p>Pris inkl Frakt<\/p>\n<p>Leveranstid: 2-5 dagar<\/p>","protected":false},"featured_media":6271,"template":"","meta":{"site-sidebar-layout":"default","site-content-layout":"","ast-site-content-layout":"default","site-content-style":"default","site-sidebar-style":"default","ast-global-header-display":"","ast-banner-title-visibility":"","ast-main-header-display":"","ast-hfb-above-header-display":"","ast-hfb-below-header-display":"","ast-hfb-mobile-header-display":"","site-post-title":"","ast-breadcrumbs-content":"","ast-featured-img":"","footer-sml-layout":"","theme-transparent-header-meta":"default","adv-header-id-meta":"","stick-header-meta":"","header-above-stick-meta":"","header-main-stick-meta":"","header-below-stick-meta":"","astra-migrate-meta-layouts":"set","_joinchat":[]},"product_cat":[57,77,59,73],"product_tag":[],"yoast_head":"<!-- This site is optimized with the Yoast SEO plugin v21.2 - https:\/\/yoast.com\/wordpress\/plugins\/seo\/ -->\n<title>Hexagon LED 14 f\u00e4lt + ram komplett set - Nord Master Fris\u00f6r M\u00f6bler<\/title>\n<meta name=\"description\" content=\"Hexagon LED 14 f\u00e4lt + ram komplett set,Hexagon LED Light , 6500 KV,Color Temperature(CCT).\u00a0 6500KLight Source.\u00a0 \u00a0LED storlek \/ 4.8m X 2.4m\" \/>\n<meta name=\"robots\" content=\"index, follow, max-snippet:-1, max-image-preview:large, max-video-preview:-1\" \/>\n<link rel=\"canonical\" href=\"https:\/\/masterfrisormobler.se\/en\/product\/hexagon-led-14-falt-ram-komplett-set\/\" \/>\n<meta property=\"og:locale\" content=\"en_US\" \/>\n<meta property=\"og:type\" content=\"article\" \/>\n<meta property=\"og:title\" content=\"Hexagon LED 14 f\u00e4lt + ram komplett set - Nord Master Fris\u00f6r M\u00f6bler\" \/>\n<meta property=\"og:description\" content=\"Hexagon LED 14 f\u00e4lt + ram komplett set,Hexagon LED Light , 6500 KV,Color Temperature(CCT).\u00a0 6500KLight Source.\u00a0 \u00a0LED storlek \/ 4.8m X 2.4m\" \/>\n<meta property=\"og:url\" content=\"https:\/\/masterfrisormobler.se\/en\/product\/hexagon-led-14-falt-ram-komplett-set\/\" \/>\n<meta property=\"og:site_name\" content=\"Nord Master Fris\u00f6r M\u00f6bler\" \/>\n<meta property=\"article:publisher\" content=\"https:\/\/www.facebook.com\/profile.php?id=100095573704473\" \/>\n<meta property=\"article:modified_time\" content=\"2026-04-04T13:18:19+00:00\" \/>\n<meta property=\"og:image\" content=\"https:\/\/masterfrisormobler.se\/wp-content\/uploads\/2023\/12\/led-car-2.webp\" \/>\n\t<meta property=\"og:image:width\" content=\"720\" \/>\n\t<meta property=\"og:image:height\" content=\"716\" \/>\n\t<meta property=\"og:image:type\" content=\"image\/webp\" \/>\n<meta name=\"twitter:card\" content=\"summary_large_image\" \/>\n<meta name=\"twitter:label1\" content=\"Est. reading time\" \/>\n\t<meta name=\"twitter:data1\" content=\"1 minute\" \/>\n<script type=\"application\/ld+json\" class=\"yoast-schema-graph\">{\"@context\":\"https:\/\/schema.org\",\"@graph\":[{\"@type\":\"WebPage\",\"@id\":\"https:\/\/masterfrisormobler.se\/product\/hexagon-led-14-falt-ram-komplett-set\/\",\"url\":\"https:\/\/masterfrisormobler.se\/product\/hexagon-led-14-falt-ram-komplett-set\/\",\"name\":\"Hexagon LED 14 f\u00e4lt + ram komplett set - Nord Master Fris\u00f6r M\u00f6bler\",\"isPartOf\":{\"@id\":\"https:\/\/masterfrisormobler.se\/#website\"},\"datePublished\":\"2023-12-23T12:23:06+00:00\",\"dateModified\":\"2026-04-04T13:18:19+00:00\",\"description\":\"Hexagon LED 14 f\u00e4lt + ram komplett set,Hexagon LED Light , 6500 KV,Color Temperature(CCT).\u00a0 6500KLight Source.\u00a0 \u00a0LED storlek \/ 4.8m X 2.4m\",\"breadcrumb\":{\"@id\":\"https:\/\/masterfrisormobler.se\/product\/hexagon-led-14-falt-ram-komplett-set\/#breadcrumb\"},\"inLanguage\":\"en-US\",\"potentialAction\":[{\"@type\":\"ReadAction\",\"target\":[\"https:\/\/masterfrisormobler.se\/product\/hexagon-led-14-falt-ram-komplett-set\/\"]}]},{\"@type\":\"BreadcrumbList\",\"@id\":\"https:\/\/masterfrisormobler.se\/product\/hexagon-led-14-falt-ram-komplett-set\/#breadcrumb\",\"itemListElement\":[{\"@type\":\"ListItem\",\"position\":1,\"name\":\"Home\",\"item\":\"https:\/\/masterfrisormobler.se\/\"},{\"@type\":\"ListItem\",\"position\":2,\"name\":\"Store\",\"item\":\"https:\/\/masterfrisormobler.se\/store-master-frisor-mobler\/\"},{\"@type\":\"ListItem\",\"position\":3,\"name\":\"Hexagon LED 14 f\u00e4lt + ram komplett set\"}]},{\"@type\":\"WebSite\",\"@id\":\"https:\/\/masterfrisormobler.se\/#website\",\"url\":\"https:\/\/masterfrisormobler.se\/\",\"name\":\"https:\/\/masterfrisormobler.se\/\",\"description\":\"Den b\u00e4sta butiken f\u00f6r att s\u00e4lja Fris\u00f6rm\u00f6bler och produkter.\",\"publisher\":{\"@id\":\"https:\/\/masterfrisormobler.se\/#organization\"},\"potentialAction\":[{\"@type\":\"SearchAction\",\"target\":{\"@type\":\"EntryPoint\",\"urlTemplate\":\"https:\/\/masterfrisormobler.se\/?s={search_term_string}\"},\"query-input\":\"required name=search_term_string\"}],\"inLanguage\":\"en-US\"},{\"@type\":\"Organization\",\"@id\":\"https:\/\/masterfrisormobler.se\/#organization\",\"name\":\"Nord master fris\u00f6r mobler\",\"url\":\"https:\/\/masterfrisormobler.se\/\",\"logo\":{\"@type\":\"ImageObject\",\"inLanguage\":\"en-US\",\"@id\":\"https:\/\/masterfrisormobler.se\/#\/schema\/logo\/image\/\",\"url\":\"https:\/\/masterfrisormobler.se\/wp-content\/uploads\/2023\/08\/cropped-512x512-sara.jpeg\",\"contentUrl\":\"https:\/\/masterfrisormobler.se\/wp-content\/uploads\/2023\/08\/cropped-512x512-sara.jpeg\",\"width\":512,\"height\":512,\"caption\":\"Nord master fris\u00f6r mobler\"},\"image\":{\"@id\":\"https:\/\/masterfrisormobler.se\/#\/schema\/logo\/image\/\"},\"sameAs\":[\"https:\/\/www.facebook.com\/profile.php?id=100095573704473\",\"https:\/\/www.tiktok.com\/@master.frisr.mble\",\"https:\/\/www.instagram.com\/masterfrisormobler\/\"]}]}<\/script>\n<!-- \/ Yoast SEO plugin. -->","yoast_head_json":{"title":"Hexagon LED 14 f\u00e4lt + ram komplett set - Nord Master Fris\u00f6r M\u00f6bler","description":"Hexagon LED 14 f\u00e4lt + ram komplett set,Hexagon LED Light , 6500 KV,Color Temperature(CCT).\u00a0 6500KLight Source.\u00a0 \u00a0LED storlek \/ 4.8m X 2.4m","robots":{"index":"index","follow":"follow","max-snippet":"max-snippet:-1","max-image-preview":"max-image-preview:large","max-video-preview":"max-video-preview:-1"},"canonical":"https:\/\/masterfrisormobler.se\/en\/product\/hexagon-led-14-falt-ram-komplett-set\/","og_locale":"en_US","og_type":"article","og_title":"Hexagon LED 14 f\u00e4lt + ram komplett set - Nord Master Fris\u00f6r M\u00f6bler","og_description":"Hexagon LED 14 f\u00e4lt + ram komplett set,Hexagon LED Light , 6500 KV,Color Temperature(CCT).\u00a0 6500KLight Source.\u00a0 \u00a0LED storlek \/ 4.8m X 2.4m","og_url":"https:\/\/masterfrisormobler.se\/en\/product\/hexagon-led-14-falt-ram-komplett-set\/","og_site_name":"Nord Master Fris\u00f6r M\u00f6bler","article_publisher":"https:\/\/www.facebook.com\/profile.php?id=100095573704473","article_modified_time":"2026-04-04T13:18:19+00:00","og_image":[{"width":720,"height":716,"url":"https:\/\/masterfrisormobler.se\/wp-content\/uploads\/2023\/12\/led-car-2.webp","type":"image\/webp"}],"twitter_card":"summary_large_image","twitter_misc":{"Est. reading time":"1 minute"},"schema":{"@context":"https:\/\/schema.org","@graph":[{"@type":"WebPage","@id":"https:\/\/masterfrisormobler.se\/product\/hexagon-led-14-falt-ram-komplett-set\/","url":"https:\/\/masterfrisormobler.se\/product\/hexagon-led-14-falt-ram-komplett-set\/","name":"Hexagon LED 14 f\u00e4lt + ram komplett set - Nord Master Fris\u00f6r M\u00f6bler","isPartOf":{"@id":"https:\/\/masterfrisormobler.se\/#website"},"datePublished":"2023-12-23T12:23:06+00:00","dateModified":"2026-04-04T13:18:19+00:00","description":"Hexagon LED 14 f\u00e4lt + ram komplett set,Hexagon LED Light , 6500 KV,Color Temperature(CCT).\u00a0 6500KLight Source.\u00a0 \u00a0LED storlek \/ 4.8m X 2.4m","breadcrumb":{"@id":"https:\/\/masterfrisormobler.se\/product\/hexagon-led-14-falt-ram-komplett-set\/#breadcrumb"},"inLanguage":"en-US","potentialAction":[{"@type":"ReadAction","target":["https:\/\/masterfrisormobler.se\/product\/hexagon-led-14-falt-ram-komplett-set\/"]}]},{"@type":"BreadcrumbList","@id":"https:\/\/masterfrisormobler.se\/product\/hexagon-led-14-falt-ram-komplett-set\/#breadcrumb","itemListElement":[{"@type":"ListItem","position":1,"name":"Home","item":"https:\/\/masterfrisormobler.se\/"},{"@type":"ListItem","position":2,"name":"Store","item":"https:\/\/masterfrisormobler.se\/store-master-frisor-mobler\/"},{"@type":"ListItem","position":3,"name":"Hexagon LED 14 f\u00e4lt + ram komplett set"}]},{"@type":"WebSite","@id":"https:\/\/masterfrisormobler.se\/#website","url":"https:\/\/masterfrisormobler.se\/","name":"https:\/\/masterfrisormobler.se\/","description":"Den b\u00e4sta butiken f\u00f6r att s\u00e4lja Fris\u00f6rm\u00f6bler och produkter.","publisher":{"@id":"https:\/\/masterfrisormobler.se\/#organization"},"potentialAction":[{"@type":"SearchAction","target":{"@type":"EntryPoint","urlTemplate":"https:\/\/masterfrisormobler.se\/?s={search_term_string}"},"query-input":"required name=search_term_string"}],"inLanguage":"en-US"},{"@type":"Organization","@id":"https:\/\/masterfrisormobler.se\/#organization","name":"Nord master fris\u00f6r mobler","url":"https:\/\/masterfrisormobler.se\/","logo":{"@type":"ImageObject","inLanguage":"en-US","@id":"https:\/\/masterfrisormobler.se\/#\/schema\/logo\/image\/","url":"https:\/\/masterfrisormobler.se\/wp-content\/uploads\/2023\/08\/cropped-512x512-sara.jpeg","contentUrl":"https:\/\/masterfrisormobler.se\/wp-content\/uploads\/2023\/08\/cropped-512x512-sara.jpeg","width":512,"height":512,"caption":"Nord master fris\u00f6r mobler"},"image":{"@id":"https:\/\/masterfrisormobler.se\/#\/schema\/logo\/image\/"},"sameAs":["https:\/\/www.facebook.com\/profile.php?id=100095573704473","https:\/\/www.tiktok.com\/@master.frisr.mble","https:\/\/www.instagram.com\/masterfrisormobler\/"]}]}},"_links":{"self":[{"href":"https:\/\/masterfrisormobler.se\/en\/wp-json\/wp\/v2\/product\/6267"}],"collection":[{"href":"https:\/\/masterfrisormobler.se\/en\/wp-json\/wp\/v2\/product"}],"about":[{"href":"https:\/\/masterfrisormobler.se\/en\/wp-json\/wp\/v2\/types\/product"}],"version-history":[{"count":8,"href":"https:\/\/masterfrisormobler.se\/en\/wp-json\/wp\/v2\/product\/6267\/revisions"}],"predecessor-version":[{"id":6928,"href":"https:\/\/masterfrisormobler.se\/en\/wp-json\/wp\/v2\/product\/6267\/revisions\/6928"}],"wp:featuredmedia":[{"embeddable":true,"href":"https:\/\/masterfrisormobler.se\/en\/wp-json\/wp\/v2\/media\/6271"}],"wp:attachment":[{"href":"https:\/\/masterfrisormobler.se\/en\/wp-json\/wp\/v2\/media?parent=6267"}],"wp:term":[{"taxonomy":"product_cat","embeddable":true,"href":"https:\/\/masterfrisormobler.se\/en\/wp-json\/wp\/v2\/product_cat?post=6267"},{"taxonomy":"product_tag","embeddable":true,"href":"https:\/\/masterfrisormobler.se\/en\/wp-json\/wp\/v2\/product_tag?post=6267"}],"curies":[{"name":"wp","href":"https:\/\/api.w.org\/{rel}","templated":true}]}}