{"id":5289,"date":"2023-08-12T21:48:24","date_gmt":"2023-08-12T21:48:24","guid":{"rendered":"https:\/\/masterfrisormobler.se\/?post_type=product&#038;p=5289"},"modified":"2025-03-23T06:10:00","modified_gmt":"2025-03-23T06:10:00","slug":"frisor-arbetsstation-barber-unit-5","status":"publish","type":"product","link":"https:\/\/masterfrisormobler.se\/en\/product\/frisor-arbetsstation-barber-unit-5\/","title":{"rendered":"Fris\u00f6r Arbetsstation, Barber unit"},"content":{"rendered":"<h4>En komplett fris\u00f6rarbetsstation, \u00e4ven k\u00e4nd som barber unit, som erbjuder allt en professionell fris\u00f6r beh\u00f6ver. Optimerad f\u00f6r effektivitet och stil, denna fris\u00f6rarbetsstation inkluderar spegel, stol och n\u00f6dv\u00e4ndiga f\u00f6rvaringsutrymmen f\u00f6r verktyg och produkter. Skapa en funktionell och inspirerande arbetsmilj\u00f6 med v\u00e5r fris\u00f6rarbetsstation.<\/h4>\n<p>F\u00e4rg: Brun<\/p>\n<p>M\u00e5tt:<\/p>\n<p>H\u00f6jd: 210 cm<\/p>\n<p>Bredd: 150 cm<\/p>","protected":false},"excerpt":{"rendered":"<p>En komplett fris\u00f6rarbetsstation<\/p>\n<p>Leveranstid 3-4 veckor efter k\u00f6p.<\/p>\n<p>Pris exkluderar moms.<\/p>\n<div class=\"woocommerce-product-details__short-description\">\n<h5>Pris inkl Frakt<\/h5>\n<\/div>","protected":false},"featured_media":6488,"template":"","meta":{"site-sidebar-layout":"default","site-content-layout":"default","ast-site-content-layout":"default","site-content-style":"default","site-sidebar-style":"default","ast-global-header-display":"","ast-banner-title-visibility":"","ast-main-header-display":"","ast-hfb-above-header-display":"","ast-hfb-below-header-display":"","ast-hfb-mobile-header-display":"","site-post-title":"","ast-breadcrumbs-content":"","ast-featured-img":"","footer-sml-layout":"","theme-transparent-header-meta":"default","adv-header-id-meta":"","stick-header-meta":"","header-above-stick-meta":"","header-main-stick-meta":"","header-below-stick-meta":"","astra-migrate-meta-layouts":"set","_joinchat":[]},"product_cat":[59,68],"product_tag":[],"yoast_head":"<!-- This site is optimized with the Yoast SEO plugin v21.2 - https:\/\/yoast.com\/wordpress\/plugins\/seo\/ -->\n<title>Fris\u00f6r Arbetsstation, Barber unit<\/title>\n<meta name=\"description\" content=\"Fris\u00f6r Arbetsstation, Barber unit .En komplett fris\u00f6rarbetsstation, \u00e4ven k\u00e4nd som barber unit, som erbjuder allt en professionell fris\u00f6r beh\u00f6ver.\" \/>\n<meta name=\"robots\" content=\"index, follow, max-snippet:-1, max-image-preview:large, max-video-preview:-1\" \/>\n<link rel=\"canonical\" href=\"https:\/\/masterfrisormobler.se\/en\/product\/frisor-arbetsstation-barber-unit-5\/\" \/>\n<meta property=\"og:locale\" content=\"en_US\" \/>\n<meta property=\"og:type\" content=\"article\" \/>\n<meta property=\"og:title\" content=\"Fris\u00f6r Arbetsstation, Barber unit\" \/>\n<meta property=\"og:description\" content=\"Fris\u00f6r Arbetsstation, Barber unit .En komplett fris\u00f6rarbetsstation, \u00e4ven k\u00e4nd som barber unit, som erbjuder allt en professionell fris\u00f6r beh\u00f6ver.\" \/>\n<meta property=\"og:url\" content=\"https:\/\/masterfrisormobler.se\/en\/product\/frisor-arbetsstation-barber-unit-5\/\" \/>\n<meta property=\"og:site_name\" content=\"Nord Master Fris\u00f6r M\u00f6bler\" \/>\n<meta property=\"article:publisher\" content=\"https:\/\/www.facebook.com\/profile.php?id=100095573704473\" \/>\n<meta property=\"article:modified_time\" content=\"2025-03-23T06:10:00+00:00\" \/>\n<meta property=\"og:image\" content=\"https:\/\/masterfrisormobler.se\/wp-content\/uploads\/2023\/08\/0FE0292E-3F54-4250-977A-5745F7876216_1_102_o.jpeg\" \/>\n\t<meta property=\"og:image:width\" content=\"1536\" \/>\n\t<meta property=\"og:image:height\" content=\"2048\" \/>\n\t<meta property=\"og:image:type\" content=\"image\/jpeg\" \/>\n<meta name=\"twitter:card\" content=\"summary_large_image\" \/>\n<meta name=\"twitter:label1\" content=\"Est. reading time\" \/>\n\t<meta name=\"twitter:data1\" content=\"1 minute\" \/>\n<script type=\"application\/ld+json\" class=\"yoast-schema-graph\">{\"@context\":\"https:\/\/schema.org\",\"@graph\":[{\"@type\":\"WebPage\",\"@id\":\"https:\/\/masterfrisormobler.se\/product\/frisor-arbetsstation-barber-unit-5\/\",\"url\":\"https:\/\/masterfrisormobler.se\/product\/frisor-arbetsstation-barber-unit-5\/\",\"name\":\"Fris\u00f6r Arbetsstation, Barber unit\",\"isPartOf\":{\"@id\":\"https:\/\/masterfrisormobler.se\/#website\"},\"datePublished\":\"2023-08-12T21:48:24+00:00\",\"dateModified\":\"2025-03-23T06:10:00+00:00\",\"description\":\"Fris\u00f6r Arbetsstation, Barber unit .En komplett fris\u00f6rarbetsstation, \u00e4ven k\u00e4nd som barber unit, som erbjuder allt en professionell fris\u00f6r beh\u00f6ver.\",\"breadcrumb\":{\"@id\":\"https:\/\/masterfrisormobler.se\/product\/frisor-arbetsstation-barber-unit-5\/#breadcrumb\"},\"inLanguage\":\"en-US\",\"potentialAction\":[{\"@type\":\"ReadAction\",\"target\":[\"https:\/\/masterfrisormobler.se\/product\/frisor-arbetsstation-barber-unit-5\/\"]}]},{\"@type\":\"BreadcrumbList\",\"@id\":\"https:\/\/masterfrisormobler.se\/product\/frisor-arbetsstation-barber-unit-5\/#breadcrumb\",\"itemListElement\":[{\"@type\":\"ListItem\",\"position\":1,\"name\":\"Home\",\"item\":\"https:\/\/masterfrisormobler.se\/\"},{\"@type\":\"ListItem\",\"position\":2,\"name\":\"Store\",\"item\":\"https:\/\/masterfrisormobler.se\/store-master-frisor-mobler\/\"},{\"@type\":\"ListItem\",\"position\":3,\"name\":\"Fris\u00f6r Arbetsstation, Barber unit\"}]},{\"@type\":\"WebSite\",\"@id\":\"https:\/\/masterfrisormobler.se\/#website\",\"url\":\"https:\/\/masterfrisormobler.se\/\",\"name\":\"https:\/\/masterfrisormobler.se\/\",\"description\":\"Den b\u00e4sta butiken f\u00f6r att s\u00e4lja Fris\u00f6rm\u00f6bler och produkter.\",\"publisher\":{\"@id\":\"https:\/\/masterfrisormobler.se\/#organization\"},\"potentialAction\":[{\"@type\":\"SearchAction\",\"target\":{\"@type\":\"EntryPoint\",\"urlTemplate\":\"https:\/\/masterfrisormobler.se\/?s={search_term_string}\"},\"query-input\":\"required name=search_term_string\"}],\"inLanguage\":\"en-US\"},{\"@type\":\"Organization\",\"@id\":\"https:\/\/masterfrisormobler.se\/#organization\",\"name\":\"Nord master fris\u00f6r mobler\",\"url\":\"https:\/\/masterfrisormobler.se\/\",\"logo\":{\"@type\":\"ImageObject\",\"inLanguage\":\"en-US\",\"@id\":\"https:\/\/masterfrisormobler.se\/#\/schema\/logo\/image\/\",\"url\":\"https:\/\/masterfrisormobler.se\/wp-content\/uploads\/2023\/08\/cropped-512x512-sara.jpeg\",\"contentUrl\":\"https:\/\/masterfrisormobler.se\/wp-content\/uploads\/2023\/08\/cropped-512x512-sara.jpeg\",\"width\":512,\"height\":512,\"caption\":\"Nord master fris\u00f6r mobler\"},\"image\":{\"@id\":\"https:\/\/masterfrisormobler.se\/#\/schema\/logo\/image\/\"},\"sameAs\":[\"https:\/\/www.facebook.com\/profile.php?id=100095573704473\",\"https:\/\/www.tiktok.com\/@master.frisr.mble\",\"https:\/\/www.instagram.com\/masterfrisormobler\/\"]}]}<\/script>\n<!-- \/ Yoast SEO plugin. -->","yoast_head_json":{"title":"Fris\u00f6r Arbetsstation, Barber unit","description":"Fris\u00f6r Arbetsstation, Barber unit .En komplett fris\u00f6rarbetsstation, \u00e4ven k\u00e4nd som barber unit, som erbjuder allt en professionell fris\u00f6r beh\u00f6ver.","robots":{"index":"index","follow":"follow","max-snippet":"max-snippet:-1","max-image-preview":"max-image-preview:large","max-video-preview":"max-video-preview:-1"},"canonical":"https:\/\/masterfrisormobler.se\/en\/product\/frisor-arbetsstation-barber-unit-5\/","og_locale":"en_US","og_type":"article","og_title":"Fris\u00f6r Arbetsstation, Barber unit","og_description":"Fris\u00f6r Arbetsstation, Barber unit .En komplett fris\u00f6rarbetsstation, \u00e4ven k\u00e4nd som barber unit, som erbjuder allt en professionell fris\u00f6r beh\u00f6ver.","og_url":"https:\/\/masterfrisormobler.se\/en\/product\/frisor-arbetsstation-barber-unit-5\/","og_site_name":"Nord Master Fris\u00f6r M\u00f6bler","article_publisher":"https:\/\/www.facebook.com\/profile.php?id=100095573704473","article_modified_time":"2025-03-23T06:10:00+00:00","og_image":[{"width":1536,"height":2048,"url":"https:\/\/masterfrisormobler.se\/wp-content\/uploads\/2023\/08\/0FE0292E-3F54-4250-977A-5745F7876216_1_102_o.jpeg","type":"image\/jpeg"}],"twitter_card":"summary_large_image","twitter_misc":{"Est. reading time":"1 minute"},"schema":{"@context":"https:\/\/schema.org","@graph":[{"@type":"WebPage","@id":"https:\/\/masterfrisormobler.se\/product\/frisor-arbetsstation-barber-unit-5\/","url":"https:\/\/masterfrisormobler.se\/product\/frisor-arbetsstation-barber-unit-5\/","name":"Fris\u00f6r Arbetsstation, Barber unit","isPartOf":{"@id":"https:\/\/masterfrisormobler.se\/#website"},"datePublished":"2023-08-12T21:48:24+00:00","dateModified":"2025-03-23T06:10:00+00:00","description":"Fris\u00f6r Arbetsstation, Barber unit .En komplett fris\u00f6rarbetsstation, \u00e4ven k\u00e4nd som barber unit, som erbjuder allt en professionell fris\u00f6r beh\u00f6ver.","breadcrumb":{"@id":"https:\/\/masterfrisormobler.se\/product\/frisor-arbetsstation-barber-unit-5\/#breadcrumb"},"inLanguage":"en-US","potentialAction":[{"@type":"ReadAction","target":["https:\/\/masterfrisormobler.se\/product\/frisor-arbetsstation-barber-unit-5\/"]}]},{"@type":"BreadcrumbList","@id":"https:\/\/masterfrisormobler.se\/product\/frisor-arbetsstation-barber-unit-5\/#breadcrumb","itemListElement":[{"@type":"ListItem","position":1,"name":"Home","item":"https:\/\/masterfrisormobler.se\/"},{"@type":"ListItem","position":2,"name":"Store","item":"https:\/\/masterfrisormobler.se\/store-master-frisor-mobler\/"},{"@type":"ListItem","position":3,"name":"Fris\u00f6r Arbetsstation, Barber unit"}]},{"@type":"WebSite","@id":"https:\/\/masterfrisormobler.se\/#website","url":"https:\/\/masterfrisormobler.se\/","name":"https:\/\/masterfrisormobler.se\/","description":"Den b\u00e4sta butiken f\u00f6r att s\u00e4lja Fris\u00f6rm\u00f6bler och produkter.","publisher":{"@id":"https:\/\/masterfrisormobler.se\/#organization"},"potentialAction":[{"@type":"SearchAction","target":{"@type":"EntryPoint","urlTemplate":"https:\/\/masterfrisormobler.se\/?s={search_term_string}"},"query-input":"required name=search_term_string"}],"inLanguage":"en-US"},{"@type":"Organization","@id":"https:\/\/masterfrisormobler.se\/#organization","name":"Nord master fris\u00f6r mobler","url":"https:\/\/masterfrisormobler.se\/","logo":{"@type":"ImageObject","inLanguage":"en-US","@id":"https:\/\/masterfrisormobler.se\/#\/schema\/logo\/image\/","url":"https:\/\/masterfrisormobler.se\/wp-content\/uploads\/2023\/08\/cropped-512x512-sara.jpeg","contentUrl":"https:\/\/masterfrisormobler.se\/wp-content\/uploads\/2023\/08\/cropped-512x512-sara.jpeg","width":512,"height":512,"caption":"Nord master fris\u00f6r mobler"},"image":{"@id":"https:\/\/masterfrisormobler.se\/#\/schema\/logo\/image\/"},"sameAs":["https:\/\/www.facebook.com\/profile.php?id=100095573704473","https:\/\/www.tiktok.com\/@master.frisr.mble","https:\/\/www.instagram.com\/masterfrisormobler\/"]}]}},"_links":{"self":[{"href":"https:\/\/masterfrisormobler.se\/en\/wp-json\/wp\/v2\/product\/5289"}],"collection":[{"href":"https:\/\/masterfrisormobler.se\/en\/wp-json\/wp\/v2\/product"}],"about":[{"href":"https:\/\/masterfrisormobler.se\/en\/wp-json\/wp\/v2\/types\/product"}],"version-history":[{"count":7,"href":"https:\/\/masterfrisormobler.se\/en\/wp-json\/wp\/v2\/product\/5289\/revisions"}],"predecessor-version":[{"id":5449,"href":"https:\/\/masterfrisormobler.se\/en\/wp-json\/wp\/v2\/product\/5289\/revisions\/5449"}],"wp:featuredmedia":[{"embeddable":true,"href":"https:\/\/masterfrisormobler.se\/en\/wp-json\/wp\/v2\/media\/6488"}],"wp:attachment":[{"href":"https:\/\/masterfrisormobler.se\/en\/wp-json\/wp\/v2\/media?parent=5289"}],"wp:term":[{"taxonomy":"product_cat","embeddable":true,"href":"https:\/\/masterfrisormobler.se\/en\/wp-json\/wp\/v2\/product_cat?post=5289"},{"taxonomy":"product_tag","embeddable":true,"href":"https:\/\/masterfrisormobler.se\/en\/wp-json\/wp\/v2\/product_tag?post=5289"}],"curies":[{"name":"wp","href":"https:\/\/api.w.org\/{rel}","templated":true}]}}