{"id":5268,"date":"2023-08-12T21:27:20","date_gmt":"2023-08-12T21:27:20","guid":{"rendered":"https:\/\/masterfrisormobler.se\/?post_type=product&#038;p=5268"},"modified":"2024-11-05T10:27:04","modified_gmt":"2024-11-05T10:27:04","slug":"frisor-arbetsstation","status":"publish","type":"product","link":"https:\/\/masterfrisormobler.se\/en\/product\/frisor-arbetsstation\/","title":{"rendered":"Arbetsstation , Barber Units"},"content":{"rendered":"<h5>Arbetsstation , Barber Units<\/h5>\n<h5>Vi kan skapa vilken inredning som helst genom att helt enkelt skicka oss bilder av dina \u00f6nskem\u00e5l.<\/h5>\n<h5>Dem tillverkas i h\u00f6g kvalitet.<\/h5>\n<h5>vart processen tar n\u00e5gra veckor av arbete innan den \u00e4r redo f\u00f6r leverans.<br \/>\nVi f\u00f6rs\u00e4krar er om att produkten kommer att vara av h\u00f6g kvalitet.<br \/>\nNi beh\u00f6ver bara kontakta oss, och vi ordnar alla detaljer med gl\u00e4dje.<br \/>\nM\u00e5tt och f\u00e4rg kan \u00e4ndras och justeras enligt \u00f6nskem\u00e5l.<br \/>\nMVH, Master Fris\u00f6r M\u00f6bler<\/h5>","protected":false},"excerpt":{"rendered":"<h4>Arbetsstation , Barber Units<\/h4>\n<h4>Leveranstid: 3-4 veckor efter betalning.<\/h4>\n<h4>exklusive Moms<\/h4>\n<h5>Pris inkl Frakt<\/h5>","protected":false},"featured_media":5876,"template":"","meta":{"site-sidebar-layout":"default","site-content-layout":"default","ast-site-content-layout":"","site-content-style":"default","site-sidebar-style":"default","ast-global-header-display":"","ast-banner-title-visibility":"","ast-main-header-display":"","ast-hfb-above-header-display":"","ast-hfb-below-header-display":"","ast-hfb-mobile-header-display":"","site-post-title":"","ast-breadcrumbs-content":"","ast-featured-img":"","footer-sml-layout":"","theme-transparent-header-meta":"default","adv-header-id-meta":"","stick-header-meta":"","header-above-stick-meta":"","header-main-stick-meta":"","header-below-stick-meta":"","astra-migrate-meta-layouts":"","_joinchat":[]},"product_cat":[16],"product_tag":[],"yoast_head":"<!-- This site is optimized with the Yoast SEO plugin v21.2 - https:\/\/yoast.com\/wordpress\/plugins\/seo\/ -->\n<title>Arbetsstation , Barber Units - Nord Master Fris\u00f6r M\u00f6bler<\/title>\n<meta name=\"description\" content=\"Arbetsstation Barber Units Exceptionellt erbjudande: Best\u00e4ll mer och spara mer,Vi erbjuder dig fris\u00f6rstolen som kombinerar elegans och komfort\" \/>\n<meta name=\"robots\" content=\"index, follow, max-snippet:-1, max-image-preview:large, max-video-preview:-1\" \/>\n<link rel=\"canonical\" href=\"https:\/\/masterfrisormobler.se\/en\/product\/frisor-arbetsstation\/\" \/>\n<meta property=\"og:locale\" content=\"en_US\" \/>\n<meta property=\"og:type\" content=\"article\" \/>\n<meta property=\"og:title\" content=\"Arbetsstation , Barber Units - Nord Master Fris\u00f6r M\u00f6bler\" \/>\n<meta property=\"og:description\" content=\"Arbetsstation Barber Units Exceptionellt erbjudande: Best\u00e4ll mer och spara mer,Vi erbjuder dig fris\u00f6rstolen som kombinerar elegans och komfort\" \/>\n<meta property=\"og:url\" content=\"https:\/\/masterfrisormobler.se\/en\/product\/frisor-arbetsstation\/\" \/>\n<meta property=\"og:site_name\" content=\"Nord Master Fris\u00f6r M\u00f6bler\" \/>\n<meta property=\"article:publisher\" content=\"https:\/\/www.facebook.com\/profile.php?id=100095573704473\" \/>\n<meta property=\"article:modified_time\" content=\"2024-11-05T10:27:04+00:00\" \/>\n<meta property=\"og:image\" content=\"https:\/\/masterfrisormobler.se\/wp-content\/uploads\/2023\/08\/99e52867-aebc-41ee-9495-96ba1730ea77.jpg\" \/>\n\t<meta property=\"og:image:width\" content=\"1024\" \/>\n\t<meta property=\"og:image:height\" content=\"767\" \/>\n\t<meta property=\"og:image:type\" content=\"image\/jpeg\" \/>\n<meta name=\"twitter:card\" content=\"summary_large_image\" \/>\n<meta name=\"twitter:label1\" content=\"Est. reading time\" \/>\n\t<meta name=\"twitter:data1\" content=\"1 minute\" \/>\n<script type=\"application\/ld+json\" class=\"yoast-schema-graph\">{\"@context\":\"https:\/\/schema.org\",\"@graph\":[{\"@type\":\"WebPage\",\"@id\":\"https:\/\/masterfrisormobler.se\/product\/frisor-arbetsstation\/\",\"url\":\"https:\/\/masterfrisormobler.se\/product\/frisor-arbetsstation\/\",\"name\":\"Arbetsstation , Barber Units - Nord Master Fris\u00f6r M\u00f6bler\",\"isPartOf\":{\"@id\":\"https:\/\/masterfrisormobler.se\/#website\"},\"datePublished\":\"2023-08-12T21:27:20+00:00\",\"dateModified\":\"2024-11-05T10:27:04+00:00\",\"description\":\"Arbetsstation Barber Units Exceptionellt erbjudande: Best\u00e4ll mer och spara mer,Vi erbjuder dig fris\u00f6rstolen som kombinerar elegans och komfort\",\"breadcrumb\":{\"@id\":\"https:\/\/masterfrisormobler.se\/product\/frisor-arbetsstation\/#breadcrumb\"},\"inLanguage\":\"en-US\",\"potentialAction\":[{\"@type\":\"ReadAction\",\"target\":[\"https:\/\/masterfrisormobler.se\/product\/frisor-arbetsstation\/\"]}]},{\"@type\":\"BreadcrumbList\",\"@id\":\"https:\/\/masterfrisormobler.se\/product\/frisor-arbetsstation\/#breadcrumb\",\"itemListElement\":[{\"@type\":\"ListItem\",\"position\":1,\"name\":\"Home\",\"item\":\"https:\/\/masterfrisormobler.se\/\"},{\"@type\":\"ListItem\",\"position\":2,\"name\":\"Store\",\"item\":\"https:\/\/masterfrisormobler.se\/store-master-frisor-mobler\/\"},{\"@type\":\"ListItem\",\"position\":3,\"name\":\"Arbetsstation , Barber Units\"}]},{\"@type\":\"WebSite\",\"@id\":\"https:\/\/masterfrisormobler.se\/#website\",\"url\":\"https:\/\/masterfrisormobler.se\/\",\"name\":\"https:\/\/masterfrisormobler.se\/\",\"description\":\"Den b\u00e4sta butiken f\u00f6r att s\u00e4lja Fris\u00f6rm\u00f6bler och produkter.\",\"publisher\":{\"@id\":\"https:\/\/masterfrisormobler.se\/#organization\"},\"potentialAction\":[{\"@type\":\"SearchAction\",\"target\":{\"@type\":\"EntryPoint\",\"urlTemplate\":\"https:\/\/masterfrisormobler.se\/?s={search_term_string}\"},\"query-input\":\"required name=search_term_string\"}],\"inLanguage\":\"en-US\"},{\"@type\":\"Organization\",\"@id\":\"https:\/\/masterfrisormobler.se\/#organization\",\"name\":\"Nord master fris\u00f6r mobler\",\"url\":\"https:\/\/masterfrisormobler.se\/\",\"logo\":{\"@type\":\"ImageObject\",\"inLanguage\":\"en-US\",\"@id\":\"https:\/\/masterfrisormobler.se\/#\/schema\/logo\/image\/\",\"url\":\"https:\/\/masterfrisormobler.se\/wp-content\/uploads\/2023\/08\/cropped-512x512-sara.jpeg\",\"contentUrl\":\"https:\/\/masterfrisormobler.se\/wp-content\/uploads\/2023\/08\/cropped-512x512-sara.jpeg\",\"width\":512,\"height\":512,\"caption\":\"Nord master fris\u00f6r mobler\"},\"image\":{\"@id\":\"https:\/\/masterfrisormobler.se\/#\/schema\/logo\/image\/\"},\"sameAs\":[\"https:\/\/www.facebook.com\/profile.php?id=100095573704473\",\"https:\/\/www.tiktok.com\/@master.frisr.mble\",\"https:\/\/www.instagram.com\/masterfrisormobler\/\"]}]}<\/script>\n<!-- \/ Yoast SEO plugin. -->","yoast_head_json":{"title":"Arbetsstation , Barber Units - Nord Master Fris\u00f6r M\u00f6bler","description":"Arbetsstation Barber Units Exceptionellt erbjudande: Best\u00e4ll mer och spara mer,Vi erbjuder dig fris\u00f6rstolen som kombinerar elegans och komfort","robots":{"index":"index","follow":"follow","max-snippet":"max-snippet:-1","max-image-preview":"max-image-preview:large","max-video-preview":"max-video-preview:-1"},"canonical":"https:\/\/masterfrisormobler.se\/en\/product\/frisor-arbetsstation\/","og_locale":"en_US","og_type":"article","og_title":"Arbetsstation , Barber Units - Nord Master Fris\u00f6r M\u00f6bler","og_description":"Arbetsstation Barber Units Exceptionellt erbjudande: Best\u00e4ll mer och spara mer,Vi erbjuder dig fris\u00f6rstolen som kombinerar elegans och komfort","og_url":"https:\/\/masterfrisormobler.se\/en\/product\/frisor-arbetsstation\/","og_site_name":"Nord Master Fris\u00f6r M\u00f6bler","article_publisher":"https:\/\/www.facebook.com\/profile.php?id=100095573704473","article_modified_time":"2024-11-05T10:27:04+00:00","og_image":[{"width":1024,"height":767,"url":"https:\/\/masterfrisormobler.se\/wp-content\/uploads\/2023\/08\/99e52867-aebc-41ee-9495-96ba1730ea77.jpg","type":"image\/jpeg"}],"twitter_card":"summary_large_image","twitter_misc":{"Est. reading time":"1 minute"},"schema":{"@context":"https:\/\/schema.org","@graph":[{"@type":"WebPage","@id":"https:\/\/masterfrisormobler.se\/product\/frisor-arbetsstation\/","url":"https:\/\/masterfrisormobler.se\/product\/frisor-arbetsstation\/","name":"Arbetsstation , Barber Units - Nord Master Fris\u00f6r M\u00f6bler","isPartOf":{"@id":"https:\/\/masterfrisormobler.se\/#website"},"datePublished":"2023-08-12T21:27:20+00:00","dateModified":"2024-11-05T10:27:04+00:00","description":"Arbetsstation Barber Units Exceptionellt erbjudande: Best\u00e4ll mer och spara mer,Vi erbjuder dig fris\u00f6rstolen som kombinerar elegans och komfort","breadcrumb":{"@id":"https:\/\/masterfrisormobler.se\/product\/frisor-arbetsstation\/#breadcrumb"},"inLanguage":"en-US","potentialAction":[{"@type":"ReadAction","target":["https:\/\/masterfrisormobler.se\/product\/frisor-arbetsstation\/"]}]},{"@type":"BreadcrumbList","@id":"https:\/\/masterfrisormobler.se\/product\/frisor-arbetsstation\/#breadcrumb","itemListElement":[{"@type":"ListItem","position":1,"name":"Home","item":"https:\/\/masterfrisormobler.se\/"},{"@type":"ListItem","position":2,"name":"Store","item":"https:\/\/masterfrisormobler.se\/store-master-frisor-mobler\/"},{"@type":"ListItem","position":3,"name":"Arbetsstation , Barber Units"}]},{"@type":"WebSite","@id":"https:\/\/masterfrisormobler.se\/#website","url":"https:\/\/masterfrisormobler.se\/","name":"https:\/\/masterfrisormobler.se\/","description":"Den b\u00e4sta butiken f\u00f6r att s\u00e4lja Fris\u00f6rm\u00f6bler och produkter.","publisher":{"@id":"https:\/\/masterfrisormobler.se\/#organization"},"potentialAction":[{"@type":"SearchAction","target":{"@type":"EntryPoint","urlTemplate":"https:\/\/masterfrisormobler.se\/?s={search_term_string}"},"query-input":"required name=search_term_string"}],"inLanguage":"en-US"},{"@type":"Organization","@id":"https:\/\/masterfrisormobler.se\/#organization","name":"Nord master fris\u00f6r mobler","url":"https:\/\/masterfrisormobler.se\/","logo":{"@type":"ImageObject","inLanguage":"en-US","@id":"https:\/\/masterfrisormobler.se\/#\/schema\/logo\/image\/","url":"https:\/\/masterfrisormobler.se\/wp-content\/uploads\/2023\/08\/cropped-512x512-sara.jpeg","contentUrl":"https:\/\/masterfrisormobler.se\/wp-content\/uploads\/2023\/08\/cropped-512x512-sara.jpeg","width":512,"height":512,"caption":"Nord master fris\u00f6r mobler"},"image":{"@id":"https:\/\/masterfrisormobler.se\/#\/schema\/logo\/image\/"},"sameAs":["https:\/\/www.facebook.com\/profile.php?id=100095573704473","https:\/\/www.tiktok.com\/@master.frisr.mble","https:\/\/www.instagram.com\/masterfrisormobler\/"]}]}},"_links":{"self":[{"href":"https:\/\/masterfrisormobler.se\/en\/wp-json\/wp\/v2\/product\/5268"}],"collection":[{"href":"https:\/\/masterfrisormobler.se\/en\/wp-json\/wp\/v2\/product"}],"about":[{"href":"https:\/\/masterfrisormobler.se\/en\/wp-json\/wp\/v2\/types\/product"}],"version-history":[{"count":3,"href":"https:\/\/masterfrisormobler.se\/en\/wp-json\/wp\/v2\/product\/5268\/revisions"}],"predecessor-version":[{"id":5877,"href":"https:\/\/masterfrisormobler.se\/en\/wp-json\/wp\/v2\/product\/5268\/revisions\/5877"}],"wp:featuredmedia":[{"embeddable":true,"href":"https:\/\/masterfrisormobler.se\/en\/wp-json\/wp\/v2\/media\/5876"}],"wp:attachment":[{"href":"https:\/\/masterfrisormobler.se\/en\/wp-json\/wp\/v2\/media?parent=5268"}],"wp:term":[{"taxonomy":"product_cat","embeddable":true,"href":"https:\/\/masterfrisormobler.se\/en\/wp-json\/wp\/v2\/product_cat?post=5268"},{"taxonomy":"product_tag","embeddable":true,"href":"https:\/\/masterfrisormobler.se\/en\/wp-json\/wp\/v2\/product_tag?post=5268"}],"curies":[{"name":"wp","href":"https:\/\/api.w.org\/{rel}","templated":true}]}}