{"id":5183,"date":"2023-08-11T19:36:16","date_gmt":"2023-08-11T19:36:16","guid":{"rendered":"https:\/\/masterfrisormobler.se\/?post_type=product&#038;p=5183"},"modified":"2025-06-14T11:44:09","modified_gmt":"2025-06-14T11:44:09","slug":"frisorstol-barber-chair-2","status":"publish","type":"product","link":"https:\/\/masterfrisormobler.se\/en\/product\/frisorstol-barber-chair-2\/","title":{"rendered":"Fris\u00f6rstol barber chair"},"content":{"rendered":"<h4>Fris\u00f6rstol barber chair<\/h4>\n<h4>H\u00f6gkvalitativt stoppad s\u00e4te och ryggst\u00f6d f\u00f6r en oslagbar rakningskomfort.<br \/>\nModern och attraktiv design som tillf\u00f6r en k\u00e4nsla av lyx och elegans till salongen.<br \/>\nRobusta armst\u00f6d som ger stabilitet och s\u00e4kerhet under anv\u00e4ndningen.<br \/>\nStabil bas som garanterar en smidig och bekv\u00e4m rakningsupplevelse.<\/h4>\n<h5>:V\u00e4ntbart ryggst\u00f6d med integrerat l\u00e5shandtag (upp till 150\u00b0)<br \/>\n:Hydraulpump justerbar: 75 &#8211; 95 cm<br \/>\n:Vridbart och h\u00f6j- och s\u00e4nkbart sittl\u00e4ge position 360\u00b0<br \/>\n:Rund bas (68 cm)<br \/>\n:Max belastning 220 Kg<br \/>\n:Pris inkl Frakt<br \/>\n:Leveranstid: 2-5 dagar<\/h5>\n<p>:Om du beh\u00f6ver hj\u00e4lp eller har fr\u00e5gor kan du alltid kontakta oss<\/p>","protected":false},"excerpt":{"rendered":"<p><strong>Vi erbjuder dig fris\u00f6rstolen som kombinerar elegans och komfort i rakupplevelsen<\/strong><\/p>\n<h5>exklusive Moms<\/h5>\n<p>Pris inkl Frakt<\/p>\n<p>Leveranstid: 2-5 dagar<\/p>","protected":false},"featured_media":6115,"template":"","meta":{"site-sidebar-layout":"default","site-content-layout":"default","ast-site-content-layout":"default","site-content-style":"default","site-sidebar-style":"default","ast-global-header-display":"","ast-banner-title-visibility":"","ast-main-header-display":"","ast-hfb-above-header-display":"","ast-hfb-below-header-display":"","ast-hfb-mobile-header-display":"","site-post-title":"","ast-breadcrumbs-content":"","ast-featured-img":"","footer-sml-layout":"","theme-transparent-header-meta":"default","adv-header-id-meta":"","stick-header-meta":"","header-above-stick-meta":"","header-main-stick-meta":"","header-below-stick-meta":"","astra-migrate-meta-layouts":"set","_joinchat":[]},"product_cat":[60,65,59],"product_tag":[],"yoast_head":"<!-- This site is optimized with the Yoast SEO plugin v21.2 - https:\/\/yoast.com\/wordpress\/plugins\/seo\/ -->\n<title>Fris\u00f6rstol barber chair - Nord Master Fris\u00f6r M\u00f6bler<\/title>\n<meta name=\"description\" content=\"Fris\u00f6rstol barber chair ,Exceptionellt erbjudande: Best\u00e4ll mer och spara mer,Vi erbjuder dig fris\u00f6rstolen som kombinerar elegans och komfort i\" \/>\n<meta name=\"robots\" content=\"index, follow, max-snippet:-1, max-image-preview:large, max-video-preview:-1\" \/>\n<link rel=\"canonical\" href=\"https:\/\/masterfrisormobler.se\/en\/product\/frisorstol-barber-chair-2\/\" \/>\n<meta property=\"og:locale\" content=\"en_US\" \/>\n<meta property=\"og:type\" content=\"article\" \/>\n<meta property=\"og:title\" content=\"Fris\u00f6rstol barber chair - Nord Master Fris\u00f6r M\u00f6bler\" \/>\n<meta property=\"og:description\" content=\"Fris\u00f6rstol barber chair ,Exceptionellt erbjudande: Best\u00e4ll mer och spara mer,Vi erbjuder dig fris\u00f6rstolen som kombinerar elegans och komfort i\" \/>\n<meta property=\"og:url\" content=\"https:\/\/masterfrisormobler.se\/en\/product\/frisorstol-barber-chair-2\/\" \/>\n<meta property=\"og:site_name\" content=\"Nord Master Fris\u00f6r M\u00f6bler\" \/>\n<meta property=\"article:publisher\" content=\"https:\/\/www.facebook.com\/profile.php?id=100095573704473\" \/>\n<meta property=\"article:modified_time\" content=\"2025-06-14T11:44:09+00:00\" \/>\n<meta property=\"og:image\" content=\"https:\/\/masterfrisormobler.se\/wp-content\/uploads\/2023\/08\/21.jpg\" \/>\n\t<meta property=\"og:image:width\" content=\"874\" \/>\n\t<meta property=\"og:image:height\" content=\"1093\" \/>\n\t<meta property=\"og:image:type\" content=\"image\/jpeg\" \/>\n<meta name=\"twitter:card\" content=\"summary_large_image\" \/>\n<meta name=\"twitter:label1\" content=\"Est. reading time\" \/>\n\t<meta name=\"twitter:data1\" content=\"1 minute\" \/>\n<script type=\"application\/ld+json\" class=\"yoast-schema-graph\">{\"@context\":\"https:\/\/schema.org\",\"@graph\":[{\"@type\":\"WebPage\",\"@id\":\"https:\/\/masterfrisormobler.se\/product\/frisorstol-barber-chair-2\/\",\"url\":\"https:\/\/masterfrisormobler.se\/product\/frisorstol-barber-chair-2\/\",\"name\":\"Fris\u00f6rstol barber chair - Nord Master Fris\u00f6r M\u00f6bler\",\"isPartOf\":{\"@id\":\"https:\/\/masterfrisormobler.se\/#website\"},\"datePublished\":\"2023-08-11T19:36:16+00:00\",\"dateModified\":\"2025-06-14T11:44:09+00:00\",\"description\":\"Fris\u00f6rstol barber chair ,Exceptionellt erbjudande: Best\u00e4ll mer och spara mer,Vi erbjuder dig fris\u00f6rstolen som kombinerar elegans och komfort i\",\"breadcrumb\":{\"@id\":\"https:\/\/masterfrisormobler.se\/product\/frisorstol-barber-chair-2\/#breadcrumb\"},\"inLanguage\":\"en-US\",\"potentialAction\":[{\"@type\":\"ReadAction\",\"target\":[\"https:\/\/masterfrisormobler.se\/product\/frisorstol-barber-chair-2\/\"]}]},{\"@type\":\"BreadcrumbList\",\"@id\":\"https:\/\/masterfrisormobler.se\/product\/frisorstol-barber-chair-2\/#breadcrumb\",\"itemListElement\":[{\"@type\":\"ListItem\",\"position\":1,\"name\":\"Home\",\"item\":\"https:\/\/masterfrisormobler.se\/\"},{\"@type\":\"ListItem\",\"position\":2,\"name\":\"Store\",\"item\":\"https:\/\/masterfrisormobler.se\/store-master-frisor-mobler\/\"},{\"@type\":\"ListItem\",\"position\":3,\"name\":\"Fris\u00f6rstol barber chair\"}]},{\"@type\":\"WebSite\",\"@id\":\"https:\/\/masterfrisormobler.se\/#website\",\"url\":\"https:\/\/masterfrisormobler.se\/\",\"name\":\"https:\/\/masterfrisormobler.se\/\",\"description\":\"Den b\u00e4sta butiken f\u00f6r att s\u00e4lja Fris\u00f6rm\u00f6bler och produkter.\",\"publisher\":{\"@id\":\"https:\/\/masterfrisormobler.se\/#organization\"},\"potentialAction\":[{\"@type\":\"SearchAction\",\"target\":{\"@type\":\"EntryPoint\",\"urlTemplate\":\"https:\/\/masterfrisormobler.se\/?s={search_term_string}\"},\"query-input\":\"required name=search_term_string\"}],\"inLanguage\":\"en-US\"},{\"@type\":\"Organization\",\"@id\":\"https:\/\/masterfrisormobler.se\/#organization\",\"name\":\"Nord master fris\u00f6r mobler\",\"url\":\"https:\/\/masterfrisormobler.se\/\",\"logo\":{\"@type\":\"ImageObject\",\"inLanguage\":\"en-US\",\"@id\":\"https:\/\/masterfrisormobler.se\/#\/schema\/logo\/image\/\",\"url\":\"https:\/\/masterfrisormobler.se\/wp-content\/uploads\/2023\/08\/cropped-512x512-sara.jpeg\",\"contentUrl\":\"https:\/\/masterfrisormobler.se\/wp-content\/uploads\/2023\/08\/cropped-512x512-sara.jpeg\",\"width\":512,\"height\":512,\"caption\":\"Nord master fris\u00f6r mobler\"},\"image\":{\"@id\":\"https:\/\/masterfrisormobler.se\/#\/schema\/logo\/image\/\"},\"sameAs\":[\"https:\/\/www.facebook.com\/profile.php?id=100095573704473\",\"https:\/\/www.tiktok.com\/@master.frisr.mble\",\"https:\/\/www.instagram.com\/masterfrisormobler\/\"]}]}<\/script>\n<!-- \/ Yoast SEO plugin. -->","yoast_head_json":{"title":"Fris\u00f6rstol barber chair - Nord Master Fris\u00f6r M\u00f6bler","description":"Fris\u00f6rstol barber chair ,Exceptionellt erbjudande: Best\u00e4ll mer och spara mer,Vi erbjuder dig fris\u00f6rstolen som kombinerar elegans och komfort i","robots":{"index":"index","follow":"follow","max-snippet":"max-snippet:-1","max-image-preview":"max-image-preview:large","max-video-preview":"max-video-preview:-1"},"canonical":"https:\/\/masterfrisormobler.se\/en\/product\/frisorstol-barber-chair-2\/","og_locale":"en_US","og_type":"article","og_title":"Fris\u00f6rstol barber chair - Nord Master Fris\u00f6r M\u00f6bler","og_description":"Fris\u00f6rstol barber chair ,Exceptionellt erbjudande: Best\u00e4ll mer och spara mer,Vi erbjuder dig fris\u00f6rstolen som kombinerar elegans och komfort i","og_url":"https:\/\/masterfrisormobler.se\/en\/product\/frisorstol-barber-chair-2\/","og_site_name":"Nord Master Fris\u00f6r M\u00f6bler","article_publisher":"https:\/\/www.facebook.com\/profile.php?id=100095573704473","article_modified_time":"2025-06-14T11:44:09+00:00","og_image":[{"width":874,"height":1093,"url":"https:\/\/masterfrisormobler.se\/wp-content\/uploads\/2023\/08\/21.jpg","type":"image\/jpeg"}],"twitter_card":"summary_large_image","twitter_misc":{"Est. reading time":"1 minute"},"schema":{"@context":"https:\/\/schema.org","@graph":[{"@type":"WebPage","@id":"https:\/\/masterfrisormobler.se\/product\/frisorstol-barber-chair-2\/","url":"https:\/\/masterfrisormobler.se\/product\/frisorstol-barber-chair-2\/","name":"Fris\u00f6rstol barber chair - Nord Master Fris\u00f6r M\u00f6bler","isPartOf":{"@id":"https:\/\/masterfrisormobler.se\/#website"},"datePublished":"2023-08-11T19:36:16+00:00","dateModified":"2025-06-14T11:44:09+00:00","description":"Fris\u00f6rstol barber chair ,Exceptionellt erbjudande: Best\u00e4ll mer och spara mer,Vi erbjuder dig fris\u00f6rstolen som kombinerar elegans och komfort i","breadcrumb":{"@id":"https:\/\/masterfrisormobler.se\/product\/frisorstol-barber-chair-2\/#breadcrumb"},"inLanguage":"en-US","potentialAction":[{"@type":"ReadAction","target":["https:\/\/masterfrisormobler.se\/product\/frisorstol-barber-chair-2\/"]}]},{"@type":"BreadcrumbList","@id":"https:\/\/masterfrisormobler.se\/product\/frisorstol-barber-chair-2\/#breadcrumb","itemListElement":[{"@type":"ListItem","position":1,"name":"Home","item":"https:\/\/masterfrisormobler.se\/"},{"@type":"ListItem","position":2,"name":"Store","item":"https:\/\/masterfrisormobler.se\/store-master-frisor-mobler\/"},{"@type":"ListItem","position":3,"name":"Fris\u00f6rstol barber chair"}]},{"@type":"WebSite","@id":"https:\/\/masterfrisormobler.se\/#website","url":"https:\/\/masterfrisormobler.se\/","name":"https:\/\/masterfrisormobler.se\/","description":"Den b\u00e4sta butiken f\u00f6r att s\u00e4lja Fris\u00f6rm\u00f6bler och produkter.","publisher":{"@id":"https:\/\/masterfrisormobler.se\/#organization"},"potentialAction":[{"@type":"SearchAction","target":{"@type":"EntryPoint","urlTemplate":"https:\/\/masterfrisormobler.se\/?s={search_term_string}"},"query-input":"required name=search_term_string"}],"inLanguage":"en-US"},{"@type":"Organization","@id":"https:\/\/masterfrisormobler.se\/#organization","name":"Nord master fris\u00f6r mobler","url":"https:\/\/masterfrisormobler.se\/","logo":{"@type":"ImageObject","inLanguage":"en-US","@id":"https:\/\/masterfrisormobler.se\/#\/schema\/logo\/image\/","url":"https:\/\/masterfrisormobler.se\/wp-content\/uploads\/2023\/08\/cropped-512x512-sara.jpeg","contentUrl":"https:\/\/masterfrisormobler.se\/wp-content\/uploads\/2023\/08\/cropped-512x512-sara.jpeg","width":512,"height":512,"caption":"Nord master fris\u00f6r mobler"},"image":{"@id":"https:\/\/masterfrisormobler.se\/#\/schema\/logo\/image\/"},"sameAs":["https:\/\/www.facebook.com\/profile.php?id=100095573704473","https:\/\/www.tiktok.com\/@master.frisr.mble","https:\/\/www.instagram.com\/masterfrisormobler\/"]}]}},"_links":{"self":[{"href":"https:\/\/masterfrisormobler.se\/en\/wp-json\/wp\/v2\/product\/5183"}],"collection":[{"href":"https:\/\/masterfrisormobler.se\/en\/wp-json\/wp\/v2\/product"}],"about":[{"href":"https:\/\/masterfrisormobler.se\/en\/wp-json\/wp\/v2\/types\/product"}],"version-history":[{"count":11,"href":"https:\/\/masterfrisormobler.se\/en\/wp-json\/wp\/v2\/product\/5183\/revisions"}],"predecessor-version":[{"id":6122,"href":"https:\/\/masterfrisormobler.se\/en\/wp-json\/wp\/v2\/product\/5183\/revisions\/6122"}],"wp:featuredmedia":[{"embeddable":true,"href":"https:\/\/masterfrisormobler.se\/en\/wp-json\/wp\/v2\/media\/6115"}],"wp:attachment":[{"href":"https:\/\/masterfrisormobler.se\/en\/wp-json\/wp\/v2\/media?parent=5183"}],"wp:term":[{"taxonomy":"product_cat","embeddable":true,"href":"https:\/\/masterfrisormobler.se\/en\/wp-json\/wp\/v2\/product_cat?post=5183"},{"taxonomy":"product_tag","embeddable":true,"href":"https:\/\/masterfrisormobler.se\/en\/wp-json\/wp\/v2\/product_tag?post=5183"}],"curies":[{"name":"wp","href":"https:\/\/api.w.org\/{rel}","templated":true}]}}