{"id":5122,"date":"2023-08-11T14:29:36","date_gmt":"2023-08-11T14:29:36","guid":{"rendered":"https:\/\/masterfrisormobler.se\/?post_type=product&#038;p=5122"},"modified":"2025-07-18T19:31:12","modified_gmt":"2025-07-18T19:31:12","slug":"vacuum-hair-dustbin-for-har","status":"publish","type":"product","link":"https:\/\/masterfrisormobler.se\/en\/product\/vacuum-hair-dustbin-for-har\/","title":{"rendered":"Vacuum Hair Dustbin F\u00f6r h\u00e5r"},"content":{"rendered":"<div style=\"width: 636px;\" class=\"wp-video\"><!--[if lt IE 9]><script>document.createElement('video');<\/script><![endif]-->\n<video class=\"wp-video-shortcode\" id=\"video-5122-1\" width=\"636\" height=\"360\" preload=\"metadata\" controls=\"controls\"><source type=\"video\/mp4\" src=\"https:\/\/masterfrisormobler.se\/wp-content\/uploads\/2023\/08\/Vacuum-for-cleaning-hair.mp4?_=1\" \/><a href=\"https:\/\/masterfrisormobler.se\/wp-content\/uploads\/2023\/08\/Vacuum-for-cleaning-hair.mp4\">https:\/\/masterfrisormobler.se\/wp-content\/uploads\/2023\/08\/Vacuum-for-cleaning-hair.mp4<\/a><\/video><\/div>\n<p><strong><span class=\"yt-core-attributed-string yt-core-attributed-string--white-space-pre-wrap\" role=\"text\"><span class=\"yt-core-attributed-string--link-inherit-color\">Vacuum Hair Dustbin for hair. With the hair bustbin, it&#8217;s easier to sweep up floors and keep your salon clean, all day long. To use, simply sweep hair, dust and debris up to the base of the unit, infrared sensors will detect debris and activate the vacuum. <\/span><\/span><\/strong><\/p>\n<p><strong><span class=\"yt-core-attributed-string yt-core-attributed-string--white-space-pre-wrap\" role=\"text\"><span class=\"yt-core-attributed-string--link-inherit-color\">All debris will be vacuumed before shutting off automatically<\/span><\/span><\/strong><\/p>\n<p><strong><span class=\"yt-core-attributed-string yt-core-attributed-string--white-space-pre-wrap\" role=\"text\"><span class=\"yt-core-attributed-string--link-inherit-color\">. The dustbin features ensure clean air gets back into the room. An easy control switch makes it possible to turn the unit on and off, or even manually<\/span><\/span><\/strong><\/p>\n<p><strong><span class=\"yt-core-attributed-string yt-core-attributed-string--white-space-pre-wrap\" role=\"text\"><span class=\"yt-core-attributed-string--link-inherit-color\">. This device works well on bare floor surfaces such as tiles, wood, vinyl&#8230; and makes it a nice addition to each hair salon, barber shop or any other room.<\/span><\/span><\/strong><\/p>\n<div id=\"snippet\" class=\"style-scope ytd-text-inline-expander\"><\/div>\n<div class=\"style-scope ytd-watch-metadata\">\n<div id=\"items\" class=\"style-scope ytd-structured-description-content-renderer\">\n<div id=\"header\" class=\"style-scope ytd-video-description-music-section-renderer\"><\/div>\n<\/div>\n<\/div>","protected":false},"excerpt":{"rendered":"<h1>Vacuum Hair Dustbin F\u00f6r h\u00e5r<\/h1>","protected":false},"featured_media":5129,"template":"","meta":{"site-sidebar-layout":"default","site-content-layout":"default","ast-site-content-layout":"default","site-content-style":"default","site-sidebar-style":"default","ast-global-header-display":"","ast-banner-title-visibility":"","ast-main-header-display":"","ast-hfb-above-header-display":"","ast-hfb-below-header-display":"","ast-hfb-mobile-header-display":"","site-post-title":"","ast-breadcrumbs-content":"","ast-featured-img":"","footer-sml-layout":"","theme-transparent-header-meta":"default","adv-header-id-meta":"","stick-header-meta":"","header-above-stick-meta":"","header-main-stick-meta":"","header-below-stick-meta":"","astra-migrate-meta-layouts":"set","_joinchat":[]},"product_cat":[57,77],"product_tag":[],"yoast_head":"<!-- This site is optimized with the Yoast SEO plugin v21.2 - https:\/\/yoast.com\/wordpress\/plugins\/seo\/ -->\n<title>Vacuum Hair Dustbin F\u00f6r h\u00e5r - Nord Master Fris\u00f6r M\u00f6bler<\/title>\n<meta name=\"description\" content=\"Vacuum Hair Dustbin F\u00f6r h\u00e5r\" \/>\n<meta name=\"robots\" content=\"index, follow, max-snippet:-1, max-image-preview:large, max-video-preview:-1\" \/>\n<link rel=\"canonical\" href=\"https:\/\/masterfrisormobler.se\/en\/product\/vacuum-hair-dustbin-for-har\/\" \/>\n<meta property=\"og:locale\" content=\"en_US\" \/>\n<meta property=\"og:type\" content=\"article\" \/>\n<meta property=\"og:title\" content=\"Vacuum Hair Dustbin F\u00f6r h\u00e5r - Nord Master Fris\u00f6r M\u00f6bler\" \/>\n<meta property=\"og:description\" content=\"Vacuum Hair Dustbin F\u00f6r h\u00e5r\" \/>\n<meta property=\"og:url\" content=\"https:\/\/masterfrisormobler.se\/en\/product\/vacuum-hair-dustbin-for-har\/\" \/>\n<meta property=\"og:site_name\" content=\"Nord Master Fris\u00f6r M\u00f6bler\" \/>\n<meta property=\"article:publisher\" content=\"https:\/\/www.facebook.com\/profile.php?id=100095573704473\" \/>\n<meta property=\"article:modified_time\" content=\"2025-07-18T19:31:12+00:00\" \/>\n<meta property=\"og:image\" content=\"https:\/\/masterfrisormobler.se\/wp-content\/uploads\/2023\/08\/vacuum-Hair-dustbin-jpg-3.jpg\" \/>\n\t<meta property=\"og:image:width\" content=\"511\" \/>\n\t<meta property=\"og:image:height\" content=\"800\" \/>\n\t<meta property=\"og:image:type\" content=\"image\/jpeg\" \/>\n<meta name=\"twitter:card\" content=\"summary_large_image\" \/>\n<meta name=\"twitter:label1\" content=\"Est. reading time\" \/>\n\t<meta name=\"twitter:data1\" content=\"1 minute\" \/>\n<script type=\"application\/ld+json\" class=\"yoast-schema-graph\">{\"@context\":\"https:\/\/schema.org\",\"@graph\":[{\"@type\":\"WebPage\",\"@id\":\"https:\/\/masterfrisormobler.se\/product\/vacuum-hair-dustbin-for-har\/\",\"url\":\"https:\/\/masterfrisormobler.se\/product\/vacuum-hair-dustbin-for-har\/\",\"name\":\"Vacuum Hair Dustbin F\u00f6r h\u00e5r - Nord Master Fris\u00f6r M\u00f6bler\",\"isPartOf\":{\"@id\":\"https:\/\/masterfrisormobler.se\/#website\"},\"datePublished\":\"2023-08-11T14:29:36+00:00\",\"dateModified\":\"2025-07-18T19:31:12+00:00\",\"description\":\"Vacuum Hair Dustbin F\u00f6r h\u00e5r\",\"breadcrumb\":{\"@id\":\"https:\/\/masterfrisormobler.se\/product\/vacuum-hair-dustbin-for-har\/#breadcrumb\"},\"inLanguage\":\"en-US\",\"potentialAction\":[{\"@type\":\"ReadAction\",\"target\":[\"https:\/\/masterfrisormobler.se\/product\/vacuum-hair-dustbin-for-har\/\"]}]},{\"@type\":\"BreadcrumbList\",\"@id\":\"https:\/\/masterfrisormobler.se\/product\/vacuum-hair-dustbin-for-har\/#breadcrumb\",\"itemListElement\":[{\"@type\":\"ListItem\",\"position\":1,\"name\":\"Home\",\"item\":\"https:\/\/masterfrisormobler.se\/\"},{\"@type\":\"ListItem\",\"position\":2,\"name\":\"Store\",\"item\":\"https:\/\/masterfrisormobler.se\/store-master-frisor-mobler\/\"},{\"@type\":\"ListItem\",\"position\":3,\"name\":\"Vacuum Hair Dustbin F\u00f6r h\u00e5r\"}]},{\"@type\":\"WebSite\",\"@id\":\"https:\/\/masterfrisormobler.se\/#website\",\"url\":\"https:\/\/masterfrisormobler.se\/\",\"name\":\"https:\/\/masterfrisormobler.se\/\",\"description\":\"Den b\u00e4sta butiken f\u00f6r att s\u00e4lja Fris\u00f6rm\u00f6bler och produkter.\",\"publisher\":{\"@id\":\"https:\/\/masterfrisormobler.se\/#organization\"},\"potentialAction\":[{\"@type\":\"SearchAction\",\"target\":{\"@type\":\"EntryPoint\",\"urlTemplate\":\"https:\/\/masterfrisormobler.se\/?s={search_term_string}\"},\"query-input\":\"required name=search_term_string\"}],\"inLanguage\":\"en-US\"},{\"@type\":\"Organization\",\"@id\":\"https:\/\/masterfrisormobler.se\/#organization\",\"name\":\"Nord master fris\u00f6r mobler\",\"url\":\"https:\/\/masterfrisormobler.se\/\",\"logo\":{\"@type\":\"ImageObject\",\"inLanguage\":\"en-US\",\"@id\":\"https:\/\/masterfrisormobler.se\/#\/schema\/logo\/image\/\",\"url\":\"https:\/\/masterfrisormobler.se\/wp-content\/uploads\/2023\/08\/cropped-512x512-sara.jpeg\",\"contentUrl\":\"https:\/\/masterfrisormobler.se\/wp-content\/uploads\/2023\/08\/cropped-512x512-sara.jpeg\",\"width\":512,\"height\":512,\"caption\":\"Nord master fris\u00f6r mobler\"},\"image\":{\"@id\":\"https:\/\/masterfrisormobler.se\/#\/schema\/logo\/image\/\"},\"sameAs\":[\"https:\/\/www.facebook.com\/profile.php?id=100095573704473\",\"https:\/\/www.tiktok.com\/@master.frisr.mble\",\"https:\/\/www.instagram.com\/masterfrisormobler\/\"]}]}<\/script>\n<!-- \/ Yoast SEO plugin. -->","yoast_head_json":{"title":"Vacuum Hair Dustbin F\u00f6r h\u00e5r - Nord Master Fris\u00f6r M\u00f6bler","description":"Vacuum Hair Dustbin F\u00f6r h\u00e5r","robots":{"index":"index","follow":"follow","max-snippet":"max-snippet:-1","max-image-preview":"max-image-preview:large","max-video-preview":"max-video-preview:-1"},"canonical":"https:\/\/masterfrisormobler.se\/en\/product\/vacuum-hair-dustbin-for-har\/","og_locale":"en_US","og_type":"article","og_title":"Vacuum Hair Dustbin F\u00f6r h\u00e5r - Nord Master Fris\u00f6r M\u00f6bler","og_description":"Vacuum Hair Dustbin F\u00f6r h\u00e5r","og_url":"https:\/\/masterfrisormobler.se\/en\/product\/vacuum-hair-dustbin-for-har\/","og_site_name":"Nord Master Fris\u00f6r M\u00f6bler","article_publisher":"https:\/\/www.facebook.com\/profile.php?id=100095573704473","article_modified_time":"2025-07-18T19:31:12+00:00","og_image":[{"width":511,"height":800,"url":"https:\/\/masterfrisormobler.se\/wp-content\/uploads\/2023\/08\/vacuum-Hair-dustbin-jpg-3.jpg","type":"image\/jpeg"}],"twitter_card":"summary_large_image","twitter_misc":{"Est. reading time":"1 minute"},"schema":{"@context":"https:\/\/schema.org","@graph":[{"@type":"WebPage","@id":"https:\/\/masterfrisormobler.se\/product\/vacuum-hair-dustbin-for-har\/","url":"https:\/\/masterfrisormobler.se\/product\/vacuum-hair-dustbin-for-har\/","name":"Vacuum Hair Dustbin F\u00f6r h\u00e5r - Nord Master Fris\u00f6r M\u00f6bler","isPartOf":{"@id":"https:\/\/masterfrisormobler.se\/#website"},"datePublished":"2023-08-11T14:29:36+00:00","dateModified":"2025-07-18T19:31:12+00:00","description":"Vacuum Hair Dustbin F\u00f6r h\u00e5r","breadcrumb":{"@id":"https:\/\/masterfrisormobler.se\/product\/vacuum-hair-dustbin-for-har\/#breadcrumb"},"inLanguage":"en-US","potentialAction":[{"@type":"ReadAction","target":["https:\/\/masterfrisormobler.se\/product\/vacuum-hair-dustbin-for-har\/"]}]},{"@type":"BreadcrumbList","@id":"https:\/\/masterfrisormobler.se\/product\/vacuum-hair-dustbin-for-har\/#breadcrumb","itemListElement":[{"@type":"ListItem","position":1,"name":"Home","item":"https:\/\/masterfrisormobler.se\/"},{"@type":"ListItem","position":2,"name":"Store","item":"https:\/\/masterfrisormobler.se\/store-master-frisor-mobler\/"},{"@type":"ListItem","position":3,"name":"Vacuum Hair Dustbin F\u00f6r h\u00e5r"}]},{"@type":"WebSite","@id":"https:\/\/masterfrisormobler.se\/#website","url":"https:\/\/masterfrisormobler.se\/","name":"https:\/\/masterfrisormobler.se\/","description":"Den b\u00e4sta butiken f\u00f6r att s\u00e4lja Fris\u00f6rm\u00f6bler och produkter.","publisher":{"@id":"https:\/\/masterfrisormobler.se\/#organization"},"potentialAction":[{"@type":"SearchAction","target":{"@type":"EntryPoint","urlTemplate":"https:\/\/masterfrisormobler.se\/?s={search_term_string}"},"query-input":"required name=search_term_string"}],"inLanguage":"en-US"},{"@type":"Organization","@id":"https:\/\/masterfrisormobler.se\/#organization","name":"Nord master fris\u00f6r mobler","url":"https:\/\/masterfrisormobler.se\/","logo":{"@type":"ImageObject","inLanguage":"en-US","@id":"https:\/\/masterfrisormobler.se\/#\/schema\/logo\/image\/","url":"https:\/\/masterfrisormobler.se\/wp-content\/uploads\/2023\/08\/cropped-512x512-sara.jpeg","contentUrl":"https:\/\/masterfrisormobler.se\/wp-content\/uploads\/2023\/08\/cropped-512x512-sara.jpeg","width":512,"height":512,"caption":"Nord master fris\u00f6r mobler"},"image":{"@id":"https:\/\/masterfrisormobler.se\/#\/schema\/logo\/image\/"},"sameAs":["https:\/\/www.facebook.com\/profile.php?id=100095573704473","https:\/\/www.tiktok.com\/@master.frisr.mble","https:\/\/www.instagram.com\/masterfrisormobler\/"]}]}},"_links":{"self":[{"href":"https:\/\/masterfrisormobler.se\/en\/wp-json\/wp\/v2\/product\/5122"}],"collection":[{"href":"https:\/\/masterfrisormobler.se\/en\/wp-json\/wp\/v2\/product"}],"about":[{"href":"https:\/\/masterfrisormobler.se\/en\/wp-json\/wp\/v2\/types\/product"}],"version-history":[{"count":4,"href":"https:\/\/masterfrisormobler.se\/en\/wp-json\/wp\/v2\/product\/5122\/revisions"}],"predecessor-version":[{"id":5134,"href":"https:\/\/masterfrisormobler.se\/en\/wp-json\/wp\/v2\/product\/5122\/revisions\/5134"}],"wp:featuredmedia":[{"embeddable":true,"href":"https:\/\/masterfrisormobler.se\/en\/wp-json\/wp\/v2\/media\/5129"}],"wp:attachment":[{"href":"https:\/\/masterfrisormobler.se\/en\/wp-json\/wp\/v2\/media?parent=5122"}],"wp:term":[{"taxonomy":"product_cat","embeddable":true,"href":"https:\/\/masterfrisormobler.se\/en\/wp-json\/wp\/v2\/product_cat?post=5122"},{"taxonomy":"product_tag","embeddable":true,"href":"https:\/\/masterfrisormobler.se\/en\/wp-json\/wp\/v2\/product_tag?post=5122"}],"curies":[{"name":"wp","href":"https:\/\/api.w.org\/{rel}","templated":true}]}}