{"id":5010,"date":"2023-08-11T00:09:34","date_gmt":"2023-08-11T00:09:34","guid":{"rendered":"https:\/\/masterfrisormobler.se\/?post_type=product&#038;p=5010"},"modified":"2026-03-10T10:38:58","modified_gmt":"2026-03-10T10:38:58","slug":"ansiktsangare-2","status":"publish","type":"product","link":"https:\/\/masterfrisormobler.se\/en\/product\/ansiktsangare-2\/","title":{"rendered":"ansikts\u00e5ngare ,Barber, fris\u00f6r"},"content":{"rendered":"<p>ansikts\u00e5ngare ,Barber, fris\u00f6r<\/p>\n<p>En ansikts\u00e5ngare \u00e4r ett m\u00e5ngsidigt verktyg f\u00f6r sk\u00f6nhetsv\u00e5rd som kombinerar \u00e5nga och ozonfunktioner, likt en bastu f\u00f6r ansiktet. Det \u00e4r utformat f\u00f6r att ge omfattande hudv\u00e5rd.<\/p>\n<p>F\u00f6rdelar inkluderar:<\/p>\n<ul>\n<li>\u00c5nga \u00f6ppnar porerna och reng\u00f6r huden genom att ta bort smuts och orenheter.<\/li>\n<li>Ozonfunktionen har desinficerande egenskaper som bidrar till att rena huden.<\/li>\n<li>Ansikts\u00e5ngaren hj\u00e4lper till att fr\u00e4mja blodcirkulationen och f\u00f6rb\u00e4ttra hudens utstr\u00e5lning.<\/li>\n<li>Det hj\u00e4lper till att slappna av och mjukg\u00f6ra huden.<\/li>\n<li>Det kan underl\u00e4tta borttagning av orenheter och d\u00f6da hudceller.<\/li>\n<li>Ansikts\u00e5ngaren kan anv\u00e4ndas som en del av hudv\u00e5rdsrutinen f\u00f6r att f\u00f6rb\u00e4ttra penetrationen av efterf\u00f6ljande hudv\u00e5rdsprodukter.<\/li>\n<\/ul>\n<p>Denna multifunktionella enhet \u00e4r ett v\u00e4rdefullt verktyg f\u00f6r professionell hudv\u00e5rd och sk\u00f6nhetssalonger, och det ger en bastuliknande behandling f\u00f6r ansiktet med f\u00f6rdelarna av b\u00e5de \u00e5nga och ozon.<\/p>\n<p>&nbsp;<\/p>","protected":false},"excerpt":{"rendered":"<ul>\n<li>\u00c5nga \u00f6ppnar porerna och reng\u00f6r huden genom att ta bort smuts och orenheter.<\/li>\n<\/ul>","protected":false},"featured_media":6377,"template":"","meta":{"site-sidebar-layout":"default","site-content-layout":"default","ast-site-content-layout":"default","site-content-style":"default","site-sidebar-style":"default","ast-global-header-display":"","ast-banner-title-visibility":"","ast-main-header-display":"","ast-hfb-above-header-display":"","ast-hfb-below-header-display":"","ast-hfb-mobile-header-display":"","site-post-title":"","ast-breadcrumbs-content":"","ast-featured-img":"","footer-sml-layout":"","theme-transparent-header-meta":"default","adv-header-id-meta":"","stick-header-meta":"","header-above-stick-meta":"","header-main-stick-meta":"","header-below-stick-meta":"","astra-migrate-meta-layouts":"set","_joinchat":[]},"product_cat":[57,77],"product_tag":[],"yoast_head":"<!-- This site is optimized with the Yoast SEO plugin v21.2 - https:\/\/yoast.com\/wordpress\/plugins\/seo\/ -->\n<title>ansikts\u00e5ngare ,Barber, fris\u00f6r - Nord Master Fris\u00f6r M\u00f6bler<\/title>\n<meta name=\"description\" content=\"ansikts\u00e5ngare ,Barber, fris\u00f6r\" \/>\n<meta name=\"robots\" content=\"index, follow, max-snippet:-1, max-image-preview:large, max-video-preview:-1\" \/>\n<link rel=\"canonical\" href=\"https:\/\/masterfrisormobler.se\/en\/product\/ansiktsangare-2\/\" \/>\n<meta property=\"og:locale\" content=\"en_US\" \/>\n<meta property=\"og:type\" content=\"article\" \/>\n<meta property=\"og:title\" content=\"ansikts\u00e5ngare ,Barber, fris\u00f6r - Nord Master Fris\u00f6r M\u00f6bler\" \/>\n<meta property=\"og:description\" content=\"ansikts\u00e5ngare ,Barber, fris\u00f6r\" \/>\n<meta property=\"og:url\" content=\"https:\/\/masterfrisormobler.se\/en\/product\/ansiktsangare-2\/\" \/>\n<meta property=\"og:site_name\" content=\"Nord Master Fris\u00f6r M\u00f6bler\" \/>\n<meta property=\"article:publisher\" content=\"https:\/\/www.facebook.com\/profile.php?id=100095573704473\" \/>\n<meta property=\"article:modified_time\" content=\"2026-03-10T10:38:58+00:00\" \/>\n<meta property=\"og:image\" content=\"https:\/\/masterfrisormobler.se\/wp-content\/uploads\/2023\/08\/e1e2962e-9826-4eb1-a30f-e83cf44cb0fa.jpg\" \/>\n\t<meta property=\"og:image:width\" content=\"1536\" \/>\n\t<meta property=\"og:image:height\" content=\"2048\" \/>\n\t<meta property=\"og:image:type\" content=\"image\/jpeg\" \/>\n<meta name=\"twitter:card\" content=\"summary_large_image\" \/>\n<meta name=\"twitter:label1\" content=\"Est. reading time\" \/>\n\t<meta name=\"twitter:data1\" content=\"1 minute\" \/>\n<script type=\"application\/ld+json\" class=\"yoast-schema-graph\">{\"@context\":\"https:\/\/schema.org\",\"@graph\":[{\"@type\":\"WebPage\",\"@id\":\"https:\/\/masterfrisormobler.se\/product\/ansiktsangare-2\/\",\"url\":\"https:\/\/masterfrisormobler.se\/product\/ansiktsangare-2\/\",\"name\":\"ansikts\u00e5ngare ,Barber, fris\u00f6r - Nord Master Fris\u00f6r M\u00f6bler\",\"isPartOf\":{\"@id\":\"https:\/\/masterfrisormobler.se\/#website\"},\"datePublished\":\"2023-08-11T00:09:34+00:00\",\"dateModified\":\"2026-03-10T10:38:58+00:00\",\"description\":\"ansikts\u00e5ngare ,Barber, fris\u00f6r\",\"breadcrumb\":{\"@id\":\"https:\/\/masterfrisormobler.se\/product\/ansiktsangare-2\/#breadcrumb\"},\"inLanguage\":\"en-US\",\"potentialAction\":[{\"@type\":\"ReadAction\",\"target\":[\"https:\/\/masterfrisormobler.se\/product\/ansiktsangare-2\/\"]}]},{\"@type\":\"BreadcrumbList\",\"@id\":\"https:\/\/masterfrisormobler.se\/product\/ansiktsangare-2\/#breadcrumb\",\"itemListElement\":[{\"@type\":\"ListItem\",\"position\":1,\"name\":\"Home\",\"item\":\"https:\/\/masterfrisormobler.se\/\"},{\"@type\":\"ListItem\",\"position\":2,\"name\":\"Store\",\"item\":\"https:\/\/masterfrisormobler.se\/store-master-frisor-mobler\/\"},{\"@type\":\"ListItem\",\"position\":3,\"name\":\"ansikts\u00e5ngare ,Barber, fris\u00f6r\"}]},{\"@type\":\"WebSite\",\"@id\":\"https:\/\/masterfrisormobler.se\/#website\",\"url\":\"https:\/\/masterfrisormobler.se\/\",\"name\":\"https:\/\/masterfrisormobler.se\/\",\"description\":\"Den b\u00e4sta butiken f\u00f6r att s\u00e4lja Fris\u00f6rm\u00f6bler och produkter.\",\"publisher\":{\"@id\":\"https:\/\/masterfrisormobler.se\/#organization\"},\"potentialAction\":[{\"@type\":\"SearchAction\",\"target\":{\"@type\":\"EntryPoint\",\"urlTemplate\":\"https:\/\/masterfrisormobler.se\/?s={search_term_string}\"},\"query-input\":\"required name=search_term_string\"}],\"inLanguage\":\"en-US\"},{\"@type\":\"Organization\",\"@id\":\"https:\/\/masterfrisormobler.se\/#organization\",\"name\":\"Nord master fris\u00f6r mobler\",\"url\":\"https:\/\/masterfrisormobler.se\/\",\"logo\":{\"@type\":\"ImageObject\",\"inLanguage\":\"en-US\",\"@id\":\"https:\/\/masterfrisormobler.se\/#\/schema\/logo\/image\/\",\"url\":\"https:\/\/masterfrisormobler.se\/wp-content\/uploads\/2023\/08\/cropped-512x512-sara.jpeg\",\"contentUrl\":\"https:\/\/masterfrisormobler.se\/wp-content\/uploads\/2023\/08\/cropped-512x512-sara.jpeg\",\"width\":512,\"height\":512,\"caption\":\"Nord master fris\u00f6r mobler\"},\"image\":{\"@id\":\"https:\/\/masterfrisormobler.se\/#\/schema\/logo\/image\/\"},\"sameAs\":[\"https:\/\/www.facebook.com\/profile.php?id=100095573704473\",\"https:\/\/www.tiktok.com\/@master.frisr.mble\",\"https:\/\/www.instagram.com\/masterfrisormobler\/\"]}]}<\/script>\n<!-- \/ Yoast SEO plugin. -->","yoast_head_json":{"title":"ansikts\u00e5ngare ,Barber, fris\u00f6r - Nord Master Fris\u00f6r M\u00f6bler","description":"ansikts\u00e5ngare ,Barber, fris\u00f6r","robots":{"index":"index","follow":"follow","max-snippet":"max-snippet:-1","max-image-preview":"max-image-preview:large","max-video-preview":"max-video-preview:-1"},"canonical":"https:\/\/masterfrisormobler.se\/en\/product\/ansiktsangare-2\/","og_locale":"en_US","og_type":"article","og_title":"ansikts\u00e5ngare ,Barber, fris\u00f6r - Nord Master Fris\u00f6r M\u00f6bler","og_description":"ansikts\u00e5ngare ,Barber, fris\u00f6r","og_url":"https:\/\/masterfrisormobler.se\/en\/product\/ansiktsangare-2\/","og_site_name":"Nord Master Fris\u00f6r M\u00f6bler","article_publisher":"https:\/\/www.facebook.com\/profile.php?id=100095573704473","article_modified_time":"2026-03-10T10:38:58+00:00","og_image":[{"width":1536,"height":2048,"url":"https:\/\/masterfrisormobler.se\/wp-content\/uploads\/2023\/08\/e1e2962e-9826-4eb1-a30f-e83cf44cb0fa.jpg","type":"image\/jpeg"}],"twitter_card":"summary_large_image","twitter_misc":{"Est. reading time":"1 minute"},"schema":{"@context":"https:\/\/schema.org","@graph":[{"@type":"WebPage","@id":"https:\/\/masterfrisormobler.se\/product\/ansiktsangare-2\/","url":"https:\/\/masterfrisormobler.se\/product\/ansiktsangare-2\/","name":"ansikts\u00e5ngare ,Barber, fris\u00f6r - Nord Master Fris\u00f6r M\u00f6bler","isPartOf":{"@id":"https:\/\/masterfrisormobler.se\/#website"},"datePublished":"2023-08-11T00:09:34+00:00","dateModified":"2026-03-10T10:38:58+00:00","description":"ansikts\u00e5ngare ,Barber, fris\u00f6r","breadcrumb":{"@id":"https:\/\/masterfrisormobler.se\/product\/ansiktsangare-2\/#breadcrumb"},"inLanguage":"en-US","potentialAction":[{"@type":"ReadAction","target":["https:\/\/masterfrisormobler.se\/product\/ansiktsangare-2\/"]}]},{"@type":"BreadcrumbList","@id":"https:\/\/masterfrisormobler.se\/product\/ansiktsangare-2\/#breadcrumb","itemListElement":[{"@type":"ListItem","position":1,"name":"Home","item":"https:\/\/masterfrisormobler.se\/"},{"@type":"ListItem","position":2,"name":"Store","item":"https:\/\/masterfrisormobler.se\/store-master-frisor-mobler\/"},{"@type":"ListItem","position":3,"name":"ansikts\u00e5ngare ,Barber, fris\u00f6r"}]},{"@type":"WebSite","@id":"https:\/\/masterfrisormobler.se\/#website","url":"https:\/\/masterfrisormobler.se\/","name":"https:\/\/masterfrisormobler.se\/","description":"Den b\u00e4sta butiken f\u00f6r att s\u00e4lja Fris\u00f6rm\u00f6bler och produkter.","publisher":{"@id":"https:\/\/masterfrisormobler.se\/#organization"},"potentialAction":[{"@type":"SearchAction","target":{"@type":"EntryPoint","urlTemplate":"https:\/\/masterfrisormobler.se\/?s={search_term_string}"},"query-input":"required name=search_term_string"}],"inLanguage":"en-US"},{"@type":"Organization","@id":"https:\/\/masterfrisormobler.se\/#organization","name":"Nord master fris\u00f6r mobler","url":"https:\/\/masterfrisormobler.se\/","logo":{"@type":"ImageObject","inLanguage":"en-US","@id":"https:\/\/masterfrisormobler.se\/#\/schema\/logo\/image\/","url":"https:\/\/masterfrisormobler.se\/wp-content\/uploads\/2023\/08\/cropped-512x512-sara.jpeg","contentUrl":"https:\/\/masterfrisormobler.se\/wp-content\/uploads\/2023\/08\/cropped-512x512-sara.jpeg","width":512,"height":512,"caption":"Nord master fris\u00f6r mobler"},"image":{"@id":"https:\/\/masterfrisormobler.se\/#\/schema\/logo\/image\/"},"sameAs":["https:\/\/www.facebook.com\/profile.php?id=100095573704473","https:\/\/www.tiktok.com\/@master.frisr.mble","https:\/\/www.instagram.com\/masterfrisormobler\/"]}]}},"_links":{"self":[{"href":"https:\/\/masterfrisormobler.se\/en\/wp-json\/wp\/v2\/product\/5010"}],"collection":[{"href":"https:\/\/masterfrisormobler.se\/en\/wp-json\/wp\/v2\/product"}],"about":[{"href":"https:\/\/masterfrisormobler.se\/en\/wp-json\/wp\/v2\/types\/product"}],"version-history":[{"count":3,"href":"https:\/\/masterfrisormobler.se\/en\/wp-json\/wp\/v2\/product\/5010\/revisions"}],"predecessor-version":[{"id":6382,"href":"https:\/\/masterfrisormobler.se\/en\/wp-json\/wp\/v2\/product\/5010\/revisions\/6382"}],"wp:featuredmedia":[{"embeddable":true,"href":"https:\/\/masterfrisormobler.se\/en\/wp-json\/wp\/v2\/media\/6377"}],"wp:attachment":[{"href":"https:\/\/masterfrisormobler.se\/en\/wp-json\/wp\/v2\/media?parent=5010"}],"wp:term":[{"taxonomy":"product_cat","embeddable":true,"href":"https:\/\/masterfrisormobler.se\/en\/wp-json\/wp\/v2\/product_cat?post=5010"},{"taxonomy":"product_tag","embeddable":true,"href":"https:\/\/masterfrisormobler.se\/en\/wp-json\/wp\/v2\/product_tag?post=5010"}],"curies":[{"name":"wp","href":"https:\/\/api.w.org\/{rel}","templated":true}]}}