{"id":4647,"date":"2023-08-09T17:08:32","date_gmt":"2023-08-09T17:08:32","guid":{"rendered":"https:\/\/masterfrisormobler.se\/?post_type=product&#038;p=4647"},"modified":"2025-07-15T18:09:34","modified_gmt":"2025-07-15T18:09:34","slug":"receptionsdisk-for-frisorsalongen","status":"publish","type":"product","link":"https:\/\/masterfrisormobler.se\/en\/product\/receptionsdisk-for-frisorsalongen\/","title":{"rendered":"reception desk for hair salon"},"content":{"rendered":"<div class=\"woocommerce-tabs wc-tabs-wrapper\">\n<div id=\"tab-description\" class=\"woocommerce-Tabs-panel woocommerce-Tabs-panel--description panel entry-content wc-tab\" role=\"tabpanel\" aria-labelledby=\"tab-title-description\">\n<h1><strong>Kvalitetskonstruktion:<\/strong><\/h1>\n<p>Disken \u00e4r utformad med anv\u00e4ndning av h\u00f6gkvalitativt l\u00e4der och elegant tr\u00e4. Det g\u00f6r det m\u00f6jligt f\u00f6r disken att t\u00e5la daglig anv\u00e4ndning och f\u00f6rblir elegant med tiden.<\/p>\n<p>&nbsp;<\/p>\n<p><strong>F\u00f6rvaringsutrymme<\/strong>:<\/p>\n<p>Disken har l\u00e5dor och hyllor som \u00e4r anpassade f\u00f6r att f\u00f6rvara dokument och n\u00f6dv\u00e4ndiga f\u00f6rn\u00f6denheter, vilket hj\u00e4lper till att beh\u00e5lla ordning och reda.<\/p>\n<p><strong>Bekv\u00e4mt och funktionellt:<\/strong><\/p>\n<p>Disken \u00e4r utformad med en l\u00e4mplig h\u00f6jd och f\u00f6rdelning f\u00f6r att erbjuda komfort f\u00f6r kunder och personal under mottagnings- och registreringsprocesserna.<\/p>\n<p><strong>H\u00e5llbar kvalitet:<\/strong><\/p>\n<p>D\u00e4sken tillverkas av h\u00e5llbara material f\u00f6r att s\u00e4kerst\u00e4lla dess l\u00e5nga livsl\u00e4ngd och utm\u00e4rkta prestanda \u00f6ver tiden.<\/p>\n<p>Oavsett om du s\u00f6ker f\u00f6rnya utseender p\u00e5 din fris\u00f6rsalong eller om du letar efter en produkt med b\u00e5de kvalitet och elegans, kommer denna receptionsd\u00e4sk att vara en i\u00f6gonfallande tillskott till din salong. Den kommer att f\u00f6rb\u00e4ttra dina kunders upplevelse och bidra till ett positivt intryck.<\/p>\n<\/div>\n<\/div>","protected":false},"excerpt":{"rendered":"<p><strong>Det gl\u00e4der oss att presentera v\u00e5r lyxiga receptionsdisk f\u00f6r fris\u00f6rsalongen,<\/strong><\/p>","protected":false},"featured_media":6478,"template":"","meta":{"site-sidebar-layout":"default","site-content-layout":"default","ast-site-content-layout":"default","site-content-style":"default","site-sidebar-style":"default","ast-global-header-display":"","ast-banner-title-visibility":"","ast-main-header-display":"","ast-hfb-above-header-display":"","ast-hfb-below-header-display":"","ast-hfb-mobile-header-display":"","site-post-title":"","ast-breadcrumbs-content":"","ast-featured-img":"","footer-sml-layout":"","theme-transparent-header-meta":"default","adv-header-id-meta":"","stick-header-meta":"","header-above-stick-meta":"","header-main-stick-meta":"","header-below-stick-meta":"","astra-migrate-meta-layouts":"set","_joinchat":[]},"product_cat":[59,68,69],"product_tag":[],"yoast_head":"<!-- This site is optimized with the Yoast SEO plugin v21.2 - https:\/\/yoast.com\/wordpress\/plugins\/seo\/ -->\n<title>receptionsdisk f\u00f6r fris\u00f6rsalongen - Nord Master Fris\u00f6r M\u00f6bler<\/title>\n<meta name=\"description\" content=\"receptionsdisk f\u00f6r fris\u00f6rsalongen\" \/>\n<meta name=\"robots\" content=\"index, follow, max-snippet:-1, max-image-preview:large, max-video-preview:-1\" \/>\n<link rel=\"canonical\" href=\"https:\/\/masterfrisormobler.se\/en\/product\/receptionsdisk-for-frisorsalongen\/\" \/>\n<meta property=\"og:locale\" content=\"en_US\" \/>\n<meta property=\"og:type\" content=\"article\" \/>\n<meta property=\"og:title\" content=\"receptionsdisk f\u00f6r fris\u00f6rsalongen - Nord Master Fris\u00f6r M\u00f6bler\" \/>\n<meta property=\"og:description\" content=\"receptionsdisk f\u00f6r fris\u00f6rsalongen\" \/>\n<meta property=\"og:url\" content=\"https:\/\/masterfrisormobler.se\/en\/product\/receptionsdisk-for-frisorsalongen\/\" \/>\n<meta property=\"og:site_name\" content=\"Nord Master Fris\u00f6r M\u00f6bler\" \/>\n<meta property=\"article:publisher\" content=\"https:\/\/www.facebook.com\/profile.php?id=100095573704473\" \/>\n<meta property=\"article:modified_time\" content=\"2025-07-15T18:09:34+00:00\" \/>\n<meta property=\"og:image\" content=\"https:\/\/masterfrisormobler.se\/wp-content\/uploads\/2023\/08\/WhatsApp-Image-2024-08-08-at-14.38.23.jpeg\" \/>\n\t<meta property=\"og:image:width\" content=\"1024\" \/>\n\t<meta property=\"og:image:height\" content=\"1024\" \/>\n\t<meta property=\"og:image:type\" content=\"image\/jpeg\" \/>\n<meta name=\"twitter:card\" content=\"summary_large_image\" \/>\n<meta name=\"twitter:label1\" content=\"Est. reading time\" \/>\n\t<meta name=\"twitter:data1\" content=\"1 minute\" \/>\n<script type=\"application\/ld+json\" class=\"yoast-schema-graph\">{\"@context\":\"https:\/\/schema.org\",\"@graph\":[{\"@type\":\"WebPage\",\"@id\":\"https:\/\/masterfrisormobler.se\/product\/receptionsdisk-for-frisorsalongen\/\",\"url\":\"https:\/\/masterfrisormobler.se\/product\/receptionsdisk-for-frisorsalongen\/\",\"name\":\"receptionsdisk f\u00f6r fris\u00f6rsalongen - Nord Master Fris\u00f6r M\u00f6bler\",\"isPartOf\":{\"@id\":\"https:\/\/masterfrisormobler.se\/#website\"},\"datePublished\":\"2023-08-09T17:08:32+00:00\",\"dateModified\":\"2025-07-15T18:09:34+00:00\",\"description\":\"receptionsdisk f\u00f6r fris\u00f6rsalongen\",\"breadcrumb\":{\"@id\":\"https:\/\/masterfrisormobler.se\/product\/receptionsdisk-for-frisorsalongen\/#breadcrumb\"},\"inLanguage\":\"en-US\",\"potentialAction\":[{\"@type\":\"ReadAction\",\"target\":[\"https:\/\/masterfrisormobler.se\/product\/receptionsdisk-for-frisorsalongen\/\"]}]},{\"@type\":\"BreadcrumbList\",\"@id\":\"https:\/\/masterfrisormobler.se\/product\/receptionsdisk-for-frisorsalongen\/#breadcrumb\",\"itemListElement\":[{\"@type\":\"ListItem\",\"position\":1,\"name\":\"Home\",\"item\":\"https:\/\/masterfrisormobler.se\/\"},{\"@type\":\"ListItem\",\"position\":2,\"name\":\"Store\",\"item\":\"https:\/\/masterfrisormobler.se\/store-master-frisor-mobler\/\"},{\"@type\":\"ListItem\",\"position\":3,\"name\":\"receptionsdisk f\u00f6r fris\u00f6rsalongen\"}]},{\"@type\":\"WebSite\",\"@id\":\"https:\/\/masterfrisormobler.se\/#website\",\"url\":\"https:\/\/masterfrisormobler.se\/\",\"name\":\"https:\/\/masterfrisormobler.se\/\",\"description\":\"Den b\u00e4sta butiken f\u00f6r att s\u00e4lja Fris\u00f6rm\u00f6bler och produkter.\",\"publisher\":{\"@id\":\"https:\/\/masterfrisormobler.se\/#organization\"},\"potentialAction\":[{\"@type\":\"SearchAction\",\"target\":{\"@type\":\"EntryPoint\",\"urlTemplate\":\"https:\/\/masterfrisormobler.se\/?s={search_term_string}\"},\"query-input\":\"required name=search_term_string\"}],\"inLanguage\":\"en-US\"},{\"@type\":\"Organization\",\"@id\":\"https:\/\/masterfrisormobler.se\/#organization\",\"name\":\"Nord master fris\u00f6r mobler\",\"url\":\"https:\/\/masterfrisormobler.se\/\",\"logo\":{\"@type\":\"ImageObject\",\"inLanguage\":\"en-US\",\"@id\":\"https:\/\/masterfrisormobler.se\/#\/schema\/logo\/image\/\",\"url\":\"https:\/\/masterfrisormobler.se\/wp-content\/uploads\/2023\/08\/cropped-512x512-sara.jpeg\",\"contentUrl\":\"https:\/\/masterfrisormobler.se\/wp-content\/uploads\/2023\/08\/cropped-512x512-sara.jpeg\",\"width\":512,\"height\":512,\"caption\":\"Nord master fris\u00f6r mobler\"},\"image\":{\"@id\":\"https:\/\/masterfrisormobler.se\/#\/schema\/logo\/image\/\"},\"sameAs\":[\"https:\/\/www.facebook.com\/profile.php?id=100095573704473\",\"https:\/\/www.tiktok.com\/@master.frisr.mble\",\"https:\/\/www.instagram.com\/masterfrisormobler\/\"]}]}<\/script>\n<!-- \/ Yoast SEO plugin. -->","yoast_head_json":{"title":"receptionsdisk f\u00f6r fris\u00f6rsalongen - Nord Master Fris\u00f6r M\u00f6bler","description":"receptionsdisk f\u00f6r fris\u00f6rsalongen","robots":{"index":"index","follow":"follow","max-snippet":"max-snippet:-1","max-image-preview":"max-image-preview:large","max-video-preview":"max-video-preview:-1"},"canonical":"https:\/\/masterfrisormobler.se\/en\/product\/receptionsdisk-for-frisorsalongen\/","og_locale":"en_US","og_type":"article","og_title":"receptionsdisk f\u00f6r fris\u00f6rsalongen - Nord Master Fris\u00f6r M\u00f6bler","og_description":"receptionsdisk f\u00f6r fris\u00f6rsalongen","og_url":"https:\/\/masterfrisormobler.se\/en\/product\/receptionsdisk-for-frisorsalongen\/","og_site_name":"Nord Master Fris\u00f6r M\u00f6bler","article_publisher":"https:\/\/www.facebook.com\/profile.php?id=100095573704473","article_modified_time":"2025-07-15T18:09:34+00:00","og_image":[{"width":1024,"height":1024,"url":"https:\/\/masterfrisormobler.se\/wp-content\/uploads\/2023\/08\/WhatsApp-Image-2024-08-08-at-14.38.23.jpeg","type":"image\/jpeg"}],"twitter_card":"summary_large_image","twitter_misc":{"Est. reading time":"1 minute"},"schema":{"@context":"https:\/\/schema.org","@graph":[{"@type":"WebPage","@id":"https:\/\/masterfrisormobler.se\/product\/receptionsdisk-for-frisorsalongen\/","url":"https:\/\/masterfrisormobler.se\/product\/receptionsdisk-for-frisorsalongen\/","name":"receptionsdisk f\u00f6r fris\u00f6rsalongen - Nord Master Fris\u00f6r M\u00f6bler","isPartOf":{"@id":"https:\/\/masterfrisormobler.se\/#website"},"datePublished":"2023-08-09T17:08:32+00:00","dateModified":"2025-07-15T18:09:34+00:00","description":"receptionsdisk f\u00f6r fris\u00f6rsalongen","breadcrumb":{"@id":"https:\/\/masterfrisormobler.se\/product\/receptionsdisk-for-frisorsalongen\/#breadcrumb"},"inLanguage":"en-US","potentialAction":[{"@type":"ReadAction","target":["https:\/\/masterfrisormobler.se\/product\/receptionsdisk-for-frisorsalongen\/"]}]},{"@type":"BreadcrumbList","@id":"https:\/\/masterfrisormobler.se\/product\/receptionsdisk-for-frisorsalongen\/#breadcrumb","itemListElement":[{"@type":"ListItem","position":1,"name":"Home","item":"https:\/\/masterfrisormobler.se\/"},{"@type":"ListItem","position":2,"name":"Store","item":"https:\/\/masterfrisormobler.se\/store-master-frisor-mobler\/"},{"@type":"ListItem","position":3,"name":"receptionsdisk f\u00f6r fris\u00f6rsalongen"}]},{"@type":"WebSite","@id":"https:\/\/masterfrisormobler.se\/#website","url":"https:\/\/masterfrisormobler.se\/","name":"https:\/\/masterfrisormobler.se\/","description":"Den b\u00e4sta butiken f\u00f6r att s\u00e4lja Fris\u00f6rm\u00f6bler och produkter.","publisher":{"@id":"https:\/\/masterfrisormobler.se\/#organization"},"potentialAction":[{"@type":"SearchAction","target":{"@type":"EntryPoint","urlTemplate":"https:\/\/masterfrisormobler.se\/?s={search_term_string}"},"query-input":"required name=search_term_string"}],"inLanguage":"en-US"},{"@type":"Organization","@id":"https:\/\/masterfrisormobler.se\/#organization","name":"Nord master fris\u00f6r mobler","url":"https:\/\/masterfrisormobler.se\/","logo":{"@type":"ImageObject","inLanguage":"en-US","@id":"https:\/\/masterfrisormobler.se\/#\/schema\/logo\/image\/","url":"https:\/\/masterfrisormobler.se\/wp-content\/uploads\/2023\/08\/cropped-512x512-sara.jpeg","contentUrl":"https:\/\/masterfrisormobler.se\/wp-content\/uploads\/2023\/08\/cropped-512x512-sara.jpeg","width":512,"height":512,"caption":"Nord master fris\u00f6r mobler"},"image":{"@id":"https:\/\/masterfrisormobler.se\/#\/schema\/logo\/image\/"},"sameAs":["https:\/\/www.facebook.com\/profile.php?id=100095573704473","https:\/\/www.tiktok.com\/@master.frisr.mble","https:\/\/www.instagram.com\/masterfrisormobler\/"]}]}},"_links":{"self":[{"href":"https:\/\/masterfrisormobler.se\/en\/wp-json\/wp\/v2\/product\/4647"}],"collection":[{"href":"https:\/\/masterfrisormobler.se\/en\/wp-json\/wp\/v2\/product"}],"about":[{"href":"https:\/\/masterfrisormobler.se\/en\/wp-json\/wp\/v2\/types\/product"}],"version-history":[{"count":5,"href":"https:\/\/masterfrisormobler.se\/en\/wp-json\/wp\/v2\/product\/4647\/revisions"}],"predecessor-version":[{"id":4911,"href":"https:\/\/masterfrisormobler.se\/en\/wp-json\/wp\/v2\/product\/4647\/revisions\/4911"}],"wp:featuredmedia":[{"embeddable":true,"href":"https:\/\/masterfrisormobler.se\/en\/wp-json\/wp\/v2\/media\/6478"}],"wp:attachment":[{"href":"https:\/\/masterfrisormobler.se\/en\/wp-json\/wp\/v2\/media?parent=4647"}],"wp:term":[{"taxonomy":"product_cat","embeddable":true,"href":"https:\/\/masterfrisormobler.se\/en\/wp-json\/wp\/v2\/product_cat?post=4647"},{"taxonomy":"product_tag","embeddable":true,"href":"https:\/\/masterfrisormobler.se\/en\/wp-json\/wp\/v2\/product_tag?post=4647"}],"curies":[{"name":"wp","href":"https:\/\/api.w.org\/{rel}","templated":true}]}}