{"id":5678,"date":"2023-08-27T12:19:57","date_gmt":"2023-08-27T12:19:57","guid":{"rendered":"https:\/\/masterfrisormobler.se\/?page_id=5678"},"modified":"2023-09-02T17:24:56","modified_gmt":"2023-09-02T17:24:56","slug":"integritetspolicy-i-enlighet-med-gdpr","status":"publish","type":"page","link":"https:\/\/masterfrisormobler.se\/en\/integritetspolicy-i-enlighet-med-gdpr\/","title":{"rendered":"Integritetspolicy i enlighet med GDPR"},"content":{"rendered":"<div data-elementor-type=\"wp-page\" data-elementor-id=\"5678\" class=\"elementor elementor-5678\">\n\t\t\t\t\t\t\t\t\t<section class=\"elementor-section elementor-top-section elementor-element elementor-element-f7eb9b8 elementor-section-boxed elementor-section-height-default elementor-section-height-default wpr-particle-no wpr-jarallax-no wpr-parallax-no wpr-sticky-section-no\" data-id=\"f7eb9b8\" data-element_type=\"section\">\n\t\t\t\t\t\t<div class=\"elementor-container elementor-column-gap-default\">\n\t\t\t\t\t<div class=\"elementor-column elementor-col-100 elementor-top-column elementor-element elementor-element-82960ef\" data-id=\"82960ef\" data-element_type=\"column\">\n\t\t\t<div class=\"elementor-widget-wrap elementor-element-populated\">\n\t\t\t\t\t\t\t\t<div class=\"elementor-element elementor-element-aaf42f4 elementor-widget elementor-widget-text-editor\" data-id=\"aaf42f4\" data-element_type=\"widget\" data-widget_type=\"text-editor.default\">\n\t\t\t\t<div class=\"elementor-widget-container\">\n\t\t\t<style>\/*! elementor - v3.16.0 - 20-09-2023 *\/\n.elementor-widget-text-editor.elementor-drop-cap-view-stacked .elementor-drop-cap{background-color:#69727d;color:#fff}.elementor-widget-text-editor.elementor-drop-cap-view-framed .elementor-drop-cap{color:#69727d;border:3px solid;background-color:transparent}.elementor-widget-text-editor:not(.elementor-drop-cap-view-default) .elementor-drop-cap{margin-top:8px}.elementor-widget-text-editor:not(.elementor-drop-cap-view-default) .elementor-drop-cap-letter{width:1em;height:1em}.elementor-widget-text-editor .elementor-drop-cap{float:left;text-align:center;line-height:1;font-size:50px}.elementor-widget-text-editor .elementor-drop-cap-letter{display:inline-block}<\/style>\t\t\t\t<header class=\"page-header g\">\n<div class=\"g12-xs g9-md\">\n<p class=\"page-header__description m0 f1 cl-white\">\n<\/p><\/div>\n<\/header>\n<section class=\"page-section g\">\n<div class=\"g12-xs g9-xl mt32\">\n<h2>Sekretess- och cookiespolicy<\/h2>\n<p><b>master Fris\u00f6r M\u00f6bler AB, <\/b>&nbsp;har \u00e5tagit sig att skydda v\u00e5ra kunders integritet. F\u00f6r att veta vilken information vi samlar in om kunden och hur vi anvander den, scrolla ner f\u00f6r detaljer.<\/p>\n<p>Vi samlar in personuppgifter s\u00e5 namn, kontaktnummer, k\u00f6n, produktrecensioner och information som lagts till i din kontoprofil.<\/p>\n<p>In an vander det for f\u00f6retag och f\u00f6r f\u00f6ljande \u00e4ndam\u00e5l:<br>1) Operationell orsak s\u00e5som orderleverans, transaktions- och faktureringsregistreringar.<br>2) att f\u00f6lja r\u00e4ttsliga skyldigheter gentemot v\u00e5ra kunder.<br>3) att se till att juridiska policyer f\u00f6ljer, s\u00e4rskilt som reglerar e-post och internetanv\u00e4ndning.<br>4) att unders\u00f6ka eventuella klagom\u00e5l.<br>5) Att f\u00f6lja r\u00e4ttsliga f\u00f6rfaranden som beg\u00e4rts som en del av utredning av tillsynsorgan.<br>6) f\u00f6r marknadsf\u00f6rings\u00e4ndam\u00e5l eller f\u00f6r att leverera eller f\u00f6rb\u00e4ttra v\u00e5ra tj\u00e4nster.<br>7) att f\u00f6lja h\u00e4lso- och s\u00e4kerhetskrav f\u00f6r allm\u00e4nheten och personliga.<\/p>\n<p><\/p>\n<p>Via delar personuppgifter med:<br>1) Tj\u00e4nsteleverant\u00f6rer eller leverant\u00f6rer som arbetar for oss, s\u00e5som rederier och betalningsbehandlare.<br>2) juridiska r\u00e5dgivare och yrkesverksamma.<br>3) Statliga myndigheter och organ med l\u00e5g verkst\u00e4llighet.<br>4) bedr\u00e4gerif\u00f6rebyggande och uppt\u00e4cktsorgan.<\/p>\n<p><\/p>\n<p>V\u00e5ra st\u00f6rsta personuppgifter s\u00e5 l\u00e4nge vi finner det n\u00f6dv\u00e4ndigt. N\u00e4r du handlar kommer vi att beh\u00e5lla dina uppgifter under en tidsperiod s\u00e5 \u00e4r n\u00f6dv\u00e4ndig f\u00f6r fakturering, skatt och produktgaranti. Vi kan komma att spara information under l\u00e4ngre tid i h\u00e4ndelse av klagom\u00e5l fr\u00e5n kunder.<\/p>\n<p><\/p>\n<p>Vi kan komma att kommunicera med v\u00e5ra kunder via e-post, telefon eller post i marknadsf\u00f6ringssyfte. De meddelanden vi skickar \u00e4r skr\u00e4ddarsydda baserat p\u00e5 kundernas tidigare k\u00f6p och annan information vi har om dig. Du har r\u00e4tt att n\u00e4r som helst v\u00e4lja bort marknadsf\u00f6ringskommunikation genom att klicka p\u00e5 l\u00e4nken &#8221;avsluta prenumeration&#8221; i alla e-postmeddelanden vi skickar.<\/p>\n<p>Via kan anv\u00e4nda en del av kundens personliga information, s\u00e5som e-post, f\u00f6r att engagera tredje parts webbplatser och sociala mediar f\u00f6r att visa v\u00e5ra skr\u00e4ddarsydda annonser f\u00f6r v\u00e5r kund. Du kan v\u00e4lja bort att ta emot annonser genom att \u00e4ndra v\u00e5ra cookies och sekretessinst\u00e4llningar i dina webbl\u00e4sare och appar f\u00f6r sociala medier som du anv\u00e4nder.<\/p>\n<p><\/p>\n<p>V\u00e5r webbplatss\u00e4kerhet<\/p>\n<p>In an vander s\u00e4kra krypterade metoder for att skydda skyddet av k\u00e4nslig information s\u00e5 skickas och tas emot p\u00e5 v\u00e5r webbplats, s\u00e5som kredit- och betalkortstransaktioner. Detta inkluderar anv\u00e4ndning av SSL-krypteringsteknik f\u00f6r \u00f6r att bekr\u00e4fta att data som skickas mellan oss och v\u00e5ra kunder f\u00f6rblir privata och s\u00e4kra. Vi g\u00f6r v\u00e5rt basta f\u00f6r att s\u00e4kerst\u00e4lla att v\u00e5r kunds personliga information alltid \u00e4r skyddad fr\u00e5n v\u00e5r webbplats. Vi kan inte garantera s\u00e4kerheten och integriteten f\u00f6r information s\u00e5 har \u00f6verforts till v\u00e5r webbplats.<\/p>\n<p><br><\/p>\n<p>.<span style=\"background-color: rgb(255, 255, 255); color: var(--ast-global-color-3);\">Master Fris\u00f6r M\u00f6bler AB<\/span><\/p><p style=\"font-size: 16px; font-style: normal; font-weight: 400; background-color: rgb(255, 255, 255);\">Org.nr: 559259-5291<\/p><p style=\"font-size: 16px; font-style: normal; font-weight: 400; background-color: rgb(255, 255, 255);\">Adress: Bjur\u00f6gatan 48, 211 24, Malm\u00f6.<\/p><p style=\"font-size: 16px; font-style: normal; font-weight: 400; background-color: rgb(255, 255, 255);\">Email Adress: support@masterfrisormobler.se<\/p><p style=\"font-size: 16px; font-style: normal; font-weight: 400; background-color: rgb(255, 255, 255);\">Telefon.nr: +46 738 48 58 58<\/p>\n<\/div>\n<\/section>\t\t\t\t\t\t<\/div>\n\t\t\t\t<\/div>\n\t\t\t\t\t<\/div>\n\t\t<\/div>\n\t\t\t\t\t\t\t<\/div>\n\t\t<\/section>\n\t\t\t\t\t\t\t<\/div>","protected":false},"excerpt":{"rendered":"<p>Sekretess- och cookiespolicy master Fris\u00f6r M\u00f6bler AB, &nbsp;har \u00e5tagit sig att skydda v\u00e5ra kunders integritet. F\u00f6r att veta vilken information vi samlar in om kunden och hur vi anvander den, scrolla ner f\u00f6r detaljer. Vi samlar in personuppgifter s\u00e5 namn, kontaktnummer, k\u00f6n, produktrecensioner och information som lagts till i din kontoprofil. In an vander det &hellip;<\/p>\n<p class=\"read-more\"> <a class=\"\" href=\"https:\/\/masterfrisormobler.se\/en\/integritetspolicy-i-enlighet-med-gdpr\/\"> <span class=\"screen-reader-text\">Integritetspolicy i enlighet med GDPR<\/span> Read More &raquo;<\/a><\/p>","protected":false},"author":1,"featured_media":0,"parent":0,"menu_order":0,"comment_status":"closed","ping_status":"closed","template":"","meta":{"site-sidebar-layout":"no-sidebar","site-content-layout":"page-builder","ast-site-content-layout":"","site-content-style":"default","site-sidebar-style":"default","ast-global-header-display":"","ast-banner-title-visibility":"","ast-main-header-display":"","ast-hfb-above-header-display":"","ast-hfb-below-header-display":"","ast-hfb-mobile-header-display":"","site-post-title":"disabled","ast-breadcrumbs-content":"","ast-featured-img":"disabled","footer-sml-layout":"","theme-transparent-header-meta":"","adv-header-id-meta":"","stick-header-meta":"","header-above-stick-meta":"","header-main-stick-meta":"","header-below-stick-meta":"","astra-migrate-meta-layouts":"","footnotes":"","_joinchat":[]},"yoast_head":"<!-- This site is optimized with the Yoast SEO plugin v21.2 - https:\/\/yoast.com\/wordpress\/plugins\/seo\/ -->\n<title>Integritetspolicy i enlighet med GDPR - Nord Master Fris\u00f6r M\u00f6bler<\/title>\n<meta name=\"robots\" content=\"index, follow, max-snippet:-1, max-image-preview:large, max-video-preview:-1\" \/>\n<link rel=\"canonical\" href=\"https:\/\/masterfrisormobler.se\/en\/integritetspolicy-i-enlighet-med-gdpr\/\" \/>\n<meta property=\"og:locale\" content=\"en_US\" \/>\n<meta property=\"og:type\" content=\"article\" \/>\n<meta property=\"og:title\" content=\"Integritetspolicy i enlighet med GDPR - Nord Master Fris\u00f6r M\u00f6bler\" \/>\n<meta property=\"og:description\" content=\"Sekretess- och cookiespolicy master Fris\u00f6r M\u00f6bler AB, &nbsp;har \u00e5tagit sig att skydda v\u00e5ra kunders integritet. F\u00f6r att veta vilken information vi samlar in om kunden och hur vi anvander den, scrolla ner f\u00f6r detaljer. Vi samlar in personuppgifter s\u00e5 namn, kontaktnummer, k\u00f6n, produktrecensioner och information som lagts till i din kontoprofil. In an vander det &hellip; Integritetspolicy i enlighet med GDPR Read More &raquo;\" \/>\n<meta property=\"og:url\" content=\"https:\/\/masterfrisormobler.se\/en\/integritetspolicy-i-enlighet-med-gdpr\/\" \/>\n<meta property=\"og:site_name\" content=\"Nord Master Fris\u00f6r M\u00f6bler\" \/>\n<meta property=\"article:publisher\" content=\"https:\/\/www.facebook.com\/profile.php?id=100095573704473\" \/>\n<meta property=\"article:modified_time\" content=\"2023-09-02T17:24:56+00:00\" \/>\n<meta name=\"twitter:card\" content=\"summary_large_image\" \/>\n<meta name=\"twitter:label1\" content=\"Est. reading time\" \/>\n\t<meta name=\"twitter:data1\" content=\"3 minutes\" \/>\n<script type=\"application\/ld+json\" class=\"yoast-schema-graph\">{\"@context\":\"https:\/\/schema.org\",\"@graph\":[{\"@type\":\"WebPage\",\"@id\":\"https:\/\/masterfrisormobler.se\/integritetspolicy-i-enlighet-med-gdpr\/\",\"url\":\"https:\/\/masterfrisormobler.se\/integritetspolicy-i-enlighet-med-gdpr\/\",\"name\":\"Integritetspolicy i enlighet med GDPR - Nord Master Fris\u00f6r M\u00f6bler\",\"isPartOf\":{\"@id\":\"https:\/\/masterfrisormobler.se\/#website\"},\"datePublished\":\"2023-08-27T12:19:57+00:00\",\"dateModified\":\"2023-09-02T17:24:56+00:00\",\"breadcrumb\":{\"@id\":\"https:\/\/masterfrisormobler.se\/integritetspolicy-i-enlighet-med-gdpr\/#breadcrumb\"},\"inLanguage\":\"en-US\",\"potentialAction\":[{\"@type\":\"ReadAction\",\"target\":[\"https:\/\/masterfrisormobler.se\/integritetspolicy-i-enlighet-med-gdpr\/\"]}]},{\"@type\":\"BreadcrumbList\",\"@id\":\"https:\/\/masterfrisormobler.se\/integritetspolicy-i-enlighet-med-gdpr\/#breadcrumb\",\"itemListElement\":[{\"@type\":\"ListItem\",\"position\":1,\"name\":\"Home\",\"item\":\"https:\/\/masterfrisormobler.se\/\"},{\"@type\":\"ListItem\",\"position\":2,\"name\":\"Integritetspolicy i enlighet med GDPR\"}]},{\"@type\":\"WebSite\",\"@id\":\"https:\/\/masterfrisormobler.se\/#website\",\"url\":\"https:\/\/masterfrisormobler.se\/\",\"name\":\"https:\/\/masterfrisormobler.se\/\",\"description\":\"Den b\u00e4sta butiken f\u00f6r att s\u00e4lja Fris\u00f6rm\u00f6bler och produkter.\",\"publisher\":{\"@id\":\"https:\/\/masterfrisormobler.se\/#organization\"},\"potentialAction\":[{\"@type\":\"SearchAction\",\"target\":{\"@type\":\"EntryPoint\",\"urlTemplate\":\"https:\/\/masterfrisormobler.se\/?s={search_term_string}\"},\"query-input\":\"required name=search_term_string\"}],\"inLanguage\":\"en-US\"},{\"@type\":\"Organization\",\"@id\":\"https:\/\/masterfrisormobler.se\/#organization\",\"name\":\"Nord master fris\u00f6r mobler\",\"url\":\"https:\/\/masterfrisormobler.se\/\",\"logo\":{\"@type\":\"ImageObject\",\"inLanguage\":\"en-US\",\"@id\":\"https:\/\/masterfrisormobler.se\/#\/schema\/logo\/image\/\",\"url\":\"https:\/\/masterfrisormobler.se\/wp-content\/uploads\/2023\/08\/cropped-512x512-sara.jpeg\",\"contentUrl\":\"https:\/\/masterfrisormobler.se\/wp-content\/uploads\/2023\/08\/cropped-512x512-sara.jpeg\",\"width\":512,\"height\":512,\"caption\":\"Nord master fris\u00f6r mobler\"},\"image\":{\"@id\":\"https:\/\/masterfrisormobler.se\/#\/schema\/logo\/image\/\"},\"sameAs\":[\"https:\/\/www.facebook.com\/profile.php?id=100095573704473\",\"https:\/\/www.tiktok.com\/@master.frisr.mble\",\"https:\/\/www.instagram.com\/masterfrisormobler\/\"]}]}<\/script>\n<!-- \/ Yoast SEO plugin. -->","yoast_head_json":{"title":"Integritetspolicy i enlighet med GDPR - Nord Master Fris\u00f6r M\u00f6bler","robots":{"index":"index","follow":"follow","max-snippet":"max-snippet:-1","max-image-preview":"max-image-preview:large","max-video-preview":"max-video-preview:-1"},"canonical":"https:\/\/masterfrisormobler.se\/en\/integritetspolicy-i-enlighet-med-gdpr\/","og_locale":"en_US","og_type":"article","og_title":"Integritetspolicy i enlighet med GDPR - Nord Master Fris\u00f6r M\u00f6bler","og_description":"Sekretess- och cookiespolicy master Fris\u00f6r M\u00f6bler AB, &nbsp;har \u00e5tagit sig att skydda v\u00e5ra kunders integritet. F\u00f6r att veta vilken information vi samlar in om kunden och hur vi anvander den, scrolla ner f\u00f6r detaljer. Vi samlar in personuppgifter s\u00e5 namn, kontaktnummer, k\u00f6n, produktrecensioner och information som lagts till i din kontoprofil. In an vander det &hellip; Integritetspolicy i enlighet med GDPR Read More &raquo;","og_url":"https:\/\/masterfrisormobler.se\/en\/integritetspolicy-i-enlighet-med-gdpr\/","og_site_name":"Nord Master Fris\u00f6r M\u00f6bler","article_publisher":"https:\/\/www.facebook.com\/profile.php?id=100095573704473","article_modified_time":"2023-09-02T17:24:56+00:00","twitter_card":"summary_large_image","twitter_misc":{"Est. reading time":"3 minutes"},"schema":{"@context":"https:\/\/schema.org","@graph":[{"@type":"WebPage","@id":"https:\/\/masterfrisormobler.se\/integritetspolicy-i-enlighet-med-gdpr\/","url":"https:\/\/masterfrisormobler.se\/integritetspolicy-i-enlighet-med-gdpr\/","name":"Integritetspolicy i enlighet med GDPR - Nord Master Fris\u00f6r M\u00f6bler","isPartOf":{"@id":"https:\/\/masterfrisormobler.se\/#website"},"datePublished":"2023-08-27T12:19:57+00:00","dateModified":"2023-09-02T17:24:56+00:00","breadcrumb":{"@id":"https:\/\/masterfrisormobler.se\/integritetspolicy-i-enlighet-med-gdpr\/#breadcrumb"},"inLanguage":"en-US","potentialAction":[{"@type":"ReadAction","target":["https:\/\/masterfrisormobler.se\/integritetspolicy-i-enlighet-med-gdpr\/"]}]},{"@type":"BreadcrumbList","@id":"https:\/\/masterfrisormobler.se\/integritetspolicy-i-enlighet-med-gdpr\/#breadcrumb","itemListElement":[{"@type":"ListItem","position":1,"name":"Home","item":"https:\/\/masterfrisormobler.se\/"},{"@type":"ListItem","position":2,"name":"Integritetspolicy i enlighet med GDPR"}]},{"@type":"WebSite","@id":"https:\/\/masterfrisormobler.se\/#website","url":"https:\/\/masterfrisormobler.se\/","name":"https:\/\/masterfrisormobler.se\/","description":"Den b\u00e4sta butiken f\u00f6r att s\u00e4lja Fris\u00f6rm\u00f6bler och produkter.","publisher":{"@id":"https:\/\/masterfrisormobler.se\/#organization"},"potentialAction":[{"@type":"SearchAction","target":{"@type":"EntryPoint","urlTemplate":"https:\/\/masterfrisormobler.se\/?s={search_term_string}"},"query-input":"required name=search_term_string"}],"inLanguage":"en-US"},{"@type":"Organization","@id":"https:\/\/masterfrisormobler.se\/#organization","name":"Nord master fris\u00f6r mobler","url":"https:\/\/masterfrisormobler.se\/","logo":{"@type":"ImageObject","inLanguage":"en-US","@id":"https:\/\/masterfrisormobler.se\/#\/schema\/logo\/image\/","url":"https:\/\/masterfrisormobler.se\/wp-content\/uploads\/2023\/08\/cropped-512x512-sara.jpeg","contentUrl":"https:\/\/masterfrisormobler.se\/wp-content\/uploads\/2023\/08\/cropped-512x512-sara.jpeg","width":512,"height":512,"caption":"Nord master fris\u00f6r mobler"},"image":{"@id":"https:\/\/masterfrisormobler.se\/#\/schema\/logo\/image\/"},"sameAs":["https:\/\/www.facebook.com\/profile.php?id=100095573704473","https:\/\/www.tiktok.com\/@master.frisr.mble","https:\/\/www.instagram.com\/masterfrisormobler\/"]}]}},"_links":{"self":[{"href":"https:\/\/masterfrisormobler.se\/en\/wp-json\/wp\/v2\/pages\/5678"}],"collection":[{"href":"https:\/\/masterfrisormobler.se\/en\/wp-json\/wp\/v2\/pages"}],"about":[{"href":"https:\/\/masterfrisormobler.se\/en\/wp-json\/wp\/v2\/types\/page"}],"author":[{"embeddable":true,"href":"https:\/\/masterfrisormobler.se\/en\/wp-json\/wp\/v2\/users\/1"}],"replies":[{"embeddable":true,"href":"https:\/\/masterfrisormobler.se\/en\/wp-json\/wp\/v2\/comments?post=5678"}],"version-history":[{"count":7,"href":"https:\/\/masterfrisormobler.se\/en\/wp-json\/wp\/v2\/pages\/5678\/revisions"}],"predecessor-version":[{"id":5721,"href":"https:\/\/masterfrisormobler.se\/en\/wp-json\/wp\/v2\/pages\/5678\/revisions\/5721"}],"wp:attachment":[{"href":"https:\/\/masterfrisormobler.se\/en\/wp-json\/wp\/v2\/media?parent=5678"}],"curies":[{"name":"wp","href":"https:\/\/api.w.org\/{rel}","templated":true}]}}