{"id":5677,"date":"2023-08-27T12:19:41","date_gmt":"2023-08-27T12:19:41","guid":{"rendered":"https:\/\/masterfrisormobler.se\/?page_id=5677"},"modified":"2023-09-16T15:12:07","modified_gmt":"2023-09-16T15:12:07","slug":"leveransvillkor","status":"publish","type":"page","link":"https:\/\/masterfrisormobler.se\/en\/leveransvillkor\/","title":{"rendered":"Leveransvillkor"},"content":{"rendered":"<div data-elementor-type=\"wp-page\" data-elementor-id=\"5677\" class=\"elementor elementor-5677\">\n\t\t\t\t\t\t\t\t\t<section class=\"elementor-section elementor-top-section elementor-element elementor-element-18a31fe elementor-section-boxed elementor-section-height-default elementor-section-height-default wpr-particle-no wpr-jarallax-no wpr-parallax-no wpr-sticky-section-no\" data-id=\"18a31fe\" data-element_type=\"section\">\n\t\t\t\t\t\t<div class=\"elementor-container elementor-column-gap-default\">\n\t\t\t\t\t<div class=\"elementor-column elementor-col-100 elementor-top-column elementor-element elementor-element-6ea40a5\" data-id=\"6ea40a5\" data-element_type=\"column\">\n\t\t\t<div class=\"elementor-widget-wrap elementor-element-populated\">\n\t\t\t\t\t\t\t\t<div class=\"elementor-element elementor-element-1ed53c8 elementor-widget elementor-widget-text-editor\" data-id=\"1ed53c8\" data-element_type=\"widget\" data-widget_type=\"text-editor.default\">\n\t\t\t\t<div class=\"elementor-widget-container\">\n\t\t\t<style>\/*! elementor - v3.16.0 - 20-09-2023 *\/\n.elementor-widget-text-editor.elementor-drop-cap-view-stacked .elementor-drop-cap{background-color:#69727d;color:#fff}.elementor-widget-text-editor.elementor-drop-cap-view-framed .elementor-drop-cap{color:#69727d;border:3px solid;background-color:transparent}.elementor-widget-text-editor:not(.elementor-drop-cap-view-default) .elementor-drop-cap{margin-top:8px}.elementor-widget-text-editor:not(.elementor-drop-cap-view-default) .elementor-drop-cap-letter{width:1em;height:1em}.elementor-widget-text-editor .elementor-drop-cap{float:left;text-align:center;line-height:1;font-size:50px}.elementor-widget-text-editor .elementor-drop-cap-letter{display:inline-block}<\/style>\t\t\t\t<header class=\"page-header g\"><div class=\"g12-xs g9-md\">\u00a0<\/div><\/header><section class=\"page-section g\"><div class=\"g12-xs g9-xl mt32\"><h2><span style=\"font-weight: normal;\">\u00a0 \u00a0 Leveransvillkor<\/span><\/h2><h5>\u00a0<\/h5><h5>master fris\u00f6r m\u00f6bler v\u00e4nder sig uteslutande till f\u00f6retagskunder.<br \/>F\u00f6ljande leveransvillkor \u00e4r en del av v\u00e5ra villkor.<\/h5><p><b>Gratis frakt fr\u00e5n 1000,00 kr netto . Upp till 1000,00 kr netto fraktkostnader \u00e4r 200,00 kr per best\u00e4llning.<\/b><\/p><p>.Alla produkter kan returneras inom 14 dagar, Exklusive m\u00f6bler<\/p><p>Om inget annat anges s\u00e5 finns alla varor i lager. Vi b\u00f6rjar ordrar samma dag eller dagen efter de \u00e4r gjorda, i annat fall s\u00e5 kommer du som kund att bli kontaktad och kan d\u00e5 besluta sj\u00e4lv om du vill v\u00e4nta eller h\u00e4va best\u00e4llningen utan n\u00e5gon kostnad.<br \/>N\u00e4r Kunden genomf\u00f6r en best\u00e4llning kommer Kunden att bli ombedd att uppge vissa personuppgifter. Kunden bekr\u00e4ftar att de uppgifter som Kunden fyller i \u00e4r korrekta och fullst\u00e4ndiga samt ansvarar f\u00f6r felaktigt ifyllda uppgifter.<br \/>Vi skickar med paketleverans eller Spedit\u00f6r. Om paketleverans misslyckades, kan din f\u00f6rs\u00e4ndelse lagras p\u00e5 ditt n\u00e4rmaste umbud. Det \u00e4r upp till mottagaren att h\u00e4mta paketet innan de returneras. Du kommer inte f\u00e5 n\u00e5gon sms i samtliga fall.<br \/>Kunderna b\u00f6r kontrollera leveransstatus med sp\u00e5rningsinformationen som vi tillhandah\u00e5ller f\u00f6r varje k\u00f6p. Kunderna m\u00e5ste informera oss inom 7 dagar efter den f\u00f6rv\u00e4ntade leveranstiden vid misslyckad leverans.<br \/>Leveransen med Spedit\u00f6r sker till trottoar eller tomtgr\u00e4ns i m\u00e5n av framkomlighet.<\/p><p>Produkter som levereras till dig kan delvis vara nedmonterade p\u00e5 grund av transportsk\u00e4l. Du m\u00e5ste d\u00e5 sj\u00e4lv montera dem innan anv\u00e4ndning. All montering m\u00e5ste utf\u00f6ras av dig. All elektrisk installation och anslutning av vatten och avlopp m\u00e5ste utf\u00f6ras av ett professionellt f\u00f6retag.<br \/>Du kan aldrig kr\u00e4va oss f\u00f6r kostnader eller utebliven f\u00f6rtj\u00e4nst vid felaktig\/f\u00f6rsenad\/\/ofullst\u00e4ndig eller skadad leverans.<br \/>Inspektera produkten och testa alla tekniska funktioner omg\u00e5ende och informera oss inom 24 timmar via e-post till support@masterfrisormobler.se med varje problem. F\u00f6rpackningen m\u00e5ste h\u00e5llas tills produkterna och alla funktioner har kontrollerats och \u00e4r felfria.<\/p><h5>Leveranstid<\/h5><p>Paketleverans sker normalt inom 2-5 arbetsdagar, f\u00f6rutsatt att produkten finns i lager.<br \/>Dessa artiklar kommer att skickas ut till dig direkt fr\u00e5n en av v\u00e5rt centrallager eller direkt fr\u00e5n producenten utan h\u00f6gre fraktkostnader. Speditionsleverans tar ca 7-12 arbetsdagar.<\/p><h5>Ej utl\u00f6sta f\u00f6rs\u00e4ndelser<\/h5><p>Det \u00e4r upp till kunden att ange en giltig och korrekt leveransadress. F\u00f6r ej utl\u00f6sta paket debiterar vi en avgift p\u00e5 300 kronor f\u00f6r expediering, packning, emballage, frakt, eventuellt postf\u00f6rskottsavgift, returfrakt.<br \/>F\u00f6r leverans n\u00e4sta dag eller expressleverans.. + retour kostnader enligt v\u00e5r faktura fr\u00e5n transportf\u00f6retaget plus 250 kr.<\/p><\/div><\/section>\t\t\t\t\t\t<\/div>\n\t\t\t\t<\/div>\n\t\t\t\t\t<\/div>\n\t\t<\/div>\n\t\t\t\t\t\t\t<\/div>\n\t\t<\/section>\n\t\t\t\t\t\t\t<\/div>","protected":false},"excerpt":{"rendered":"<p>\u00a0 \u00a0 \u00a0 Leveransvillkor \u00a0 master fris\u00f6r m\u00f6bler v\u00e4nder sig uteslutande till f\u00f6retagskunder.F\u00f6ljande leveransvillkor \u00e4r en del av v\u00e5ra villkor. Gratis frakt fr\u00e5n 1000,00 kr netto . Upp till 1000,00 kr netto fraktkostnader \u00e4r 200,00 kr per best\u00e4llning. .Alla produkter kan returneras inom 14 dagar, Exklusive m\u00f6bler Om inget annat anges s\u00e5 finns alla varor &hellip;<\/p>\n<p class=\"read-more\"> <a class=\"\" href=\"https:\/\/masterfrisormobler.se\/en\/leveransvillkor\/\"> <span class=\"screen-reader-text\">Leveransvillkor<\/span> Read More &raquo;<\/a><\/p>","protected":false},"author":1,"featured_media":0,"parent":0,"menu_order":0,"comment_status":"closed","ping_status":"closed","template":"","meta":{"site-sidebar-layout":"no-sidebar","site-content-layout":"page-builder","ast-site-content-layout":"","site-content-style":"default","site-sidebar-style":"default","ast-global-header-display":"","ast-banner-title-visibility":"","ast-main-header-display":"","ast-hfb-above-header-display":"","ast-hfb-below-header-display":"","ast-hfb-mobile-header-display":"","site-post-title":"disabled","ast-breadcrumbs-content":"","ast-featured-img":"disabled","footer-sml-layout":"","theme-transparent-header-meta":"","adv-header-id-meta":"","stick-header-meta":"","header-above-stick-meta":"","header-main-stick-meta":"","header-below-stick-meta":"","astra-migrate-meta-layouts":"","footnotes":"","_joinchat":[]},"yoast_head":"<!-- This site is optimized with the Yoast SEO plugin v21.2 - https:\/\/yoast.com\/wordpress\/plugins\/seo\/ -->\n<title>Leveransvillkor - Nord Master Fris\u00f6r M\u00f6bler<\/title>\n<meta name=\"robots\" content=\"index, follow, max-snippet:-1, max-image-preview:large, max-video-preview:-1\" \/>\n<link rel=\"canonical\" href=\"https:\/\/masterfrisormobler.se\/en\/leveransvillkor\/\" \/>\n<meta property=\"og:locale\" content=\"en_US\" \/>\n<meta property=\"og:type\" content=\"article\" \/>\n<meta property=\"og:title\" content=\"Leveransvillkor - Nord Master Fris\u00f6r M\u00f6bler\" \/>\n<meta property=\"og:description\" content=\"\u00a0 \u00a0 \u00a0 Leveransvillkor \u00a0 master fris\u00f6r m\u00f6bler v\u00e4nder sig uteslutande till f\u00f6retagskunder.F\u00f6ljande leveransvillkor \u00e4r en del av v\u00e5ra villkor. Gratis frakt fr\u00e5n 1000,00 kr netto . Upp till 1000,00 kr netto fraktkostnader \u00e4r 200,00 kr per best\u00e4llning. .Alla produkter kan returneras inom 14 dagar, Exklusive m\u00f6bler Om inget annat anges s\u00e5 finns alla varor &hellip; Leveransvillkor Read More &raquo;\" \/>\n<meta property=\"og:url\" content=\"https:\/\/masterfrisormobler.se\/en\/leveransvillkor\/\" \/>\n<meta property=\"og:site_name\" content=\"Nord Master Fris\u00f6r M\u00f6bler\" \/>\n<meta property=\"article:publisher\" content=\"https:\/\/www.facebook.com\/profile.php?id=100095573704473\" \/>\n<meta property=\"article:modified_time\" content=\"2023-09-16T15:12:07+00:00\" \/>\n<meta name=\"twitter:card\" content=\"summary_large_image\" \/>\n<meta name=\"twitter:label1\" content=\"Est. reading time\" \/>\n\t<meta name=\"twitter:data1\" content=\"2 minutes\" \/>\n<script type=\"application\/ld+json\" class=\"yoast-schema-graph\">{\"@context\":\"https:\/\/schema.org\",\"@graph\":[{\"@type\":\"WebPage\",\"@id\":\"https:\/\/masterfrisormobler.se\/leveransvillkor\/\",\"url\":\"https:\/\/masterfrisormobler.se\/leveransvillkor\/\",\"name\":\"Leveransvillkor - Nord Master Fris\u00f6r M\u00f6bler\",\"isPartOf\":{\"@id\":\"https:\/\/masterfrisormobler.se\/#website\"},\"datePublished\":\"2023-08-27T12:19:41+00:00\",\"dateModified\":\"2023-09-16T15:12:07+00:00\",\"breadcrumb\":{\"@id\":\"https:\/\/masterfrisormobler.se\/leveransvillkor\/#breadcrumb\"},\"inLanguage\":\"en-US\",\"potentialAction\":[{\"@type\":\"ReadAction\",\"target\":[\"https:\/\/masterfrisormobler.se\/leveransvillkor\/\"]}]},{\"@type\":\"BreadcrumbList\",\"@id\":\"https:\/\/masterfrisormobler.se\/leveransvillkor\/#breadcrumb\",\"itemListElement\":[{\"@type\":\"ListItem\",\"position\":1,\"name\":\"Home\",\"item\":\"https:\/\/masterfrisormobler.se\/\"},{\"@type\":\"ListItem\",\"position\":2,\"name\":\"Leveransvillkor\"}]},{\"@type\":\"WebSite\",\"@id\":\"https:\/\/masterfrisormobler.se\/#website\",\"url\":\"https:\/\/masterfrisormobler.se\/\",\"name\":\"https:\/\/masterfrisormobler.se\/\",\"description\":\"Den b\u00e4sta butiken f\u00f6r att s\u00e4lja Fris\u00f6rm\u00f6bler och produkter.\",\"publisher\":{\"@id\":\"https:\/\/masterfrisormobler.se\/#organization\"},\"potentialAction\":[{\"@type\":\"SearchAction\",\"target\":{\"@type\":\"EntryPoint\",\"urlTemplate\":\"https:\/\/masterfrisormobler.se\/?s={search_term_string}\"},\"query-input\":\"required name=search_term_string\"}],\"inLanguage\":\"en-US\"},{\"@type\":\"Organization\",\"@id\":\"https:\/\/masterfrisormobler.se\/#organization\",\"name\":\"Nord master fris\u00f6r mobler\",\"url\":\"https:\/\/masterfrisormobler.se\/\",\"logo\":{\"@type\":\"ImageObject\",\"inLanguage\":\"en-US\",\"@id\":\"https:\/\/masterfrisormobler.se\/#\/schema\/logo\/image\/\",\"url\":\"https:\/\/masterfrisormobler.se\/wp-content\/uploads\/2023\/08\/cropped-512x512-sara.jpeg\",\"contentUrl\":\"https:\/\/masterfrisormobler.se\/wp-content\/uploads\/2023\/08\/cropped-512x512-sara.jpeg\",\"width\":512,\"height\":512,\"caption\":\"Nord master fris\u00f6r mobler\"},\"image\":{\"@id\":\"https:\/\/masterfrisormobler.se\/#\/schema\/logo\/image\/\"},\"sameAs\":[\"https:\/\/www.facebook.com\/profile.php?id=100095573704473\",\"https:\/\/www.tiktok.com\/@master.frisr.mble\",\"https:\/\/www.instagram.com\/masterfrisormobler\/\"]}]}<\/script>\n<!-- \/ Yoast SEO plugin. -->","yoast_head_json":{"title":"Leveransvillkor - Nord Master Fris\u00f6r M\u00f6bler","robots":{"index":"index","follow":"follow","max-snippet":"max-snippet:-1","max-image-preview":"max-image-preview:large","max-video-preview":"max-video-preview:-1"},"canonical":"https:\/\/masterfrisormobler.se\/en\/leveransvillkor\/","og_locale":"en_US","og_type":"article","og_title":"Leveransvillkor - Nord Master Fris\u00f6r M\u00f6bler","og_description":"\u00a0 \u00a0 \u00a0 Leveransvillkor \u00a0 master fris\u00f6r m\u00f6bler v\u00e4nder sig uteslutande till f\u00f6retagskunder.F\u00f6ljande leveransvillkor \u00e4r en del av v\u00e5ra villkor. Gratis frakt fr\u00e5n 1000,00 kr netto . Upp till 1000,00 kr netto fraktkostnader \u00e4r 200,00 kr per best\u00e4llning. .Alla produkter kan returneras inom 14 dagar, Exklusive m\u00f6bler Om inget annat anges s\u00e5 finns alla varor &hellip; Leveransvillkor Read More &raquo;","og_url":"https:\/\/masterfrisormobler.se\/en\/leveransvillkor\/","og_site_name":"Nord Master Fris\u00f6r M\u00f6bler","article_publisher":"https:\/\/www.facebook.com\/profile.php?id=100095573704473","article_modified_time":"2023-09-16T15:12:07+00:00","twitter_card":"summary_large_image","twitter_misc":{"Est. reading time":"2 minutes"},"schema":{"@context":"https:\/\/schema.org","@graph":[{"@type":"WebPage","@id":"https:\/\/masterfrisormobler.se\/leveransvillkor\/","url":"https:\/\/masterfrisormobler.se\/leveransvillkor\/","name":"Leveransvillkor - Nord Master Fris\u00f6r M\u00f6bler","isPartOf":{"@id":"https:\/\/masterfrisormobler.se\/#website"},"datePublished":"2023-08-27T12:19:41+00:00","dateModified":"2023-09-16T15:12:07+00:00","breadcrumb":{"@id":"https:\/\/masterfrisormobler.se\/leveransvillkor\/#breadcrumb"},"inLanguage":"en-US","potentialAction":[{"@type":"ReadAction","target":["https:\/\/masterfrisormobler.se\/leveransvillkor\/"]}]},{"@type":"BreadcrumbList","@id":"https:\/\/masterfrisormobler.se\/leveransvillkor\/#breadcrumb","itemListElement":[{"@type":"ListItem","position":1,"name":"Home","item":"https:\/\/masterfrisormobler.se\/"},{"@type":"ListItem","position":2,"name":"Leveransvillkor"}]},{"@type":"WebSite","@id":"https:\/\/masterfrisormobler.se\/#website","url":"https:\/\/masterfrisormobler.se\/","name":"https:\/\/masterfrisormobler.se\/","description":"Den b\u00e4sta butiken f\u00f6r att s\u00e4lja Fris\u00f6rm\u00f6bler och produkter.","publisher":{"@id":"https:\/\/masterfrisormobler.se\/#organization"},"potentialAction":[{"@type":"SearchAction","target":{"@type":"EntryPoint","urlTemplate":"https:\/\/masterfrisormobler.se\/?s={search_term_string}"},"query-input":"required name=search_term_string"}],"inLanguage":"en-US"},{"@type":"Organization","@id":"https:\/\/masterfrisormobler.se\/#organization","name":"Nord master fris\u00f6r mobler","url":"https:\/\/masterfrisormobler.se\/","logo":{"@type":"ImageObject","inLanguage":"en-US","@id":"https:\/\/masterfrisormobler.se\/#\/schema\/logo\/image\/","url":"https:\/\/masterfrisormobler.se\/wp-content\/uploads\/2023\/08\/cropped-512x512-sara.jpeg","contentUrl":"https:\/\/masterfrisormobler.se\/wp-content\/uploads\/2023\/08\/cropped-512x512-sara.jpeg","width":512,"height":512,"caption":"Nord master fris\u00f6r mobler"},"image":{"@id":"https:\/\/masterfrisormobler.se\/#\/schema\/logo\/image\/"},"sameAs":["https:\/\/www.facebook.com\/profile.php?id=100095573704473","https:\/\/www.tiktok.com\/@master.frisr.mble","https:\/\/www.instagram.com\/masterfrisormobler\/"]}]}},"_links":{"self":[{"href":"https:\/\/masterfrisormobler.se\/en\/wp-json\/wp\/v2\/pages\/5677"}],"collection":[{"href":"https:\/\/masterfrisormobler.se\/en\/wp-json\/wp\/v2\/pages"}],"about":[{"href":"https:\/\/masterfrisormobler.se\/en\/wp-json\/wp\/v2\/types\/page"}],"author":[{"embeddable":true,"href":"https:\/\/masterfrisormobler.se\/en\/wp-json\/wp\/v2\/users\/1"}],"replies":[{"embeddable":true,"href":"https:\/\/masterfrisormobler.se\/en\/wp-json\/wp\/v2\/comments?post=5677"}],"version-history":[{"count":19,"href":"https:\/\/masterfrisormobler.se\/en\/wp-json\/wp\/v2\/pages\/5677\/revisions"}],"predecessor-version":[{"id":5812,"href":"https:\/\/masterfrisormobler.se\/en\/wp-json\/wp\/v2\/pages\/5677\/revisions\/5812"}],"wp:attachment":[{"href":"https:\/\/masterfrisormobler.se\/en\/wp-json\/wp\/v2\/media?parent=5677"}],"curies":[{"name":"wp","href":"https:\/\/api.w.org\/{rel}","templated":true}]}}