{"id":5676,"date":"2023-08-27T12:19:23","date_gmt":"2023-08-27T12:19:23","guid":{"rendered":"https:\/\/masterfrisormobler.se\/?page_id=5676"},"modified":"2023-09-16T15:10:21","modified_gmt":"2023-09-16T15:10:21","slug":"kopvillkor","status":"publish","type":"page","link":"https:\/\/masterfrisormobler.se\/en\/kopvillkor\/","title":{"rendered":"K\u00f6pvillkor"},"content":{"rendered":"<div data-elementor-type=\"wp-page\" data-elementor-id=\"5676\" class=\"elementor elementor-5676\">\n\t\t\t\t\t\t\t\t\t<section class=\"elementor-section elementor-top-section elementor-element elementor-element-afc09b7 elementor-section-boxed elementor-section-height-default elementor-section-height-default wpr-particle-no wpr-jarallax-no wpr-parallax-no wpr-sticky-section-no\" data-id=\"afc09b7\" data-element_type=\"section\">\n\t\t\t\t\t\t<div class=\"elementor-container elementor-column-gap-default\">\n\t\t\t\t\t<div class=\"elementor-column elementor-col-100 elementor-top-column elementor-element elementor-element-a7d33ee\" data-id=\"a7d33ee\" data-element_type=\"column\">\n\t\t\t<div class=\"elementor-widget-wrap elementor-element-populated\">\n\t\t\t\t\t\t\t\t<div class=\"elementor-element elementor-element-bc52b0f elementor-widget__width-initial elementor-widget elementor-widget-text-editor\" data-id=\"bc52b0f\" data-element_type=\"widget\" data-widget_type=\"text-editor.default\">\n\t\t\t\t<div class=\"elementor-widget-container\">\n\t\t\t<style>\/*! elementor - v3.16.0 - 20-09-2023 *\/\n.elementor-widget-text-editor.elementor-drop-cap-view-stacked .elementor-drop-cap{background-color:#69727d;color:#fff}.elementor-widget-text-editor.elementor-drop-cap-view-framed .elementor-drop-cap{color:#69727d;border:3px solid;background-color:transparent}.elementor-widget-text-editor:not(.elementor-drop-cap-view-default) .elementor-drop-cap{margin-top:8px}.elementor-widget-text-editor:not(.elementor-drop-cap-view-default) .elementor-drop-cap-letter{width:1em;height:1em}.elementor-widget-text-editor .elementor-drop-cap{float:left;text-align:center;line-height:1;font-size:50px}.elementor-widget-text-editor .elementor-drop-cap-letter{display:inline-block}<\/style>\t\t\t\t<header class=\"page-header g\"><div class=\"g12-xs g9-md\"><p class=\"page-header__description m0 f1 cl-white\">\u00a0<\/p><\/div><\/header><section class=\"page-section g\"><div class=\"g12-xs g9-xl mt32\"><h1>K\u00f6pvillkor<\/h1><h4><b>Allm\u00e4nt<\/b><\/h4><p>F\u00f6r att kunna g\u00f6ra ett k\u00f6p via Webbplatsen m\u00e5ste Kunden acceptera Villkoren i sin helhet. Activebeautyshop v\u00e4nder sig uteslutande till f\u00f6retagskunder. Kunden m\u00e5ste vara \u00f6ver 18 \u00e5r f\u00f6r att f\u00e5 handla av oss. M\u00e5lsmans medgivande g\u00e4ller inte.<br \/>Vid best\u00e4llning via Webbplatsen g\u00e4ller de priser som anges p\u00e5 Webbplatsen. Priser anges i svenska kronor och \u00e4r exklusive moms (netto). Priserna inkluderar inte betalnings- och eventuella fraktavgifter, som anges separat i den m\u00e5n de f\u00f6rekommer.<br \/>F\u00f6r kunder utanf\u00f6r EU, eventuell inf\u00f6rselmoms och tullavgift \u00e4r upp till mottagaren att betala.<br \/>Vi s\u00e4ljer produkter som endast \u00e4r avsedda f\u00f6r yrkesm\u00e4ssig anv\u00e4ndning. Samtliga produkter f\u00e5r endast anv\u00e4ndas av certifierade och utbildade yrkesm\u00e4n inom sk\u00f6nhetsbranschen &#8211; sk\u00f6nhetsv\u00e5rdare, fris\u00f6rer, manikyrister, pedikyrister osv. Genom att g\u00f6ra en best\u00e4llning hos Master Fris\u00f6r M\u00f6bler bekr\u00e4ftar kunden att han \u00e4r en certifierad specialist med utbildning f\u00f6r att anv\u00e4nda de best\u00e4llda produkterna och att han tar fullt ansvar f\u00f6r anv\u00e4ndningen av produkten.<br \/>(masterfrisormobler.se) reserverar sig f\u00f6r slutf\u00f6rs\u00e4ljning samt eventuella bild- och skrivfel p\u00e5 Webbplatsen, exempelvis fel i produktbeskrivning eller teknisk specifikation, felaktiga priser samt prisjusteringar (s\u00e5som f\u00f6r\u00e4ndrade priser fr\u00e5n leverant\u00f6rer, valutaf\u00f6r\u00e4ndringar) eller felaktig information ang\u00e5ende om en vara finns i lager. Activebeautyshop har r\u00e4tt att korrigera s\u00e5dana eventuella fel och att \u00e4ndra eller uppdatera informationen n\u00e4r som helst. All information om m\u00e5tt och vikt p\u00e5 en produkt \u00e4r ungef\u00e4rlig. Om du beh\u00f6ver den exakta informationen var s\u00e5 v\u00e4nlig och fr\u00e5ga oss innan k\u00f6pet. Efterf\u00f6ljande reklamationer p\u00e5 grund av avvikande uppgifter till dimensioner och vikt kommer inte att accepteras.<\/p><p>Om felaktigt pris har angetts f\u00f6r en vara som Kunden har best\u00e4llt s\u00e5 kommer Master Fris\u00f6r M\u00f6blerAB ,naturligtvis att meddela Kunden om detta och inv\u00e4nta Kundens godk\u00e4nnande av det korrigerade priset innan vi forts\u00e4tter med best\u00e4llningen. Master Fris\u00f6r M\u00f6blerAB och alla tillverkare f\u00f6rbeh\u00e5llar sig r\u00e4tten f\u00f6r tekniska \u00e4ndringar p\u00e5 produkter eller delar av produkter utan f\u00f6reg\u00e5ende meddelande<br \/>F\u00e4rger p\u00e5 produktbilder kan se annorlunda ut p\u00e5 sk\u00e4rmar \u00e4n f\u00e4rgen i verkligheten. Fr\u00e5ga oss om du beh\u00f6ver mer information om f\u00e4rgen.<br \/>Master Fris\u00f6r M\u00f6blerAB f\u00f6rbeh\u00e5ller sig r\u00e4tten att i enskilda fall neka eller \u00e4ndra en Kunds best\u00e4llning (exempelvis om Kunden uppgivit felaktiga personuppgifter och\/eller har betalningsanm\u00e4rkningar).<\/p><h5>L<b>everansvillkor<\/b><\/h5><p>Om inget annat anges s\u00e5 finns alla varor i lager. Vi b\u00f6rjar ordrar samma dag eller dagen efter de \u00e4r gjorda, i annat fall s\u00e5 kommer du som kund att bli kontaktad och kan d\u00e5 besluta sj\u00e4lv om du vill v\u00e4nta eller h\u00e4va best\u00e4llningen utan n\u00e5gon kostnad.<br \/>N\u00e4r Kunden genomf\u00f6r en best\u00e4llning kommer Kunden att bli ombedd att uppge vissa personuppgifter. Kunden bekr\u00e4ftar att de uppgifter som Kunden fyller i \u00e4r korrekta och fullst\u00e4ndiga samt ansvarar f\u00f6r felaktigt ifyllda uppgifter.<br \/>Vi skickar med paketleverans eller Spedit\u00f6r. Om paketleverans misslyckades, kan din f\u00f6rs\u00e4ndelse lagras p\u00e5 ditt n\u00e4rmaste umbud. Det \u00e4r upp till mottagaren att h\u00e4mta paketet innan de returneras. Du kommer inte f\u00e5 n\u00e5gon sms i samtliga fall.<br \/>Kunderna b\u00f6r kontrollera leveransstatus med sp\u00e5rningsinformationen som vi tillhandah\u00e5ller f\u00f6r varje k\u00f6p. Kunderna m\u00e5ste informera oss inom 7 dagar efter den f\u00f6rv\u00e4ntade leveranstiden vid misslyckad leverans.<br \/>Leveransen med Spedit\u00f6r sker till trottoar eller tomtgr\u00e4ns i m\u00e5n av framkomlighet.<\/p><p>Produkter som levereras till dig kan delvis vara nedmonterade p\u00e5 grund av transportsk\u00e4l. Du m\u00e5ste d\u00e5 sj\u00e4lv montera dem innan anv\u00e4ndning. All montering m\u00e5ste utf\u00f6ras av dig. All elektrisk installation och anslutning av vatten och avlopp m\u00e5ste utf\u00f6ras av ett professionellt f\u00f6retag.<br \/>Du kan aldrig kr\u00e4va oss f\u00f6r kostnader eller utebliven f\u00f6rtj\u00e4nst vid felaktig\/f\u00f6rsenad\/\/ofullst\u00e4ndig eller skadad leverans.<br \/>Inspektera produkten och testa alla tekniska funktioner omg\u00e5ende och informera oss inom 24 timmar via e-post till support@masterfrisormobler.semed varje problem. F\u00f6rpackningen m\u00e5ste h\u00e5llas tills produkterna och alla funktioner har kontrollerats och \u00e4r felfria.<\/p><h5>L<b>everanstid<\/b><\/h5><p>Paketleverans sker normalt inom 2-5 arbetsdagar, f\u00f6rutsatt att produkten finns i lager.<\/p><p>\u00c5ngerr\u00e4tt<br \/>Master Fris\u00f6r M\u00f6bler AB v\u00e4nder sig endast till f\u00f6retagskunder. Alla produkter p\u00e5 Master Fris\u00f6r M\u00f6bler AB \u00e4r endast f\u00f6r yrkesm\u00e4ssig anv\u00e4ndning i Fris\u00f6r-, Sk\u00f6nhetsv\u00e5rd-Tatuering-, Massage- eller liknande.<br \/>Master Fris\u00f6r M\u00f6bler AB endast s\u00e4lja Kapitalvaror f\u00f6r yrkesm\u00e4ssig anv\u00e4ndning. Alla dessa produkter \u00e4r utesluts fr\u00e5n \u00c5ngerr\u00e4tt f\u00f6r alla k\u00f6pare oberoende om konsument k\u00f6per som f\u00f6retag eller som privatperson.<\/p><p>Ej utl\u00f6sta f\u00f6rs\u00e4ndelser<br \/>Det \u00e4r upp till kunden att ange en giltig och korrekt leveransadress och acceptera paketet .<br \/>F\u00f6r ej utl\u00f6sta paket debiterar vi en avgift p\u00e5 350 kronor plus frakt + returfrakt.<br \/>F\u00f6r Speditions leverans debiterar vi hela leveransen + retur kostnader enligt v\u00e5r faktura fr\u00e5n transportf\u00f6retaget plus 350 kr.<\/p><h5><b>Garanti \/ Reklamation<\/b><\/h5><p>Alla elartiklar\/elektriska komponenter har 1 \u00e5rs garanti, Inredning utan el har 1 \u00e5rs garanti, g\u00e4llande ursprungliga fabrikationsfel.<\/p><p>Vi g\u00f6r allt f\u00f6r att fixa till eventuella problem med reservdelar (all montering m\u00e5ste utf\u00f6ras av kunden). Om problemet inte kan l\u00f6sas med reservdelar eller reparationsinstruktion m\u00e5ste k\u00f6paren skicka produkten till oss s\u00e5 att vi kan kontrollera det. D\u00e4rf\u00f6r rekommenderar vi att beh\u00e5lla f\u00f6rpackningen.<br \/>G\u00e5r det inte att reparera produkten i fall av garanti, varan ers\u00e4tts med en ny eller likv\u00e4rdig produkt enligt v\u00e5rt beslut.<br \/>F\u00f6r kunder som uppfyller garantikraven skickar vi ut delar eller s\u00e5 kan v\u00e5ra tekniker i v\u00e5rt lager. Ang\u00e5ende garantireparation, frakt och alla extra kostnader betalas av kunden n\u00e4r det skickas till till v\u00e5rt lager.<br \/>F\u00f6r st\u00f6rre leveranser med pallet skicka vi alltid en betalningsl\u00e4nk.<br \/>Returfrakten till lager ber\u00e4knas individuellt i varje fall. Kostnaden beror p\u00e5 upph\u00e4mtningsadress samt pallens storlek och vikt.<br \/>Om produkten anv\u00e4nds trots att den \u00e4r defekt finns det risk att defekten f\u00f6rv\u00e4rras och garantin upph\u00f6r att g\u00e4lla.<br \/>Om ett fel uppt\u00e4cks ska det omedelbart rapporteras skriftligen per mejl till oss med en exakt beskrivning av problemet. G\u00e4rna \u00e4ven med bilder och video som visar problemet exakt.<br \/>Produkten f\u00e5r d\u00e5 inte l\u00e4ngre anv\u00e4ndas. Efter att ha f\u00e5tt beskrivningen avg\u00f6r v\u00e5ra tekniker om produkten ska skickas in p\u00e5 besiktning eller om vi kan l\u00f6sa problemet med reservdelar. Installationen av reservdelarna utf\u00f6rs av kunden p\u00e5 egen risk och kostnader. Om problemet inte kan l\u00f6sas med reservdelar och l\u00e4mplig instruktion ska produkten skickas in. Vi skickar ingen tekniker till kund.<br \/>Produktgarantin t\u00e4cker endast ursprungliga fel d.v.s. fel som fanns i produkten vid leverans. D\u00e4rf\u00f6r \u00e4r det viktigt att du testar produkt med alla funktioner omedelbart.<br \/>Dessa fabrikationsfel ska konstateras av tillverkaren, varp\u00e5 du som kund f\u00e5r en fri reparation eller &#8211; enligt v\u00e5rt beslut &#8211; en ny produkt.<br \/>G\u00e4ller det t.ex. handhavandefel eller felinst\u00e4lld produkt m\u00e5ste vi via v\u00e5ra serviceverkst\u00e4der debitera dig kostnaden.<br \/>Fraktkostnader och hanteringsavgifter tillkommer.<br \/>Det g\u00e4ller \u00e4ven i de fall som vi inte kan hitta n\u00e5got fel p\u00e5 produkten eller d\u00e5 du orsakat skadan sj\u00e4lv.<br \/>Produktgarantin g\u00e4ller inte med en fel som uppst\u00e5r vid eller efter egen f\u00f6r\u00e4ndring av produktens funktion och utseende, s\u00e5som ombyggnation, uppgradering eller annan konfigurering av produkten.<br \/>Din orderbekr\u00e4ftelse eller kvittens g\u00e4ller som garantibevis. F\u00f6rvara dokumentet v\u00e4l eftersom dokumentet kr\u00e4vs om du beh\u00f6ver utnyttja garantir\u00e4tten.<\/p><p>F\u00f6r f\u00f6rs\u00e4ljning till tredje man, befintliga garanti eller garantianspr\u00e5k \u00e4r inte \u00f6verl\u00e5tbara.<br \/>Vid unders\u00f6kning av produkten och inget fel hittas, eller om kunden inte \u00f6nskar utf\u00f6ra den f\u00f6reslagna reparationen, ska kunden st\u00e5 f\u00f6r alla fraktkostnader och inspektionskostnader. Kunden ska alltid kontakta oss innan produkten skickas till oss. Kom ih\u00e5g att packa produkten v\u00e4l (i kartong, inte i pappers- eller plastp\u00e5sar och alltid s\u00e4kert p\u00e5 en pall f\u00f6r spedit\u00f6r leveranser) innan du skickar den till oss f\u00f6r att undvika transportskador. Vi rekommenderar alltid att beh\u00e5lla originalf\u00f6rpackningen. Master Fris\u00f6r M\u00f6bler AB ansvarar inte f\u00f6r eventuella skador som orsakas under transporten p\u00e5 grund av otillr\u00e4cklig f\u00f6rpackning av kunden. Garantin g\u00e4ller inte f\u00f6r defekter och skador som orsakats av felaktig hantering.<\/p><h5>F<b>el Produkt<\/b><\/h5><p>Om du f\u00e5tt fel produkt i din leverans s\u00e5 skall du kontakta oss inom 24 timmar efter mottagande av din best\u00e4llning. Du ska d\u00e4rf\u00f6r kontrollera dina produkter f\u00f6r att verifiera att allt \u00e4r korrekt levererat. Inkommer information om detta senare \u00e4n 24 timmar f\u00f6rbeh\u00e5ller sig Master Fris\u00f6r M\u00f6bler AB r\u00e4tten att neka retur, omleverans eller h\u00e4vning av k\u00f6p. Vi st\u00e5r sj\u00e4lvklart f\u00f6r alla fraktkostnader om vi skickat fel vara till dig. Observera att du inte f\u00e5r anv\u00e4nda produkten och att du m\u00e5ste beh\u00e5lla produktens f\u00f6rpackning s\u00e5 att den kan skickas tillbaka \/ h\u00e4mtas fr\u00e5n oss i sitt ursprungliga skick.<br \/>Kunder m\u00e5ste meddela oss per e-post 24 timmar efter mottagandet av produkten till: support@masterfrisormobler.se<\/p><h5><b>Transportskador &#8211; Reklamation av trasig produkt eller saknade varor<\/b><\/h5><p>Mottagaren \u00e4r ansvarig f\u00f6r att kontrollera att leveransen och produkterna \u00e4r oskadda i samband med mottagande av paketet.<br \/>Fraktskador m\u00e5ste med n\u00f6dv\u00e4ndighet vara undertecknad av f\u00f6raren. Kontrollera paketet i n\u00e4rvaro av f\u00f6raren. Annars kommer reklamation inte accepteras. \u00c4ven om skador p\u00e5 varans emballage \u00e4r mycket liten, var v\u00e4nlig notera det p\u00e5 transport\u00f6rens fraktsedel samt dokumentera detta med bilder. Risk av transporten g\u00e5r \u00f6ver till mottgaren med leverans signering.<br \/>N\u00e4r du har tagit emot produkterna och packade upp dem, inspektera produkten och testa alla tekniska funktioner omg\u00e5ende och informera oss inom 24 timmar via e-post med varje problem.<\/p><p>Observera att du inte f\u00e5r anv\u00e4nda den skadade produkten och att du m\u00e5ste beh\u00e5lla produktens emballage, s\u00e5 att detta kan besiktigas vid handl\u00e4ggning av skade\u00e4rendet.<\/p><p>Kunder m\u00e5ste meddela oss per e-post till support@masterfrisormobler.se inom 24 timmar efter mottagandet av produkten med en exakt beskrivning av skadan och med bilder, \u00e4ven om f\u00f6rpackningen, som visar alla n\u00f6dv\u00e4ndiga detaljer.<\/p><p><b>Efter av godk\u00e4nt retur\u00e4rende s\u00e5 skickar du produkten till:<br \/><\/b>Master Fris\u00f6r M\u00f6bler AB<br \/>Adress: <br \/>Bjur\u00f6gatan 48,<br \/>211 24, Malm\u00f6,Sweden<\/p><p>Vi kommer ej l\u00f6sa ut paket mot postf\u00f6rskott. T\u00e4nk p\u00e5 att returnera f\u00f6rs\u00e4ndelsen som f\u00f6retagspaket till v\u00e5r returadress.<\/p><h5>Avbest\u00e4llning<\/h5><p>Om du skulle \u00e5ngra dig direkt efter best\u00e4llning ska du skriftligen kontakta oss omedelbart. Om vi redan hunnit skicka din best\u00e4llning eller ifall din best\u00e4llning \u00e4r paketerad s\u00e5 kan du inte avbest\u00e4lla det. Du som kund st\u00e5r d\u00e5 f\u00f6r returfrakten. Om du inte h\u00e4mtar ut din best\u00e4llning g\u00e4ller &#8221;Ej utl\u00f6sta f\u00f6rs\u00e4ndelser&#8221;.<br \/>N\u00e4r du best\u00e4ller inredning och har f\u00e5tt en orderbekr\u00e4ftelse s\u00e5 har du 24 timmars \u00e5ngerr\u00e4tt p\u00e5 best\u00e4llningsvaror, men inte p\u00e5 lagervaror. Efter det \u00e4r ordern bindande.<\/p><h5><b>\u00c5ngerr\u00e4tt<\/b><\/h5><p>Master Fris\u00f6r M\u00f6bler AB v\u00e4nder sig till f\u00f6retagskunder. Alla produkter p\u00e5 Master Fris\u00f6r M\u00f6bler AB \u00e4r endast f\u00f6r yrkesm\u00e4ssig anv\u00e4ndning i Fris\u00f6r-, Kosmetik-Tatuering, Massage- eller liknande.<br \/>Master Fris\u00f6r M\u00f6bler AB endast s\u00e4lja Kapitalvaror f\u00f6r yrkesm\u00e4ssig anv\u00e4ndning. Alla dessa produkter \u00e4r utesluts fr\u00e5n \u00c5ngerr\u00e4tt. M\u00f6bler + Inredning + Arbetsutrustning g\u00e4ller som Kapitalvaror f\u00f6r kommersiellt bruk och undantagna fr\u00e5n \u00c5ngerr\u00e4t f\u00f6r alla k\u00f6pare oberoende om konsument k\u00f6per som f\u00f6retag eller som privatperson.\u00a0<\/p><p>.Alla produkter kan returneras inom 14 dagar, Exklusive m\u00f6bler<\/p><p>\u00a0<\/p><p>\u00a0<\/p><\/div><\/section>\t\t\t\t\t\t<\/div>\n\t\t\t\t<\/div>\n\t\t\t\t\t<\/div>\n\t\t<\/div>\n\t\t\t\t\t\t\t<\/div>\n\t\t<\/section>\n\t\t\t\t\t\t\t<\/div>","protected":false},"excerpt":{"rendered":"<p>\u00a0 K\u00f6pvillkor Allm\u00e4nt F\u00f6r att kunna g\u00f6ra ett k\u00f6p via Webbplatsen m\u00e5ste Kunden acceptera Villkoren i sin helhet. Activebeautyshop v\u00e4nder sig uteslutande till f\u00f6retagskunder. Kunden m\u00e5ste vara \u00f6ver 18 \u00e5r f\u00f6r att f\u00e5 handla av oss. M\u00e5lsmans medgivande g\u00e4ller inte.Vid best\u00e4llning via Webbplatsen g\u00e4ller de priser som anges p\u00e5 Webbplatsen. Priser anges i svenska kronor &hellip;<\/p>\n<p class=\"read-more\"> <a class=\"\" href=\"https:\/\/masterfrisormobler.se\/en\/kopvillkor\/\"> <span class=\"screen-reader-text\">K\u00f6pvillkor<\/span> Read More &raquo;<\/a><\/p>","protected":false},"author":1,"featured_media":0,"parent":0,"menu_order":0,"comment_status":"closed","ping_status":"closed","template":"","meta":{"site-sidebar-layout":"no-sidebar","site-content-layout":"page-builder","ast-site-content-layout":"","site-content-style":"default","site-sidebar-style":"default","ast-global-header-display":"","ast-banner-title-visibility":"","ast-main-header-display":"","ast-hfb-above-header-display":"","ast-hfb-below-header-display":"","ast-hfb-mobile-header-display":"","site-post-title":"disabled","ast-breadcrumbs-content":"","ast-featured-img":"disabled","footer-sml-layout":"","theme-transparent-header-meta":"","adv-header-id-meta":"","stick-header-meta":"","header-above-stick-meta":"","header-main-stick-meta":"","header-below-stick-meta":"","astra-migrate-meta-layouts":"","footnotes":"","_joinchat":[]},"yoast_head":"<!-- This site is optimized with the Yoast SEO plugin v21.2 - https:\/\/yoast.com\/wordpress\/plugins\/seo\/ -->\n<title>K\u00f6pvillkor - Nord Master Fris\u00f6r M\u00f6bler<\/title>\n<meta name=\"robots\" content=\"index, follow, max-snippet:-1, max-image-preview:large, max-video-preview:-1\" \/>\n<link rel=\"canonical\" href=\"https:\/\/masterfrisormobler.se\/en\/kopvillkor\/\" \/>\n<meta property=\"og:locale\" content=\"en_US\" \/>\n<meta property=\"og:type\" content=\"article\" \/>\n<meta property=\"og:title\" content=\"K\u00f6pvillkor - Nord Master Fris\u00f6r M\u00f6bler\" \/>\n<meta property=\"og:description\" content=\"\u00a0 K\u00f6pvillkor Allm\u00e4nt F\u00f6r att kunna g\u00f6ra ett k\u00f6p via Webbplatsen m\u00e5ste Kunden acceptera Villkoren i sin helhet. Activebeautyshop v\u00e4nder sig uteslutande till f\u00f6retagskunder. Kunden m\u00e5ste vara \u00f6ver 18 \u00e5r f\u00f6r att f\u00e5 handla av oss. M\u00e5lsmans medgivande g\u00e4ller inte.Vid best\u00e4llning via Webbplatsen g\u00e4ller de priser som anges p\u00e5 Webbplatsen. Priser anges i svenska kronor &hellip; K\u00f6pvillkor Read More &raquo;\" \/>\n<meta property=\"og:url\" content=\"https:\/\/masterfrisormobler.se\/en\/kopvillkor\/\" \/>\n<meta property=\"og:site_name\" content=\"Nord Master Fris\u00f6r M\u00f6bler\" \/>\n<meta property=\"article:publisher\" content=\"https:\/\/www.facebook.com\/profile.php?id=100095573704473\" \/>\n<meta property=\"article:modified_time\" content=\"2023-09-16T15:10:21+00:00\" \/>\n<meta name=\"twitter:card\" content=\"summary_large_image\" \/>\n<meta name=\"twitter:label1\" content=\"Est. reading time\" \/>\n\t<meta name=\"twitter:data1\" content=\"9 minutes\" \/>\n<script type=\"application\/ld+json\" class=\"yoast-schema-graph\">{\"@context\":\"https:\/\/schema.org\",\"@graph\":[{\"@type\":\"WebPage\",\"@id\":\"https:\/\/masterfrisormobler.se\/kopvillkor\/\",\"url\":\"https:\/\/masterfrisormobler.se\/kopvillkor\/\",\"name\":\"K\u00f6pvillkor - Nord Master Fris\u00f6r M\u00f6bler\",\"isPartOf\":{\"@id\":\"https:\/\/masterfrisormobler.se\/#website\"},\"datePublished\":\"2023-08-27T12:19:23+00:00\",\"dateModified\":\"2023-09-16T15:10:21+00:00\",\"breadcrumb\":{\"@id\":\"https:\/\/masterfrisormobler.se\/kopvillkor\/#breadcrumb\"},\"inLanguage\":\"en-US\",\"potentialAction\":[{\"@type\":\"ReadAction\",\"target\":[\"https:\/\/masterfrisormobler.se\/kopvillkor\/\"]}]},{\"@type\":\"BreadcrumbList\",\"@id\":\"https:\/\/masterfrisormobler.se\/kopvillkor\/#breadcrumb\",\"itemListElement\":[{\"@type\":\"ListItem\",\"position\":1,\"name\":\"Home\",\"item\":\"https:\/\/masterfrisormobler.se\/\"},{\"@type\":\"ListItem\",\"position\":2,\"name\":\"K\u00f6pvillkor\"}]},{\"@type\":\"WebSite\",\"@id\":\"https:\/\/masterfrisormobler.se\/#website\",\"url\":\"https:\/\/masterfrisormobler.se\/\",\"name\":\"https:\/\/masterfrisormobler.se\/\",\"description\":\"Den b\u00e4sta butiken f\u00f6r att s\u00e4lja Fris\u00f6rm\u00f6bler och produkter.\",\"publisher\":{\"@id\":\"https:\/\/masterfrisormobler.se\/#organization\"},\"potentialAction\":[{\"@type\":\"SearchAction\",\"target\":{\"@type\":\"EntryPoint\",\"urlTemplate\":\"https:\/\/masterfrisormobler.se\/?s={search_term_string}\"},\"query-input\":\"required name=search_term_string\"}],\"inLanguage\":\"en-US\"},{\"@type\":\"Organization\",\"@id\":\"https:\/\/masterfrisormobler.se\/#organization\",\"name\":\"Nord master fris\u00f6r mobler\",\"url\":\"https:\/\/masterfrisormobler.se\/\",\"logo\":{\"@type\":\"ImageObject\",\"inLanguage\":\"en-US\",\"@id\":\"https:\/\/masterfrisormobler.se\/#\/schema\/logo\/image\/\",\"url\":\"https:\/\/masterfrisormobler.se\/wp-content\/uploads\/2023\/08\/cropped-512x512-sara.jpeg\",\"contentUrl\":\"https:\/\/masterfrisormobler.se\/wp-content\/uploads\/2023\/08\/cropped-512x512-sara.jpeg\",\"width\":512,\"height\":512,\"caption\":\"Nord master fris\u00f6r mobler\"},\"image\":{\"@id\":\"https:\/\/masterfrisormobler.se\/#\/schema\/logo\/image\/\"},\"sameAs\":[\"https:\/\/www.facebook.com\/profile.php?id=100095573704473\",\"https:\/\/www.tiktok.com\/@master.frisr.mble\",\"https:\/\/www.instagram.com\/masterfrisormobler\/\"]}]}<\/script>\n<!-- \/ Yoast SEO plugin. -->","yoast_head_json":{"title":"K\u00f6pvillkor - Nord Master Fris\u00f6r M\u00f6bler","robots":{"index":"index","follow":"follow","max-snippet":"max-snippet:-1","max-image-preview":"max-image-preview:large","max-video-preview":"max-video-preview:-1"},"canonical":"https:\/\/masterfrisormobler.se\/en\/kopvillkor\/","og_locale":"en_US","og_type":"article","og_title":"K\u00f6pvillkor - Nord Master Fris\u00f6r M\u00f6bler","og_description":"\u00a0 K\u00f6pvillkor Allm\u00e4nt F\u00f6r att kunna g\u00f6ra ett k\u00f6p via Webbplatsen m\u00e5ste Kunden acceptera Villkoren i sin helhet. Activebeautyshop v\u00e4nder sig uteslutande till f\u00f6retagskunder. Kunden m\u00e5ste vara \u00f6ver 18 \u00e5r f\u00f6r att f\u00e5 handla av oss. M\u00e5lsmans medgivande g\u00e4ller inte.Vid best\u00e4llning via Webbplatsen g\u00e4ller de priser som anges p\u00e5 Webbplatsen. Priser anges i svenska kronor &hellip; K\u00f6pvillkor Read More &raquo;","og_url":"https:\/\/masterfrisormobler.se\/en\/kopvillkor\/","og_site_name":"Nord Master Fris\u00f6r M\u00f6bler","article_publisher":"https:\/\/www.facebook.com\/profile.php?id=100095573704473","article_modified_time":"2023-09-16T15:10:21+00:00","twitter_card":"summary_large_image","twitter_misc":{"Est. reading time":"9 minutes"},"schema":{"@context":"https:\/\/schema.org","@graph":[{"@type":"WebPage","@id":"https:\/\/masterfrisormobler.se\/kopvillkor\/","url":"https:\/\/masterfrisormobler.se\/kopvillkor\/","name":"K\u00f6pvillkor - Nord Master Fris\u00f6r M\u00f6bler","isPartOf":{"@id":"https:\/\/masterfrisormobler.se\/#website"},"datePublished":"2023-08-27T12:19:23+00:00","dateModified":"2023-09-16T15:10:21+00:00","breadcrumb":{"@id":"https:\/\/masterfrisormobler.se\/kopvillkor\/#breadcrumb"},"inLanguage":"en-US","potentialAction":[{"@type":"ReadAction","target":["https:\/\/masterfrisormobler.se\/kopvillkor\/"]}]},{"@type":"BreadcrumbList","@id":"https:\/\/masterfrisormobler.se\/kopvillkor\/#breadcrumb","itemListElement":[{"@type":"ListItem","position":1,"name":"Home","item":"https:\/\/masterfrisormobler.se\/"},{"@type":"ListItem","position":2,"name":"K\u00f6pvillkor"}]},{"@type":"WebSite","@id":"https:\/\/masterfrisormobler.se\/#website","url":"https:\/\/masterfrisormobler.se\/","name":"https:\/\/masterfrisormobler.se\/","description":"Den b\u00e4sta butiken f\u00f6r att s\u00e4lja Fris\u00f6rm\u00f6bler och produkter.","publisher":{"@id":"https:\/\/masterfrisormobler.se\/#organization"},"potentialAction":[{"@type":"SearchAction","target":{"@type":"EntryPoint","urlTemplate":"https:\/\/masterfrisormobler.se\/?s={search_term_string}"},"query-input":"required name=search_term_string"}],"inLanguage":"en-US"},{"@type":"Organization","@id":"https:\/\/masterfrisormobler.se\/#organization","name":"Nord master fris\u00f6r mobler","url":"https:\/\/masterfrisormobler.se\/","logo":{"@type":"ImageObject","inLanguage":"en-US","@id":"https:\/\/masterfrisormobler.se\/#\/schema\/logo\/image\/","url":"https:\/\/masterfrisormobler.se\/wp-content\/uploads\/2023\/08\/cropped-512x512-sara.jpeg","contentUrl":"https:\/\/masterfrisormobler.se\/wp-content\/uploads\/2023\/08\/cropped-512x512-sara.jpeg","width":512,"height":512,"caption":"Nord master fris\u00f6r mobler"},"image":{"@id":"https:\/\/masterfrisormobler.se\/#\/schema\/logo\/image\/"},"sameAs":["https:\/\/www.facebook.com\/profile.php?id=100095573704473","https:\/\/www.tiktok.com\/@master.frisr.mble","https:\/\/www.instagram.com\/masterfrisormobler\/"]}]}},"_links":{"self":[{"href":"https:\/\/masterfrisormobler.se\/en\/wp-json\/wp\/v2\/pages\/5676"}],"collection":[{"href":"https:\/\/masterfrisormobler.se\/en\/wp-json\/wp\/v2\/pages"}],"about":[{"href":"https:\/\/masterfrisormobler.se\/en\/wp-json\/wp\/v2\/types\/page"}],"author":[{"embeddable":true,"href":"https:\/\/masterfrisormobler.se\/en\/wp-json\/wp\/v2\/users\/1"}],"replies":[{"embeddable":true,"href":"https:\/\/masterfrisormobler.se\/en\/wp-json\/wp\/v2\/comments?post=5676"}],"version-history":[{"count":10,"href":"https:\/\/masterfrisormobler.se\/en\/wp-json\/wp\/v2\/pages\/5676\/revisions"}],"predecessor-version":[{"id":5809,"href":"https:\/\/masterfrisormobler.se\/en\/wp-json\/wp\/v2\/pages\/5676\/revisions\/5809"}],"wp:attachment":[{"href":"https:\/\/masterfrisormobler.se\/en\/wp-json\/wp\/v2\/media?parent=5676"}],"curies":[{"name":"wp","href":"https:\/\/api.w.org\/{rel}","templated":true}]}}